{"id":1859,"date":"2023-01-11T21:10:17","date_gmt":"2023-01-11T18:10:17","guid":{"rendered":"https:\/\/exzone.com.tr\/?post_type=product&#038;p=1859"},"modified":"2024-05-02T03:41:18","modified_gmt":"2024-05-02T00:41:18","slug":"petzl-pitagor-kurtarma-ve-tahliye-ucgeni-2","status":"publish","type":"product","link":"https:\/\/exzone.com.tr\/index.php\/urun\/petzl-pitagor-kurtarma-ve-tahliye-ucgeni-2\/","title":{"rendered":"PETZL PITAGOR Kurtarma ve Tahliye \u00dc\u00e7geni"},"content":{"rendered":"<p>Omuz ask\u0131l\u0131 tahliye \u00fc\u00e7geni<\/p>\n<p>PITAGOR, DOUBLEBACK kendili\u011finden kilitlenen tokalar sayesinde kolayca tak\u0131lan ve ayarlanan omuz ask\u0131l\u0131 bir tahliye \u00fc\u00e7genidir.<\/p>\n<p>&#8211; Omuz ask\u0131lar\u0131 tak\u0131lmas\u0131n\u0131 kolayla\u015ft\u0131r\u0131r<br \/>\n&#8211; DOUBLEBACK kendili\u011finden kilitlenen tokalar sayesinde h\u0131zl\u0131 ve basit bir \u015fekilde ayarlanabilir<\/p>\n<p><b>\u00d6zellikler:<\/b><\/p>\n<ul>\n<li><b>A\u011f\u0131rl\u0131k:\u00a0<\/b>1290 g<\/li>\n<li><b>Sertifikalar:\u00a0<\/b>CE, EN 1497, EN 1498<\/li>\n<\/ul>\n<div id=\"attachment_861\" class=\"wp-caption alignnone\"><\/div>\n<table class=\"table table-striped\">\n<tbody>\n<tr>\n<td><strong>Referanslar<\/strong><\/td>\n<td><strong>C80 BR<\/strong><\/td>\n<\/tr>\n<tr>\n<td>Garanti<\/td>\n<td>3 Y\u0131l<\/td>\n<\/tr>\n<tr>\n<td>Paket<\/td>\n<td>1<\/td>\n<\/tr>\n<\/tbody>\n<\/table>\n","protected":false},"excerpt":{"rendered":"<p>Omuz ask\u0131l\u0131 tahliye \u00fc\u00e7geni PITAGOR, DOUBLEBACK kendili\u011finden kilitlenen tokalar sayesinde kolayca tak\u0131lan ve ayarlanan omuz ask\u0131l\u0131 bir tahliye \u00fc\u00e7genidir. &#8211; Omuz ask\u0131lar\u0131 tak\u0131lmas\u0131n\u0131 kolayla\u015ft\u0131r\u0131r &#8211; DOUBLEBACK kendili\u011finden kilitlenen tokalar sayesinde h\u0131zl\u0131 ve basit bir \u015fekilde ayarlanabilir \u00d6zellikler: A\u011f\u0131rl\u0131k:\u00a01290 g Sertifikalar:\u00a0CE, EN 1497, EN 1498 Referanslar C80 BR Garanti 3 Y\u0131l Paket 1<\/p>\n","protected":false},"featured_media":1860,"comment_status":"open","ping_status":"closed","template":"","meta":[],"product_brand":[],"product_cat":[244],"product_tag":[],"class_list":{"0":"post-1859","1":"product","2":"type-product","3":"status-publish","4":"has-post-thumbnail","6":"product_cat-emniyet-kemerleri","8":"first","9":"instock","10":"shipping-taxable","11":"product-type-simple"},"acf":[],"_links":{"self":[{"href":"https:\/\/exzone.com.tr\/index.php\/wp-json\/wp\/v2\/product\/1859","targetHints":{"allow":["GET"]}}],"collection":[{"href":"https:\/\/exzone.com.tr\/index.php\/wp-json\/wp\/v2\/product"}],"about":[{"href":"https:\/\/exzone.com.tr\/index.php\/wp-json\/wp\/v2\/types\/product"}],"replies":[{"embeddable":true,"href":"https:\/\/exzone.com.tr\/index.php\/wp-json\/wp\/v2\/comments?post=1859"}],"wp:featuredmedia":[{"embeddable":true,"href":"https:\/\/exzone.com.tr\/index.php\/wp-json\/wp\/v2\/media\/1860"}],"wp:attachment":[{"href":"https:\/\/exzone.com.tr\/index.php\/wp-json\/wp\/v2\/media?parent=1859"}],"wp:term":[{"taxonomy":"product_brand","embeddable":true,"href":"https:\/\/exzone.com.tr\/index.php\/wp-json\/wp\/v2\/product_brand?post=1859"},{"taxonomy":"product_cat","embeddable":true,"href":"https:\/\/exzone.com.tr\/index.php\/wp-json\/wp\/v2\/product_cat?post=1859"},{"taxonomy":"product_tag","embeddable":true,"href":"https:\/\/exzone.com.tr\/index.php\/wp-json\/wp\/v2\/product_tag?post=1859"}],"curies":[{"name":"wp","href":"https:\/\/api.w.org\/{rel}","templated":true}]}}