{"id":1813,"date":"2023-01-11T20:46:13","date_gmt":"2023-01-11T17:46:13","guid":{"rendered":"https:\/\/exzone.com.tr\/?post_type=product&#038;p=1813"},"modified":"2025-02-25T18:18:32","modified_gmt":"2025-02-25T15:18:32","slug":"petzl-sequoia-icin-ek-ip","status":"publish","type":"product","link":"https:\/\/exzone.com.tr\/index.php\/urun\/petzl-sequoia-icin-ek-ip\/","title":{"rendered":"PETZL Sequoia \u0130\u00e7in Ek \u0130p"},"content":{"rendered":"<p>SEQUOIA (C69AFA) ve SEQUOIA SRT (C69BFA) emniyet kemerleri\u00a0i\u00e7in ba\u011flant\u0131 k\u00f6pr\u00fcs\u00fc.<br \/>\n<strong>Ba\u011flant\u0131 Noktalar\u0131<\/strong><\/p>\n<p>\u2022 A\u011fa\u00e7 uzman\u0131na daha fazla yanal hareketlilik sunar<\/p>\n<p>\u2022 SEQUOIA (C69AFA) ve SEQUOIA SRT (C69BFA)\u00a0emniyet kemerlerinin iki kap\u0131l\u0131 halkas\u0131na ba\u011flan\u0131r.<\/p>\n<p>\u2022 \u0130lerleme ara\u00e7lar\u0131n\u0131n hat \u00fczerindeki konumunu ayarlamak i\u00e7in 3 uzunlukta mevcuttur<\/p>\n<p>&nbsp;<\/p>\n<p><strong>\u00d6zellikler;<\/strong><\/p>\n<p>Materyal: naylon<\/p>\n","protected":false},"excerpt":{"rendered":"<p>SEQUOIA (C69AFA) ve SEQUOIA SRT (C69BFA) emniyet kemerleri\u00a0i\u00e7in ba\u011flant\u0131 k\u00f6pr\u00fcs\u00fc. Ba\u011flant\u0131 Noktalar\u0131 \u2022 A\u011fa\u00e7 uzman\u0131na daha fazla yanal hareketlilik sunar \u2022 SEQUOIA (C69AFA) ve SEQUOIA SRT (C69BFA)\u00a0emniyet kemerlerinin iki kap\u0131l\u0131 halkas\u0131na ba\u011flan\u0131r. \u2022 \u0130lerleme ara\u00e7lar\u0131n\u0131n hat \u00fczerindeki konumunu ayarlamak i\u00e7in 3 uzunlukta mevcuttur &nbsp; \u00d6zellikler; Materyal: naylon<\/p>\n","protected":false},"featured_media":1814,"comment_status":"open","ping_status":"closed","template":"","meta":[],"product_brand":[],"product_cat":[244],"product_tag":[],"class_list":{"0":"post-1813","1":"product","2":"type-product","3":"status-publish","4":"has-post-thumbnail","6":"product_cat-emniyet-kemerleri","8":"first","9":"instock","10":"shipping-taxable","11":"product-type-simple"},"acf":[],"_links":{"self":[{"href":"https:\/\/exzone.com.tr\/index.php\/wp-json\/wp\/v2\/product\/1813","targetHints":{"allow":["GET"]}}],"collection":[{"href":"https:\/\/exzone.com.tr\/index.php\/wp-json\/wp\/v2\/product"}],"about":[{"href":"https:\/\/exzone.com.tr\/index.php\/wp-json\/wp\/v2\/types\/product"}],"replies":[{"embeddable":true,"href":"https:\/\/exzone.com.tr\/index.php\/wp-json\/wp\/v2\/comments?post=1813"}],"wp:featuredmedia":[{"embeddable":true,"href":"https:\/\/exzone.com.tr\/index.php\/wp-json\/wp\/v2\/media\/1814"}],"wp:attachment":[{"href":"https:\/\/exzone.com.tr\/index.php\/wp-json\/wp\/v2\/media?parent=1813"}],"wp:term":[{"taxonomy":"product_brand","embeddable":true,"href":"https:\/\/exzone.com.tr\/index.php\/wp-json\/wp\/v2\/product_brand?post=1813"},{"taxonomy":"product_cat","embeddable":true,"href":"https:\/\/exzone.com.tr\/index.php\/wp-json\/wp\/v2\/product_cat?post=1813"},{"taxonomy":"product_tag","embeddable":true,"href":"https:\/\/exzone.com.tr\/index.php\/wp-json\/wp\/v2\/product_tag?post=1813"}],"curies":[{"name":"wp","href":"https:\/\/api.w.org\/{rel}","templated":true}]}}