{"id":1811,"date":"2023-01-11T19:16:34","date_gmt":"2023-01-11T16:16:34","guid":{"rendered":"https:\/\/exzone.com.tr\/?post_type=product&#038;p=1811"},"modified":"2024-05-02T03:41:17","modified_gmt":"2024-05-02T00:41:17","slug":"petzl-dog-kopek-emniyet-kemeri","status":"publish","type":"product","link":"https:\/\/exzone.com.tr\/index.php\/urun\/petzl-dog-kopek-emniyet-kemeri\/","title":{"rendered":"PETZL DOG K\u00f6pek Emniyet Kemeri"},"content":{"rendered":"<p>K\u00f6peklerin ta\u015f\u0131nmas\u0131nda kullan\u0131lan emniyet kemeri<\/p>\n<p>Hafif ve farkl\u0131 k\u00f6pek cinsleri i\u00e7in kolayca uyarlanabilen bu emniyet kemeri, bir k\u00f6pe\u011fi ta\u015f\u0131rken k\u00f6pe\u011fin hareket edebilmesini sa\u011flar.<\/p>\n<ul>\n<li>&#8211; K\u00f6pe\u011fin \u00fczerindeyken konumland\u0131rma elasti\u011fi sayesinde kolayca ayarlan\u0131r. Farkl\u0131 k\u00f6pek cinslerine uyum sa\u011flar (Malinois, Shepherd \u2026)<\/li>\n<li>&#8211; K\u00f6pek emniyet kemerini giyerken hareket edebilir<\/li>\n<li>&#8211; Kolay ta\u015f\u0131nabilmesi i\u00e7in i\u00e7indeki k\u00f6p\u00fck \u00e7\u0131kar\u0131labilir<\/li>\n<li>&#8211; Hafif ve k\u00fc\u00e7\u00fckt\u00fcr<\/li>\n<\/ul>\n<p>A\u011f\u0131rl\u0131k: 890 g<\/p>\n<p>NSN: 3770145633821<\/p>\n<table class=\"table table-striped\">\n<tbody>\n<tr>\n<th>Referans<\/th>\n<th>C99H<\/th>\n<\/tr>\n<tr>\n<td>Garanti<\/td>\n<td>3\u00a0y\u0131l<\/td>\n<\/tr>\n<tr>\n<td>Paket<\/td>\n<td>1<\/td>\n<\/tr>\n<\/tbody>\n<\/table>\n","protected":false},"excerpt":{"rendered":"<p>K\u00f6peklerin ta\u015f\u0131nmas\u0131nda kullan\u0131lan emniyet kemeri Hafif ve farkl\u0131 k\u00f6pek cinsleri i\u00e7in kolayca uyarlanabilen bu emniyet kemeri, bir k\u00f6pe\u011fi ta\u015f\u0131rken k\u00f6pe\u011fin hareket edebilmesini sa\u011flar. &#8211; K\u00f6pe\u011fin \u00fczerindeyken konumland\u0131rma elasti\u011fi sayesinde kolayca ayarlan\u0131r. Farkl\u0131 k\u00f6pek cinslerine uyum sa\u011flar (Malinois, Shepherd \u2026) &#8211; K\u00f6pek emniyet kemerini giyerken hareket edebilir &#8211; Kolay ta\u015f\u0131nabilmesi i\u00e7in i\u00e7indeki k\u00f6p\u00fck \u00e7\u0131kar\u0131labilir &#8211; Hafif [&hellip;]<\/p>\n","protected":false},"featured_media":1812,"comment_status":"open","ping_status":"closed","template":"","meta":[],"product_brand":[],"product_cat":[244],"product_tag":[],"class_list":{"0":"post-1811","1":"product","2":"type-product","3":"status-publish","4":"has-post-thumbnail","6":"product_cat-emniyet-kemerleri","8":"first","9":"instock","10":"shipping-taxable","11":"product-type-simple"},"acf":[],"_links":{"self":[{"href":"https:\/\/exzone.com.tr\/index.php\/wp-json\/wp\/v2\/product\/1811","targetHints":{"allow":["GET"]}}],"collection":[{"href":"https:\/\/exzone.com.tr\/index.php\/wp-json\/wp\/v2\/product"}],"about":[{"href":"https:\/\/exzone.com.tr\/index.php\/wp-json\/wp\/v2\/types\/product"}],"replies":[{"embeddable":true,"href":"https:\/\/exzone.com.tr\/index.php\/wp-json\/wp\/v2\/comments?post=1811"}],"wp:featuredmedia":[{"embeddable":true,"href":"https:\/\/exzone.com.tr\/index.php\/wp-json\/wp\/v2\/media\/1812"}],"wp:attachment":[{"href":"https:\/\/exzone.com.tr\/index.php\/wp-json\/wp\/v2\/media?parent=1811"}],"wp:term":[{"taxonomy":"product_brand","embeddable":true,"href":"https:\/\/exzone.com.tr\/index.php\/wp-json\/wp\/v2\/product_brand?post=1811"},{"taxonomy":"product_cat","embeddable":true,"href":"https:\/\/exzone.com.tr\/index.php\/wp-json\/wp\/v2\/product_cat?post=1811"},{"taxonomy":"product_tag","embeddable":true,"href":"https:\/\/exzone.com.tr\/index.php\/wp-json\/wp\/v2\/product_tag?post=1811"}],"curies":[{"name":"wp","href":"https:\/\/api.w.org\/{rel}","templated":true}]}}