{"id":1808,"date":"2023-01-11T19:15:25","date_gmt":"2023-01-11T16:15:25","guid":{"rendered":"https:\/\/exzone.com.tr\/?post_type=product&#038;p=1808"},"modified":"2024-05-02T03:41:17","modified_gmt":"2024-05-02T00:41:17","slug":"petzl-newton-bacak-halkasi-ped-korumasi","status":"publish","type":"product","link":"https:\/\/exzone.com.tr\/index.php\/urun\/petzl-newton-bacak-halkasi-ped-korumasi\/","title":{"rendered":"PETZL NEWTON Bacak Halkas\u0131 Ped Korumas\u0131"},"content":{"rendered":"<p>NEWTON EASYFIT emniyet kemeri pedi de\u011fi\u015ftirmek veya NEWTON ve NEWTON FAST emniyet kemerlerinde daha fazla konfor i\u00e7in tasarlanm\u0131\u015ft\u0131r.<\/p>\n<p><strong>Detayl\u0131 A\u00e7\u0131klama:<\/strong><\/p>\n<ul>\n<li>C\u0131rt ile h\u0131zl\u0131 ve kolay bir \u015fekilde tak\u0131l\u0131r ve \u00e7\u0131kar\u0131l\u0131r.<\/li>\n<li>NEWTON, NEWTON FAST ve NEWTON EASYFIT emniyet kemerleri ile uyumludur.<\/li>\n<\/ul>\n<p>2021\u2019de ba\u015flayan s\u00fcr\u00fcmler.<\/p>\n<p><strong>\u00d6zellikler:<\/strong><\/p>\n<p>A\u011f\u0131rl\u0131k: 70 gr<br \/>\nMalzemeler: polyester<\/p>\n<table class=\"table table-striped\">\n<tbody>\n<tr>\n<th>Referanslar<\/th>\n<th>C073JA00<\/th>\n<\/tr>\n<tr>\n<td>Garanti<\/td>\n<td>3\u00a0y\u0131l<\/td>\n<\/tr>\n<tr>\n<td>Paket<\/td>\n<td>1<\/td>\n<\/tr>\n<\/tbody>\n<\/table>\n","protected":false},"excerpt":{"rendered":"<p>NEWTON EASYFIT emniyet kemeri pedi de\u011fi\u015ftirmek veya NEWTON ve NEWTON FAST emniyet kemerlerinde daha fazla konfor i\u00e7in tasarlanm\u0131\u015ft\u0131r. Detayl\u0131 A\u00e7\u0131klama: C\u0131rt ile h\u0131zl\u0131 ve kolay bir \u015fekilde tak\u0131l\u0131r ve \u00e7\u0131kar\u0131l\u0131r. NEWTON, NEWTON FAST ve NEWTON EASYFIT emniyet kemerleri ile uyumludur. 2021\u2019de ba\u015flayan s\u00fcr\u00fcmler. \u00d6zellikler: A\u011f\u0131rl\u0131k: 70 gr Malzemeler: polyester Referanslar C073JA00 Garanti 3\u00a0y\u0131l Paket 1<\/p>\n","protected":false},"featured_media":1809,"comment_status":"open","ping_status":"closed","template":"","meta":[],"product_brand":[],"product_cat":[244],"product_tag":[],"class_list":{"0":"post-1808","1":"product","2":"type-product","3":"status-publish","4":"has-post-thumbnail","6":"product_cat-emniyet-kemerleri","8":"first","9":"instock","10":"shipping-taxable","11":"product-type-simple"},"acf":[],"_links":{"self":[{"href":"https:\/\/exzone.com.tr\/index.php\/wp-json\/wp\/v2\/product\/1808","targetHints":{"allow":["GET"]}}],"collection":[{"href":"https:\/\/exzone.com.tr\/index.php\/wp-json\/wp\/v2\/product"}],"about":[{"href":"https:\/\/exzone.com.tr\/index.php\/wp-json\/wp\/v2\/types\/product"}],"replies":[{"embeddable":true,"href":"https:\/\/exzone.com.tr\/index.php\/wp-json\/wp\/v2\/comments?post=1808"}],"wp:featuredmedia":[{"embeddable":true,"href":"https:\/\/exzone.com.tr\/index.php\/wp-json\/wp\/v2\/media\/1809"}],"wp:attachment":[{"href":"https:\/\/exzone.com.tr\/index.php\/wp-json\/wp\/v2\/media?parent=1808"}],"wp:term":[{"taxonomy":"product_brand","embeddable":true,"href":"https:\/\/exzone.com.tr\/index.php\/wp-json\/wp\/v2\/product_brand?post=1808"},{"taxonomy":"product_cat","embeddable":true,"href":"https:\/\/exzone.com.tr\/index.php\/wp-json\/wp\/v2\/product_cat?post=1808"},{"taxonomy":"product_tag","embeddable":true,"href":"https:\/\/exzone.com.tr\/index.php\/wp-json\/wp\/v2\/product_tag?post=1808"}],"curies":[{"name":"wp","href":"https:\/\/api.w.org\/{rel}","templated":true}]}}