{"id":1804,"date":"2023-01-11T19:13:44","date_gmt":"2023-01-11T16:13:44","guid":{"rendered":"https:\/\/exzone.com.tr\/?post_type=product&#038;p=1804"},"modified":"2024-05-02T03:41:17","modified_gmt":"2024-05-02T00:41:17","slug":"petzl-sequoia-ve-sequoia-srt-icin-oturak","status":"publish","type":"product","link":"https:\/\/exzone.com.tr\/index.php\/urun\/petzl-sequoia-ve-sequoia-srt-icin-oturak\/","title":{"rendered":"PETZL SEQUOIA ve SEQUOIA SRT \u0130\u00e7in Oturak"},"content":{"rendered":"<p>SEQUOIA ve SEQUOIA SRT emniyet kemerleri i\u00e7in oturak<\/p>\n<p>Ask\u0131 s\u0131ras\u0131nda konforlu bir \u00e7al\u0131\u015fma pozisyonu i\u00e7in geni\u015f oturak. Hacmi azaltmak ve a\u011fa\u00e7 \u00fcst\u00fcndeki hareketi kolayla\u015ft\u0131rmak i\u00e7in ayarlanabilir bir geni\u015fli\u011fe sahiptir. SEQUOIA ve SEQUOIA SRT emniyet kemerlerindeki iki tane kap\u0131l\u0131 ba\u011flant\u0131 noktas\u0131na ba\u011flant\u0131 mapalar\u0131yla tak\u0131l\u0131r.<\/p>\n<p><b>\u00d6zellikler:<\/b><\/p>\n<ul>\n<li>Ask\u0131 s\u0131ras\u0131nda rahat\u00e7a \u00e7al\u0131\u015fmak i\u00e7in geni\u015f oturak<\/li>\n<li>Hacimi azaltmak ve a\u011fa\u00e7 \u00fczerinde hareketi kolayla\u015ft\u0131rmak i\u00e7in ayarlanabilir geni\u015flik<\/li>\n<li>H\u0131zl\u0131 ve kolay ayar i\u00e7in perlonlar kendili\u011finden kilitlenen DOUBLEBACK tokalar\u0131 ile ayarlan\u0131r<\/li>\n<li>Kullan\u0131lmad\u0131\u011f\u0131nda kolayca arkaya kayd\u0131r\u0131labilir<\/li>\n<li>SEQUOIA ve SEQUOIA SRT emniyet kemerinin iki tane kap\u0131l\u0131 ba\u011flant\u0131 noktas\u0131na noktas\u0131na, aksesuar olarak temin edilebilen iki ba\u011flant\u0131 mapas\u0131 kullan\u0131larak ba\u011flan\u0131r (C087AA00)<\/li>\n<\/ul>\n<p><b>\u00d6zellikler:<\/b><\/p>\n<p><b>A\u011f\u0131rl\u0131k:\u00a0920 g<\/b><\/p>\n<p><b>Materyal:\u00a0<\/b>\u00e7elik, naylon, polyester<\/p>\n<table class=\"table table-striped\">\n<tbody>\n<tr>\n<td><strong>Referanslar<\/strong><\/td>\n<td><strong>S069AA00<\/strong><\/td>\n<\/tr>\n<tr>\n<td><strong>Garanti<\/strong><\/td>\n<td>3 y\u0131l<\/td>\n<\/tr>\n<tr>\n<td><strong>Paket<\/strong><\/td>\n<td>1<\/td>\n<\/tr>\n<\/tbody>\n<\/table>\n","protected":false},"excerpt":{"rendered":"<p>SEQUOIA ve SEQUOIA SRT emniyet kemerleri i\u00e7in oturak Ask\u0131 s\u0131ras\u0131nda konforlu bir \u00e7al\u0131\u015fma pozisyonu i\u00e7in geni\u015f oturak. Hacmi azaltmak ve a\u011fa\u00e7 \u00fcst\u00fcndeki hareketi kolayla\u015ft\u0131rmak i\u00e7in ayarlanabilir bir geni\u015fli\u011fe sahiptir. SEQUOIA ve SEQUOIA SRT emniyet kemerlerindeki iki tane kap\u0131l\u0131 ba\u011flant\u0131 noktas\u0131na ba\u011flant\u0131 mapalar\u0131yla tak\u0131l\u0131r. \u00d6zellikler: Ask\u0131 s\u0131ras\u0131nda rahat\u00e7a \u00e7al\u0131\u015fmak i\u00e7in geni\u015f oturak Hacimi azaltmak ve a\u011fa\u00e7 [&hellip;]<\/p>\n","protected":false},"featured_media":1805,"comment_status":"open","ping_status":"closed","template":"","meta":[],"product_brand":[],"product_cat":[244],"product_tag":[],"class_list":{"0":"post-1804","1":"product","2":"type-product","3":"status-publish","4":"has-post-thumbnail","6":"product_cat-emniyet-kemerleri","8":"first","9":"instock","10":"shipping-taxable","11":"product-type-simple"},"acf":[],"_links":{"self":[{"href":"https:\/\/exzone.com.tr\/index.php\/wp-json\/wp\/v2\/product\/1804","targetHints":{"allow":["GET"]}}],"collection":[{"href":"https:\/\/exzone.com.tr\/index.php\/wp-json\/wp\/v2\/product"}],"about":[{"href":"https:\/\/exzone.com.tr\/index.php\/wp-json\/wp\/v2\/types\/product"}],"replies":[{"embeddable":true,"href":"https:\/\/exzone.com.tr\/index.php\/wp-json\/wp\/v2\/comments?post=1804"}],"wp:featuredmedia":[{"embeddable":true,"href":"https:\/\/exzone.com.tr\/index.php\/wp-json\/wp\/v2\/media\/1805"}],"wp:attachment":[{"href":"https:\/\/exzone.com.tr\/index.php\/wp-json\/wp\/v2\/media?parent=1804"}],"wp:term":[{"taxonomy":"product_brand","embeddable":true,"href":"https:\/\/exzone.com.tr\/index.php\/wp-json\/wp\/v2\/product_brand?post=1804"},{"taxonomy":"product_cat","embeddable":true,"href":"https:\/\/exzone.com.tr\/index.php\/wp-json\/wp\/v2\/product_cat?post=1804"},{"taxonomy":"product_tag","embeddable":true,"href":"https:\/\/exzone.com.tr\/index.php\/wp-json\/wp\/v2\/product_tag?post=1804"}],"curies":[{"name":"wp","href":"https:\/\/api.w.org\/{rel}","templated":true}]}}