{"id":1801,"date":"2023-01-11T19:12:04","date_gmt":"2023-01-11T16:12:04","guid":{"rendered":"https:\/\/exzone.com.tr\/?post_type=product&#038;p=1801"},"modified":"2024-05-02T03:41:17","modified_gmt":"2024-05-02T00:41:17","slug":"petzl-chestair-ust-emniyet-kemeri","status":"publish","type":"product","link":"https:\/\/exzone.com.tr\/index.php\/urun\/petzl-chestair-ust-emniyet-kemeri\/","title":{"rendered":"PETZL CHEST&#8217;AIR \u00dcst Emniyet Kemeri"},"content":{"rendered":"<p>Alt emniyet kemerleri i\u00e7in \u00fcst emniyet kemeri<\/p>\n<p>CHEST\u2019 AIR \u00fcst emniyet kemeri, FALCON, FALCON MOUNTAIN, AVAO SIT ve SEQUOIA SRT alt emniyet kemerlerini d\u00fc\u015f\u00fc\u015f durdurma emniyet kemerine d\u00f6n\u00fc\u015ft\u00fcrmeyi sa\u011flar. Emniyet kemeri bel (ventral) ba\u011flant\u0131 noktas\u0131na kolayca ba\u011flan\u0131r. Omuz ask\u0131lar\u0131nda ve bel (ventral) perlonlar\u0131nda bulunan DOUBLEBACK kendinden kilitlemeli tokalar ile t\u00fcm v\u00fccut tiplerine kolayca uyum sa\u011flar.<\/p>\n<p><b>Detayl\u0131 A\u00e7\u0131klama:<\/b><\/p>\n<ul>\n<li>FALCON, FALCON MOUNTAIN, AVAO SIT ve SEQUOIA SRT alt emniyet kemerlerini, d\u00fc\u015f\u00fc\u015f durdurma emniyet kemerine d\u00f6n\u00fc\u015ft\u00fcrmeyi sa\u011flar<\/li>\n<li>Basit bir \u015fekilde emniyet kemeri bel (ventral) ba\u011flant\u0131 noktas\u0131na ba\u011flan\u0131r<\/li>\n<li>Tekstil g\u00f6\u011f\u00fcs (sternal) ba\u011flant\u0131 noktas\u0131 kullan\u0131m halinde de\u011filken dolanmaz, engel yaratmaz<\/li>\n<li>Omuz ask\u0131lar\u0131nda ve bel (ventral) perlonlar\u0131nda bulunan DOUBLEBACK kendinden kilitlemeli tokalar ile t\u00fcm v\u00fccut tiplerine kolayca uyum sa\u011flar<\/li>\n<\/ul>\n<p><b>\u00d6zellikler:<\/b><\/p>\n<ul>\n<li><b>G\u00f6\u011f\u00fcs (sternal) ba\u011flant\u0131 noktas\u0131:<\/b>\u00a0d\u00fc\u015f\u00fc\u015f durdurucu sistem ba\u011flant\u0131s\u0131<\/li>\n<li><b>G\u00f6\u011f\u00fcs \u00f6l\u00e7\u00fcs\u00fc:<\/b>\u00a0maksimum 145 cm<\/li>\n<li><b>A\u011f\u0131rl\u0131k:\u00a0<\/b>495g<\/li>\n<li><b>Sertifikalar:\u00a0<\/b>CE EN 361, CE EN 12277 type D<\/li>\n<li><b>Materyal:\u00a0<\/b>naylon, polyester, al\u00fcminyum, \u00e7elik<\/li>\n<\/ul>\n<div id=\"attachment_861\" class=\"wp-caption alignnone\">\n<p id=\"caption-attachment-861\" class=\"wp-caption-text\">\n<\/div>\n<h3><b>Referanslar:<\/b><\/h3>\n<table class=\"table table-striped\">\n<tbody>\n<tr>\n<td><strong>Referanslar<\/strong><\/td>\n<td><strong>C98A<\/strong><\/td>\n<\/tr>\n<tr>\n<td>Garanti<\/td>\n<td>3 Y\u0131l<\/td>\n<\/tr>\n<tr>\n<td>Paket<\/td>\n<td>1<\/td>\n<\/tr>\n<\/tbody>\n<\/table>\n","protected":false},"excerpt":{"rendered":"<p>Alt emniyet kemerleri i\u00e7in \u00fcst emniyet kemeri CHEST\u2019 AIR \u00fcst emniyet kemeri, FALCON, FALCON MOUNTAIN, AVAO SIT ve SEQUOIA SRT alt emniyet kemerlerini d\u00fc\u015f\u00fc\u015f durdurma emniyet kemerine d\u00f6n\u00fc\u015ft\u00fcrmeyi sa\u011flar. Emniyet kemeri bel (ventral) ba\u011flant\u0131 noktas\u0131na kolayca ba\u011flan\u0131r. Omuz ask\u0131lar\u0131nda ve bel (ventral) perlonlar\u0131nda bulunan DOUBLEBACK kendinden kilitlemeli tokalar ile t\u00fcm v\u00fccut tiplerine kolayca uyum sa\u011flar. [&hellip;]<\/p>\n","protected":false},"featured_media":1802,"comment_status":"open","ping_status":"closed","template":"","meta":[],"product_brand":[],"product_cat":[244],"product_tag":[],"class_list":{"0":"post-1801","1":"product","2":"type-product","3":"status-publish","4":"has-post-thumbnail","6":"product_cat-emniyet-kemerleri","8":"first","9":"instock","10":"shipping-taxable","11":"product-type-simple"},"acf":[],"_links":{"self":[{"href":"https:\/\/exzone.com.tr\/index.php\/wp-json\/wp\/v2\/product\/1801","targetHints":{"allow":["GET"]}}],"collection":[{"href":"https:\/\/exzone.com.tr\/index.php\/wp-json\/wp\/v2\/product"}],"about":[{"href":"https:\/\/exzone.com.tr\/index.php\/wp-json\/wp\/v2\/types\/product"}],"replies":[{"embeddable":true,"href":"https:\/\/exzone.com.tr\/index.php\/wp-json\/wp\/v2\/comments?post=1801"}],"wp:featuredmedia":[{"embeddable":true,"href":"https:\/\/exzone.com.tr\/index.php\/wp-json\/wp\/v2\/media\/1802"}],"wp:attachment":[{"href":"https:\/\/exzone.com.tr\/index.php\/wp-json\/wp\/v2\/media?parent=1801"}],"wp:term":[{"taxonomy":"product_brand","embeddable":true,"href":"https:\/\/exzone.com.tr\/index.php\/wp-json\/wp\/v2\/product_brand?post=1801"},{"taxonomy":"product_cat","embeddable":true,"href":"https:\/\/exzone.com.tr\/index.php\/wp-json\/wp\/v2\/product_cat?post=1801"},{"taxonomy":"product_tag","embeddable":true,"href":"https:\/\/exzone.com.tr\/index.php\/wp-json\/wp\/v2\/product_tag?post=1801"}],"curies":[{"name":"wp","href":"https:\/\/api.w.org\/{rel}","templated":true}]}}