{"id":1793,"date":"2023-01-11T19:09:45","date_gmt":"2023-01-11T16:09:45","guid":{"rendered":"https:\/\/exzone.com.tr\/?post_type=product&#038;p=1793"},"modified":"2024-05-02T03:41:17","modified_gmt":"2024-05-02T00:41:17","slug":"petzl-sequoia-agac-budama-emniyet-kemeri","status":"publish","type":"product","link":"https:\/\/exzone.com.tr\/index.php\/urun\/petzl-sequoia-agac-budama-emniyet-kemeri\/","title":{"rendered":"PETZL SEQUOIA A\u011fa\u00e7 Budama Emniyet Kemeri"},"content":{"rendered":"<p>\u00c7ift ip y\u00fckselme tekni\u011fine uygun a\u011fa\u00e7 bak\u0131m alt emniyet kemeri<\/p>\n<p>SEQUOIA SRT \u00e7ift iple y\u00fckselme tekni\u011finde kullan\u0131lan a\u011fa\u00e7 bak\u0131m alt emniyet kemeridir. Ekstra geni\u015f, yar\u0131 sert bel kemeri ve bacak halkalar\u0131 a\u011fa\u00e7 uzman\u0131na konfor sa\u011flar. Bel kemerinde bulunan FAST otomatik tokalar yeniden ayarlama gerektirmeden eldivenle dahi a\u00e7\u0131l\u0131p tak\u0131lma imkan\u0131 verir. Bacak halkalar\u0131nda FAST LT PLUS tokalar mevcuttur. A\u00e7\u0131labilir ba\u011flant\u0131 noktalar\u0131 ZILLON veya MICROFLIP lanyardlar\u0131n kolayca ba\u011flanmas\u0131n\u0131 veya birden fazla ba\u011flant\u0131 k\u00f6pr\u00fcs\u00fc ile ba\u011flant\u0131 k\u00f6pr\u00fcs\u00fcne aksesuarlar\u0131n direkt ba\u011flanmas\u0131na olanak tan\u0131r. Ayr\u0131ca alt emniyet kemeri, CARITOOL malzeme karabinas\u0131 tak\u0131labilen yuvalar ve birden fazla malzeme ask\u0131s\u0131 ile ekipmanlar\u0131 ta\u015f\u0131may\u0131 ve organize etmeyi kolayla\u015ft\u0131r\u0131r.<\/p>\n<p><b>Konfor i\u00e7in \u00fcretildi:<\/b><\/p>\n<ul>\n<li>&#8211; Yar\u0131 sert, geni\u015f bel kemeri ve bacak halkalar\u0131; ask\u0131 s\u0131ras\u0131nda rahatl\u0131k i\u00e7in k\u00f6p\u00fck dolgu ile kaplanm\u0131\u015ft\u0131r<\/li>\n<li>&#8211; 2 a\u00e7\u0131labilir ba\u011flant\u0131 noktas\u0131 ZILLON veya MICROFLIP lanyardlar\u0131n kolayca ba\u011flanmas\u0131n\u0131 veya birden fazla ba\u011flant\u0131 k\u00f6pr\u00fcs\u00fc (sabit veya ayarlanabilir) ile ba\u011flant\u0131 k\u00f6pr\u00fcs\u00fcne aksesuarlar\u0131n direkt ba\u011flanmas\u0131na olanak tan\u0131r (RING, SWIVEL)<\/li>\n<li>&#8211; Ba\u011flant\u0131 k\u00f6pr\u00fcs\u00fc yanal hareket kabiliyeti sa\u011flar<\/li>\n<li>&#8211; Hareketli yan ba\u011flant\u0131 noktalar\u0131 kullan\u0131c\u0131n\u0131n yanal hareket s\u0131ras\u0131nda lanyard\u0131n\u0131n oryantasyonunu takip etmesini sa\u011flar<\/li>\n<\/ul>\n<p><b>Kolay Ayarlama:<\/b><\/p>\n<ul>\n<li>&#8211; Bel kemeri h\u0131zl\u0131 ve kolay ayarlama olana\u011f\u0131 sa\u011flayan DOUBLEBACK PLUS tokalarla donat\u0131lm\u0131\u015ft\u0131r<\/li>\n<li>&#8211; Bacak halkalar\u0131nda bulunan FAST LT PLUS tokalar eldivenle dahi kolay ve h\u0131zl\u0131ca a\u00e7\u0131l\u0131p tak\u0131labilme olana\u011f\u0131 sa\u011flar. Tokalardaki kilit sistemi istenmeden a\u00e7\u0131lma riskini azalt\u0131r<\/li>\n<li>&#8211; DOUBLEBACK tokalar, ba\u011flant\u0131 k\u00f6pr\u00fcs\u00fcn\u00fcn y\u00fcksekli\u011fini ve a\u011fa\u00e7 uzman\u0131n\u0131n pozisyonunu rahat edecek \u015fekilde ayarlamas\u0131na olanak tan\u0131r. Tokalar kilitlenmelerini garanti eden plastik korumalara sahiptir<\/li>\n<\/ul>\n<p><b>Ekipman\u0131n ta\u015f\u0131nmas\u0131n\u0131 ve d\u00fczenlenmesini kolayla\u015ft\u0131r\u0131r:<\/b><\/p>\n<ul>\n<li>&#8211; 9\u00a0 adet \u015fekillendirilmi\u015f koruyucu katmana sahip malzeme halkalar\u0131<\/li>\n<li>&#8211; CARITOOL malzeme karabinas\u0131 i\u00e7in be\u015f yuva<\/li>\n<li>&#8211; Zincir testere veya el testeresi takmay\u0131 m\u00fcmk\u00fcn k\u0131lan karabina ba\u011flant\u0131 noktalar\u0131<\/li>\n<li>&#8211; \u0130lkyard\u0131m \u00e7antas\u0131 takmak i\u00e7in elastik<\/li>\n<\/ul>\n<p><b>Uzun ask\u0131 s\u00fcrelerinde konfor sa\u011flamas\u0131 i\u00e7in oturak tak\u0131labilir.<\/b><\/p>\n<p><b>\u00d6zellikler:<\/b><\/p>\n<ul>\n<li><b>Ba\u011flant\u0131 noktalar\u0131:<\/b>\u00a0ba\u011flant\u0131 noktas\u0131, a\u00e7\u0131labilir ba\u011flant\u0131 noktalar\u0131, yan ba\u011flant\u0131 noktalar\u0131<\/li>\n<li><b>Sertifikalar<\/b>:\u00a0CE EN 358, CE EN 813, EAC<\/li>\n<li><b>Materyal<\/b>: Naylon, Polyester, polietilen, al\u00fcminyum, \u00e7elik<\/li>\n<\/ul>\n<h3><\/h3>\n<table class=\"table table-striped\">\n<tbody>\n<tr>\n<td><strong>Referanslar<\/strong><\/td>\n<td><strong>C069AA00<\/strong><\/td>\n<td><strong>C069AA01<\/strong><\/td>\n<td><strong>C069AA02<\/strong><\/td>\n<\/tr>\n<tr>\n<td><strong>Renkler<\/strong><\/td>\n<td>siyah\/sar\u0131<\/td>\n<td>siyah\/sar\u0131<\/td>\n<td>siyah\/sar\u0131<\/td>\n<\/tr>\n<tr>\n<td><strong>Beden<\/strong><\/td>\n<td>0<\/td>\n<td>1<\/td>\n<td>2<\/td>\n<\/tr>\n<tr>\n<td><strong>Bel kemeri<\/strong><\/td>\n<td>65-80 cm<\/td>\n<td>70-93 cm<\/td>\n<td>83-120 cm<\/td>\n<\/tr>\n<tr>\n<td><strong>Bacak halkalar\u0131<\/strong><\/td>\n<td>44-59 cm<\/td>\n<td>47-62 cm<\/td>\n<td>50-65 cm<\/td>\n<\/tr>\n<tr>\n<td><strong>A\u011f\u0131rl\u0131k<\/strong><\/td>\n<td>1480 g<\/td>\n<td>1530 g<\/td>\n<td>1600 g<\/td>\n<\/tr>\n<tr>\n<td><strong>Garanti<\/strong><\/td>\n<td>3 Y\u0131l<\/td>\n<td>3 Y\u0131l<\/td>\n<td>3 Y\u0131l<\/td>\n<\/tr>\n<tr>\n<td><strong>Paket<\/strong><\/td>\n<td>1<\/td>\n<td>1<\/td>\n<td>1<\/td>\n<\/tr>\n<\/tbody>\n<\/table>\n","protected":false},"excerpt":{"rendered":"<p>\u00c7ift ip y\u00fckselme tekni\u011fine uygun a\u011fa\u00e7 bak\u0131m alt emniyet kemeri SEQUOIA SRT \u00e7ift iple y\u00fckselme tekni\u011finde kullan\u0131lan a\u011fa\u00e7 bak\u0131m alt emniyet kemeridir. Ekstra geni\u015f, yar\u0131 sert bel kemeri ve bacak halkalar\u0131 a\u011fa\u00e7 uzman\u0131na konfor sa\u011flar. Bel kemerinde bulunan FAST otomatik tokalar yeniden ayarlama gerektirmeden eldivenle dahi a\u00e7\u0131l\u0131p tak\u0131lma imkan\u0131 verir. Bacak halkalar\u0131nda FAST LT PLUS [&hellip;]<\/p>\n","protected":false},"featured_media":1794,"comment_status":"open","ping_status":"closed","template":"","meta":[],"product_brand":[],"product_cat":[244],"product_tag":[],"class_list":{"0":"post-1793","1":"product","2":"type-product","3":"status-publish","4":"has-post-thumbnail","6":"product_cat-emniyet-kemerleri","8":"first","9":"instock","10":"shipping-taxable","11":"product-type-simple"},"acf":[],"_links":{"self":[{"href":"https:\/\/exzone.com.tr\/index.php\/wp-json\/wp\/v2\/product\/1793","targetHints":{"allow":["GET"]}}],"collection":[{"href":"https:\/\/exzone.com.tr\/index.php\/wp-json\/wp\/v2\/product"}],"about":[{"href":"https:\/\/exzone.com.tr\/index.php\/wp-json\/wp\/v2\/types\/product"}],"replies":[{"embeddable":true,"href":"https:\/\/exzone.com.tr\/index.php\/wp-json\/wp\/v2\/comments?post=1793"}],"wp:featuredmedia":[{"embeddable":true,"href":"https:\/\/exzone.com.tr\/index.php\/wp-json\/wp\/v2\/media\/1794"}],"wp:attachment":[{"href":"https:\/\/exzone.com.tr\/index.php\/wp-json\/wp\/v2\/media?parent=1793"}],"wp:term":[{"taxonomy":"product_brand","embeddable":true,"href":"https:\/\/exzone.com.tr\/index.php\/wp-json\/wp\/v2\/product_brand?post=1793"},{"taxonomy":"product_cat","embeddable":true,"href":"https:\/\/exzone.com.tr\/index.php\/wp-json\/wp\/v2\/product_cat?post=1793"},{"taxonomy":"product_tag","embeddable":true,"href":"https:\/\/exzone.com.tr\/index.php\/wp-json\/wp\/v2\/product_tag?post=1793"}],"curies":[{"name":"wp","href":"https:\/\/api.w.org\/{rel}","templated":true}]}}