{"id":1786,"date":"2023-01-11T19:06:49","date_gmt":"2023-01-11T16:06:49","guid":{"rendered":"https:\/\/exzone.com.tr\/?post_type=product&#038;p=1786"},"modified":"2024-05-02T03:41:17","modified_gmt":"2024-05-02T00:41:17","slug":"petzl-sequoia-srt-agac-budama-emniyet-kemeri","status":"publish","type":"product","link":"https:\/\/exzone.com.tr\/index.php\/urun\/petzl-sequoia-srt-agac-budama-emniyet-kemeri\/","title":{"rendered":"PETZL SEQUOIA SRT A\u011fa\u00e7 Budama Emniyet Kemeri"},"content":{"rendered":"<p>Tek ip y\u00fckselme tekni\u011fine uygun a\u011fa\u00e7 budama ve bak\u0131m ama\u00e7l\u0131 alt emniyet kemeri<\/p>\n<p>SEQUOIA SRT tek iple y\u00fckselmede kullan\u0131lan a\u011fa\u00e7 bak\u0131m alt emniyet kemeridir. \u00a0ZIGZAG veya ZIGZAG PLUS mekanik pursi\u011fin CHICANE ve KNEE ASCENT aksesuarlar\u0131 ile ba\u011flanmas\u0131n\u0131 sa\u011flayan bel (ventral) ba\u011flant\u0131 noktas\u0131na sahiptir. Ekstra geni\u015f, yar\u0131 sert bel kemeri ve bacak halkalar\u0131 a\u011fa\u00e7 uzman\u0131na konfor sa\u011flar. Bel kemerinde DOUBLEBACK PLUS otomatik kilitlenen tokalar, bacak halkalar\u0131nda ise FAST LT PLUS otomatik tokalar bulunmaktad\u0131r. A\u00e7\u0131labilir ba\u011flant\u0131 noktalar\u0131 ZILLON veya MICROFLIP lanyardlar\u0131n kolayca ba\u011flanmas\u0131n\u0131 veya birden fazla ba\u011flant\u0131 k\u00f6pr\u00fcs\u00fc ile ba\u011flant\u0131 k\u00f6pr\u00fcs\u00fcne aksesuarlar\u0131n direkt ba\u011flanmas\u0131na olanak tan\u0131r. Ayr\u0131ca alt emniyet kemeri, CARITOOL malzeme karabinas\u0131 tak\u0131labilen yuvalar ve birden fazla malzeme ask\u0131s\u0131 ile ekipmanlar\u0131 ta\u015f\u0131may\u0131 ve organize etmeyi kolayla\u015ft\u0131r\u0131r.<\/p>\n<p><iframe loading=\"lazy\" title=\"vimeo-player\" src=\"https:\/\/player.vimeo.com\/video\/337730647\" width=\"640\" height=\"360\" frameborder=\"0\" allowfullscreen=\"allowfullscreen\" data-mce-fragment=\"1\"><\/iframe><\/p>\n<p><b>Emniyet kemeri tek iple y\u00fckselme tekniklerine uygun tasarlanm\u0131\u015ft\u0131r: ZIGZAG ve ZIGZAG PLUS mekanik pursiklerin CHICANE ve KNEE ASCENT aksesuarlar\u0131 ile ba\u011flanmas\u0131na olanak veren bel (ventral) ba\u011flant\u0131 noktas\u0131 ve SECUR omuz ask\u0131s\u0131 ile CROLL bel jumar\u0131 takmay\u0131 sa\u011flayan arka halka.<\/b><\/p>\n<p><b>Konfor i\u00e7in \u00fcretildi:<\/b><\/p>\n<ul>\n<li>&#8211; Yar\u0131 sert, geni\u015f bel kemeri ve bacak halkalar\u0131; ask\u0131 s\u0131ras\u0131nda rahatl\u0131k i\u00e7in k\u00f6p\u00fck dolhu ile kaplanm\u0131\u015f<\/li>\n<li>&#8211; 2 a\u00e7\u0131labilir ba\u011flant\u0131 noktas\u0131 ZILLON veya MICROFLIP lanyardlara kolayca ba\u011flanmas\u0131n\u0131 veya birden fazla ba\u011flant\u0131 k\u00f6pr\u00fcs\u00fc (sabit veya ayarlanabilir) ile ba\u011flant\u0131 k\u00f6pr\u00fcs\u00fcne aksesuarlar\u0131n direkt ba\u011flanmas\u0131na olanak tan\u0131r (RING, SWIVEL)<\/li>\n<li>&#8211; Ba\u011flant\u0131 k\u00f6pr\u00fcs\u00fc yanal hareket kabiliyeti sa\u011flar<\/li>\n<li>&#8211; Hareketli yan ba\u011flant\u0131 noktalar\u0131 kullan\u0131c\u0131n\u0131n yanal hareket s\u0131ras\u0131nda lanyard\u0131n\u0131n oryantasyonunu takip etmesini sa\u011flar<\/li>\n<li>&#8211; Bel (ventral) ba\u011flant\u0131 noktas\u0131nda y\u00fcr\u00fcrken konforu art\u0131rmak i\u00e7in tekstil k\u00f6pr\u00fc vard\u0131r<\/li>\n<\/ul>\n<p><b>Kolay ayarlama:<\/b><\/p>\n<ul>\n<li>&#8211; Bel kemeri h\u0131zl\u0131 ve kolay ayarlama olana\u011f\u0131 sa\u011flayan DOUBLEBACK PLUS tokalarla donat\u0131lm\u0131\u015ft\u0131r<\/li>\n<li>&#8211; Bacak halkalar\u0131nda bulunan FAST LT PLUS tokalar eldivenle dahi kolay ve h\u0131zl\u0131ca a\u00e7\u0131l\u0131p tak\u0131labilme olana\u011f\u0131 sa\u011flar. Tokalardaki kilit sistemi istenmeden a\u00e7\u0131lma riskini azalt\u0131r<\/li>\n<li>&#8211; DOUBLEBACK tokalar, ba\u011flant\u0131 k\u00f6pr\u00fcs\u00fcn\u00fcn y\u00fcksekli\u011finin ve a\u011fa\u00e7 uzman\u0131n\u0131n pozisyonunu rahat edecek \u015fekilde ayarlanmas\u0131na olanak tan\u0131r. Tokalar kilitlenmelerini garanti eden plastik korumalara sahiptir<\/li>\n<\/ul>\n<p><b>Ekipman\u0131n ta\u015f\u0131nmas\u0131n\u0131 ve d\u00fczenlenmesini kolayla\u015ft\u0131r\u0131r:<\/b><\/p>\n<ul>\n<li>&#8211; 9 \u015fekillendirilmi\u015f koruyucu katmana sahip malzeme halkalar\u0131<\/li>\n<li>&#8211; CARITOOL malzeme karabinas\u0131 i\u00e7in be\u015f yuva<\/li>\n<li>&#8211; Zincir testere veya el testeresi takmay\u0131 m\u00fcmk\u00fcn k\u0131lan karabina ba\u011flant\u0131 noktalar\u0131<\/li>\n<li>&#8211; \u0130lkyard\u0131m \u00e7antas\u0131 takmak i\u00e7in elastik<\/li>\n<\/ul>\n<p><b>Emniyet kemeri farkl\u0131 durumlara adapte edilebilecek \u015fekilde aksesuarlar ile donat\u0131labilir:<\/b><\/p>\n<ul>\n<li>&#8211; Oturak: uzun s\u00fcreli ask\u0131larda konforu art\u0131rmak i\u00e7in<\/li>\n<li>&#8211; Omuz ask\u0131lar\u0131: bel kemerindeki y\u00fck\u00fc omuza aktarabilmek i\u00e7in bel ba\u011flant\u0131 noktas\u0131na ve bel kemerinin arkas\u0131nda bulunan 2 noktaya ba\u011flanabilir<\/li>\n<\/ul>\n<p><b>\u00d6zellikler:<\/b><\/p>\n<ul>\n<li><b>Ba\u011flant\u0131 noktalar\u0131:<\/b>\u00a0ba\u011flant\u0131 k\u00f6pr\u00fcs\u00fc, a\u00e7\u0131labilir ba\u011flant\u0131 noktalar\u0131, bel (ventral) ba\u011flant\u0131 noktas\u0131, yan ba\u011flant\u0131 noktalar\u0131<\/li>\n<li><b>Sertifikalar<\/b>:\u00a0CE EN 358, CE EN 813, EAC<\/li>\n<li><b>Materyal<\/b>: Naylon, Polyester, polietilen, al\u00fcminyum, \u00e7elik<\/li>\n<li><\/li>\n<\/ul>\n<table class=\"table table-striped\">\n<tbody>\n<tr>\n<td><strong>Referanslar<\/strong><\/td>\n<td><strong>C069BA00<\/strong><\/td>\n<td><strong>C069BA01<\/strong><\/td>\n<td><strong>C069BA02<\/strong><\/td>\n<\/tr>\n<tr>\n<td><strong>Renkler<\/strong><\/td>\n<td>siyah\/sar\u0131<\/td>\n<td>siyah\/sar\u0131<\/td>\n<td>siyah\/sar\u0131<\/td>\n<\/tr>\n<tr>\n<td><strong>Beden<\/strong><\/td>\n<td>0<\/td>\n<td>1<\/td>\n<td>2<\/td>\n<\/tr>\n<tr>\n<td><strong>Bel kemeri<\/strong><\/td>\n<td>65-80 cm<\/td>\n<td>70-93 cm<\/td>\n<td>83-120 cm<\/td>\n<\/tr>\n<tr>\n<td><strong>Bacak halkalar\u0131<\/strong><\/td>\n<td>44-59 cm<\/td>\n<td>47-62 cm<\/td>\n<td>50-65 cm<\/td>\n<\/tr>\n<tr>\n<td><strong>A\u011f\u0131rl\u0131k<\/strong><\/td>\n<td>1580 g<\/td>\n<td>1630 g<\/td>\n<td>1700 g<\/td>\n<\/tr>\n<tr>\n<td><strong>Garanti<\/strong><\/td>\n<td>3 Y\u0131l<\/td>\n<td>3 Y\u0131l<\/td>\n<td>3 Y\u0131l<\/td>\n<\/tr>\n<tr>\n<td><strong>Paket<\/strong><\/td>\n<td>1<\/td>\n<td>1<\/td>\n<td>1<\/td>\n<\/tr>\n<\/tbody>\n<\/table>\n","protected":false},"excerpt":{"rendered":"<p>Tek ip y\u00fckselme tekni\u011fine uygun a\u011fa\u00e7 budama ve bak\u0131m ama\u00e7l\u0131 alt emniyet kemeri SEQUOIA SRT tek iple y\u00fckselmede kullan\u0131lan a\u011fa\u00e7 bak\u0131m alt emniyet kemeridir. \u00a0ZIGZAG veya ZIGZAG PLUS mekanik pursi\u011fin CHICANE ve KNEE ASCENT aksesuarlar\u0131 ile ba\u011flanmas\u0131n\u0131 sa\u011flayan bel (ventral) ba\u011flant\u0131 noktas\u0131na sahiptir. Ekstra geni\u015f, yar\u0131 sert bel kemeri ve bacak halkalar\u0131 a\u011fa\u00e7 uzman\u0131na konfor [&hellip;]<\/p>\n","protected":false},"featured_media":1787,"comment_status":"open","ping_status":"closed","template":"","meta":[],"product_brand":[],"product_cat":[244],"product_tag":[],"class_list":{"0":"post-1786","1":"product","2":"type-product","3":"status-publish","4":"has-post-thumbnail","6":"product_cat-emniyet-kemerleri","8":"first","9":"instock","10":"shipping-taxable","11":"product-type-simple"},"acf":[],"_links":{"self":[{"href":"https:\/\/exzone.com.tr\/index.php\/wp-json\/wp\/v2\/product\/1786","targetHints":{"allow":["GET"]}}],"collection":[{"href":"https:\/\/exzone.com.tr\/index.php\/wp-json\/wp\/v2\/product"}],"about":[{"href":"https:\/\/exzone.com.tr\/index.php\/wp-json\/wp\/v2\/types\/product"}],"replies":[{"embeddable":true,"href":"https:\/\/exzone.com.tr\/index.php\/wp-json\/wp\/v2\/comments?post=1786"}],"wp:featuredmedia":[{"embeddable":true,"href":"https:\/\/exzone.com.tr\/index.php\/wp-json\/wp\/v2\/media\/1787"}],"wp:attachment":[{"href":"https:\/\/exzone.com.tr\/index.php\/wp-json\/wp\/v2\/media?parent=1786"}],"wp:term":[{"taxonomy":"product_brand","embeddable":true,"href":"https:\/\/exzone.com.tr\/index.php\/wp-json\/wp\/v2\/product_brand?post=1786"},{"taxonomy":"product_cat","embeddable":true,"href":"https:\/\/exzone.com.tr\/index.php\/wp-json\/wp\/v2\/product_cat?post=1786"},{"taxonomy":"product_tag","embeddable":true,"href":"https:\/\/exzone.com.tr\/index.php\/wp-json\/wp\/v2\/product_tag?post=1786"}],"curies":[{"name":"wp","href":"https:\/\/api.w.org\/{rel}","templated":true}]}}