{"id":1777,"date":"2023-01-11T18:50:20","date_gmt":"2023-01-11T15:50:20","guid":{"rendered":"https:\/\/exzone.com.tr\/?post_type=product&#038;p=1777"},"modified":"2024-05-02T03:41:16","modified_gmt":"2024-05-02T00:41:16","slug":"petzl-top-croll-ust-emniyet-kemeri","status":"publish","type":"product","link":"https:\/\/exzone.com.tr\/index.php\/urun\/petzl-top-croll-ust-emniyet-kemeri\/","title":{"rendered":"PETZL TOP CROLL \u00dcst Emniyet Kemeri"},"content":{"rendered":"<p>Emniyet kemerleri i\u00e7in CROLL g\u00f6\u011f\u00fcs jumar\u0131 eklentili \u00fcst emniyet kemeri<\/p>\n<p>TOP CROLL ; ASTRO SIT FAST, AVAO SIT ve AVAO SIT FAST\u00a0 emniyet kemerlerini d\u00fc\u015f\u00fc\u015f \u00f6nleyici emniyet kemerlerine d\u00f6n\u00fc\u015ft\u00fcrmek i\u00e7in CROLL g\u00f6\u011f\u00fcs jumar\u0131na sahiptir. Dolgulu omuz perlonlar\u0131 boyun s\u00fcrt\u00fcnmesini azaltmak i\u00e7in geni\u015f aral\u0131kl\u0131d\u0131r. Bel kemerine y\u00fck bindi\u011finde, y\u00fck\u00fcn omuzlara da\u011f\u0131t\u0131lmas\u0131na yard\u0131mc\u0131 olur.<\/p>\n<p><b>\u00d6zellikler:<\/b><\/p>\n<ul>\n<li>ASTRO SIT FAST, AVAO SIT, AVAO SIT FAST, FALCON, FALCON ASCENT ve SEQUOIA SRT\u00a0 emniyet kemerlerini d\u00fc\u015f\u00fc\u015f \u00f6nleyici kemerlere d\u00f6n\u00fc\u015ft\u00fcrmek i\u00e7in bir CROLL S g\u00f6\u011f\u00fcs jumar\u0131 i\u00e7erir<\/li>\n<li>ASTRO SIT FAST emniyet kemerinin arka ba\u011flant\u0131 noktas\u0131na veya do\u011frudan a\u00e7\u0131labilir\u00a0 ventral ba\u011flant\u0131 noktas\u0131na veya ba\u011flant\u0131 halkalar\u0131yla AVAO SIT, AVAO SIT FAST, FALCON, FALCON ASCENT ve SEQUOIA SRT\u00a0 emniyet kemerlerine ba\u011flan\u0131r<\/li>\n<li>Dolgulu omuz perlonlar\u0131 boyun s\u00fcrt\u00fcnmesini azaltmak i\u00e7in geni\u015f a\u00e7\u0131kl\u0131kl\u0131d\u0131r. Bel kemerine y\u00fck bindi\u011finde, y\u00fck\u00fcn omuzlara da\u011f\u0131t\u0131lmas\u0131na yard\u0131mc\u0131 olur.<\/li>\n<li>H\u0131zl\u0131 ve kolay ayarlama i\u00e7in kendinden kilitlemeli DOUBLEBACK PLUS tokalar ile donat\u0131lm\u0131\u015f omuz perlonlar\u0131<\/li>\n<\/ul>\n<p><b>\u00d6zellikler:<\/b><\/p>\n<p><b>G\u00f6\u011f\u00fcs (sternal) ba\u011flant\u0131 noktas\u0131:<\/b>\u00a0d\u00fc\u015f\u00fc\u015f \u00f6nleyici sistem ba\u011flant\u0131s\u0131<\/p>\n<p><b>Sertifikalar:<\/b>CE EN 361 (ASTRO SIT FAST, AVAO SIT, AVAO SIT FAST, FALCON, FALCON ASCENT ve SEQUOIA SRT\u00a0 alt emniyet kemerleri ile), CE EN 12841 tip B, EAC<\/p>\n<p><b>Materyal:\u00a0<\/b>Naylon, Polyester, al\u00fcminyum, \u00e7elik<\/p>\n<table class=\"table table-striped\">\n<tbody>\n<tr>\n<td><strong>Referanslar<\/strong><\/td>\n<td><strong>C081BA00<\/strong><\/td>\n<td><strong>C081CA00<\/strong><\/td>\n<\/tr>\n<tr>\n<td><strong>Renk<\/strong><\/td>\n<td>siyah\/sar\u0131<\/td>\n<td>siyah\/sar\u0131<\/td>\n<\/tr>\n<tr>\n<td><strong>Boy<\/strong><\/td>\n<td>160-200 cm<\/td>\n<td>160-200 cm<\/td>\n<\/tr>\n<tr>\n<td><strong>A\u011f\u0131rl\u0131k<\/strong><\/td>\n<td>515 g<\/td>\n<td>600 g<\/td>\n<\/tr>\n<tr>\n<td><strong>Garanti<\/strong><\/td>\n<td>3 y\u0131l<\/td>\n<td>3 y\u0131l<\/td>\n<\/tr>\n<tr>\n<td><strong>Paket<\/strong><\/td>\n<td>1<\/td>\n<td>1<\/td>\n<\/tr>\n<\/tbody>\n<\/table>\n","protected":false},"excerpt":{"rendered":"<p>Emniyet kemerleri i\u00e7in CROLL g\u00f6\u011f\u00fcs jumar\u0131 eklentili \u00fcst emniyet kemeri TOP CROLL ; ASTRO SIT FAST, AVAO SIT ve AVAO SIT FAST\u00a0 emniyet kemerlerini d\u00fc\u015f\u00fc\u015f \u00f6nleyici emniyet kemerlerine d\u00f6n\u00fc\u015ft\u00fcrmek i\u00e7in CROLL g\u00f6\u011f\u00fcs jumar\u0131na sahiptir. Dolgulu omuz perlonlar\u0131 boyun s\u00fcrt\u00fcnmesini azaltmak i\u00e7in geni\u015f aral\u0131kl\u0131d\u0131r. Bel kemerine y\u00fck bindi\u011finde, y\u00fck\u00fcn omuzlara da\u011f\u0131t\u0131lmas\u0131na yard\u0131mc\u0131 olur. \u00d6zellikler: ASTRO SIT [&hellip;]<\/p>\n","protected":false},"featured_media":1778,"comment_status":"open","ping_status":"closed","template":"","meta":[],"product_brand":[],"product_cat":[244],"product_tag":[],"class_list":{"0":"post-1777","1":"product","2":"type-product","3":"status-publish","4":"has-post-thumbnail","6":"product_cat-emniyet-kemerleri","8":"first","9":"instock","10":"shipping-taxable","11":"product-type-simple"},"acf":[],"_links":{"self":[{"href":"https:\/\/exzone.com.tr\/index.php\/wp-json\/wp\/v2\/product\/1777","targetHints":{"allow":["GET"]}}],"collection":[{"href":"https:\/\/exzone.com.tr\/index.php\/wp-json\/wp\/v2\/product"}],"about":[{"href":"https:\/\/exzone.com.tr\/index.php\/wp-json\/wp\/v2\/types\/product"}],"replies":[{"embeddable":true,"href":"https:\/\/exzone.com.tr\/index.php\/wp-json\/wp\/v2\/comments?post=1777"}],"wp:featuredmedia":[{"embeddable":true,"href":"https:\/\/exzone.com.tr\/index.php\/wp-json\/wp\/v2\/media\/1778"}],"wp:attachment":[{"href":"https:\/\/exzone.com.tr\/index.php\/wp-json\/wp\/v2\/media?parent=1777"}],"wp:term":[{"taxonomy":"product_brand","embeddable":true,"href":"https:\/\/exzone.com.tr\/index.php\/wp-json\/wp\/v2\/product_brand?post=1777"},{"taxonomy":"product_cat","embeddable":true,"href":"https:\/\/exzone.com.tr\/index.php\/wp-json\/wp\/v2\/product_cat?post=1777"},{"taxonomy":"product_tag","embeddable":true,"href":"https:\/\/exzone.com.tr\/index.php\/wp-json\/wp\/v2\/product_tag?post=1777"}],"curies":[{"name":"wp","href":"https:\/\/api.w.org\/{rel}","templated":true}]}}