{"id":1753,"date":"2023-01-11T17:56:02","date_gmt":"2023-01-11T14:56:02","guid":{"rendered":"https:\/\/exzone.com.tr\/?post_type=product&#038;p=1753"},"modified":"2024-05-02T03:41:16","modified_gmt":"2024-05-02T00:41:16","slug":"petzl-newton-emniyet-kemerleri-icin-hi-viz-yelek","status":"publish","type":"product","link":"https:\/\/exzone.com.tr\/index.php\/urun\/petzl-newton-emniyet-kemerleri-icin-hi-viz-yelek\/","title":{"rendered":"PETZL NEWTON Emniyet Kemerleri \u0130\u00e7in HI-VIZ Yelek"},"content":{"rendered":"<p>NEWTON emniyet kemerleri i\u00e7in y\u00fcksek g\u00f6r\u00fcn\u00fcrl\u00fck yelek<\/p>\n<p>Yans\u0131t\u0131c\u0131 \u015feritlere sahip parlak renkli yelek, \u00e7al\u0131\u015fan\u0131n t\u00fcm ayd\u0131nlatma ko\u015fullar\u0131nda olduk\u00e7a g\u00f6r\u00fcn\u00fcr olmas\u0131n\u0131 sa\u011flar. NEWTON, NEWTON FAST ve NEWTON EASYFIT emniyet kemerlerine h\u0131zl\u0131 ve kolay bir \u015fekilde tak\u0131l\u0131r. G\u00f6\u011f\u00fcs tokas\u0131, \u00e7oklu ba\u011flant\u0131 noktalar\u0131 ve konekt\u00f6r tutucular\u0131n t\u00fcm\u00fc, optimum hareket \u00f6zg\u00fcrl\u00fc\u011f\u00fc i\u00e7in eri\u015filebilir durumda kal\u0131r.<\/p>\n<h3><b>Detayl\u0131 A\u00e7\u0131klama:<\/b><\/h3>\n<div class=\"list\"><\/div>\n<div class=\"list\">\n<p><strong>Yans\u0131t\u0131c\u0131 \u015feritlere sahip floresan renkli yelek, i\u015f\u00e7iyi olduk\u00e7a g\u00f6r\u00fcn\u00fcr k\u0131lar. Emniyet kemeri b\u00f6ylece \u00e7al\u0131\u015fan\u0131n \u015fantiyede, yolda veya sanayi sitesindeki her t\u00fcrl\u00fc ayd\u0131nlatma ko\u015fulunda daha kolay g\u00f6r\u00fclmesini sa\u011flar.<\/strong><\/p>\n<p><strong>H\u0131zl\u0131 ve kolay giyilir<\/strong><\/p>\n<ul>\n<li>H\u0131zl\u0131 ve kolayca tak\u0131l\u0131p \u00e7\u0131kar\u0131labilir<\/li>\n<li>FAST LT PLUS g\u00f6\u011f\u00fcs (sternal) toka, sternal ve\u00a0 s\u0131rt (dorsal) ba\u011flant\u0131 noktalar\u0131 ve konekt\u00f6r tutucular\u0131n t\u00fcm\u00fc, yelek tak\u0131ld\u0131\u011f\u0131nda eri\u015filebilir durumda kal\u0131r.<\/li>\n<li>havaland\u0131rma i\u00e7in arkada fermuar<\/li>\n<li>NEWTON, NEWTON FAST ve NEWTON EASYFIT (1) emniyet kemerleri ile uyumlu<\/li>\n<\/ul>\n<p><strong>K\u00fc\u00e7\u00fck e\u015fyalar\u0131 saklamak i\u00e7in iki adet fermuarl\u0131 cep<\/strong><\/p>\n<p><strong>Makinede 30\u00b0C\u2019ye kadar y\u0131kanabilir<\/strong><\/p>\n<p><strong>\u0130ki renkte mevcuttur:\u00a0<\/strong>sar\u0131 ve turuncu<\/p>\n<p>(1) 2021 ve sonras\u0131nda \u00fcretilen \u00fcr\u00fcnler i\u00e7in ge\u00e7erlidir<\/p>\n<p>&nbsp;<\/p>\n<p><b>A\u011f\u0131rl\u0131k:\u00a0<\/b>380 g<\/p>\n<p><b>Materyal:\u00a0<\/b>naylon<\/p>\n<p><b>Referanslar:<\/b><\/p>\n<table class=\"table table-striped\">\n<tbody>\n<tr>\n<th>Referanslar<\/th>\n<th>C073GA00<\/th>\n<th>C073HA00<\/th>\n<\/tr>\n<tr>\n<td>Renk<\/td>\n<td>sar\u0131<\/td>\n<td>turuncu<\/td>\n<\/tr>\n<tr>\n<td>Garanti<\/td>\n<td>3\u00a0y\u0131l<\/td>\n<td>3\u00a0y\u0131l<\/td>\n<\/tr>\n<tr>\n<td>Paket<\/td>\n<td>1<\/td>\n<td>1<\/td>\n<\/tr>\n<\/tbody>\n<\/table>\n<\/div>\n","protected":false},"excerpt":{"rendered":"<p>NEWTON emniyet kemerleri i\u00e7in y\u00fcksek g\u00f6r\u00fcn\u00fcrl\u00fck yelek Yans\u0131t\u0131c\u0131 \u015feritlere sahip parlak renkli yelek, \u00e7al\u0131\u015fan\u0131n t\u00fcm ayd\u0131nlatma ko\u015fullar\u0131nda olduk\u00e7a g\u00f6r\u00fcn\u00fcr olmas\u0131n\u0131 sa\u011flar. NEWTON, NEWTON FAST ve NEWTON EASYFIT emniyet kemerlerine h\u0131zl\u0131 ve kolay bir \u015fekilde tak\u0131l\u0131r. G\u00f6\u011f\u00fcs tokas\u0131, \u00e7oklu ba\u011flant\u0131 noktalar\u0131 ve konekt\u00f6r tutucular\u0131n t\u00fcm\u00fc, optimum hareket \u00f6zg\u00fcrl\u00fc\u011f\u00fc i\u00e7in eri\u015filebilir durumda kal\u0131r. Detayl\u0131 A\u00e7\u0131klama: Yans\u0131t\u0131c\u0131 \u015feritlere [&hellip;]<\/p>\n","protected":false},"featured_media":1754,"comment_status":"open","ping_status":"closed","template":"","meta":[],"product_brand":[],"product_cat":[244],"product_tag":[],"class_list":{"0":"post-1753","1":"product","2":"type-product","3":"status-publish","4":"has-post-thumbnail","6":"product_cat-emniyet-kemerleri","8":"first","9":"instock","10":"shipping-taxable","11":"product-type-simple"},"acf":[],"_links":{"self":[{"href":"https:\/\/exzone.com.tr\/index.php\/wp-json\/wp\/v2\/product\/1753","targetHints":{"allow":["GET"]}}],"collection":[{"href":"https:\/\/exzone.com.tr\/index.php\/wp-json\/wp\/v2\/product"}],"about":[{"href":"https:\/\/exzone.com.tr\/index.php\/wp-json\/wp\/v2\/types\/product"}],"replies":[{"embeddable":true,"href":"https:\/\/exzone.com.tr\/index.php\/wp-json\/wp\/v2\/comments?post=1753"}],"wp:featuredmedia":[{"embeddable":true,"href":"https:\/\/exzone.com.tr\/index.php\/wp-json\/wp\/v2\/media\/1754"}],"wp:attachment":[{"href":"https:\/\/exzone.com.tr\/index.php\/wp-json\/wp\/v2\/media?parent=1753"}],"wp:term":[{"taxonomy":"product_brand","embeddable":true,"href":"https:\/\/exzone.com.tr\/index.php\/wp-json\/wp\/v2\/product_brand?post=1753"},{"taxonomy":"product_cat","embeddable":true,"href":"https:\/\/exzone.com.tr\/index.php\/wp-json\/wp\/v2\/product_cat?post=1753"},{"taxonomy":"product_tag","embeddable":true,"href":"https:\/\/exzone.com.tr\/index.php\/wp-json\/wp\/v2\/product_tag?post=1753"}],"curies":[{"name":"wp","href":"https:\/\/api.w.org\/{rel}","templated":true}]}}