{"id":1704,"date":"2023-01-11T17:34:38","date_gmt":"2023-01-11T14:34:38","guid":{"rendered":"https:\/\/exzone.com.tr\/?post_type=product&#038;p=1704"},"modified":"2024-05-02T03:41:16","modified_gmt":"2024-05-02T00:41:16","slug":"petzl-volt-emniyet-kemeri-uluslararasi-versiyon","status":"publish","type":"product","link":"https:\/\/exzone.com.tr\/index.php\/urun\/petzl-volt-emniyet-kemeri-uluslararasi-versiyon\/","title":{"rendered":"PETZL VOLT &#8211; Emniyet Kemeri &#8211; Uluslararas\u0131 Versiyon"},"content":{"rendered":"<p>D\u00fc\u015fmeyi \u00f6nleyici konumlanma emniyet kemeri<\/p>\n<p>VOLT d\u00fc\u015f\u00fc\u015f durdurucu konumlanma emniyet kemeri FAST LT PLUS ve FAST LT otomatik tokalar\u0131 sayesinde iki ayak yere temas ederken kolayca giyilebilir. Geni\u015f, yar\u0131-sert bel ve bacak perlonlar\u0131 m\u00fckemmel destek sa\u011flar. Hafif ve nefes alabilen tasar\u0131m\u0131 hava ak\u0131\u015f\u0131n\u0131 maksimuma \u00e7\u0131kar\u0131r. Kendinden sarmal\u0131 d\u00fc\u015fme \u00f6nleyici sistemi ba\u011flamak i\u00e7in tasarlanm\u0131\u015f tekstil s\u0131rt ba\u011flant\u0131 noktas\u0131na sahiptir. ABD ve Avrupa standartlar\u0131na g\u00f6re onaylanm\u0131\u015ft\u0131r.<\/p>\n<p><iframe loading=\"lazy\" src=\"https:\/\/www.youtube.com\/embed\/s3-iav6Eti4\" width=\"560\" height=\"315\" frameborder=\"0\" allowfullscreen=\"allowfullscreen\" data-mce-fragment=\"1\"><\/iframe><\/p>\n<p><b>H\u0131zl\u0131 ve kolay giyilebilme:<\/b><\/p>\n<ul>\n<li>Bel kemeri ve bacak halkalar\u0131nda bulunan FAST LT PLUS otomatik tokalar emniyet kemerinin iki ayak yere temas ederken eldivenle bile kolayca ve h\u0131zl\u0131ca giyilebilmesini sa\u011flar. Bu tokalar emniyet kemerinin ayar\u0131n\u0131n s\u00fcrekli olarak sabit kalmas\u0131na olanak tan\u0131r<\/li>\n<li>Bel kemeri ve omuz ask\u0131lar\u0131nda bulunan DOUBLEBACK otomatik kilitlenen tokalar ayarlaman\u0131n m\u00fckemmel bir \u015fekilde yap\u0131labilmesini sa\u011flar<\/li>\n<li>M\u00fckemmel konumlanma i\u00e7in bacak halkas\u0131 dolgular\u0131n\u0131n pozisyonu ayarlanabilir<\/li>\n<\/ul>\n<p><b>\u0130\u015f g\u00fcn\u00fc boyunca konforlu:<\/b><\/p>\n<ul>\n<li>Boynun tahri\u015f olmas\u0131n\u0131 engellemek i\u00e7in omuz perlonlar\u0131 geni\u015f aral\u0131kla yerle\u015ftirilmi\u015ftir. Bel kemeri y\u00fck alt\u0131ndayken a\u011f\u0131rl\u0131\u011f\u0131n omuzlara e\u015fit bir \u015fekilde da\u011f\u0131lmas\u0131na olanak verir.<\/li>\n<li>Geni\u015f, yar\u0131-sert bel ve bacak perlonlar\u0131 m\u00fckemmel destek sa\u011flar. Hafif ve nefes alabilen tasar\u0131m\u0131 hava ak\u0131\u015f\u0131n\u0131 maksimuma \u00e7\u0131kar\u0131r.<\/li>\n<li>Kendinden sarmal\u0131 d\u00fc\u015fme \u00f6nleyici sistemi ba\u011flamak i\u00e7in tasarlanm\u0131\u015f tekstil s\u0131rt ba\u011flant\u0131 noktas\u0131na sahiptir.<\/li>\n<li>M\u00fckemmel pozisyonlanma i\u00e7in ayarlanabilir bacak halkas\u0131 s\u00fcngeri<\/li>\n<\/ul>\n<p><b>Kolay kullan\u0131m:<\/b><\/p>\n<ul>\n<li>Yan ba\u011flant\u0131 noktalar\u0131 katlanabilir, b\u00f6ylece kullan\u0131lmazken etrafa tak\u0131lmazlar<\/li>\n<li>D\u00fc\u015fme \u00f6nleyici lanyardlardaki MGO karabinalar i\u00e7in her omuz ask\u0131s\u0131nda yerle\u015ftirme sistemi. Bir d\u00fc\u015f\u00fc\u015f an\u0131nda, bu sistem MGO karabinalar\u0131 serbest b\u0131rakarak \u015fok emicilerin \u00e7al\u0131\u015fmas\u0131n\u0131 sa\u011flar<\/li>\n<li>Malzeme ask\u0131lar\u0131, CARITOOL malzeme karabinas\u0131 i\u00e7in yuvalar ve TOOLBAG malzeme \u00e7antas\u0131 i\u00e7in yuvalar ekipmanlar\u0131n kolay bir \u015fekilde organize edilmesine olanak tan\u0131r<\/li>\n<\/ul>\n<p><b>\u00d6zellikler:<\/b><\/p>\n<ul>\n<li>Yan ba\u011flant\u0131 noktalar\u0131: \u00e7ift modda konumland\u0131rma lanyard\u0131 sabitlemek i\u00e7in<\/li>\n<li>G\u00f6\u011f\u00fcs (sternal) ba\u011flant\u0131 noktas\u0131: d\u00fc\u015f\u00fc\u015f \u00f6nleyici sistem ba\u011flant\u0131s\u0131<\/li>\n<li>Metal s\u0131rt (dorsal) ba\u011flant\u0131 noktas\u0131: d\u00fc\u015f\u00fc\u015f \u00f6nleyici sistem ba\u011flant\u0131s\u0131<\/li>\n<li>Tekstil s\u0131rt (dorsal) ba\u011flant\u0131 noktas\u0131: d\u00fc\u015f\u00fc\u015f \u00f6nleyici sistem ba\u011flant\u0131s\u0131<\/li>\n<li>Bel kemerinde bulunan arka ba\u011flant\u0131 noktas\u0131: s\u0131n\u0131rl\u0131 lanyard ba\u011flant\u0131s\u0131<\/li>\n<\/ul>\n<p><b>Sertifikalar:<\/b>\u00a0CE EN 361, CE EN 358, EAC<\/p>\n<p><b>Materyal:\u00a0<\/b>Naylon, Polyester, al\u00fcminyum, \u00e7elik<\/p>\n<table class=\"table table-striped\">\n<tbody>\n<tr>\n<th>Referanslar<\/th>\n<th>C072CA00<\/th>\n<th>C072CA01<\/th>\n<th>C072CA02<\/th>\n<\/tr>\n<tr>\n<td>Renkler<\/td>\n<td>siyah\/sar\u0131<\/td>\n<td>siyah\/sar\u0131<\/td>\n<td>siyah\/sar\u0131<\/td>\n<\/tr>\n<tr>\n<td>Beden<\/td>\n<td>0<\/td>\n<td>1<\/td>\n<td>2<\/td>\n<\/tr>\n<tr>\n<td>Bel kemeri<\/td>\n<td>65-80 cm<\/td>\n<td>70-93 cm<\/td>\n<td>83-120 cm<\/td>\n<\/tr>\n<tr>\n<td>Bacak perlonlar\u0131<\/td>\n<td>44-59 cm<\/td>\n<td>47-62 cm<\/td>\n<td>50-65 cm<\/td>\n<\/tr>\n<tr>\n<td>Boy<\/td>\n<td>160-180 cm<\/td>\n<td>165-185 cm<\/td>\n<td>175-200 cm<\/td>\n<\/tr>\n<tr>\n<td>A\u011f\u0131rl\u0131k<\/td>\n<td>2300 g<\/td>\n<td>2350 g<\/td>\n<td>2430 g<\/td>\n<\/tr>\n<tr>\n<td>Garanti<\/td>\n<td>3 y\u0131l<\/td>\n<td>3 y\u0131l<\/td>\n<td>3 y\u0131l<\/td>\n<\/tr>\n<tr>\n<td>Paket<\/td>\n<td>1<\/td>\n<td>1<\/td>\n<td>1<\/td>\n<\/tr>\n<\/tbody>\n<\/table>\n","protected":false},"excerpt":{"rendered":"<p>D\u00fc\u015fmeyi \u00f6nleyici konumlanma emniyet kemeri VOLT d\u00fc\u015f\u00fc\u015f durdurucu konumlanma emniyet kemeri FAST LT PLUS ve FAST LT otomatik tokalar\u0131 sayesinde iki ayak yere temas ederken kolayca giyilebilir. Geni\u015f, yar\u0131-sert bel ve bacak perlonlar\u0131 m\u00fckemmel destek sa\u011flar. Hafif ve nefes alabilen tasar\u0131m\u0131 hava ak\u0131\u015f\u0131n\u0131 maksimuma \u00e7\u0131kar\u0131r. Kendinden sarmal\u0131 d\u00fc\u015fme \u00f6nleyici sistemi ba\u011flamak i\u00e7in tasarlanm\u0131\u015f tekstil s\u0131rt [&hellip;]<\/p>\n","protected":false},"featured_media":1705,"comment_status":"open","ping_status":"closed","template":"","meta":[],"product_brand":[],"product_cat":[244],"product_tag":[],"class_list":{"0":"post-1704","1":"product","2":"type-product","3":"status-publish","4":"has-post-thumbnail","6":"product_cat-emniyet-kemerleri","8":"first","9":"instock","10":"shipping-taxable","11":"product-type-simple"},"acf":[],"_links":{"self":[{"href":"https:\/\/exzone.com.tr\/index.php\/wp-json\/wp\/v2\/product\/1704","targetHints":{"allow":["GET"]}}],"collection":[{"href":"https:\/\/exzone.com.tr\/index.php\/wp-json\/wp\/v2\/product"}],"about":[{"href":"https:\/\/exzone.com.tr\/index.php\/wp-json\/wp\/v2\/types\/product"}],"replies":[{"embeddable":true,"href":"https:\/\/exzone.com.tr\/index.php\/wp-json\/wp\/v2\/comments?post=1704"}],"wp:featuredmedia":[{"embeddable":true,"href":"https:\/\/exzone.com.tr\/index.php\/wp-json\/wp\/v2\/media\/1705"}],"wp:attachment":[{"href":"https:\/\/exzone.com.tr\/index.php\/wp-json\/wp\/v2\/media?parent=1704"}],"wp:term":[{"taxonomy":"product_brand","embeddable":true,"href":"https:\/\/exzone.com.tr\/index.php\/wp-json\/wp\/v2\/product_brand?post=1704"},{"taxonomy":"product_cat","embeddable":true,"href":"https:\/\/exzone.com.tr\/index.php\/wp-json\/wp\/v2\/product_cat?post=1704"},{"taxonomy":"product_tag","embeddable":true,"href":"https:\/\/exzone.com.tr\/index.php\/wp-json\/wp\/v2\/product_tag?post=1704"}],"curies":[{"name":"wp","href":"https:\/\/api.w.org\/{rel}","templated":true}]}}