{"id":1692,"date":"2023-01-11T17:28:44","date_gmt":"2023-01-11T14:28:44","guid":{"rendered":"https:\/\/exzone.com.tr\/?post_type=product&#038;p=1692"},"modified":"2024-05-02T03:41:16","modified_gmt":"2024-05-02T00:41:16","slug":"petzl-avao-bod-emniyet-kemeri-uluslararasi-versiyon","status":"publish","type":"product","link":"https:\/\/exzone.com.tr\/index.php\/urun\/petzl-avao-bod-emniyet-kemeri-uluslararasi-versiyon\/","title":{"rendered":"PETZL AVAO BOD Emniyet Kemeri &#8211; Uluslararas\u0131 Versiyon"},"content":{"rendered":"<p>D\u00fc\u015f\u00fc\u015f durdurma, konumland\u0131rma ve ask\u0131 i\u00e7in konforlu emniyet kemeri<\/p>\n<p>AVAO BOD d\u00fc\u015f\u00fc\u015f durdurma, konumland\u0131rma ve ask\u0131 emniyet kemeri farkl\u0131 ko\u015fullarda maksimum konfor i\u00e7in tasarlanm\u0131\u015ft\u0131r. Geni\u015f, yar\u0131 sert bel kemeri ve bacak halkalar\u0131 m\u00fckemmel destek sa\u011flar. Hafif ve nefes alabilir yap\u0131s\u0131 maksimum hava ak\u0131\u015f\u0131 sa\u011flar. Omuz ask\u0131lar\u0131nda bulunan sistem sayesinde, d\u00fc\u015f\u00fc\u015f \u00f6nleme lanyard\u0131 ta\u015f\u0131nmas\u0131na ve lanyardlara rahat eri\u015filmesine olanak tan\u0131r. Emniyet kemerinin arkas\u0131nda, bacak halkalar\u0131 bel kemerinin aras\u0131nda bulunan DOUBLEBACK otomatik kilitlenen tokalar sayesinde s\u0131rt (dorsal) ba\u011flant\u0131 noktas\u0131 kullan\u0131ld\u0131\u011f\u0131nda daha k\u0131sa uzunlukta ayarlama yap\u0131labilmesini sa\u011flar. Emniyet kemeri, CARITOOL malzeme karabinalar\u0131 ve TOOLBAG malzeme \u00e7antas\u0131 takmak i\u00e7in bulundurdu\u011fu malzeme halkalar\u0131 ve yuvalar ile ekipmanlar\u0131n ta\u015f\u0131nmas\u0131n\u0131 ve d\u00fczenlenmesini kolayla\u015ft\u0131r\u0131r. Emniyet kemeri, s\u0131rt (dorsal) noktas\u0131na entegre edilmi\u015f d\u00fc\u015f\u00fc\u015f g\u00f6stergesine sahiptir ve TRIACT-LOCK otomatik karabina ile ba\u011flan\u0131r. Kuzey Amerika ve Avrupa standartlar\u0131na g\u00f6re sertifikal\u0131d\u0131r. AVAO BOD, DOUBLEBACK kendinden kilitlemeli tokalara sahip bacak halkalar\u0131na sahiptir.<\/p>\n<p><iframe loading=\"lazy\" title=\"vimeo-player\" src=\"https:\/\/player.vimeo.com\/video\/236549763\" width=\"640\" height=\"360\" frameborder=\"0\" allowfullscreen=\"allowfullscreen\" data-mce-fragment=\"1\"><\/iframe><\/p>\n<p><b>\u0130\u015f g\u00fcn\u00fc boyunca konforlu:<\/b><\/p>\n<ul>\n<li>&#8211; Geni\u015f, yar\u0131 sert bel kemeri ve bacak halkalar\u0131 m\u00fckemmel destek sa\u011flar. Hafif ve nefes alabilir yap\u0131s\u0131 maksimum hava ak\u0131\u015f\u0131 sa\u011flar<\/li>\n<li>&#8211; K\u00f6p\u00fck omuz ask\u0131lar\u0131 boyun tahri\u015fini \u00f6nlemek i\u00e7in birbirinden ayr\u0131 konumland\u0131r\u0131lm\u0131\u015flard\u0131r. Bel kemerine y\u00fck binerken a\u011f\u0131rl\u0131\u011f\u0131n omuzlara da\u011f\u0131t\u0131lmas\u0131na yard\u0131mc\u0131 olurlar<\/li>\n<\/ul>\n<p><b>Kolay ayarlama:<\/b><\/p>\n<ul>\n<li>&#8211; Omuz ask\u0131lar\u0131 ve bacak halkalar\u0131nda bulunan DOUBLEBACK otomatik kilitlenen tokalar h\u0131zl\u0131 ve basit ayarlanma sa\u011flar<\/li>\n<li>&#8211; D\u00fc\u015fme \u00f6nleyici lanyardlardaki MGO karabinalar i\u00e7in her omuz ask\u0131s\u0131nda istifleme sistemi. Bir d\u00fc\u015f\u00fc\u015f an\u0131nda, bu sistem MGO karabinalar\u0131 serbest b\u0131rakarak \u015fok emicilerin \u00e7al\u0131\u015fmas\u0131n\u0131 sa\u011flar<\/li>\n<li>&#8211; Kullan\u0131mda de\u011filken tak\u0131lmalar\u0131n\u0131 \u00f6nlemek i\u00e7in katlanabilir yan ba\u011flant\u0131 noktalar\u0131<\/li>\n<li>&#8211; Emniyet kemerinin arkas\u0131nda, bacak halkalar\u0131 ve bel kemerinin aras\u0131nda bulunan DOUBLEBACK otomatik kilitlenen tokalar sayesinde s\u0131rt (dorsal) ba\u011flant\u0131 noktas\u0131 kullan\u0131ld\u0131\u011f\u0131nda daha k\u0131sa uzunlukta ayarlama yap\u0131labilmesini sa\u011flar. Bir d\u00fc\u015f\u00fc\u015f durumunda, daha k\u0131sa bir ayarlama, bacak halkalar\u0131ndan y\u00fck\u00fcn al\u0131nmas\u0131na izin verir, b\u00f6ylece kurtarma beklenirken kullan\u0131c\u0131n\u0131n daha rahat bir \u015fekilde ask\u0131da kalmas\u0131 sa\u011flan\u0131r<\/li>\n<\/ul>\n<p><b>Ekipman\u0131n ta\u015f\u0131nmas\u0131n\u0131 ve d\u00fczenlenmesini kolayla\u015ft\u0131r\u0131r:<\/b><\/p>\n<ul>\n<li>&#8211; 6 adet \u00f6nceden \u015fekillendirilmi\u015f ve koruyucu katman kapl\u0131 malzeme ask\u0131lar\u0131<\/li>\n<li>&#8211; CARITOOL malzeme karabinas\u0131 i\u00e7in 2 yuva<\/li>\n<li>&#8211; TOOLBAG malzeme \u00e7antas\u0131 i\u00e7in 4 yuva<\/li>\n<\/ul>\n<p><b>Uluslararas\u0131 versiyon d\u00fc\u015f\u00fc\u015f g\u00f6stergesine sahiptir; d\u00fc\u015f\u00fc\u015f sonras\u0131 s\u0131rt (dorsal) ba\u011flant\u0131 noktas\u0131ndaki k\u0131rm\u0131z\u0131 perlon g\u00f6r\u00fcn\u00fcr oldu\u011funda emniyet kemeri art\u0131k kullan\u0131lmamal\u0131d\u0131r.<\/b><\/p>\n<p><b>\u00d6zellikler:<\/b><\/p>\n<ul>\n<li>Yan ba\u011flant\u0131 noktalar\u0131: \u00e7ift modda konumland\u0131rma lanyard\u0131 sabitlemek i\u00e7in<\/li>\n<li>G\u00f6\u011f\u00fcs (sternal) ba\u011flant\u0131 noktas\u0131: d\u00fc\u015f\u00fc\u015f \u00f6nleyici sistem ba\u011flant\u0131s\u0131<\/li>\n<li>S\u0131rt (dorsal) ba\u011flant\u0131 noktas\u0131: d\u00fc\u015f\u00fc\u015f \u00f6nleyici sistem ba\u011flant\u0131s\u0131<\/li>\n<li>Bel (ventral) ba\u011flant\u0131 noktas\u0131: tekli modda kullan\u0131lmak i\u00e7in ini\u015f aleti veya konumland\u0131rma lanyard\u0131 ba\u011flant\u0131s\u0131<\/li>\n<li>Bel kemerinde bulunan arka ba\u011flant\u0131 noktas\u0131: s\u0131n\u0131rland\u0131r\u0131c\u0131 lanyard ba\u011flant\u0131s\u0131<\/li>\n<\/ul>\n<p><b>Sertifikalar:\u00a0<\/b>ANSI Z359.11, NFPA 1983 classe III, CSA Z259.10, CE EN 361, CE EN 358, CE EN 813<\/p>\n<p><b>Materyal:\u00a0<\/b>Naylon, Polyester, al\u00fcminyum, \u00e7elik<\/p>\n<h3><b>Referanslar:<\/b><\/h3>\n<table class=\"table table-striped\">\n<tbody>\n<tr>\n<td><strong>Referanslar<\/strong><\/td>\n<td><strong>C071CA00<\/strong><\/td>\n<td><strong>C071CA01<\/strong><\/td>\n<td><strong>C071CA02<\/strong><\/td>\n<\/tr>\n<tr>\n<td><strong>Renkler<\/strong><\/td>\n<td>siyah\/sar\u0131<\/td>\n<td>siyah\/sar\u0131<\/td>\n<td>siyah\/sar\u0131<\/td>\n<\/tr>\n<tr>\n<td><strong>Beden<\/strong><\/td>\n<td>0<\/td>\n<td>1<\/td>\n<td>2<\/td>\n<\/tr>\n<tr>\n<td><strong>Bel kemeri<\/strong><\/td>\n<td>65-80 cm<\/td>\n<td>70-93 cm<\/td>\n<td>83-120 cm<\/td>\n<\/tr>\n<tr>\n<td><strong>Bacak halkalar\u0131<\/strong><\/td>\n<td>44-59 cm<\/td>\n<td>47-62 cm<\/td>\n<td>50-65 cm<\/td>\n<\/tr>\n<tr>\n<td><strong>Boy<\/strong><\/td>\n<td>160-180 cm<\/td>\n<td>165-185 cm<\/td>\n<td>175-200 cm<\/td>\n<\/tr>\n<tr>\n<td><strong>A\u011f\u0131rl\u0131k<\/strong><\/td>\n<td>2215 g<\/td>\n<td>2260 g<\/td>\n<td>2340 g<\/td>\n<\/tr>\n<tr>\n<td><strong>Garanti<\/strong><\/td>\n<td>3 Y\u0131l<\/td>\n<td>3 Y\u0131l<\/td>\n<td>3 Y\u0131l<\/td>\n<\/tr>\n<tr>\n<td><strong>Paket<\/strong><\/td>\n<td>1<\/td>\n<td>1<\/td>\n<td>1<\/td>\n<\/tr>\n<\/tbody>\n<\/table>\n","protected":false},"excerpt":{"rendered":"<p>D\u00fc\u015f\u00fc\u015f durdurma, konumland\u0131rma ve ask\u0131 i\u00e7in konforlu emniyet kemeri AVAO BOD d\u00fc\u015f\u00fc\u015f durdurma, konumland\u0131rma ve ask\u0131 emniyet kemeri farkl\u0131 ko\u015fullarda maksimum konfor i\u00e7in tasarlanm\u0131\u015ft\u0131r. Geni\u015f, yar\u0131 sert bel kemeri ve bacak halkalar\u0131 m\u00fckemmel destek sa\u011flar. Hafif ve nefes alabilir yap\u0131s\u0131 maksimum hava ak\u0131\u015f\u0131 sa\u011flar. Omuz ask\u0131lar\u0131nda bulunan sistem sayesinde, d\u00fc\u015f\u00fc\u015f \u00f6nleme lanyard\u0131 ta\u015f\u0131nmas\u0131na ve lanyardlara [&hellip;]<\/p>\n","protected":false},"featured_media":1693,"comment_status":"open","ping_status":"closed","template":"","meta":[],"product_brand":[],"product_cat":[244],"product_tag":[],"class_list":{"0":"post-1692","1":"product","2":"type-product","3":"status-publish","4":"has-post-thumbnail","6":"product_cat-emniyet-kemerleri","8":"first","9":"instock","10":"shipping-taxable","11":"product-type-simple"},"acf":[],"_links":{"self":[{"href":"https:\/\/exzone.com.tr\/index.php\/wp-json\/wp\/v2\/product\/1692","targetHints":{"allow":["GET"]}}],"collection":[{"href":"https:\/\/exzone.com.tr\/index.php\/wp-json\/wp\/v2\/product"}],"about":[{"href":"https:\/\/exzone.com.tr\/index.php\/wp-json\/wp\/v2\/types\/product"}],"replies":[{"embeddable":true,"href":"https:\/\/exzone.com.tr\/index.php\/wp-json\/wp\/v2\/comments?post=1692"}],"wp:featuredmedia":[{"embeddable":true,"href":"https:\/\/exzone.com.tr\/index.php\/wp-json\/wp\/v2\/media\/1693"}],"wp:attachment":[{"href":"https:\/\/exzone.com.tr\/index.php\/wp-json\/wp\/v2\/media?parent=1692"}],"wp:term":[{"taxonomy":"product_brand","embeddable":true,"href":"https:\/\/exzone.com.tr\/index.php\/wp-json\/wp\/v2\/product_brand?post=1692"},{"taxonomy":"product_cat","embeddable":true,"href":"https:\/\/exzone.com.tr\/index.php\/wp-json\/wp\/v2\/product_cat?post=1692"},{"taxonomy":"product_tag","embeddable":true,"href":"https:\/\/exzone.com.tr\/index.php\/wp-json\/wp\/v2\/product_tag?post=1692"}],"curies":[{"name":"wp","href":"https:\/\/api.w.org\/{rel}","templated":true}]}}