{"id":1686,"date":"2023-01-11T17:24:51","date_gmt":"2023-01-11T14:24:51","guid":{"rendered":"https:\/\/exzone.com.tr\/?post_type=product&#038;p=1686"},"modified":"2024-05-02T03:41:16","modified_gmt":"2024-05-02T00:41:16","slug":"petzl-swan-freefall-emniyet-kemeri-paslanmaz-celik","status":"publish","type":"product","link":"https:\/\/exzone.com.tr\/index.php\/urun\/petzl-swan-freefall-emniyet-kemeri-paslanmaz-celik\/","title":{"rendered":"PETZL Swan Freefall Emniyet Kemeri &#8211; Paslanmaz \u00c7elik"},"content":{"rendered":"<p class=\"productSubtitle\">SWAN\u00ae FREEFALL STAINLESS, macera parklar\u0131 i\u00e7in tasarlanm\u0131\u015f tam v\u00fccut emniyet kemeridir. Ask\u0131lar\u0131, giymeyi kolayla\u015ft\u0131rmak i\u00e7in renk kodludur. Ba\u011flant\u0131 noktas\u0131n\u0131n y\u00fckseltilmi\u015f konumu, kullan\u0131c\u0131n\u0131n ters d\u00f6nme riskini s\u0131n\u0131rlar. Ayr\u0131ca serbest d\u00fc\u015f\u00fc\u015f gibi \u00f6zel macera park\u0131 aktivitelerini engellemek i\u00e7in bir s\u0131rt ba\u011flant\u0131 noktas\u0131na sahiptir. Paslanmaz \u00e7elik DOUBLEBACK tokalar\u0131 ve kal\u0131n dokuma, nemli ve tuzlu ortamlarda yo\u011fun kullan\u0131m i\u00e7in dayan\u0131kl\u0131l\u0131\u011f\u0131 optimize eder. Tek bir boyutta gelir ve ekipman envanter y\u00f6netimini basitle\u015ftirmek i\u00e7in tan\u0131mlama alanlar\u0131na sahiptir.<\/p>\n<div class=\"productCaracteristiquesPosition inlineblock\">\n<div class=\"list\">\n<p><strong>Macera parklar\u0131 i\u00e7in tasarlanm\u0131\u015f, kullan\u0131m\u0131 kolay tam v\u00fccut emniyet kemeri:<\/strong><\/p>\n<p>\u2013 Sa\u011f\/sol renk kodlamas\u0131, m\u00fc\u015fterilere takma talimatlar\u0131 vermeyi kolayla\u015ft\u0131r\u0131r<br \/>\n\u2013 H\u0131zl\u0131 ve kolay ayarlama i\u00e7in kendinden kilitlenen DOUBLEBACK tokalar<br \/>\n\u2013 Dokuma u\u00e7lar\u0131nda m\u00fckemmel kavrama, giymeyi kolayla\u015ft\u0131r\u0131r ve eldivenle bile kolay ayarlan\u0131r<\/p>\n<p><strong>Faaliyet boyunca kullan\u0131c\u0131y\u0131 destekleyen \u00f6zellikler:<\/strong><\/p>\n<p>\u2013 Geni\u015f ventral ba\u011flant\u0131 noktas\u0131 ye\u015fil renk kodludur, bu da JOKO veya AVENTEX lanyardlar\u0131n kurulumunu kolayla\u015ft\u0131r\u0131r ve h\u0131zl\u0131 bir g\u00f6rsel kontrole olanak tan\u0131r; Ba\u011flant\u0131 noktas\u0131n\u0131n y\u00fckseltilmi\u015f konumu, kullan\u0131c\u0131n\u0131n ters d\u00f6nme riskini s\u0131n\u0131rlar<br \/>\n\u2013 Serbest d\u00fc\u015f\u00fc\u015f gibi \u00f6zel macera park\u0131 etkinliklerini emniyete almak i\u00e7in s\u0131rt ba\u011flant\u0131 noktas\u0131na sahiptir<br \/>\n\u2013 Anatomik tasar\u0131m s\u0131k\u0131 oturur ve optimum hareket \u00f6zg\u00fcrl\u00fc\u011f\u00fc sa\u011flar<br \/>\n\u2013 \u0130ki yan ekipman halkalar\u0131 ta\u015f\u0131may\u0131 kolayla\u015ft\u0131r\u0131r<\/p>\n<p><strong>Kolay bak\u0131m ve uzun \u00fcr\u00fcn \u00f6mr\u00fc i\u00e7in optimum dayan\u0131kl\u0131l\u0131k:<\/strong><\/p>\n<p>\u2013 Dayan\u0131kl\u0131 metal ba\u011flant\u0131 noktas\u0131<br \/>\n\u2013 Nemli ve tuzlu ortamlara kar\u015f\u0131 daha fazla diren\u00e7 i\u00e7in paslanmaz \u00e7elik DOUBLEBACK kendinden kilitli tokalar<br \/>\n\u2013 Yo\u011fun kullan\u0131m ve sorunsuz ayar i\u00e7in tasarlanm\u0131\u015f dokuma<\/p>\n<p><strong>K\u0131lavuz veya monit\u00f6r i\u00e7in kolay ekipman y\u00f6netimi:<\/strong><\/p>\n<p>\u2013 Tek beden, \u00e7o\u011fu v\u00fccut tipine uyum sa\u011flar<br \/>\n\u2013 Sakland\u0131\u011f\u0131nda kolay tan\u0131mlama i\u00e7in kay\u0131\u015f\u0131n d\u0131\u015f\u0131ndaki i\u015faretleme alan\u0131<br \/>\n\u2013 Ekipman\u0131n kullan\u0131m \u00f6mr\u00fc boyunca izlenmesi i\u00e7in kay\u0131\u015f \u00fczerindeki tan\u0131mlama paneli<br \/>\n\u2013 Temizlemesi kolay<\/p>\n<p><strong>Kemeri ihtiyaca g\u00f6re uyarlamak i\u00e7in aksesuarlar:<\/strong><\/p>\n<p>\u2013 Uzun s\u00fcre ipte otururken daha fazla konfor i\u00e7in bacak konfor pedi<br \/>\n\u2013 TRAC makaras\u0131n\u0131 kolayca yerle\u015ftirmek i\u00e7in CARITRAC istifleme aksesuar\u0131<\/p>\n<ul>\n<li>Tek tek veya be\u015fli paketler halinde mevcuttur<\/li>\n<\/ul>\n<\/div>\n<h3>\u00d6zellikler<\/h3>\n<div class=\"list\">\n<ul>\n<li>Malzemeler: Polyester dokuma, al\u00fcminyum ba\u011flant\u0131 noktas\u0131, paslanmaz \u00e7elik tokalar, naylon<\/li>\n<li>Sertifikalar: CE EN 12277 tip A, CE EN 361, UKCA, UIAA<\/li>\n<li>Birim ba\u015f\u0131na a\u011f\u0131rl\u0131k: 1325 g<\/li>\n<li>Bel kemeri: &lt;120 cm<\/li>\n<li>Bacak halkalar\u0131: &lt;75 cm<\/li>\n<li>Boy: &lt;200 cm<\/li>\n<\/ul>\n<table class=\"table table-striped\">\n<tbody>\n<tr>\n<th>Referanslar<\/th>\n<th>C062DA00<\/th>\n<th>C062DA01<\/th>\n<\/tr>\n<tr>\n<td>Paket Say\u0131s\u0131<\/td>\n<td>Tekli olarak sat\u0131l\u0131r<\/td>\n<td>5\u2019li paket halinde sat\u0131l\u0131r<\/td>\n<\/tr>\n<tr>\n<td>Garanti<\/td>\n<td>3 y\u0131l<\/td>\n<td>3 y\u0131l<\/td>\n<\/tr>\n<\/tbody>\n<\/table>\n<\/div>\n<\/div>\n","protected":false},"excerpt":{"rendered":"<p>SWAN\u00ae FREEFALL STAINLESS, macera parklar\u0131 i\u00e7in tasarlanm\u0131\u015f tam v\u00fccut emniyet kemeridir. Ask\u0131lar\u0131, giymeyi kolayla\u015ft\u0131rmak i\u00e7in renk kodludur. Ba\u011flant\u0131 noktas\u0131n\u0131n y\u00fckseltilmi\u015f konumu, kullan\u0131c\u0131n\u0131n ters d\u00f6nme riskini s\u0131n\u0131rlar. Ayr\u0131ca serbest d\u00fc\u015f\u00fc\u015f gibi \u00f6zel macera park\u0131 aktivitelerini engellemek i\u00e7in bir s\u0131rt ba\u011flant\u0131 noktas\u0131na sahiptir. Paslanmaz \u00e7elik DOUBLEBACK tokalar\u0131 ve kal\u0131n dokuma, nemli ve tuzlu ortamlarda yo\u011fun kullan\u0131m i\u00e7in [&hellip;]<\/p>\n","protected":false},"featured_media":1687,"comment_status":"open","ping_status":"closed","template":"","meta":[],"product_brand":[],"product_cat":[244],"product_tag":[],"class_list":{"0":"post-1686","1":"product","2":"type-product","3":"status-publish","4":"has-post-thumbnail","6":"product_cat-emniyet-kemerleri","8":"first","9":"instock","10":"shipping-taxable","11":"product-type-simple"},"acf":[],"_links":{"self":[{"href":"https:\/\/exzone.com.tr\/index.php\/wp-json\/wp\/v2\/product\/1686","targetHints":{"allow":["GET"]}}],"collection":[{"href":"https:\/\/exzone.com.tr\/index.php\/wp-json\/wp\/v2\/product"}],"about":[{"href":"https:\/\/exzone.com.tr\/index.php\/wp-json\/wp\/v2\/types\/product"}],"replies":[{"embeddable":true,"href":"https:\/\/exzone.com.tr\/index.php\/wp-json\/wp\/v2\/comments?post=1686"}],"wp:featuredmedia":[{"embeddable":true,"href":"https:\/\/exzone.com.tr\/index.php\/wp-json\/wp\/v2\/media\/1687"}],"wp:attachment":[{"href":"https:\/\/exzone.com.tr\/index.php\/wp-json\/wp\/v2\/media?parent=1686"}],"wp:term":[{"taxonomy":"product_brand","embeddable":true,"href":"https:\/\/exzone.com.tr\/index.php\/wp-json\/wp\/v2\/product_brand?post=1686"},{"taxonomy":"product_cat","embeddable":true,"href":"https:\/\/exzone.com.tr\/index.php\/wp-json\/wp\/v2\/product_cat?post=1686"},{"taxonomy":"product_tag","embeddable":true,"href":"https:\/\/exzone.com.tr\/index.php\/wp-json\/wp\/v2\/product_tag?post=1686"}],"curies":[{"name":"wp","href":"https:\/\/api.w.org\/{rel}","templated":true}]}}