{"id":1683,"date":"2023-01-11T17:22:09","date_gmt":"2023-01-11T14:22:09","guid":{"rendered":"https:\/\/exzone.com.tr\/?post_type=product&#038;p=1683"},"modified":"2024-05-02T03:41:16","modified_gmt":"2024-05-02T00:41:16","slug":"petzl-ring-baglanti-halkasi","status":"publish","type":"product","link":"https:\/\/exzone.com.tr\/index.php\/urun\/petzl-ring-baglanti-halkasi\/","title":{"rendered":"PETZL RING Ba\u011flant\u0131 Halkas\u0131"},"content":{"rendered":"<p>Ba\u011flant\u0131 halkas\u0131<\/p>\n<p>RING ba\u011flant\u0131 halkas\u0131, birden fazla ankraj olu\u015fturmak i\u00e7in kullan\u0131labilir veya a\u011fa\u00e7 uzman\u0131n\u0131n yanal hareketlili\u011fini art\u0131rmak i\u00e7in do\u011frudan SEQUOIA ve SEQUOIA SRT emniyet kemerlerine sabitlenebilir.<\/p>\n<p><strong>\u015eunlar i\u00e7in tasalanm\u0131\u015ft\u0131r:<\/strong><\/p>\n<ul>\n<li>&#8211; \u00c7oklu ankrajlar\u0131n olu\u015fturulmas\u0131: yuvarlak \u015fekli her y\u00f6ne do\u011fru optimum \u015fekilde \u00e7al\u0131\u015fmas\u0131n\u0131 sa\u011flar.<\/li>\n<li>&#8211; A\u011fa\u00e7 uzman\u0131n\u0131n yanal hareketlili\u011fini art\u0131rmak i\u00e7in SEQUOIA veya SEQUOIA SRT emniyet kemerlerinin ba\u011flant\u0131 k\u00f6pr\u00fcs\u00fcne do\u011frudan montaj: yuvarlak \u015fekli, a\u00e7\u0131labilir ba\u011flant\u0131 halkalar\u0131na de\u011fdi\u011finde kesin bir duru\u015f sa\u011flar.<\/li>\n<\/ul>\n<p><b>\u00d6zellikler:<\/b><\/p>\n<p><b>\u00c7eker:\u00a0<\/b>23 kN<\/p>\n<p><b>Sertifikalar:\u00a0<\/b>CE<\/p>\n<p><b>Materyal:\u00a0<\/b>Al\u00fcminyum<\/p>\n<table class=\"table table-striped\">\n<tbody>\n<tr>\n<td><strong>Referanslar<\/strong><\/td>\n<td><strong>C04620<\/strong><\/td>\n<td><strong>C04630<\/strong><\/td>\n<\/tr>\n<tr>\n<td><strong>Boy<\/strong><\/td>\n<td>S<\/td>\n<td>L<\/td>\n<\/tr>\n<tr>\n<td><strong>A\u011f\u0131rl\u0131k<\/strong><\/td>\n<td>40 g<\/td>\n<td>70 g<\/td>\n<\/tr>\n<tr>\n<td><strong>Garanti<\/strong><\/td>\n<td>3 y\u0131l<\/td>\n<td>3 y\u0131l<\/td>\n<\/tr>\n<tr>\n<td><strong>Paket<\/strong><\/td>\n<td>1<\/td>\n<td>1<\/td>\n<\/tr>\n<\/tbody>\n<\/table>\n","protected":false},"excerpt":{"rendered":"<p>Ba\u011flant\u0131 halkas\u0131 RING ba\u011flant\u0131 halkas\u0131, birden fazla ankraj olu\u015fturmak i\u00e7in kullan\u0131labilir veya a\u011fa\u00e7 uzman\u0131n\u0131n yanal hareketlili\u011fini art\u0131rmak i\u00e7in do\u011frudan SEQUOIA ve SEQUOIA SRT emniyet kemerlerine sabitlenebilir. \u015eunlar i\u00e7in tasalanm\u0131\u015ft\u0131r: &#8211; \u00c7oklu ankrajlar\u0131n olu\u015fturulmas\u0131: yuvarlak \u015fekli her y\u00f6ne do\u011fru optimum \u015fekilde \u00e7al\u0131\u015fmas\u0131n\u0131 sa\u011flar. &#8211; A\u011fa\u00e7 uzman\u0131n\u0131n yanal hareketlili\u011fini art\u0131rmak i\u00e7in SEQUOIA veya SEQUOIA SRT emniyet kemerlerinin [&hellip;]<\/p>\n","protected":false},"featured_media":1684,"comment_status":"open","ping_status":"closed","template":"","meta":[],"product_brand":[],"product_cat":[244],"product_tag":[],"class_list":{"0":"post-1683","1":"product","2":"type-product","3":"status-publish","4":"has-post-thumbnail","6":"product_cat-emniyet-kemerleri","8":"first","9":"instock","10":"shipping-taxable","11":"product-type-simple"},"acf":[],"_links":{"self":[{"href":"https:\/\/exzone.com.tr\/index.php\/wp-json\/wp\/v2\/product\/1683","targetHints":{"allow":["GET"]}}],"collection":[{"href":"https:\/\/exzone.com.tr\/index.php\/wp-json\/wp\/v2\/product"}],"about":[{"href":"https:\/\/exzone.com.tr\/index.php\/wp-json\/wp\/v2\/types\/product"}],"replies":[{"embeddable":true,"href":"https:\/\/exzone.com.tr\/index.php\/wp-json\/wp\/v2\/comments?post=1683"}],"wp:featuredmedia":[{"embeddable":true,"href":"https:\/\/exzone.com.tr\/index.php\/wp-json\/wp\/v2\/media\/1684"}],"wp:attachment":[{"href":"https:\/\/exzone.com.tr\/index.php\/wp-json\/wp\/v2\/media?parent=1683"}],"wp:term":[{"taxonomy":"product_brand","embeddable":true,"href":"https:\/\/exzone.com.tr\/index.php\/wp-json\/wp\/v2\/product_brand?post=1683"},{"taxonomy":"product_cat","embeddable":true,"href":"https:\/\/exzone.com.tr\/index.php\/wp-json\/wp\/v2\/product_cat?post=1683"},{"taxonomy":"product_tag","embeddable":true,"href":"https:\/\/exzone.com.tr\/index.php\/wp-json\/wp\/v2\/product_tag?post=1683"}],"curies":[{"name":"wp","href":"https:\/\/api.w.org\/{rel}","templated":true}]}}