{"id":1681,"date":"2023-01-11T17:10:03","date_gmt":"2023-01-11T14:10:03","guid":{"rendered":"https:\/\/exzone.com.tr\/?post_type=product&#038;p=1681"},"modified":"2024-05-02T03:41:15","modified_gmt":"2024-05-02T00:41:15","slug":"petzl-shackles-podium-baglanti-mapasi","status":"publish","type":"product","link":"https:\/\/exzone.com.tr\/index.php\/urun\/petzl-shackles-podium-baglanti-mapasi\/","title":{"rendered":"PETZL SHACKLES Podium Ba\u011flant\u0131 Mapas\u0131"},"content":{"rendered":"<p>Oturak ba\u011flamak i\u00e7in ba\u011flant\u0131 mapas\u0131 (2\u2019li paket)<\/p>\n<p>&#8211; Oturak ba\u011flamak i\u00e7in ba\u011flant\u0131 halkalar\u0131.<br \/>\n&#8211; Emniyet kemerleri \u00fczerindeki a\u00e7\u0131labilir bir ba\u011flant\u0131 noktalar\u0131na ba\u011flant\u0131<br \/>\n&#8211; Ekipman\u0131n optimum \u015fekilde entegrasyonunu sa\u011flar.<br \/>\n&#8211; Bir otura\u011f\u0131n emniyet kemeri \u00fczerindeki a\u00e7\u0131labilir bir ba\u011flant\u0131 noktas\u0131na ba\u011flanmas\u0131n\u0131 sa\u011flar<\/p>\n<p><b>\u00d6zellikler:<\/b><\/p>\n<p><b>Materyal:\u00a0<\/b>paslanmaz \u00e7elik<\/p>\n<p><b>A\u011f\u0131rl\u0131k:\u00a0<\/b>20 g<\/p>\n<table class=\"table table-striped\">\n<tbody>\n<tr>\n<th>Referans<\/th>\n<th>C087AA00<\/th>\n<\/tr>\n<tr>\n<td>Paket<\/td>\n<td>1<\/td>\n<\/tr>\n<\/tbody>\n<\/table>\n","protected":false},"excerpt":{"rendered":"<p>Oturak ba\u011flamak i\u00e7in ba\u011flant\u0131 mapas\u0131 (2\u2019li paket) &#8211; Oturak ba\u011flamak i\u00e7in ba\u011flant\u0131 halkalar\u0131. &#8211; Emniyet kemerleri \u00fczerindeki a\u00e7\u0131labilir bir ba\u011flant\u0131 noktalar\u0131na ba\u011flant\u0131 &#8211; Ekipman\u0131n optimum \u015fekilde entegrasyonunu sa\u011flar. &#8211; Bir otura\u011f\u0131n emniyet kemeri \u00fczerindeki a\u00e7\u0131labilir bir ba\u011flant\u0131 noktas\u0131na ba\u011flanmas\u0131n\u0131 sa\u011flar \u00d6zellikler: Materyal:\u00a0paslanmaz \u00e7elik A\u011f\u0131rl\u0131k:\u00a020 g Referans C087AA00 Paket 1<\/p>\n","protected":false},"featured_media":1682,"comment_status":"open","ping_status":"closed","template":"","meta":[],"product_brand":[],"product_cat":[244],"product_tag":[],"class_list":{"0":"post-1681","1":"product","2":"type-product","3":"status-publish","4":"has-post-thumbnail","6":"product_cat-emniyet-kemerleri","8":"first","9":"instock","10":"shipping-taxable","11":"product-type-simple"},"acf":[],"_links":{"self":[{"href":"https:\/\/exzone.com.tr\/index.php\/wp-json\/wp\/v2\/product\/1681","targetHints":{"allow":["GET"]}}],"collection":[{"href":"https:\/\/exzone.com.tr\/index.php\/wp-json\/wp\/v2\/product"}],"about":[{"href":"https:\/\/exzone.com.tr\/index.php\/wp-json\/wp\/v2\/types\/product"}],"replies":[{"embeddable":true,"href":"https:\/\/exzone.com.tr\/index.php\/wp-json\/wp\/v2\/comments?post=1681"}],"wp:featuredmedia":[{"embeddable":true,"href":"https:\/\/exzone.com.tr\/index.php\/wp-json\/wp\/v2\/media\/1682"}],"wp:attachment":[{"href":"https:\/\/exzone.com.tr\/index.php\/wp-json\/wp\/v2\/media?parent=1681"}],"wp:term":[{"taxonomy":"product_brand","embeddable":true,"href":"https:\/\/exzone.com.tr\/index.php\/wp-json\/wp\/v2\/product_brand?post=1681"},{"taxonomy":"product_cat","embeddable":true,"href":"https:\/\/exzone.com.tr\/index.php\/wp-json\/wp\/v2\/product_cat?post=1681"},{"taxonomy":"product_tag","embeddable":true,"href":"https:\/\/exzone.com.tr\/index.php\/wp-json\/wp\/v2\/product_tag?post=1681"}],"curies":[{"name":"wp","href":"https:\/\/api.w.org\/{rel}","templated":true}]}}