{"id":1679,"date":"2023-01-11T17:09:00","date_gmt":"2023-01-11T14:09:00","guid":{"rendered":"https:\/\/exzone.com.tr\/?post_type=product&#038;p=1679"},"modified":"2024-05-02T03:41:15","modified_gmt":"2024-05-02T00:41:15","slug":"petzl-lift-emniyet-kemeri-omuz-baglantisi","status":"publish","type":"product","link":"https:\/\/exzone.com.tr\/index.php\/urun\/petzl-lift-emniyet-kemeri-omuz-baglantisi\/","title":{"rendered":"PETZL LIFT Emniyet Kemeri Omuz Ba\u011flant\u0131s\u0131"},"content":{"rendered":"<p>Emniyet kemerleri i\u00e7in omuz ba\u011flant\u0131s\u0131<\/p>\n<p>Kapal\u0131 alanlarda dikey ini\u015f yapmay\u0131 sa\u011flayan,\u00a0 bir \u00fcst emniyet kemeri ile beraber tam g\u00f6vde emniyet kemeri veya alt emniyet kemeri ile birlikte kullan\u0131labilen omuz ba\u011flant\u0131 ask\u0131s\u0131<\/p>\n<p><b>\u00d6zellikler:<\/b><\/p>\n<ul>\n<li>Dik ini\u015fe izin verir (kapal\u0131 alanlar i\u00e7in)<\/li>\n<li>CE EN 361 sertifikal\u0131 bir \u00fcst emniyet kemeri ile kullan\u0131lan tam g\u00f6vde emniyet kemeri veya alt emniyet kemeri ile birlikte kullan\u0131labilir<\/li>\n<li>Emniyet kemeri yuvalar\u0131na daha kolay yerle\u015ftirmek i\u00e7in \u00fc\u00e7gen karabinalar<\/li>\n<li>Sert yap\u0131s\u0131 sayesinde ba\u015f\u0131n etraf\u0131ndaki \u015feklini koru<\/li>\n<\/ul>\n<p><b>\u00d6zellikler:<\/b><\/p>\n<p><b>A\u011f\u0131rl\u0131k:\u00a0<\/b>520 g<\/p>\n<p><b>Sertifikalar:\u00a0<\/b>CE<\/p>\n<table class=\"table table-striped\">\n<tbody>\n<tr>\n<td><strong>Referanslar<\/strong><\/td>\n<td><strong>L54<\/strong><\/td>\n<\/tr>\n<tr>\n<td><strong>Renk<\/strong><\/td>\n<td>siyah\/sar\u0131<\/td>\n<\/tr>\n<tr>\n<td><strong>Garanti<\/strong><\/td>\n<td>3 y\u0131l<\/td>\n<\/tr>\n<tr>\n<td><strong>Paket<\/strong><\/td>\n<td>1<\/td>\n<\/tr>\n<\/tbody>\n<\/table>\n","protected":false},"excerpt":{"rendered":"<p>Emniyet kemerleri i\u00e7in omuz ba\u011flant\u0131s\u0131 Kapal\u0131 alanlarda dikey ini\u015f yapmay\u0131 sa\u011flayan,\u00a0 bir \u00fcst emniyet kemeri ile beraber tam g\u00f6vde emniyet kemeri veya alt emniyet kemeri ile birlikte kullan\u0131labilen omuz ba\u011flant\u0131 ask\u0131s\u0131 \u00d6zellikler: Dik ini\u015fe izin verir (kapal\u0131 alanlar i\u00e7in) CE EN 361 sertifikal\u0131 bir \u00fcst emniyet kemeri ile kullan\u0131lan tam g\u00f6vde emniyet kemeri veya alt [&hellip;]<\/p>\n","protected":false},"featured_media":1680,"comment_status":"open","ping_status":"closed","template":"","meta":[],"product_brand":[],"product_cat":[244],"product_tag":[],"class_list":{"0":"post-1679","1":"product","2":"type-product","3":"status-publish","4":"has-post-thumbnail","6":"product_cat-emniyet-kemerleri","8":"first","9":"instock","10":"shipping-taxable","11":"product-type-simple"},"acf":[],"_links":{"self":[{"href":"https:\/\/exzone.com.tr\/index.php\/wp-json\/wp\/v2\/product\/1679","targetHints":{"allow":["GET"]}}],"collection":[{"href":"https:\/\/exzone.com.tr\/index.php\/wp-json\/wp\/v2\/product"}],"about":[{"href":"https:\/\/exzone.com.tr\/index.php\/wp-json\/wp\/v2\/types\/product"}],"replies":[{"embeddable":true,"href":"https:\/\/exzone.com.tr\/index.php\/wp-json\/wp\/v2\/comments?post=1679"}],"wp:featuredmedia":[{"embeddable":true,"href":"https:\/\/exzone.com.tr\/index.php\/wp-json\/wp\/v2\/media\/1680"}],"wp:attachment":[{"href":"https:\/\/exzone.com.tr\/index.php\/wp-json\/wp\/v2\/media?parent=1679"}],"wp:term":[{"taxonomy":"product_brand","embeddable":true,"href":"https:\/\/exzone.com.tr\/index.php\/wp-json\/wp\/v2\/product_brand?post=1679"},{"taxonomy":"product_cat","embeddable":true,"href":"https:\/\/exzone.com.tr\/index.php\/wp-json\/wp\/v2\/product_cat?post=1679"},{"taxonomy":"product_tag","embeddable":true,"href":"https:\/\/exzone.com.tr\/index.php\/wp-json\/wp\/v2\/product_tag?post=1679"}],"curies":[{"name":"wp","href":"https:\/\/api.w.org\/{rel}","templated":true}]}}