{"id":1674,"date":"2023-01-11T17:08:00","date_gmt":"2023-01-11T14:08:00","guid":{"rendered":"https:\/\/exzone.com.tr\/?post_type=product&#038;p=1674"},"modified":"2024-05-02T03:41:15","modified_gmt":"2024-05-02T00:41:15","slug":"petzl-caritool-malzeme-askisi","status":"publish","type":"product","link":"https:\/\/exzone.com.tr\/index.php\/urun\/petzl-caritool-malzeme-askisi\/","title":{"rendered":"PETZL CARITOOL Malzeme Ask\u0131s\u0131"},"content":{"rendered":"<p>CARITOOL<br \/>\nEmniyet Kemeri Malzeme Ask\u0131s\u0131<\/p>\n<p>CARITOOL malzeme ask\u0131s\u0131, kullan\u0131c\u0131n\u0131n malzemeleri tek elle se\u00e7mesine olanak tan\u0131r. Emniyet kemerinin perlonundan sabitleyici klipsi ile tak\u0131l\u0131r. Kap\u0131, a\u00e7\u0131lmalar\u0131 engelleyen bir \u00f6zelli\u011fe sahiptir. \u0130ki boyutta mevcuttur.<\/p>\n<p><strong>Detayl\u0131 A\u00e7\u0131klama :<\/strong><\/p>\n<ul>\n<li>Tasar\u0131m, Malzemelerin tek elle se\u00e7ilmesine olanak tan\u0131r.<\/li>\n<li>Sabitleyici klipsi sayesinde emniyet kemeri perlonundan tak\u0131l\u0131r.<\/li>\n<li>CARITOOL\u2019a ince ip takmak i\u00e7in bir deli\u011fi mevcuttur.<\/li>\n<li>Ekipmanlar\u0131 gruplamak i\u00e7in tasarlanm\u0131\u015f \u00fcst k\u0131s\u0131m.<\/li>\n<li>Plastik kapa\u011f\u0131 sayesinde kap\u0131ya tak\u0131lmalar\u0131 engeller.<\/li>\n<li>S ve L boyutlar\u0131 mevcuttur.<\/li>\n<\/ul>\n<p><strong>\u00d6zellikler:<\/strong><br \/>\n<strong>Uyar\u0131: bu alet emniyet ama\u00e7l\u0131 (KKD) de\u011fildir!<\/strong><\/p>\n<table class=\"table table-striped\">\n<tbody>\n<tr>\n<th>Referanslar<\/th>\n<th>P042AA00<\/th>\n<th>P042AA01<\/th>\n<\/tr>\n<tr>\n<td>Beden<\/td>\n<td>S<\/td>\n<td>L<\/td>\n<\/tr>\n<tr>\n<td>A\u011f\u0131rl\u0131k<\/td>\n<td>35 g<\/td>\n<td>75 g<\/td>\n<\/tr>\n<tr>\n<td>Ta\u015f\u0131ma kapasitesi<\/td>\n<td>5 kg<\/td>\n<td>15 kg<\/td>\n<\/tr>\n<tr>\n<td>Garanti<\/td>\n<td>3\u00a0y\u0131l<\/td>\n<td>3 y\u0131l<\/td>\n<\/tr>\n<tr>\n<td>Paket<\/td>\n<td>1<\/td>\n<td>1<\/td>\n<\/tr>\n<\/tbody>\n<\/table>\n","protected":false},"excerpt":{"rendered":"<p>CARITOOL Emniyet Kemeri Malzeme Ask\u0131s\u0131 CARITOOL malzeme ask\u0131s\u0131, kullan\u0131c\u0131n\u0131n malzemeleri tek elle se\u00e7mesine olanak tan\u0131r. Emniyet kemerinin perlonundan sabitleyici klipsi ile tak\u0131l\u0131r. Kap\u0131, a\u00e7\u0131lmalar\u0131 engelleyen bir \u00f6zelli\u011fe sahiptir. \u0130ki boyutta mevcuttur. Detayl\u0131 A\u00e7\u0131klama : Tasar\u0131m, Malzemelerin tek elle se\u00e7ilmesine olanak tan\u0131r. Sabitleyici klipsi sayesinde emniyet kemeri perlonundan tak\u0131l\u0131r. CARITOOL\u2019a ince ip takmak i\u00e7in bir deli\u011fi [&hellip;]<\/p>\n","protected":false},"featured_media":1675,"comment_status":"open","ping_status":"closed","template":"","meta":[],"product_brand":[],"product_cat":[244],"product_tag":[],"class_list":{"0":"post-1674","1":"product","2":"type-product","3":"status-publish","4":"has-post-thumbnail","6":"product_cat-emniyet-kemerleri","8":"first","9":"instock","10":"shipping-taxable","11":"product-type-simple"},"acf":[],"_links":{"self":[{"href":"https:\/\/exzone.com.tr\/index.php\/wp-json\/wp\/v2\/product\/1674","targetHints":{"allow":["GET"]}}],"collection":[{"href":"https:\/\/exzone.com.tr\/index.php\/wp-json\/wp\/v2\/product"}],"about":[{"href":"https:\/\/exzone.com.tr\/index.php\/wp-json\/wp\/v2\/types\/product"}],"replies":[{"embeddable":true,"href":"https:\/\/exzone.com.tr\/index.php\/wp-json\/wp\/v2\/comments?post=1674"}],"wp:featuredmedia":[{"embeddable":true,"href":"https:\/\/exzone.com.tr\/index.php\/wp-json\/wp\/v2\/media\/1675"}],"wp:attachment":[{"href":"https:\/\/exzone.com.tr\/index.php\/wp-json\/wp\/v2\/media?parent=1674"}],"wp:term":[{"taxonomy":"product_brand","embeddable":true,"href":"https:\/\/exzone.com.tr\/index.php\/wp-json\/wp\/v2\/product_brand?post=1674"},{"taxonomy":"product_cat","embeddable":true,"href":"https:\/\/exzone.com.tr\/index.php\/wp-json\/wp\/v2\/product_cat?post=1674"},{"taxonomy":"product_tag","embeddable":true,"href":"https:\/\/exzone.com.tr\/index.php\/wp-json\/wp\/v2\/product_tag?post=1674"}],"curies":[{"name":"wp","href":"https:\/\/api.w.org\/{rel}","templated":true}]}}