{"id":1671,"date":"2023-01-11T17:06:00","date_gmt":"2023-01-11T14:06:00","guid":{"rendered":"https:\/\/exzone.com.tr\/?post_type=product&#038;p=1671"},"modified":"2024-05-02T03:41:15","modified_gmt":"2024-05-02T00:41:15","slug":"petzl-ring-open-acilabilir-halka","status":"publish","type":"product","link":"https:\/\/exzone.com.tr\/index.php\/urun\/petzl-ring-open-acilabilir-halka\/","title":{"rendered":"PETZL RING OPEN A\u00e7\u0131labilir Halka"},"content":{"rendered":"<p>\u00c7ok y\u00f6ne \u00e7ekerli a\u00e7\u0131labilir halka<\/p>\n<p>RING OPEN a\u00e7\u0131labilir halka, ekipman\u0131n yar\u0131 kal\u0131c\u0131 \u015fekilde ba\u011flanmas\u0131 i\u00e7in tasarlanm\u0131\u015ft\u0131r. Yuvarlak \u015fekli sayesinde her y\u00f6ne optimum \u00e7eki\u015f sa\u011flar. Diki\u015fli sonu olan iplerin ge\u00e7irilmesine olanak veren geni\u015f bir kap\u0131 a\u00e7\u0131kl\u0131\u011f\u0131na sahiptir.<\/p>\n<p><b>Detayl\u0131 A\u00e7\u0131klama:<\/b><\/p>\n<ul>\n<li>Ekipman\u0131n yar\u0131 kal\u0131c\u0131 ba\u011flant\u0131s\u0131 i\u00e7in tasarlanm\u0131\u015f halka<\/li>\n<li>Yuvarlak \u015fekli her y\u00f6nde optimum \u00e7eker sa\u011flar<\/li>\n<li>Diki\u015fli sonu olan iplerin ge\u00e7irilmesini sa\u011flayan geni\u015f kap\u0131 a\u00e7\u0131kl\u0131\u011f\u0131na sahiptir<\/li>\n<\/ul>\n<p><b>\u00d6zellikler:<\/b><\/p>\n<p><b>Ana eksen \u00e7ekeri:\u00a0<\/b>23 kN<\/p>\n<p><b>\u0130kincil eksen \u00e7ekeri:\u00a0<\/b>23 kN<\/p>\n<p><b>A\u00e7\u0131kl\u0131k:\u00a0<\/b>11 mm<\/p>\n<p><b>A\u011f\u0131rl\u0131k:\u00a0<\/b>70 g<\/p>\n<p><b>Sertifikalar:\u00a0<\/b>CE EN 362<\/p>\n<p><b>Materyal:\u00a0<\/b>al\u00fcminyum, plastik<\/p>\n<table class=\"table table-striped\">\n<tbody>\n<tr>\n<td><strong>Referanslar<\/strong><\/td>\n<td>P28<\/td>\n<\/tr>\n<tr>\n<td><strong>Garanti<\/strong><\/td>\n<td>3 y\u0131l<\/td>\n<\/tr>\n<tr>\n<td><strong>Paket<\/strong><\/td>\n<td>1<\/td>\n<\/tr>\n<\/tbody>\n<\/table>\n","protected":false},"excerpt":{"rendered":"<p>\u00c7ok y\u00f6ne \u00e7ekerli a\u00e7\u0131labilir halka RING OPEN a\u00e7\u0131labilir halka, ekipman\u0131n yar\u0131 kal\u0131c\u0131 \u015fekilde ba\u011flanmas\u0131 i\u00e7in tasarlanm\u0131\u015ft\u0131r. Yuvarlak \u015fekli sayesinde her y\u00f6ne optimum \u00e7eki\u015f sa\u011flar. Diki\u015fli sonu olan iplerin ge\u00e7irilmesine olanak veren geni\u015f bir kap\u0131 a\u00e7\u0131kl\u0131\u011f\u0131na sahiptir. Detayl\u0131 A\u00e7\u0131klama: Ekipman\u0131n yar\u0131 kal\u0131c\u0131 ba\u011flant\u0131s\u0131 i\u00e7in tasarlanm\u0131\u015f halka Yuvarlak \u015fekli her y\u00f6nde optimum \u00e7eker sa\u011flar Diki\u015fli sonu olan [&hellip;]<\/p>\n","protected":false},"featured_media":1672,"comment_status":"open","ping_status":"closed","template":"","meta":[],"product_brand":[],"product_cat":[244],"product_tag":[],"class_list":{"0":"post-1671","1":"product","2":"type-product","3":"status-publish","4":"has-post-thumbnail","6":"product_cat-emniyet-kemerleri","8":"first","9":"instock","10":"shipping-taxable","11":"product-type-simple"},"acf":[],"_links":{"self":[{"href":"https:\/\/exzone.com.tr\/index.php\/wp-json\/wp\/v2\/product\/1671","targetHints":{"allow":["GET"]}}],"collection":[{"href":"https:\/\/exzone.com.tr\/index.php\/wp-json\/wp\/v2\/product"}],"about":[{"href":"https:\/\/exzone.com.tr\/index.php\/wp-json\/wp\/v2\/types\/product"}],"replies":[{"embeddable":true,"href":"https:\/\/exzone.com.tr\/index.php\/wp-json\/wp\/v2\/comments?post=1671"}],"wp:featuredmedia":[{"embeddable":true,"href":"https:\/\/exzone.com.tr\/index.php\/wp-json\/wp\/v2\/media\/1672"}],"wp:attachment":[{"href":"https:\/\/exzone.com.tr\/index.php\/wp-json\/wp\/v2\/media?parent=1671"}],"wp:term":[{"taxonomy":"product_brand","embeddable":true,"href":"https:\/\/exzone.com.tr\/index.php\/wp-json\/wp\/v2\/product_brand?post=1671"},{"taxonomy":"product_cat","embeddable":true,"href":"https:\/\/exzone.com.tr\/index.php\/wp-json\/wp\/v2\/product_cat?post=1671"},{"taxonomy":"product_tag","embeddable":true,"href":"https:\/\/exzone.com.tr\/index.php\/wp-json\/wp\/v2\/product_tag?post=1671"}],"curies":[{"name":"wp","href":"https:\/\/api.w.org\/{rel}","templated":true}]}}