{"id":1663,"date":"2023-01-11T17:02:57","date_gmt":"2023-01-11T14:02:57","guid":{"rendered":"https:\/\/exzone.com.tr\/?post_type=product&#038;p=1663"},"modified":"2024-05-02T03:41:15","modified_gmt":"2024-05-02T00:41:15","slug":"petzl-podium-oturak","status":"publish","type":"product","link":"https:\/\/exzone.com.tr\/index.php\/urun\/petzl-podium-oturak\/","title":{"rendered":"PETZL PODIUM Oturak"},"content":{"rendered":"<p>Uzun s\u00fcreli ask\u0131 i\u00e7in tasarlanm\u0131\u015f oturak<\/p>\n<p>PODIUM uzun s\u00fcreli ask\u0131 pozisyonlar\u0131nda optimum konfor sa\u011flar. Geni\u015f oturma pozisyonu m\u00fckemmel denge sa\u011flar. Sert kenarlar dokuma perlonlar\u0131n uyluklar\u0131 kesmesini \u00f6nler. Kolay kullan\u0131labilir oturak, iki malzeme halkas\u0131na ve arkada bir adet kancaya sahiptir, b\u00f6ylece ta\u015f\u0131nmas\u0131 kolayla\u015f\u0131r ve hareket kabiliyetinin \u00f6n\u00fcne ge\u00e7mez. Oturak iki halka (referans\u00a0C087AA00) ile ASTRO BOD FAST ve ASTRO SIT FAST emniyet kemerlerine tak\u0131labilmektedir.<\/p>\n<p><b>Uzun s\u00fcreli ask\u0131da optimum konfor sa\u011flar:<\/b><\/p>\n<ul>\n<li>&#8211; Geni\u015f oturma pozisyonu m\u00fckemmel denge sa\u011flar<\/li>\n<li>&#8211; Sert kenarlar dokuma perlonlar\u0131n uyluklar\u0131 kesmesini \u00f6nler<\/li>\n<\/ul>\n<p><b>Kolay kullan\u0131m:<\/b><\/p>\n<ul>\n<li>&#8211; Dokuma ask\u0131 iki otomatik kilitlenen DOUBLEBACK toka ile ayarlanabilmektedir<\/li>\n<li>&#8211; 2 \u015fekillendirilmi\u015f koruyucu katman kapl\u0131 malzeme ask\u0131s\u0131<\/li>\n<li>&#8211; Arka kanca, kullan\u0131lmad\u0131\u011f\u0131nda otura\u011f\u0131n arkaya kolayca yerle\u015ftirilmesini sa\u011flar<\/li>\n<\/ul>\n<p><b>\u00d6zellikler:<\/b><\/p>\n<p>A\u011f\u0131rl\u0131k: 1060g<\/p>\n<table class=\"table table-striped\">\n<tbody>\n<tr>\n<td><strong>Referanslar<\/strong><\/td>\n<td><strong>S071AA00<\/strong><\/td>\n<\/tr>\n<tr>\n<td><strong>Renkler<\/strong><\/td>\n<td>siyah\/sar\u0131<\/td>\n<\/tr>\n<tr>\n<td><strong>Garanti<\/strong><\/td>\n<td>3 Y\u0131l<\/td>\n<\/tr>\n<tr>\n<td><strong>Paket<\/strong><\/td>\n<td>1<\/td>\n<\/tr>\n<\/tbody>\n<\/table>\n","protected":false},"excerpt":{"rendered":"<p>Uzun s\u00fcreli ask\u0131 i\u00e7in tasarlanm\u0131\u015f oturak PODIUM uzun s\u00fcreli ask\u0131 pozisyonlar\u0131nda optimum konfor sa\u011flar. Geni\u015f oturma pozisyonu m\u00fckemmel denge sa\u011flar. Sert kenarlar dokuma perlonlar\u0131n uyluklar\u0131 kesmesini \u00f6nler. Kolay kullan\u0131labilir oturak, iki malzeme halkas\u0131na ve arkada bir adet kancaya sahiptir, b\u00f6ylece ta\u015f\u0131nmas\u0131 kolayla\u015f\u0131r ve hareket kabiliyetinin \u00f6n\u00fcne ge\u00e7mez. Oturak iki halka (referans\u00a0C087AA00) ile ASTRO BOD FAST [&hellip;]<\/p>\n","protected":false},"featured_media":1664,"comment_status":"open","ping_status":"closed","template":"","meta":[],"product_brand":[],"product_cat":[244],"product_tag":[],"class_list":{"0":"post-1663","1":"product","2":"type-product","3":"status-publish","4":"has-post-thumbnail","6":"product_cat-emniyet-kemerleri","8":"first","9":"instock","10":"shipping-taxable","11":"product-type-simple"},"acf":[],"_links":{"self":[{"href":"https:\/\/exzone.com.tr\/index.php\/wp-json\/wp\/v2\/product\/1663","targetHints":{"allow":["GET"]}}],"collection":[{"href":"https:\/\/exzone.com.tr\/index.php\/wp-json\/wp\/v2\/product"}],"about":[{"href":"https:\/\/exzone.com.tr\/index.php\/wp-json\/wp\/v2\/types\/product"}],"replies":[{"embeddable":true,"href":"https:\/\/exzone.com.tr\/index.php\/wp-json\/wp\/v2\/comments?post=1663"}],"wp:featuredmedia":[{"embeddable":true,"href":"https:\/\/exzone.com.tr\/index.php\/wp-json\/wp\/v2\/media\/1664"}],"wp:attachment":[{"href":"https:\/\/exzone.com.tr\/index.php\/wp-json\/wp\/v2\/media?parent=1663"}],"wp:term":[{"taxonomy":"product_brand","embeddable":true,"href":"https:\/\/exzone.com.tr\/index.php\/wp-json\/wp\/v2\/product_brand?post=1663"},{"taxonomy":"product_cat","embeddable":true,"href":"https:\/\/exzone.com.tr\/index.php\/wp-json\/wp\/v2\/product_cat?post=1663"},{"taxonomy":"product_tag","embeddable":true,"href":"https:\/\/exzone.com.tr\/index.php\/wp-json\/wp\/v2\/product_tag?post=1663"}],"curies":[{"name":"wp","href":"https:\/\/api.w.org\/{rel}","templated":true}]}}