{"id":1641,"date":"2023-01-11T16:51:44","date_gmt":"2023-01-11T13:51:44","guid":{"rendered":"https:\/\/exzone.com.tr\/?post_type=product&#038;p=1641"},"modified":"2024-05-02T03:41:15","modified_gmt":"2024-05-02T00:41:15","slug":"petzl-swan-easyfit-steel-emniyet-kemeri","status":"publish","type":"product","link":"https:\/\/exzone.com.tr\/index.php\/urun\/petzl-swan-easyfit-steel-emniyet-kemeri\/","title":{"rendered":"PETZL Swan Easyfit Steel Emniyet Kemeri"},"content":{"rendered":"<p class=\"productSubtitle\">Macera parklar\u0131 i\u00e7in dayan\u0131kl\u0131, kullan\u0131m\u0131 kolay tam v\u00fccut emniyet kemeri<\/p>\n<div class=\"productCaracteristiquesPosition inlineblock\">\n<p class=\"productCaracteristiques inlineblock\">SWAN\u00ae EASYFIT STEEL, macera parklar\u0131 i\u00e7in tasarlanm\u0131\u015f tam v\u00fccut emniyet kemeridir.\u00a0Ask\u0131lar\u0131, giymeyi kolayla\u015ft\u0131rmak i\u00e7in renk kodludur.\u00a0Emniyet kemerini sabitlemek i\u00e7in bir FAST LT PIN-LOCK tokas\u0131 ile donat\u0131lm\u0131\u015ft\u0131r;\u00a0PIN-LOCK kilitleme sistemi sadece k\u0131lavuz taraf\u0131ndan \u00f6zel bir aletle a\u00e7\u0131labilir.\u00a0Ba\u011flant\u0131 noktas\u0131n\u0131n y\u00fckseltilmi\u015f konumu, istemcinin ters \u00e7evirme riskini s\u0131n\u0131rlar.\u00a0Dayan\u0131kl\u0131l\u0131\u011f\u0131, kolay bak\u0131m ve uzun \u00fcr\u00fcn \u00f6mr\u00fc sa\u011flar.\u00a0Tek bir boyutta gelir ve ekipman envanter y\u00f6netimini basitle\u015ftirmek i\u00e7in tan\u0131mlama alanlar\u0131na sahiptir.<\/p>\n<div class=\"list\">\n<ul>\n<li><strong>Macera parklar\u0131 i\u00e7in tasarlanm\u0131\u015f, kullan\u0131m\u0131 \u00e7ok kolay tam v\u00fccut emniyet kemeri:<\/strong>\u2013 Kemerin arkas\u0131ndaki HIZLI tokalar ile m\u00fc\u015fteriye kurulumu kolayd\u0131r<br \/>\n\u2013 Sa\u011f\/sol renk kodlamas\u0131, m\u00fc\u015fterilere takma talimatlar\u0131 vermeyi kolayla\u015ft\u0131r\u0131r<br \/>\n\u2013 Kendili\u011finden kilitlenen DOUBLEBACK h\u0131zl\u0131 ve kolay ayarlama i\u00e7in tokalar<br \/>\n\u2013 Dokuma u\u00e7lar\u0131nda m\u00fckemmel kavrama, eldivenlerle bile ayarlamay\u0131 kolayla\u015ft\u0131r\u0131r<\/li>\n<li><strong>Aktivite boyunca m\u00fc\u015fteriyi destekleyen \u00f6zellikler:<\/strong>\u2013 FAST LT PIN-LOCK bel kemeri tokas\u0131 sadece \u00f6zel bir aletle a\u00e7\u0131labilir, bu da kat\u0131l\u0131mc\u0131n\u0131n tokay\u0131 a\u00e7ma riskini s\u0131n\u0131rlar<br \/>\n\u2013 Geni\u015f ventral ba\u011flant\u0131 noktas\u0131 ye\u015fil renk kodludur, bu da daha kolay JOKO veya AVENTEX ara ba\u011flant\u0131lar\u0131n\u0131 kurun ve h\u0131zl\u0131 bir g\u00f6rsel kontrole izin verin;\u00a0ba\u011flant\u0131 noktas\u0131n\u0131n y\u00fckseltilmi\u015f konumu, m\u00fc\u015fterinin d\u00f6nme riskini s\u0131n\u0131rlar<br \/>\n\u2013 Anatomik tasar\u0131m s\u0131k\u0131 oturur ancak optimum hareket \u00f6zg\u00fcrl\u00fc\u011f\u00fc sa\u011flar<br \/>\n\u2013 \u0130ki yan ekipman halkalar\u0131, lanyard konekt\u00f6rlerini ta\u015f\u0131may\u0131 kolayla\u015ft\u0131r\u0131r<\/li>\n<li><strong>Kolay bak\u0131m ve uzun \u00fcr\u00fcn \u00f6mr\u00fc i\u00e7in m\u00fckemmel dayan\u0131kl\u0131l\u0131k:<\/strong>\n<p>\u2013 Dayan\u0131kl\u0131 metal ba\u011flant\u0131 noktas\u0131<br \/>\n\u2013 Yo\u011fun kullan\u0131m ve sorunsuz ayar i\u00e7in tasarlanm\u0131\u015f dokuma<\/li>\n<li><strong>K\u0131lavuz veya monit\u00f6r i\u00e7in kolay ekipman y\u00f6netimi:<\/strong>\n<p>\u2013 Tek beden, \u00e7o\u011fu v\u00fccut tipine uyum sa\u011flar<br \/>\n\u2013 Sakland\u0131\u011f\u0131nda kolay tan\u0131mlama i\u00e7in kay\u0131\u015f\u0131n d\u0131\u015f\u0131ndaki i\u015faretleme alan\u0131<br \/>\n\u2013 Ekipman\u0131n kullan\u0131m \u00f6mr\u00fc boyunca izlenmesi i\u00e7in kay\u0131\u015f \u00fczerindeki tan\u0131mlama paneli<br \/>\n\u2013 Temizlemesi kolay<\/li>\n<li><strong>Kemeri ihtiyaca g\u00f6re uyarlamak i\u00e7in aksesuarlar:<\/strong>\n<p>\u2013 Uzun s\u00fcre as\u0131l\u0131yken daha fazla konfor i\u00e7in bacak k\u00f6pr\u00fcs\u00fc k\u00f6p\u00fc\u011f\u00fc<br \/>\n\u2013 TRAC arabalar\u0131n\u0131 kolayca yerle\u015ftirmek i\u00e7in CARITRAC istifleme aksesuar\u0131<\/li>\n<li>K\u0131lavuz kay\u0131\u015f\u0131nda kolayca ta\u015f\u0131nabilen FAST LT PIN-LOCK tokas\u0131 i\u00e7in bir kilit a\u00e7ma aleti ile birlikte gelir<\/li>\n<li>Tek tek veya be\u015fli paketler halinde mevcuttur<\/li>\n<\/ul>\n<\/div>\n<h3><strong>\u00d6zellikler<\/strong><\/h3>\n<div class=\"list\">\n<ul>\n<li>Malzemeler: Polyester dokuma, al\u00fcminyum ba\u011flant\u0131 noktas\u0131, \u00e7elik tokalar, naylon<\/li>\n<li>Sertifikalar: CE EN 12277 tip A, UKCA, UIAA<\/li>\n<li>Birim ba\u015f\u0131na a\u011f\u0131rl\u0131k: 1125 g<\/li>\n<li>Bel kemeri: &lt;120 cm<\/li>\n<li>Bacak halkalar\u0131: &lt;75 cm<\/li>\n<li>Boy: &lt;200 cm<\/li>\n<\/ul>\n<table class=\"table table-striped\">\n<tbody>\n<tr>\n<th>Referanslar<\/th>\n<th>C062AA00<\/th>\n<th>C062AA01<\/th>\n<\/tr>\n<tr>\n<td>Paket Say\u0131s\u0131<\/td>\n<td>Tek olarak sat\u0131l\u0131r<\/td>\n<td>5\u2019li paket halinde sat\u0131l\u0131r<\/td>\n<\/tr>\n<tr>\n<td>Garanti<\/td>\n<td>3 y\u0131l<\/td>\n<td>3 y\u0131l<\/td>\n<\/tr>\n<\/tbody>\n<\/table>\n<\/div>\n<\/div>\n","protected":false},"excerpt":{"rendered":"<p>Macera parklar\u0131 i\u00e7in dayan\u0131kl\u0131, kullan\u0131m\u0131 kolay tam v\u00fccut emniyet kemeri SWAN\u00ae EASYFIT STEEL, macera parklar\u0131 i\u00e7in tasarlanm\u0131\u015f tam v\u00fccut emniyet kemeridir.\u00a0Ask\u0131lar\u0131, giymeyi kolayla\u015ft\u0131rmak i\u00e7in renk kodludur.\u00a0Emniyet kemerini sabitlemek i\u00e7in bir FAST LT PIN-LOCK tokas\u0131 ile donat\u0131lm\u0131\u015ft\u0131r;\u00a0PIN-LOCK kilitleme sistemi sadece k\u0131lavuz taraf\u0131ndan \u00f6zel bir aletle a\u00e7\u0131labilir.\u00a0Ba\u011flant\u0131 noktas\u0131n\u0131n y\u00fckseltilmi\u015f konumu, istemcinin ters \u00e7evirme riskini s\u0131n\u0131rlar.\u00a0Dayan\u0131kl\u0131l\u0131\u011f\u0131, kolay bak\u0131m [&hellip;]<\/p>\n","protected":false},"featured_media":1642,"comment_status":"open","ping_status":"closed","template":"","meta":[],"product_brand":[],"product_cat":[244],"product_tag":[],"class_list":{"0":"post-1641","1":"product","2":"type-product","3":"status-publish","4":"has-post-thumbnail","6":"product_cat-emniyet-kemerleri","8":"first","9":"instock","10":"shipping-taxable","11":"product-type-simple"},"acf":[],"_links":{"self":[{"href":"https:\/\/exzone.com.tr\/index.php\/wp-json\/wp\/v2\/product\/1641","targetHints":{"allow":["GET"]}}],"collection":[{"href":"https:\/\/exzone.com.tr\/index.php\/wp-json\/wp\/v2\/product"}],"about":[{"href":"https:\/\/exzone.com.tr\/index.php\/wp-json\/wp\/v2\/types\/product"}],"replies":[{"embeddable":true,"href":"https:\/\/exzone.com.tr\/index.php\/wp-json\/wp\/v2\/comments?post=1641"}],"wp:featuredmedia":[{"embeddable":true,"href":"https:\/\/exzone.com.tr\/index.php\/wp-json\/wp\/v2\/media\/1642"}],"wp:attachment":[{"href":"https:\/\/exzone.com.tr\/index.php\/wp-json\/wp\/v2\/media?parent=1641"}],"wp:term":[{"taxonomy":"product_brand","embeddable":true,"href":"https:\/\/exzone.com.tr\/index.php\/wp-json\/wp\/v2\/product_brand?post=1641"},{"taxonomy":"product_cat","embeddable":true,"href":"https:\/\/exzone.com.tr\/index.php\/wp-json\/wp\/v2\/product_cat?post=1641"},{"taxonomy":"product_tag","embeddable":true,"href":"https:\/\/exzone.com.tr\/index.php\/wp-json\/wp\/v2\/product_tag?post=1641"}],"curies":[{"name":"wp","href":"https:\/\/api.w.org\/{rel}","templated":true}]}}