{"id":1634,"date":"2023-01-11T16:49:18","date_gmt":"2023-01-11T13:49:18","guid":{"rendered":"https:\/\/exzone.com.tr\/?post_type=product&#038;p=1634"},"modified":"2024-05-02T03:41:15","modified_gmt":"2024-05-02T00:41:15","slug":"petzl-falcon-kurtarma-amacli-alt-emniyet-kemeri","status":"publish","type":"product","link":"https:\/\/exzone.com.tr\/index.php\/urun\/petzl-falcon-kurtarma-amacli-alt-emniyet-kemeri\/","title":{"rendered":"PETZL FALCON Kurtarma Ama\u00e7l\u0131 Alt Emniyet Kemeri"},"content":{"rendered":"<p>Ask\u0131da kurtarma i\u00e7in hafif alt emniyet kemeri<\/p>\n<p>FALCON ask\u0131da kurtarma s\u0131ras\u0131nda bacak halkalar\u0131ndaki ve bel kemerindeki y\u00fck\u00fc da\u011f\u0131tmay\u0131 sa\u011flayan metal bel (ventral) ba\u011flant\u0131 noktas\u0131na sahip hafif bir alt emniyet kemeridir. Bel kemeri ve bacak halkalar\u0131 konfor sa\u011flamak i\u00e7in yar\u0131 sert olarak \u00fcretilmi\u015ftir ve otomatik kilitlenen DOUBLEBACK tokalar sayesinde h\u0131zl\u0131 ve \u00e7abuk ayarlanabilir. Arka halka TOP veya TOP CROLL \u00fcst emniyet kemerlerinin ba\u011flanabilmesine olanak tan\u0131r.<\/p>\n<p><iframe loading=\"lazy\" title=\"vimeo-player\" src=\"https:\/\/player.vimeo.com\/video\/184701003\" width=\"640\" height=\"360\" frameborder=\"0\" allowfullscreen=\"allowfullscreen\" data-mce-fragment=\"1\"><\/iframe><\/p>\n<p><b>Ask\u0131da kurtarma s\u0131ras\u0131nda bacak halkalar\u0131ndaki ve bel kemerindeki y\u00fck\u00fc da\u011f\u0131tmay\u0131 sa\u011flayan metal bel (ventral) ba\u011flant\u0131 noktas\u0131<\/b><\/p>\n<p><b>Rahat ve Ultra hafif tasar\u0131m:<\/b><\/p>\n<ul>\n<li>&#8211; Yar\u0131 sert, ince bel kemeri ve bacak halkalar\u0131 optimum konfor\/a\u011f\u0131rl\u0131k oran\u0131 sa\u011flar<\/li>\n<li>&#8211; Tekstil yan ba\u011flant\u0131 noktalar\u0131, nadir kullan\u0131m i\u00e7in, hacim ve a\u011f\u0131rl\u0131\u011f\u0131 azalt\u0131r<\/li>\n<\/ul>\n<p><b>Ergonomi:<\/b><\/p>\n<ul>\n<li>&#8211; Bel kemeri ve bacak halkalar\u0131nda bulunan DOUBLEBACK tokalar h\u0131zl\u0131 ve kolay ayarlama olana\u011f\u0131 sa\u011flar<\/li>\n<li>&#8211; M\u00fckemmel pozisyonlanma sa\u011flamak i\u00e7in bacak halkalar\u0131nda bulunan k\u00f6p\u00fck ayarlanabilir<\/li>\n<li>&#8211; TOP veya TOP CROLL \u00fcst emniyet kemerlerinin ba\u011flanmas\u0131n\u0131 sa\u011flayan arka halka<\/li>\n<li>&#8211; D\u00f6rt malzeme halkas\u0131: \u00f6nde malzemeye ula\u015fmay\u0131 kolayla\u015ft\u0131ran 2 b\u00fcy\u00fck ve sabit halka ile \u00e7anta tak\u0131l\u0131ylen engel olmas\u0131n\u0131n \u00f6n\u00fcne ge\u00e7mesi i\u00e7in esnek \u00fcretilmi\u015f iki esnek malzeme halkas\u0131<\/li>\n<li>&#8211; CARITOOL malzeme karabinas\u0131 i\u00e7in iki yuva<\/li>\n<\/ul>\n<p><b>\u00d6zellikler:<\/b><\/p>\n<ul>\n<li><b>Materyal:\u00a0<\/b>naylon, polyester, al\u00fcminyum, \u00e7elik<\/li>\n<li><b>Bel (ventral) ba\u011flant\u0131 noktas\u0131:\u00a0<\/b>Evet<\/li>\n<li><b>Yan ba\u011flant\u0131 noktas\u0131:\u00a0<\/b>Evet<\/li>\n<li><b>Bel kemerinin arkas\u0131nda ba\u011flant\u0131 noktas\u0131:\u00a0<\/b>Evet<\/li>\n<li><b>Sertifikalar:\u00a0<\/b>CE EN 358, CE EN 813, EAC<\/li>\n<\/ul>\n<h3><\/h3>\n<table class=\"table table-striped\">\n<tbody>\n<tr>\n<td><strong>Referanslar<\/strong><\/td>\n<td><strong>C038AA00<\/strong><\/td>\n<td><strong>C038AA01<\/strong><\/td>\n<td><strong>C038AA02<\/strong><\/td>\n<td><strong>C038AA03<\/strong><\/td>\n<td><strong>C038AA04<\/strong><\/td>\n<\/tr>\n<tr>\n<td><strong>Renkler<\/strong><\/td>\n<td>siyah\/sar\u0131<\/td>\n<td>siyah\/sar\u0131<\/td>\n<td>siyah\/sar\u0131<\/td>\n<td>siyah<\/td>\n<td>siyah<\/td>\n<\/tr>\n<tr>\n<td><strong>Beden<\/strong><\/td>\n<td>0<\/td>\n<td>1<\/td>\n<td>2<\/td>\n<td>1<\/td>\n<td>2<\/td>\n<\/tr>\n<tr>\n<td><strong>Bel kemeri<\/strong><\/td>\n<td>65-80 cm<\/td>\n<td>70-93 cm<\/td>\n<td>83-120 cm<\/td>\n<td>70-93 cm<\/td>\n<td>83-120 cm<\/td>\n<\/tr>\n<tr>\n<td><strong>Bacak halkalar\u0131<\/strong><\/td>\n<td>44-59 cm<\/td>\n<td>47-62 cm<\/td>\n<td>50-65 cm<\/td>\n<td>47-62 cm<\/td>\n<td>50-65 cm<\/td>\n<\/tr>\n<tr>\n<td><strong>A\u011f\u0131rl\u0131k<\/strong><\/td>\n<td>840 g<\/td>\n<td>855 g<\/td>\n<td>885 g<\/td>\n<td>855 g<\/td>\n<td>885 g<\/td>\n<\/tr>\n<tr>\n<td><strong>Garanti<\/strong><\/td>\n<td>3 Y\u0131l<\/td>\n<td>3 Y\u0131l<\/td>\n<td>3 Y\u0131l<\/td>\n<td>3 Y\u0131l<\/td>\n<td>3 Y\u0131l<\/td>\n<\/tr>\n<tr>\n<td><strong>Paket<\/strong><\/td>\n<td>1<\/td>\n<td>1<\/td>\n<td>1<\/td>\n<td>1<\/td>\n<td>1<\/td>\n<\/tr>\n<\/tbody>\n<\/table>\n","protected":false},"excerpt":{"rendered":"<p>Ask\u0131da kurtarma i\u00e7in hafif alt emniyet kemeri FALCON ask\u0131da kurtarma s\u0131ras\u0131nda bacak halkalar\u0131ndaki ve bel kemerindeki y\u00fck\u00fc da\u011f\u0131tmay\u0131 sa\u011flayan metal bel (ventral) ba\u011flant\u0131 noktas\u0131na sahip hafif bir alt emniyet kemeridir. Bel kemeri ve bacak halkalar\u0131 konfor sa\u011flamak i\u00e7in yar\u0131 sert olarak \u00fcretilmi\u015ftir ve otomatik kilitlenen DOUBLEBACK tokalar sayesinde h\u0131zl\u0131 ve \u00e7abuk ayarlanabilir. Arka halka TOP [&hellip;]<\/p>\n","protected":false},"featured_media":1635,"comment_status":"open","ping_status":"closed","template":"","meta":[],"product_brand":[],"product_cat":[244],"product_tag":[],"class_list":{"0":"post-1634","1":"product","2":"type-product","3":"status-publish","4":"has-post-thumbnail","6":"product_cat-emniyet-kemerleri","8":"first","9":"instock","10":"shipping-taxable","11":"product-type-simple"},"acf":[],"_links":{"self":[{"href":"https:\/\/exzone.com.tr\/index.php\/wp-json\/wp\/v2\/product\/1634","targetHints":{"allow":["GET"]}}],"collection":[{"href":"https:\/\/exzone.com.tr\/index.php\/wp-json\/wp\/v2\/product"}],"about":[{"href":"https:\/\/exzone.com.tr\/index.php\/wp-json\/wp\/v2\/types\/product"}],"replies":[{"embeddable":true,"href":"https:\/\/exzone.com.tr\/index.php\/wp-json\/wp\/v2\/comments?post=1634"}],"wp:featuredmedia":[{"embeddable":true,"href":"https:\/\/exzone.com.tr\/index.php\/wp-json\/wp\/v2\/media\/1635"}],"wp:attachment":[{"href":"https:\/\/exzone.com.tr\/index.php\/wp-json\/wp\/v2\/media?parent=1634"}],"wp:term":[{"taxonomy":"product_brand","embeddable":true,"href":"https:\/\/exzone.com.tr\/index.php\/wp-json\/wp\/v2\/product_brand?post=1634"},{"taxonomy":"product_cat","embeddable":true,"href":"https:\/\/exzone.com.tr\/index.php\/wp-json\/wp\/v2\/product_cat?post=1634"},{"taxonomy":"product_tag","embeddable":true,"href":"https:\/\/exzone.com.tr\/index.php\/wp-json\/wp\/v2\/product_tag?post=1634"}],"curies":[{"name":"wp","href":"https:\/\/api.w.org\/{rel}","templated":true}]}}