{"id":1628,"date":"2023-01-11T16:47:03","date_gmt":"2023-01-11T13:47:03","guid":{"rendered":"https:\/\/exzone.com.tr\/?post_type=product&#038;p=1628"},"modified":"2024-05-02T03:41:15","modified_gmt":"2024-05-02T00:41:15","slug":"petzl-falcon-mountain-dag-kurtarma-amacli-alt-emniyet-kemeri","status":"publish","type":"product","link":"https:\/\/exzone.com.tr\/index.php\/urun\/petzl-falcon-mountain-dag-kurtarma-amacli-alt-emniyet-kemeri\/","title":{"rendered":"PETZL FALCON MOUNTAIN Da\u011f Kurtarma Ama\u00e7l\u0131 Alt Emniyet Kemeri"},"content":{"rendered":"<p>Teknik t\u0131rman\u0131\u015f gerektiren kurtarma operasyonlar\u0131 i\u00e7in hafif alt emniyet kemeri<\/p>\n<p>FALCON MOUNTAIN teknik t\u0131rman\u0131\u015f gerektiren kurtarma operasyonlar\u0131nda kullan\u0131lmak \u00fczere tasarlanm\u0131\u015f \u00e7ok hafif bir alt emniyet kemeridir. Y\u00fcr\u00fcrken rahatl\u0131k sa\u011flayan ve teknik t\u0131rman\u0131\u015fta ilerlemeyi destekleyen k\u00f6pr\u00fc yap\u0131s\u0131na sahiptir. Rahatl\u0131k i\u00e7in yar\u0131 sert tasarlanm\u0131\u015f, ayr\u0131ca h\u0131zl\u0131 ve kolay ayarlama i\u00e7in kendinden kilitli DOUBLEBACK tokalara sahip bel kemeri ve bacak halkalar\u0131 bulunur. Arka halka TOP \u00fcst emniyet kemerinin tak\u0131lmas\u0131na olanak verir.<\/p>\n<p><iframe loading=\"lazy\" title=\"vimeo-player\" src=\"https:\/\/player.vimeo.com\/video\/184701003\" width=\"640\" height=\"360\" frameborder=\"0\" allowfullscreen=\"allowfullscreen\" data-mce-fragment=\"1\"><\/iframe><\/p>\n<p><b>Y\u00fcr\u00fcrken rahatl\u0131k sa\u011flayan ve teknik t\u0131rman\u0131\u015fta ilerlemeyi destekleyen k\u00f6pr\u00fc yap\u0131s\u0131na sahiptir<\/b><\/p>\n<p><b>Rahat ve ultra hafif tasar\u0131m:<\/b><\/p>\n<ul>\n<li>Yar\u0131 sert, ince bel kemeri ve bacak halkalar\u0131 optimum konfor\/a\u011f\u0131rl\u0131k oran\u0131 sa\u011flar<\/li>\n<li>Tekstil yan ba\u011flant\u0131 noktalar\u0131, nadir kullan\u0131m i\u00e7in, hacim ve a\u011f\u0131rl\u0131\u011f\u0131 azalt\u0131r<\/li>\n<\/ul>\n<p><b>Ergonomi:<\/b><\/p>\n<ul>\n<li>Bel kemeri ve bacak halkalar\u0131nda bulunan DOUBLEBACK tokalar h\u0131zl\u0131 ve kolay ayarlama olana\u011f\u0131 sa\u011flar<\/li>\n<li>M\u00fckemmel pozisyonlanma sa\u011flamak i\u00e7in bacak halkalar\u0131nda bulunan k\u00f6p\u00fc\u011f\u00fcn pozisyonu ayarlanabilir<\/li>\n<li>TOP veya TOP CROLL \u00fcst emniyet kemerlerinin ba\u011flanmas\u0131n\u0131 sa\u011flayan arka halka<\/li>\n<li>D\u00f6rt malzeme halkas\u0131: \u00f6nde malzemeye ula\u015fmay\u0131 kolayla\u015ft\u0131ran 2 b\u00fcy\u00fck ve sert halka, arkada ise \u00e7anta tak\u0131l\u0131yken eri\u015fime engel olmas\u0131n\u0131n \u00f6n\u00fcne ge\u00e7mek i\u00e7in esnek tasarlanm\u0131\u015f iki malzeme halkas\u0131<\/li>\n<li>CARITOOL malzeme karabinas\u0131 i\u00e7in iki yuva<\/li>\n<\/ul>\n<p><b>\u00d6zellikler:<\/b><\/p>\n<ul>\n<li><b>Materyal:\u00a0<\/b>naylon, polyester, al\u00fcminyum, \u00e7elik<\/li>\n<li><b>Bel (ventral) ba\u011flant\u0131 noktas\u0131:\u00a0<\/b>Evet<\/li>\n<li><b>Yan ba\u011flant\u0131 noktas\u0131:\u00a0<\/b>Evet<\/li>\n<li><b>Bel kemerinin arkas\u0131nda ba\u011flant\u0131 noktas\u0131:\u00a0<\/b>Evet<\/li>\n<li><b>Sertifikalar:\u00a0<\/b>CE EN 358, CE EN 813, CE EN 12277 type C, EAC<\/li>\n<\/ul>\n<div id=\"attachment_861\" class=\"wp-caption alignnone\">\n<p id=\"caption-attachment-861\" class=\"wp-caption-text\"><b>Referanslar:<\/b><\/p>\n<\/div>\n<table class=\"table table-striped\">\n<tbody>\n<tr>\n<td><strong>Referanslar<\/strong><\/td>\n<td><strong>C038CA00<\/strong><\/td>\n<td><strong>C038CA01<\/strong><\/td>\n<\/tr>\n<tr>\n<td><strong>Renkler<\/strong><\/td>\n<td>siyah\/gri<\/td>\n<td>siyah\/gri<\/td>\n<\/tr>\n<tr>\n<td><strong>Beden<\/strong><\/td>\n<td>1<\/td>\n<td>2<\/td>\n<\/tr>\n<tr>\n<td><strong>Bel kemeri<\/strong><\/td>\n<td>70-93 cm<\/td>\n<td>83-120 cm<\/td>\n<\/tr>\n<tr>\n<td><strong>Bacak halkalar\u0131<\/strong><\/td>\n<td>47-62 cm<\/td>\n<td>50-65 cm<\/td>\n<\/tr>\n<tr>\n<td><strong>A\u011f\u0131rl\u0131k<\/strong><\/td>\n<td>810 g<\/td>\n<td>840 g<\/td>\n<\/tr>\n<tr>\n<td><strong>Garanti<\/strong><\/td>\n<td>3 Y\u0131l<\/td>\n<td>3 Y\u0131l<\/td>\n<\/tr>\n<tr>\n<td><strong>Paket<\/strong><\/td>\n<td>1<\/td>\n<td>1<\/td>\n<\/tr>\n<\/tbody>\n<\/table>\n","protected":false},"excerpt":{"rendered":"<p>Teknik t\u0131rman\u0131\u015f gerektiren kurtarma operasyonlar\u0131 i\u00e7in hafif alt emniyet kemeri FALCON MOUNTAIN teknik t\u0131rman\u0131\u015f gerektiren kurtarma operasyonlar\u0131nda kullan\u0131lmak \u00fczere tasarlanm\u0131\u015f \u00e7ok hafif bir alt emniyet kemeridir. Y\u00fcr\u00fcrken rahatl\u0131k sa\u011flayan ve teknik t\u0131rman\u0131\u015fta ilerlemeyi destekleyen k\u00f6pr\u00fc yap\u0131s\u0131na sahiptir. Rahatl\u0131k i\u00e7in yar\u0131 sert tasarlanm\u0131\u015f, ayr\u0131ca h\u0131zl\u0131 ve kolay ayarlama i\u00e7in kendinden kilitli DOUBLEBACK tokalara sahip bel kemeri [&hellip;]<\/p>\n","protected":false},"featured_media":1629,"comment_status":"open","ping_status":"closed","template":"","meta":[],"product_brand":[],"product_cat":[244],"product_tag":[],"class_list":{"0":"post-1628","1":"product","2":"type-product","3":"status-publish","4":"has-post-thumbnail","6":"product_cat-emniyet-kemerleri","8":"first","9":"instock","10":"shipping-taxable","11":"product-type-simple"},"acf":[],"_links":{"self":[{"href":"https:\/\/exzone.com.tr\/index.php\/wp-json\/wp\/v2\/product\/1628","targetHints":{"allow":["GET"]}}],"collection":[{"href":"https:\/\/exzone.com.tr\/index.php\/wp-json\/wp\/v2\/product"}],"about":[{"href":"https:\/\/exzone.com.tr\/index.php\/wp-json\/wp\/v2\/types\/product"}],"replies":[{"embeddable":true,"href":"https:\/\/exzone.com.tr\/index.php\/wp-json\/wp\/v2\/comments?post=1628"}],"wp:featuredmedia":[{"embeddable":true,"href":"https:\/\/exzone.com.tr\/index.php\/wp-json\/wp\/v2\/media\/1629"}],"wp:attachment":[{"href":"https:\/\/exzone.com.tr\/index.php\/wp-json\/wp\/v2\/media?parent=1628"}],"wp:term":[{"taxonomy":"product_brand","embeddable":true,"href":"https:\/\/exzone.com.tr\/index.php\/wp-json\/wp\/v2\/product_brand?post=1628"},{"taxonomy":"product_cat","embeddable":true,"href":"https:\/\/exzone.com.tr\/index.php\/wp-json\/wp\/v2\/product_cat?post=1628"},{"taxonomy":"product_tag","embeddable":true,"href":"https:\/\/exzone.com.tr\/index.php\/wp-json\/wp\/v2\/product_tag?post=1628"}],"curies":[{"name":"wp","href":"https:\/\/api.w.org\/{rel}","templated":true}]}}