{"id":1621,"date":"2023-01-11T14:03:35","date_gmt":"2023-01-11T11:03:35","guid":{"rendered":"https:\/\/exzone.com.tr\/?post_type=product&#038;p=1621"},"modified":"2024-05-02T03:41:15","modified_gmt":"2024-05-02T00:41:15","slug":"petzl-newton-parasut-tipi-emniyet-kemeri-avrupa-versiyonu","status":"publish","type":"product","link":"https:\/\/exzone.com.tr\/index.php\/urun\/petzl-newton-parasut-tipi-emniyet-kemeri-avrupa-versiyonu\/","title":{"rendered":"PETZL NEWTON &#8211; Para\u015f\u00fct Tipi Emniyet Kemeri &#8211; Avrupa Versiyonu"},"content":{"rendered":"<p>D\u00fc\u015f\u00fc\u015f \u00f6nleyici emniyet kemeri<\/p>\n<p>NEWTON hafif ve ergonomik bir d\u00fc\u015f\u00fc\u015f \u00f6nleyici emniyet kemeridir. Emniyet kemerinin kullan\u0131m\u0131 kolayd\u0131r; giymeyi kolayla\u015ft\u0131rmak i\u00e7in perlonlar\u0131 renk kodludur. TOOLBAG malzeme \u00e7antas\u0131 takmak i\u00e7in bulundurdu\u011fu malzeme halkalar\u0131 ve yuvalar ile ekipmanlar\u0131n ta\u015f\u0131nmas\u0131n\u0131 ve d\u00fczenlenmesini kolayla\u015ft\u0131r\u0131r. Tekstil g\u00f6\u011f\u00fcs (sternal) ba\u011flant\u0131 noktas\u0131 ve metal s\u0131rt (dorsal) ba\u011flant\u0131 noktas\u0131, \u00e7ok y\u00f6nl\u00fcl\u00fck sa\u011flar. Avrupa ve Rusya standartlar\u0131na g\u00f6re sertifikaland\u0131r\u0131lm\u0131\u015ft\u0131r.<\/p>\n<p><iframe loading=\"lazy\" src=\"https:\/\/www.youtube.com\/embed\/i3FJSVcgZtk\" width=\"560\" height=\"315\" frameborder=\"0\" allowfullscreen=\"allowfullscreen\" data-mce-fragment=\"1\"><\/iframe><\/p>\n<p><b>Detayl\u0131 A\u00e7\u0131klama:<\/b><\/p>\n<p><b>\u0130\u015f g\u00fcn\u00fc boyunca konforlu:<\/b><\/p>\n<ul>\n<li>Anatomik tasar\u0131m v\u00fccuda m\u00fckemmel bir \u015fekilde otururken optimum hareket \u00f6zg\u00fcrl\u00fc\u011f\u00fc sa\u011flar<\/li>\n<li>Tekstil g\u00f6\u011f\u00fcs (sternal) ba\u011flant\u0131 noktas\u0131, hafif ve a\u015f\u0131nmaya dayan\u0131kl\u0131d\u0131r<\/li>\n<li>Daha fazla dayan\u0131kl\u0131l\u0131k i\u00e7in anodize al\u00fcminyum s\u0131rt ba\u011flant\u0131 noktas\u0131<\/li>\n<li>Dikey konumda inmek i\u00e7in LIFT ay\u0131r\u0131c\u0131 sabitlenebilir<\/li>\n<\/ul>\n<p><b>Kolay kullan\u0131m:<\/b><\/p>\n<ul>\n<li>Renk kodlu perlonlar (sar\u0131\/siyah) emniyet kemerinin alt ve \u00fcst k\u0131s\u0131mlar\u0131n\u0131n giymeden \u00f6nce h\u0131zl\u0131 bir \u015fekilde tan\u0131mlanmas\u0131n\u0131 sa\u011flar<\/li>\n<li>G\u00f6\u011f\u00fcs (sternal) FAST otomatik tokalar emniyet kemerinin h\u0131zl\u0131ca ve basit\u00e7e a\u00e7\u0131l\u0131p kapanmas\u0131n\u0131 sa\u011flar<\/li>\n<li>Bacak halkalar\u0131nda bulunan FAST LT tokalar eldivenle dahi tekrar ayarlama gerektirmeden h\u0131zl\u0131 ve basit bir \u015fekilde a\u00e7\u0131l\u0131p tak\u0131labilir. Tokan\u0131n kilit a\u00e7ma sistemi, tokan\u0131n kazara a\u00e7\u0131lma riskini azalt\u0131r<\/li>\n<li>Omuz ask\u0131lar\u0131 ve bacak halkalar\u0131nda bulunan DOUBLEBACK otomatik kilitlenen tokalar h\u0131zl\u0131 ve basit ayarlanma sa\u011flar<\/li>\n<li>Malzemelere kolay eri\u015febilmek amac\u0131yla TOOLBAG alet \u00e7antas\u0131 i\u00e7in iki yuva ve iki malzeme halkas\u0131<\/li>\n<\/ul>\n<p><b>\u00d6zellikler:<\/b><\/p>\n<ul>\n<li>G\u00f6\u011f\u00fcs (sternal) ba\u011flant\u0131 noktas\u0131: d\u00fc\u015f\u00fc\u015f \u00f6nleyici sistem ba\u011flant\u0131s\u0131<\/li>\n<li>Metal s\u0131rt (dorsal) ba\u011flant\u0131 noktas\u0131: d\u00fc\u015f\u00fc\u015f \u00f6nleyici sistem ba\u011flant\u0131s\u0131<\/li>\n<\/ul>\n<p><b>Sertifikalar:\u00a0<\/b>CE EN 361, EAC<\/p>\n<p><b>Materyal:\u00a0<\/b>naylon, polyester, al\u00fcminyum, \u00e7elik<\/p>\n<p>&nbsp;<\/p>\n<table class=\"table table-striped\">\n<tbody>\n<tr>\n<td><strong>Referanslar<\/strong><\/td>\n<td><strong>C73AAA 1<\/strong><\/td>\n<td><strong>C73AAA 2<\/strong><\/td>\n<\/tr>\n<tr>\n<td><strong>Renkler<\/strong><\/td>\n<td>siyah\/sar\u0131<\/td>\n<td>siyah\/sar\u0131<\/td>\n<\/tr>\n<tr>\n<td><strong>Beden<\/strong><\/td>\n<td>1<\/td>\n<td>2<\/td>\n<\/tr>\n<tr>\n<td><strong>Bel kemeri<\/strong><\/td>\n<td>70-93 cm<\/td>\n<td>83-120 cm<\/td>\n<\/tr>\n<tr>\n<td><strong>Bacak halkalar\u0131<\/strong><\/td>\n<td>47-62 cm<\/td>\n<td>50-65 cm<\/td>\n<\/tr>\n<tr>\n<td><strong>Boy<\/strong><\/td>\n<td>165-185 cm<\/td>\n<td>175-200 cm<\/td>\n<\/tr>\n<tr>\n<td><strong>A\u011f\u0131rl\u0131k<\/strong><\/td>\n<td>780 g<\/td>\n<td>810 g<\/td>\n<\/tr>\n<tr>\n<td><strong>Garanti<\/strong><\/td>\n<td>3 Y\u0131l<\/td>\n<td>3 Y\u0131l<\/td>\n<\/tr>\n<tr>\n<td><strong>Paket<\/strong><\/td>\n<td>1<\/td>\n<td>1<\/td>\n<\/tr>\n<\/tbody>\n<\/table>\n","protected":false},"excerpt":{"rendered":"<p>D\u00fc\u015f\u00fc\u015f \u00f6nleyici emniyet kemeri NEWTON hafif ve ergonomik bir d\u00fc\u015f\u00fc\u015f \u00f6nleyici emniyet kemeridir. Emniyet kemerinin kullan\u0131m\u0131 kolayd\u0131r; giymeyi kolayla\u015ft\u0131rmak i\u00e7in perlonlar\u0131 renk kodludur. TOOLBAG malzeme \u00e7antas\u0131 takmak i\u00e7in bulundurdu\u011fu malzeme halkalar\u0131 ve yuvalar ile ekipmanlar\u0131n ta\u015f\u0131nmas\u0131n\u0131 ve d\u00fczenlenmesini kolayla\u015ft\u0131r\u0131r. Tekstil g\u00f6\u011f\u00fcs (sternal) ba\u011flant\u0131 noktas\u0131 ve metal s\u0131rt (dorsal) ba\u011flant\u0131 noktas\u0131, \u00e7ok y\u00f6nl\u00fcl\u00fck sa\u011flar. Avrupa ve [&hellip;]<\/p>\n","protected":false},"featured_media":1622,"comment_status":"open","ping_status":"closed","template":"","meta":[],"product_brand":[],"product_cat":[244],"product_tag":[],"class_list":{"0":"post-1621","1":"product","2":"type-product","3":"status-publish","4":"has-post-thumbnail","6":"product_cat-emniyet-kemerleri","8":"first","9":"instock","10":"shipping-taxable","11":"product-type-simple"},"acf":[],"_links":{"self":[{"href":"https:\/\/exzone.com.tr\/index.php\/wp-json\/wp\/v2\/product\/1621","targetHints":{"allow":["GET"]}}],"collection":[{"href":"https:\/\/exzone.com.tr\/index.php\/wp-json\/wp\/v2\/product"}],"about":[{"href":"https:\/\/exzone.com.tr\/index.php\/wp-json\/wp\/v2\/types\/product"}],"replies":[{"embeddable":true,"href":"https:\/\/exzone.com.tr\/index.php\/wp-json\/wp\/v2\/comments?post=1621"}],"wp:featuredmedia":[{"embeddable":true,"href":"https:\/\/exzone.com.tr\/index.php\/wp-json\/wp\/v2\/media\/1622"}],"wp:attachment":[{"href":"https:\/\/exzone.com.tr\/index.php\/wp-json\/wp\/v2\/media?parent=1621"}],"wp:term":[{"taxonomy":"product_brand","embeddable":true,"href":"https:\/\/exzone.com.tr\/index.php\/wp-json\/wp\/v2\/product_brand?post=1621"},{"taxonomy":"product_cat","embeddable":true,"href":"https:\/\/exzone.com.tr\/index.php\/wp-json\/wp\/v2\/product_cat?post=1621"},{"taxonomy":"product_tag","embeddable":true,"href":"https:\/\/exzone.com.tr\/index.php\/wp-json\/wp\/v2\/product_tag?post=1621"}],"curies":[{"name":"wp","href":"https:\/\/api.w.org\/{rel}","templated":true}]}}