{"id":1614,"date":"2023-01-11T13:59:57","date_gmt":"2023-01-11T10:59:57","guid":{"rendered":"https:\/\/exzone.com.tr\/?post_type=product&#038;p=1614"},"modified":"2024-05-02T03:41:15","modified_gmt":"2024-05-02T00:41:15","slug":"petzl-avao-sit-alt-emniyet-kemeri","status":"publish","type":"product","link":"https:\/\/exzone.com.tr\/index.php\/urun\/petzl-avao-sit-alt-emniyet-kemeri\/","title":{"rendered":"PETZL AVAO SIT &#8211; Alt Emniyet Kemeri"},"content":{"rendered":"<p>Ask\u0131 ve konumland\u0131rma i\u00e7in konforlu\u00a0alt emniyet kemeri.<\/p>\n<p>AVAO SIT ask\u0131 ve konumland\u0131rma kemeri\u00a0her ko\u015fulda y\u00fcksek konfor sa\u011flamas\u0131 i\u00e7in tasarlanm\u0131\u015ft\u0131r. Geni\u015f, yar\u0131 sert bel kemeri ve bacak halkalar\u0131 m\u00fckemmel destek sa\u011flar. Hafif ve nefes alabilir yap\u0131s\u0131 maksimum hava ak\u0131\u015f\u0131 sa\u011flar. Emniyet kemeri, CARITOOL malzeme karabinalar\u0131 ve TOOLBAG malzeme \u00e7antas\u0131 takmak i\u00e7in bulundurdu\u011fu malzeme halkalar\u0131 ve yuvalar ile ekipmanlar\u0131n ta\u015f\u0131nmas\u0131n\u0131 ve d\u00fczenlenmesini kolayla\u015ft\u0131r\u0131r. Bu alt emniyet kemeri, TOP\u00a0\u00fcst emniyet kemeri\u00a0ile birle\u015ftirildi\u011finde d\u00fc\u015f\u00fc\u015f durdurma emniyet kemerine veya TOP CROLL S veya L\u00a0\u00fcst harnes\u00a0ile birlikte kullan\u0131ld\u0131\u011f\u0131nda iple eri\u015fim emniyet kemerine d\u00f6n\u00fc\u015ft\u00fcr\u00fclecek \u015fekilde tasarlanm\u0131\u015ft\u0131r. AVAO SIT, DOUBLEBACK kendinden kilitlemeli tokalara sahip bacak halkalar\u0131na sahiptir.<\/p>\n<p><iframe loading=\"lazy\" title=\"vimeo-player\" src=\"https:\/\/player.vimeo.com\/video\/236549763\" width=\"640\" height=\"360\" frameborder=\"0\" allowfullscreen=\"allowfullscreen\" data-mce-fragment=\"1\"><\/iframe><\/p>\n<p><b>\u0130\u015f g\u00fcn\u00fc boyunca konforlu:<\/b><\/p>\n<ul>\n<li>Geni\u015f, yar\u0131 sert bel kemeri ve bacak halkalar\u0131 m\u00fckemmel destek sa\u011flar. Hafif ve nefes alabilir yap\u0131s\u0131 maksimum hava ak\u0131\u015f\u0131 sa\u011flar.<\/li>\n<\/ul>\n<p><b>Pratik ayarlama:<\/b><\/p>\n<ul>\n<li>Bel kemerinde ve bacak halkalar\u0131nda bulunan otomatik kilitlenen DOUBLEBACK tokalar sayesinde h\u0131zl\u0131 ve kolayca ayarlan\u0131r<\/li>\n<li>Kullan\u0131mda de\u011filken tak\u0131lmalar\u0131n\u0131 \u00f6nlemek i\u00e7in katlanabilir yan ba\u011flant\u0131 noktalar\u0131<\/li>\n<\/ul>\n<p><b>Ekipman\u0131n ta\u015f\u0131nmas\u0131n\u0131 ve d\u00fczenlenmesini kolayla\u015ft\u0131r\u0131r:<\/b><\/p>\n<ul>\n<li>6 adet \u00f6nceden \u015fekillendirilmi\u015f ve koruyucu katman kapl\u0131 malzeme ask\u0131lar\u0131<\/li>\n<li>CARITOOL malzeme karabinas\u0131 i\u00e7in 2 yuva<\/li>\n<li>TOOLBAG malzeme \u00e7antas\u0131 i\u00e7in 4 yuva<\/li>\n<\/ul>\n<p><b>\u00d6zellikler:<\/b><\/p>\n<ul>\n<li>Bel (ventral) ba\u011flant\u0131 noktas\u0131: tekli modda kullanmak i\u00e7in ini\u015f aleti veya konumland\u0131rma lanyard\u0131 ba\u011flant\u0131s\u0131<\/li>\n<li>Yan ba\u011flant\u0131 noktalar\u0131: \u00e7ift modda konumland\u0131rma lanyard\u0131 sabitlemek i\u00e7in<\/li>\n<li>Bel kemerinde bulunan arka ba\u011flant\u0131 noktas\u0131: s\u0131n\u0131rland\u0131r\u0131c\u0131 lanyard ba\u011flant\u0131s\u0131<\/li>\n<\/ul>\n<p><b>Sertifikalar:\u00a0<\/b>CE EN 358, CE EN 813, EAC<\/p>\n<p><b>Materyal:\u00a0<\/b>naylon, polyester, al\u00fcminyum, \u00e7elik<\/p>\n<div id=\"attachment_861\" class=\"wp-caption alignnone\"><a href=\"http:\/\/yuksekisler.com\/petzl\/wp-content\/uploads\/2019\/05\/Petzl_PRO_Emniyet_Kemeri_Tablosu.pdf\" target=\"_blank\" rel=\"noopener noreferrer\"><img loading=\"lazy\" decoding=\"async\" class=\"wp-image-861 size-medium\" src=\"http:\/\/yuksekisler.com\/petzl\/wp-content\/uploads\/2019\/05\/Petzl_PRO_Emniyet_Kemeri_Tablosu-180x300.jpg\" sizes=\"auto, (max-width: 180px) 100vw, 180px\" srcset=\"https:\/\/www.yuksekisler.com\/petzl\/wp-content\/uploads\/2019\/05\/Petzl_PRO_Emniyet_Kemeri_Tablosu-180x300.jpg 180w, https:\/\/www.yuksekisler.com\/petzl\/wp-content\/uploads\/2019\/05\/Petzl_PRO_Emniyet_Kemeri_Tablosu-768x1278.jpg 768w, https:\/\/www.yuksekisler.com\/petzl\/wp-content\/uploads\/2019\/05\/Petzl_PRO_Emniyet_Kemeri_Tablosu-615x1024.jpg 615w, https:\/\/www.yuksekisler.com\/petzl\/wp-content\/uploads\/2019\/05\/Petzl_PRO_Emniyet_Kemeri_Tablosu-112x187.jpg 112w, https:\/\/www.yuksekisler.com\/petzl\/wp-content\/uploads\/2019\/05\/Petzl_PRO_Emniyet_Kemeri_Tablosu-1170x1947.jpg 1170w, https:\/\/www.yuksekisler.com\/petzl\/wp-content\/uploads\/2019\/05\/Petzl_PRO_Emniyet_Kemeri_Tablosu-600x998.jpg 600w, https:\/\/www.yuksekisler.com\/petzl\/wp-content\/uploads\/2019\/05\/Petzl_PRO_Emniyet_Kemeri_Tablosu.jpg 2000w\" alt=\"Petzl_PRO_Emniyet_Kemeri_Tablosu\" width=\"180\" height=\"300\" aria-describedby=\"caption-attachment-861\" \/><\/a><\/p>\n<p id=\"caption-attachment-861\" class=\"wp-caption-text\">B\u00fcy\u00fctmek i\u00e7in t\u0131klay\u0131n\u0131z<\/p>\n<\/div>\n<h3><b>Referanslar:<\/b><\/h3>\n<table class=\"table table-striped\">\n<tbody>\n<tr>\n<td><strong>Referanslar<\/strong><\/td>\n<td><strong>C079AA00<\/strong><\/td>\n<td><strong>C079AA01<\/strong><\/td>\n<td><strong>C079AA02<\/strong><\/td>\n<td><strong>C079AA03<\/strong><\/td>\n<\/tr>\n<tr>\n<td><strong>Renkler<\/strong><\/td>\n<td>siyah\/sar\u0131<\/td>\n<td>siyah\/sar\u0131<\/td>\n<td>siyah<\/td>\n<td>siyah<\/td>\n<\/tr>\n<tr>\n<td><strong>Beden<\/strong><\/td>\n<td>1<\/td>\n<td>2<\/td>\n<td>1<\/td>\n<td>2<\/td>\n<\/tr>\n<tr>\n<td><strong>Bel kemeri<\/strong><\/td>\n<td>70-93 cm<\/td>\n<td>83-120 cm<\/td>\n<td>70-93 cm<\/td>\n<td>83-120 cm<\/td>\n<\/tr>\n<tr>\n<td><strong>Bacak halkalar\u0131<\/strong><\/td>\n<td>47-62 cm<\/td>\n<td>50-65 cm<\/td>\n<td>47-62 cm<\/td>\n<td>50-65 cm<\/td>\n<\/tr>\n<tr>\n<td><strong>A\u011f\u0131rl\u0131k<\/strong><\/td>\n<td>1175 g<\/td>\n<td>1190 g<\/td>\n<td>1175 g<\/td>\n<td>1190 g<\/td>\n<\/tr>\n<tr>\n<td><strong>Garanti<\/strong><\/td>\n<td>3 Y\u0131l<\/td>\n<td>3 Y\u0131l<\/td>\n<td>3 Y\u0131l<\/td>\n<td>3 Y\u0131l<\/td>\n<\/tr>\n<tr>\n<td><strong>Paket<\/strong><\/td>\n<td>1<\/td>\n<td>1<\/td>\n<td>1<\/td>\n<td>1<\/td>\n<\/tr>\n<\/tbody>\n<\/table>\n","protected":false},"excerpt":{"rendered":"<p>Ask\u0131 ve konumland\u0131rma i\u00e7in konforlu\u00a0alt emniyet kemeri. AVAO SIT ask\u0131 ve konumland\u0131rma kemeri\u00a0her ko\u015fulda y\u00fcksek konfor sa\u011flamas\u0131 i\u00e7in tasarlanm\u0131\u015ft\u0131r. Geni\u015f, yar\u0131 sert bel kemeri ve bacak halkalar\u0131 m\u00fckemmel destek sa\u011flar. Hafif ve nefes alabilir yap\u0131s\u0131 maksimum hava ak\u0131\u015f\u0131 sa\u011flar. Emniyet kemeri, CARITOOL malzeme karabinalar\u0131 ve TOOLBAG malzeme \u00e7antas\u0131 takmak i\u00e7in bulundurdu\u011fu malzeme halkalar\u0131 ve yuvalar [&hellip;]<\/p>\n","protected":false},"featured_media":1615,"comment_status":"open","ping_status":"closed","template":"","meta":[],"product_brand":[],"product_cat":[244],"product_tag":[],"class_list":{"0":"post-1614","1":"product","2":"type-product","3":"status-publish","4":"has-post-thumbnail","6":"product_cat-emniyet-kemerleri","8":"first","9":"instock","10":"shipping-taxable","11":"product-type-simple"},"acf":[],"_links":{"self":[{"href":"https:\/\/exzone.com.tr\/index.php\/wp-json\/wp\/v2\/product\/1614","targetHints":{"allow":["GET"]}}],"collection":[{"href":"https:\/\/exzone.com.tr\/index.php\/wp-json\/wp\/v2\/product"}],"about":[{"href":"https:\/\/exzone.com.tr\/index.php\/wp-json\/wp\/v2\/types\/product"}],"replies":[{"embeddable":true,"href":"https:\/\/exzone.com.tr\/index.php\/wp-json\/wp\/v2\/comments?post=1614"}],"wp:featuredmedia":[{"embeddable":true,"href":"https:\/\/exzone.com.tr\/index.php\/wp-json\/wp\/v2\/media\/1615"}],"wp:attachment":[{"href":"https:\/\/exzone.com.tr\/index.php\/wp-json\/wp\/v2\/media?parent=1614"}],"wp:term":[{"taxonomy":"product_brand","embeddable":true,"href":"https:\/\/exzone.com.tr\/index.php\/wp-json\/wp\/v2\/product_brand?post=1614"},{"taxonomy":"product_cat","embeddable":true,"href":"https:\/\/exzone.com.tr\/index.php\/wp-json\/wp\/v2\/product_cat?post=1614"},{"taxonomy":"product_tag","embeddable":true,"href":"https:\/\/exzone.com.tr\/index.php\/wp-json\/wp\/v2\/product_tag?post=1614"}],"curies":[{"name":"wp","href":"https:\/\/api.w.org\/{rel}","templated":true}]}}