{"id":1605,"date":"2023-01-11T02:05:08","date_gmt":"2023-01-10T23:05:08","guid":{"rendered":"https:\/\/exzone.com.tr\/?post_type=product&#038;p=1605"},"modified":"2025-02-25T18:18:32","modified_gmt":"2025-02-25T15:18:32","slug":"petzl-newton-easyfit-hi-viz-parasut-tipi-emniyet-kemeri","status":"publish","type":"product","link":"https:\/\/exzone.com.tr\/index.php\/urun\/petzl-newton-easyfit-hi-viz-parasut-tipi-emniyet-kemeri\/","title":{"rendered":"PETZL NEWTON EASYFIT HI-VIZ &#8211; Para\u015f\u00fct Tipi Emniyet Kemeri"},"content":{"rendered":"<p>Y\u00fcksek g\u00f6r\u00fcn\u00fcrl\u00fckl\u00fc yelekli, kolay giyilebilir d\u00fc\u015fme \u00f6nleyici emniyet kemeri<\/p>\n<p>NEWTON EASYFIT HI-VIZ d\u00fc\u015fme \u00f6nleyici emniyet kemeri fosforlu renkli ve yans\u0131t\u0131c\u0131 bantlar\u0131 ile \u00e7al\u0131\u015fan\u0131n g\u00f6r\u00fcn\u00fcrl\u00fc\u011f\u00fcn\u00fc artt\u0131r\u0131r. EASYFIT tasar\u0131m\u0131 sayesinde kolay giyilebilir. Yelek emniyet kemerinin \u015feklini korumas\u0131n\u0131 garanti eder ve FAST otomatik tokalar (G\u00f6\u011f\u00fcs (sternal) ve bacak halkalar\u0131) emniyet kemerinin iki ayak yere temas ederken giyilebilmesini sa\u011flar. MGO karabinalar\u0131n\u0131 ergonomik bir \u015fekilde ta\u015f\u0131ma imkan\u0131 sunar ve d\u00fc\u015fme g\u00f6stergelerine sahiptir. Kuzey Amerika, Avrupa ve Rusya standartlar\u0131na g\u00f6re onaylanm\u0131\u015ft\u0131r.<\/p>\n<p><iframe loading=\"lazy\" src=\"https:\/\/www.youtube.com\/embed\/i3FJSVcgZtk\" width=\"560\" height=\"315\" frameborder=\"0\" allowfullscreen=\"allowfullscreen\" data-mce-fragment=\"1\"><\/iframe><\/p>\n<p><b>Detayl\u0131 A\u00e7\u0131klama:<\/b><\/p>\n<p><b>Fosforlu renkli ve yans\u0131t\u0131c\u0131 bantlar\u0131 ile \u00e7al\u0131\u015fan\u0131n g\u00f6r\u00fcn\u00fcrl\u00fc\u011f\u00fcn\u00fc artt\u0131r\u0131r. \u00c7al\u0131\u015fan\u0131n yolda, \u015fantiyede veya end\u00fcstriyel b\u00f6lgelerde ayd\u0131nlatma ko\u015fullar\u0131ndan ba\u011f\u0131ms\u0131z olarak g\u00f6r\u00fcn\u00fcrl\u00fc\u011f\u00fcn\u00fc sa\u011flar.<\/b><\/p>\n<p><b>EASYFIT sayesinde h\u0131zl\u0131 giyilebilme:<\/b><\/p>\n<ul>\n<li>Yelek emniyet kemerinin \u015feklini korumas\u0131n\u0131 garanti eder<\/li>\n<li>AST otomatik tokalar (G\u00f6\u011f\u00fcs (sternal) ve bacak halkalar\u0131) emniyet kemerinin iki ayak yere temas ederken giyinebilmesini sa\u011flar. Bu tokalar emniyet kemerinin ayar\u0131n\u0131n s\u00fcrekli olarak sabit kalmas\u0131na olanak tan\u0131r<\/li>\n<\/ul>\n<p><b>\u0130\u015f g\u00fcn\u00fc boyunca konforlu:<\/b><\/p>\n<ul>\n<li>Anatomik tasar\u0131m v\u00fccuda m\u00fckemmel bir \u015fekilde otururken optimum hareket \u00f6zg\u00fcrl\u00fc\u011f\u00fc sa\u011flar<\/li>\n<li>Hafif, nefes alabilir yap\u0131<\/li>\n<\/ul>\n<p><b>Kolay kullan\u0131m:<\/b><\/p>\n<ul>\n<li>Omuz ask\u0131lar\u0131 ve bacak halkalar\u0131nda bulunan DOUBLEBACK otomatik kilitlenen tokalar h\u0131zl\u0131 ve basit ayarlanma sa\u011flar<\/li>\n<li>MGO karabinalar i\u00e7in her omuz ask\u0131s\u0131nda d\u00fc\u015fme \u00f6nleyici lanyardlardaki istifleme sistemi. Bir d\u00fc\u015f\u00fc\u015f an\u0131nda, bu sistem MGO karabinalar\u0131n\u0131 serbest b\u0131rakarak \u015fok emicilerin \u00e7al\u0131\u015fmas\u0131n\u0131 sa\u011flar<\/li>\n<li>G\u00f6\u011f\u00fcs (sternal) ve s\u0131rt (dorsal) ba\u011flant\u0131 noktalar\u0131nda d\u00fc\u015f\u00fc\u015f g\u00f6stergeleri. E\u011fer bir d\u00fc\u015f\u00fc\u015f sonras\u0131 d\u00fc\u015f\u00fc\u015f g\u00f6stergesi g\u00f6r\u00fcn\u00fcyorsa emniyet kemeri emekli edilmelidir<\/li>\n<li>\u0130ki malzeme ask\u0131s\u0131<\/li>\n<\/ul>\n<p><b>Sertifikalar:\u00a0<\/b>CE EN 361, EN ISO 20471, EAC, ANSI Z359.11, ANSI 107, CSA Z259.10, CSA Z96-15<\/p>\n<p><b>Materyal:\u00a0<\/b>naylon, polyester, al\u00fcminyum, \u00e7elik<\/p>\n<h3><b>Referanslar:<\/b><\/h3>\n<table class=\"table table-striped\">\n<tbody>\n<tr>\n<td><strong>Referanslar<\/strong><\/td>\n<td><strong>C73JFV 1U<\/strong><\/td>\n<td><strong>C73JFV 2U<\/strong><\/td>\n<\/tr>\n<tr>\n<td><strong>Renkler<\/strong><\/td>\n<td>Siyah\/fosforlu sar\u0131<\/td>\n<td>Siyah\/fosforlu sar\u0131<\/td>\n<\/tr>\n<tr>\n<td><strong>Beden<\/strong><\/td>\n<td>1<\/td>\n<td>2<\/td>\n<\/tr>\n<tr>\n<td><strong>Bel kemeri<\/strong><\/td>\n<td>70-93 cm<\/td>\n<td>83-120 cm<\/td>\n<\/tr>\n<tr>\n<td><strong>Bacak halkalar\u0131<\/strong><\/td>\n<td>47-62 cm<\/td>\n<td>50-65 cm<\/td>\n<\/tr>\n<tr>\n<td><strong>Boy<\/strong><\/td>\n<td>165-185 cm<\/td>\n<td>175-200 cm<\/td>\n<\/tr>\n<tr>\n<td><strong>A\u011f\u0131rl\u0131k<\/strong><\/td>\n<td>1360 g<\/td>\n<td>1410 g<\/td>\n<\/tr>\n<tr>\n<td><strong>Garanti<\/strong><\/td>\n<td>3 Y\u0131l<\/td>\n<td>3 Y\u0131l<\/td>\n<\/tr>\n<tr>\n<td><strong>Paket<\/strong><\/td>\n<td>1<\/td>\n<td>1<\/td>\n<\/tr>\n<\/tbody>\n<\/table>\n","protected":false},"excerpt":{"rendered":"<p>Y\u00fcksek g\u00f6r\u00fcn\u00fcrl\u00fckl\u00fc yelekli, kolay giyilebilir d\u00fc\u015fme \u00f6nleyici emniyet kemeri NEWTON EASYFIT HI-VIZ d\u00fc\u015fme \u00f6nleyici emniyet kemeri fosforlu renkli ve yans\u0131t\u0131c\u0131 bantlar\u0131 ile \u00e7al\u0131\u015fan\u0131n g\u00f6r\u00fcn\u00fcrl\u00fc\u011f\u00fcn\u00fc artt\u0131r\u0131r. EASYFIT tasar\u0131m\u0131 sayesinde kolay giyilebilir. Yelek emniyet kemerinin \u015feklini korumas\u0131n\u0131 garanti eder ve FAST otomatik tokalar (G\u00f6\u011f\u00fcs (sternal) ve bacak halkalar\u0131) emniyet kemerinin iki ayak yere temas ederken giyilebilmesini sa\u011flar. [&hellip;]<\/p>\n","protected":false},"featured_media":1606,"comment_status":"open","ping_status":"closed","template":"","meta":[],"product_brand":[],"product_cat":[244],"product_tag":[],"class_list":{"0":"post-1605","1":"product","2":"type-product","3":"status-publish","4":"has-post-thumbnail","6":"product_cat-emniyet-kemerleri","8":"first","9":"instock","10":"shipping-taxable","11":"product-type-simple"},"acf":[],"_links":{"self":[{"href":"https:\/\/exzone.com.tr\/index.php\/wp-json\/wp\/v2\/product\/1605","targetHints":{"allow":["GET"]}}],"collection":[{"href":"https:\/\/exzone.com.tr\/index.php\/wp-json\/wp\/v2\/product"}],"about":[{"href":"https:\/\/exzone.com.tr\/index.php\/wp-json\/wp\/v2\/types\/product"}],"replies":[{"embeddable":true,"href":"https:\/\/exzone.com.tr\/index.php\/wp-json\/wp\/v2\/comments?post=1605"}],"wp:featuredmedia":[{"embeddable":true,"href":"https:\/\/exzone.com.tr\/index.php\/wp-json\/wp\/v2\/media\/1606"}],"wp:attachment":[{"href":"https:\/\/exzone.com.tr\/index.php\/wp-json\/wp\/v2\/media?parent=1605"}],"wp:term":[{"taxonomy":"product_brand","embeddable":true,"href":"https:\/\/exzone.com.tr\/index.php\/wp-json\/wp\/v2\/product_brand?post=1605"},{"taxonomy":"product_cat","embeddable":true,"href":"https:\/\/exzone.com.tr\/index.php\/wp-json\/wp\/v2\/product_cat?post=1605"},{"taxonomy":"product_tag","embeddable":true,"href":"https:\/\/exzone.com.tr\/index.php\/wp-json\/wp\/v2\/product_tag?post=1605"}],"curies":[{"name":"wp","href":"https:\/\/api.w.org\/{rel}","templated":true}]}}