{"id":1602,"date":"2023-01-11T02:01:57","date_gmt":"2023-01-10T23:01:57","guid":{"rendered":"https:\/\/exzone.com.tr\/?post_type=product&#038;p=1602"},"modified":"2024-05-02T03:41:15","modified_gmt":"2024-05-02T00:41:15","slug":"petzl-newton-easyfit-emniyet-kemeri","status":"publish","type":"product","link":"https:\/\/exzone.com.tr\/index.php\/urun\/petzl-newton-easyfit-emniyet-kemeri\/","title":{"rendered":"PETZL Newton Easyfit Emniyet Kemeri"},"content":{"rendered":"<div>PETZL NEWTON EASYFIT\u00a0tam g\u00f6vde ko\u015fum; d\u00fc\u015fme \u00f6nleyici kemer EASYFIT tasar\u0131m sayesinde kolayl\u0131kla giyilebilir: yelek emniyet kemerinin \u015feklini korumas\u0131n\u0131 garanti eder ve FAST otomatik tokalar (G\u00f6\u011f\u00fcs (sternal) ve bacak halkalar\u0131) emniyet kemerinin iki ayak yere temas ederken giyilebilmesini sa\u011flar. Avrupa ve Rusya standartlar\u0131na g\u00f6re onaylanm\u0131\u015ft\u0131r.<\/div>\n<div><\/div>\n<div><iframe loading=\"lazy\" title=\"vimeo-player\" src=\"https:\/\/player.vimeo.com\/video\/193330870\" width=\"640\" height=\"360\" frameborder=\"0\" allowfullscreen=\"allowfullscreen\" data-mce-fragment=\"1\"><\/iframe><\/div>\n<div><\/div>\n<div>\n<p>EASYFIT sayesinde h\u0131zl\u0131 giyilebilme:<\/p>\n<ul>\n<li>Yelek emniyet kemerinin \u015feklini korumas\u0131n\u0131 garanti eder<\/li>\n<li>AST otomatik tokalar (G\u00f6\u011f\u00fcs (sternal) ve bacak halkalar\u0131) emniyet kemerinin iki ayak yere temas ederken giyilebilmesini sa\u011flar. Bu tokalar emniyet kemerinin ayar\u0131n\u0131n s\u00fcrekli olarak sabit kalmas\u0131na olanak tan\u0131r<\/li>\n<\/ul>\n<p>\u0130\u015f g\u00fcn\u00fc boyunca konforlu:<\/p>\n<ul>\n<li>Anatomik tasar\u0131m v\u00fccuda m\u00fckemmel bir \u015fekilde otururken optimum hareket \u00f6zg\u00fcrl\u00fc\u011f\u00fc sa\u011flar<\/li>\n<li>Hafif, nefes alabilir yap\u0131<\/li>\n<li>Dikey konumda inmek i\u00e7in LIFT ay\u0131r\u0131c\u0131 sabitlenmesine izin verir<\/li>\n<\/ul>\n<p>Kolay kullan\u0131m:<\/p>\n<ul>\n<li>Omuz ask\u0131lar\u0131 ve bacak halkalar\u0131nda bulunan DOUBLEBACK otomatik kilitlenen tokalar h\u0131zl\u0131 ve basit ayarlanma sa\u011flar<\/li>\n<li>\u0130ki malzeme ask\u0131s\u0131<\/li>\n<\/ul>\n<p>\u00d6zellikler:<\/p>\n<p>G\u00f6\u011f\u00fcs (sternal) ba\u011flant\u0131 noktas\u0131: d\u00fc\u015f\u00fc\u015f \u00f6nleyici sistem ba\u011flant\u0131s\u0131<\/p>\n<p>S\u0131rt (dorsal) ba\u011flant\u0131 noktas\u0131: d\u00fc\u015f\u00fc\u015f \u00f6nleyici sistem ba\u011flant\u0131s\u0131<\/p>\n<p>Sertifikalar:\u00a0CE EN 361, EAC<\/p>\n<p>Materyal:\u00a0naylon, polyester, al\u00fcminyum, \u00e7elik<\/p>\n<table class=\"table table-striped\">\n<tbody>\n<tr>\n<td><strong>Referanslar<\/strong><\/td>\n<td><strong>C73JFA 0<\/strong><\/td>\n<td><strong>C73JFA 1<\/strong><\/td>\n<td><strong>C73JFA 2<\/strong><\/td>\n<\/tr>\n<tr>\n<td><strong>Renkler<\/strong><\/td>\n<td>siyah\/sar\u0131<\/td>\n<td>siyah\/sar\u0131<\/td>\n<td>siyah\/sar\u0131<\/td>\n<\/tr>\n<tr>\n<td><strong>Beden<\/strong><\/td>\n<td>0<\/td>\n<td>1<\/td>\n<td>2<\/td>\n<\/tr>\n<tr>\n<td><strong>Bel kemeri<\/strong><\/td>\n<td>65-80 cm<\/td>\n<td>70-93 cm<\/td>\n<td>83-120 cm<\/td>\n<\/tr>\n<tr>\n<td><strong>Bacak halkalar\u0131<\/strong><\/td>\n<td>44-59 cm<\/td>\n<td>47-62 cm<\/td>\n<td>50-65 cm<\/td>\n<\/tr>\n<tr>\n<td><strong>Boy<\/strong><\/td>\n<td>160-180 cm<\/td>\n<td>165-185 cm<\/td>\n<td>175-200 cm<\/td>\n<\/tr>\n<tr>\n<td><strong>A\u011f\u0131rl\u0131k<\/strong><\/td>\n<td>1240 g<\/td>\n<td>1300 g<\/td>\n<td>1350 g<\/td>\n<\/tr>\n<tr>\n<td><strong>Garanti<\/strong><\/td>\n<td>3 Y\u0131l<\/td>\n<td>3 Y\u0131l<\/td>\n<td>3 Y\u0131l<\/td>\n<\/tr>\n<\/tbody>\n<\/table>\n<\/div>\n","protected":false},"excerpt":{"rendered":"<p>PETZL NEWTON EASYFIT\u00a0tam g\u00f6vde ko\u015fum; d\u00fc\u015fme \u00f6nleyici kemer EASYFIT tasar\u0131m sayesinde kolayl\u0131kla giyilebilir: yelek emniyet kemerinin \u015feklini korumas\u0131n\u0131 garanti eder ve FAST otomatik tokalar (G\u00f6\u011f\u00fcs (sternal) ve bacak halkalar\u0131) emniyet kemerinin iki ayak yere temas ederken giyilebilmesini sa\u011flar. Avrupa ve Rusya standartlar\u0131na g\u00f6re onaylanm\u0131\u015ft\u0131r. EASYFIT sayesinde h\u0131zl\u0131 giyilebilme: Yelek emniyet kemerinin \u015feklini korumas\u0131n\u0131 garanti eder [&hellip;]<\/p>\n","protected":false},"featured_media":1603,"comment_status":"open","ping_status":"closed","template":"","meta":[],"product_brand":[],"product_cat":[244],"product_tag":[],"class_list":{"0":"post-1602","1":"product","2":"type-product","3":"status-publish","4":"has-post-thumbnail","6":"product_cat-emniyet-kemerleri","8":"first","9":"instock","10":"shipping-taxable","11":"product-type-simple"},"acf":[],"_links":{"self":[{"href":"https:\/\/exzone.com.tr\/index.php\/wp-json\/wp\/v2\/product\/1602","targetHints":{"allow":["GET"]}}],"collection":[{"href":"https:\/\/exzone.com.tr\/index.php\/wp-json\/wp\/v2\/product"}],"about":[{"href":"https:\/\/exzone.com.tr\/index.php\/wp-json\/wp\/v2\/types\/product"}],"replies":[{"embeddable":true,"href":"https:\/\/exzone.com.tr\/index.php\/wp-json\/wp\/v2\/comments?post=1602"}],"wp:featuredmedia":[{"embeddable":true,"href":"https:\/\/exzone.com.tr\/index.php\/wp-json\/wp\/v2\/media\/1603"}],"wp:attachment":[{"href":"https:\/\/exzone.com.tr\/index.php\/wp-json\/wp\/v2\/media?parent=1602"}],"wp:term":[{"taxonomy":"product_brand","embeddable":true,"href":"https:\/\/exzone.com.tr\/index.php\/wp-json\/wp\/v2\/product_brand?post=1602"},{"taxonomy":"product_cat","embeddable":true,"href":"https:\/\/exzone.com.tr\/index.php\/wp-json\/wp\/v2\/product_cat?post=1602"},{"taxonomy":"product_tag","embeddable":true,"href":"https:\/\/exzone.com.tr\/index.php\/wp-json\/wp\/v2\/product_tag?post=1602"}],"curies":[{"name":"wp","href":"https:\/\/api.w.org\/{rel}","templated":true}]}}