{"id":1594,"date":"2023-01-11T01:59:33","date_gmt":"2023-01-10T22:59:33","guid":{"rendered":"https:\/\/exzone.com.tr\/?post_type=product&#038;p=1594"},"modified":"2024-05-02T03:41:14","modified_gmt":"2024-05-02T00:41:14","slug":"petzl-newton-easyfit-parasut-tipi-emniyet-kemeri-uluslararasi-versiyon","status":"publish","type":"product","link":"https:\/\/exzone.com.tr\/index.php\/urun\/petzl-newton-easyfit-parasut-tipi-emniyet-kemeri-uluslararasi-versiyon\/","title":{"rendered":"PETZL NEWTON EASYFIT \u2013 Para\u015f\u00fct Tipi Emniyet Kemeri \u2013 Uluslararas\u0131 Versiyon"},"content":{"rendered":"<p>Konforlu ve kolay giyilebilen d\u00fc\u015f\u00fc\u015f \u00f6nleyici emniyet kemeri<\/p>\n<p>NEWTON EASYFIT h\u0131zl\u0131ca giyilebilen, konforlu ve ergonomik bir d\u00fc\u015f\u00fc\u015f \u00f6nleyici kemerdir. Omuz ask\u0131lar\u0131 desteklidir ve bacak halkalar\u0131ndaki FAST LT PLUS otomatik tokalar\u0131 sayesinde iki ayak yere temas ederken \u00e7ok kolay bir \u015fekilde, yeniden ayarlama gerektirmeden giyilebilir. Hafif ve nefes alabilen tasar\u0131m\u0131na ek olarak, k\u00fc\u00e7\u00fck e\u015fyalar\u0131 saklamak i\u00e7in iki fermuarl\u0131 cep de sunar. TOOLBAG malzeme \u00e7antas\u0131 takmak i\u00e7in bulundurdu\u011fu yuvalar ve malzeme halkalar\u0131 ile ekipmanlara h\u0131zl\u0131 eri\u015fim sa\u011flar. Tekstil g\u00f6\u011f\u00fcs (sternal) ba\u011flant\u0131 noktas\u0131 ve metal s\u0131rt (dorsal) ba\u011flant\u0131 noktas\u0131, \u00e7ok y\u00f6nl\u00fcl\u00fck sa\u011flar. MGO ba\u011flant\u0131lar\u0131n\u0131n ergonomik bir \u015fekilde tak\u0131lmas\u0131n\u0131 sa\u011flar ve d\u00fc\u015f\u00fc\u015f g\u00f6stergelerine sahiptir. Kuzey Amerika, Avrupa ve Rusya standartlar\u0131na g\u00f6re onaylanm\u0131\u015ft\u0131r.<\/p>\n<p><b>Basit ve hafif tasar\u0131m:<\/b><\/p>\n<ul>\n<li>Anatomik tasar\u0131m v\u00fccuda m\u00fckemmel bir \u015fekilde otururken optimum hareket \u00f6zg\u00fcrl\u00fc\u011f\u00fc sa\u011flar<\/li>\n<li>Tekstil g\u00f6\u011f\u00fcs (sternal) ba\u011flant\u0131 noktas\u0131, hafif ve a\u015f\u0131nmaya dayan\u0131kl\u0131d\u0131r<\/li>\n<li>Daha fazla dayan\u0131kl\u0131l\u0131k i\u00e7in anodize al\u00fcminyum s\u0131rt ba\u011flant\u0131 noktas\u0131<\/li>\n<li>Kendili\u011finden kilitlenen d\u00fc\u015f\u00fc\u015f durdurma sistemi takmak i\u00e7in tekstil dorsal ba\u011flant\u0131 noktas\u0131<\/li>\n<li>Boyuna s\u00fcrt\u00fcnmeyi azaltmak i\u00e7in geni\u015f aral\u0131kl\u0131 omuz ask\u0131lar\u0131<\/li>\n<li>Dikey konumda inmek i\u00e7in LIFT ay\u0131r\u0131c\u0131 sabitlenebilir<\/li>\n<\/ul>\n<p><b>\u0130deal konfor:<\/b><\/p>\n<ul>\n<li>Hafif ve nefes alabilen yap\u0131, emniyet kemerinin \u015feklini korumas\u0131n\u0131 sa\u011flar<\/li>\n<li>K\u00fc\u00e7\u00fck e\u015fyalar\u0131 saklamak i\u00e7in emniyet kemerinin her iki yan\u0131nda birer tane olmak \u00fczere iki fermuarl\u0131 cep<\/li>\n<li>\u00c7\u0131kar\u0131labilir bacak halkas\u0131 dolgusu<\/li>\n<li>\u0130\u015f\u00e7inin h\u0131zl\u0131 ve kolayca tan\u0131nmas\u0131 i\u00e7in \u015feffaf alan<\/li>\n<\/ul>\n<p><b>H\u0131zl\u0131 giyilebilir ve kullan\u0131m\u0131 kolayd\u0131r<\/b><\/p>\n<ul>\n<li>Bacak halkalar\u0131nda ve g\u00f6\u011f\u00fcs ba\u011flant\u0131 noktas\u0131nra bulunan FAST LT PLUS tokalar sayesinde ayaklar yerdeyken giyilebilir. Tokalar tekrar ayarlama gerektirmeden eldivenle dahi h\u0131zl\u0131 ve basit bir \u015fekilde a\u00e7\u0131l\u0131p tak\u0131labilir. Tokan\u0131n kilit a\u00e7ma sistemi, tokan\u0131n kazara a\u00e7\u0131lma riskini azalt\u0131r<\/li>\n<li>Omuz ask\u0131lar\u0131nda bulunan DOUBLEBACK otomatik kilitlenen tokalar h\u0131zl\u0131 ve basit ayarlanma sa\u011flar<\/li>\n<li>Malzemelere kolay eri\u015febilmek amac\u0131yla TOOLBAG alet \u00e7antas\u0131 i\u00e7in iki yuva ve iki malzeme halkas\u0131<\/li>\n<\/ul>\n<ul>\n<li>D\u00fc\u015fme \u00f6nleyici lanyardlardaki MGO karabinalar i\u00e7in her omuz ask\u0131s\u0131nda yerle\u015ftirme sistemi. Bir d\u00fc\u015f\u00fc\u015f an\u0131nda, bu sistem MGO karabinalar\u0131 serbest b\u0131rakarak \u015fok emicilerin \u00e7al\u0131\u015fmas\u0131n\u0131 sa\u011flar<\/li>\n<\/ul>\n<p><strong><b>Uluslararas\u0131 versiyon d\u00fc\u015f\u00fc\u015f g\u00f6stergesine sahiptir; d\u00fc\u015f\u00fc\u015f sonras\u0131 s\u0131rt (dorsal) ya g\u00f6\u011f\u00fcs (sternal) ba\u011flant\u0131 noktas\u0131ndaki k\u0131rm\u0131z\u0131 perlon g\u00f6r\u00fcn\u00fcr oldu\u011funda emniyet kemeri emekli edilmelidir.<\/b><\/strong><\/p>\n<p><b>\u00d6zellikler:<\/b><\/p>\n<ul>\n<li>G\u00f6\u011f\u00fcs (sternal) ba\u011flant\u0131 noktas\u0131: d\u00fc\u015f\u00fc\u015f \u00f6nleyici sistem ba\u011flant\u0131s\u0131<\/li>\n<li>Metal s\u0131rt (dorsal) ba\u011flant\u0131 noktas\u0131: d\u00fc\u015f\u00fc\u015f \u00f6nleyici sistem ba\u011flant\u0131s\u0131<\/li>\n<li>Kendinden kilitlenen bir d\u00fc\u015f\u00fc\u015f durdurma sistemi takmak i\u00e7in tekstil s\u0131rt ba\u011flant\u0131 noktas\u0131<\/li>\n<\/ul>\n<p><b>Sertifikalar:\u00a0<\/b>CE EN 361, EAC, ANSI Z359.11, CSA Z259.10<\/p>\n<p><b>Materyal:\u00a0<\/b>naylon, polyester, al\u00fcminyum, \u00e7elik<\/p>\n<p><b>Referanslar:<\/b><\/p>\n<table class=\"table table-striped\">\n<tbody>\n<tr>\n<th><strong>Referanslar<\/strong><\/th>\n<th>C073FA00<\/th>\n<th>C073FA01<\/th>\n<th>C073FA02<\/th>\n<\/tr>\n<tr>\n<td><strong>Renkler<\/strong><\/td>\n<td>siyah\/sar\u0131<\/td>\n<td>siyah\/sar\u0131<\/td>\n<td>siyah\/sar\u0131<\/td>\n<\/tr>\n<tr>\n<td><strong>Beden<\/strong><\/td>\n<td>0<\/td>\n<td>1<\/td>\n<td>2<\/td>\n<\/tr>\n<tr>\n<td><strong>Bel kemeri<\/strong><\/td>\n<td>65-80 cm<\/td>\n<td>70-93 cm<\/td>\n<td>83-120 cm<\/td>\n<\/tr>\n<tr>\n<td><strong>Bacak halkalar\u0131<\/strong><\/td>\n<td>44-59 cm<\/td>\n<td>47-62 cm<\/td>\n<td>50-65 cm<\/td>\n<\/tr>\n<tr>\n<td><strong>Boy<\/strong><\/td>\n<td>160-180 cm<\/td>\n<td>165-185 cm<\/td>\n<td>175-200 cm<\/td>\n<\/tr>\n<tr>\n<td><strong>A\u011f\u0131rl\u0131k<\/strong><\/td>\n<td>1655 g<\/td>\n<td>1715 g<\/td>\n<td>1765 g<\/td>\n<\/tr>\n<tr>\n<td><strong>Garanti<\/strong><\/td>\n<td>3 Y\u0131l<\/td>\n<td>3 Y\u0131l<\/td>\n<td>3 Y\u0131l<\/td>\n<\/tr>\n<tr>\n<td><strong>Paket<\/strong><\/td>\n<td>1<\/td>\n<td>1<\/td>\n<td>1<\/td>\n<\/tr>\n<\/tbody>\n<\/table>\n","protected":false},"excerpt":{"rendered":"<p>Konforlu ve kolay giyilebilen d\u00fc\u015f\u00fc\u015f \u00f6nleyici emniyet kemeri NEWTON EASYFIT h\u0131zl\u0131ca giyilebilen, konforlu ve ergonomik bir d\u00fc\u015f\u00fc\u015f \u00f6nleyici kemerdir. Omuz ask\u0131lar\u0131 desteklidir ve bacak halkalar\u0131ndaki FAST LT PLUS otomatik tokalar\u0131 sayesinde iki ayak yere temas ederken \u00e7ok kolay bir \u015fekilde, yeniden ayarlama gerektirmeden giyilebilir. Hafif ve nefes alabilen tasar\u0131m\u0131na ek olarak, k\u00fc\u00e7\u00fck e\u015fyalar\u0131 saklamak i\u00e7in [&hellip;]<\/p>\n","protected":false},"featured_media":1595,"comment_status":"open","ping_status":"closed","template":"","meta":[],"product_brand":[],"product_cat":[244],"product_tag":[],"class_list":{"0":"post-1594","1":"product","2":"type-product","3":"status-publish","4":"has-post-thumbnail","6":"product_cat-emniyet-kemerleri","8":"first","9":"instock","10":"shipping-taxable","11":"product-type-simple"},"acf":[],"_links":{"self":[{"href":"https:\/\/exzone.com.tr\/index.php\/wp-json\/wp\/v2\/product\/1594","targetHints":{"allow":["GET"]}}],"collection":[{"href":"https:\/\/exzone.com.tr\/index.php\/wp-json\/wp\/v2\/product"}],"about":[{"href":"https:\/\/exzone.com.tr\/index.php\/wp-json\/wp\/v2\/types\/product"}],"replies":[{"embeddable":true,"href":"https:\/\/exzone.com.tr\/index.php\/wp-json\/wp\/v2\/comments?post=1594"}],"wp:featuredmedia":[{"embeddable":true,"href":"https:\/\/exzone.com.tr\/index.php\/wp-json\/wp\/v2\/media\/1595"}],"wp:attachment":[{"href":"https:\/\/exzone.com.tr\/index.php\/wp-json\/wp\/v2\/media?parent=1594"}],"wp:term":[{"taxonomy":"product_brand","embeddable":true,"href":"https:\/\/exzone.com.tr\/index.php\/wp-json\/wp\/v2\/product_brand?post=1594"},{"taxonomy":"product_cat","embeddable":true,"href":"https:\/\/exzone.com.tr\/index.php\/wp-json\/wp\/v2\/product_cat?post=1594"},{"taxonomy":"product_tag","embeddable":true,"href":"https:\/\/exzone.com.tr\/index.php\/wp-json\/wp\/v2\/product_tag?post=1594"}],"curies":[{"name":"wp","href":"https:\/\/api.w.org\/{rel}","templated":true}]}}