{"id":1581,"date":"2023-01-11T01:54:36","date_gmt":"2023-01-10T22:54:36","guid":{"rendered":"https:\/\/exzone.com.tr\/?post_type=product&#038;p=1581"},"modified":"2024-05-02T03:41:14","modified_gmt":"2024-05-02T00:41:14","slug":"petzl-volt-wind-avrupa-versiyonu","status":"publish","type":"product","link":"https:\/\/exzone.com.tr\/index.php\/urun\/petzl-volt-wind-avrupa-versiyonu\/","title":{"rendered":"PETZL VOLT WIND &#8211; Avrupa Versiyonu"},"content":{"rendered":"<p>R\u00fczgar enerjisi end\u00fcstrisi i\u00e7in tasarlanm\u0131\u015f ray veya kablo \u00fczerinde dikey ilerlemeye uygun ba\u011flant\u0131 noktas\u0131 olan d\u00fc\u015fme \u00f6nleyici konumlanma emniyet kemeri<\/p>\n<p>VOLT WIND d\u00fc\u015fme \u00f6nleyici konumlanma emniyet kemeri FAST LT PLUS ve FAST LT otomatik tokalar\u0131 sayesinde iki ayak yere temas ederken \u00e7ok kolay bir \u015fekilde giyilebilir. Geni\u015f, yar\u0131-sert bel ve bacak perlonlar\u0131 m\u00fckemmel destek sa\u011flar.\u00a0Hafif ve nefes alabilen tasar\u0131m\u0131 hava ak\u0131\u015f\u0131n\u0131 maksimuma \u00e7\u0131kar\u0131r. LADDER CLIMB ba\u011flant\u0131 noktas\u0131 d\u00fc\u015fme \u00f6nleyici troleyin g\u00f6bek \u00fczerindeki (ventral) ba\u011flant\u0131 noktas\u0131na ba\u011flanmas\u0131na imkan vererek ilerleme s\u0131ras\u0131nda ideal konfor sa\u011flar. R\u00fczgar t\u00fcrbini kulesi i\u00e7inde hareket ederken a\u015f\u0131nmay\u0131 azaltmak i\u00e7in bel kemeri \u00fczerinde ve s\u0131rt (dorsal) noktas\u0131n\u0131n alt\u0131nda a\u015f\u0131nma koruyucular\u0131 vard\u0131r. Avrupa ve Rusya standartlar\u0131na g\u00f6re sertifikaland\u0131r\u0131lm\u0131\u015ft\u0131r.<\/p>\n<p><iframe loading=\"lazy\" src=\"https:\/\/www.youtube.com\/embed\/kUqJA88RVmU\" width=\"560\" height=\"315\" frameborder=\"0\" allowfullscreen=\"allowfullscreen\" data-mce-fragment=\"1\"><\/iframe><\/p>\n<p><b>R\u00fczgar t\u00fcrbini kulesi i\u00e7inde hareket ederken a\u015f\u0131nmay\u0131 s\u0131n\u0131rlamak i\u00e7in bel kemeri \u00fczerinde ve s\u0131rt noktas\u0131n\u0131n alt\u0131nda a\u015f\u0131nma koruyucular\u0131 vard\u0131r.<\/b><\/p>\n<p><b>H\u0131zl\u0131 ve kolay giyilebilme:<\/b><\/p>\n<ul>\n<li>&#8211; Bel kemerinde bulunan FAST LT PLUS otomatik tokalar emniyet kemerinin iki ayak yere temas ederken eldivenle bile giyilebilmesini sa\u011flar. Bu tokalar emniyet kemerinin ayar\u0131n\u0131n s\u00fcrekli olarak sabit kalmas\u0131na olanak tan\u0131r<\/li>\n<li>&#8211; Bacak halkalar\u0131nda bulunan FAST otomatik tokalar, emniyet kemerinin ayaklar yere basarken kolayca giyilebilmesine olanak tan\u0131r. Bu tokalar kullan\u0131mlar aras\u0131nda ayar\u0131n korunmas\u0131n\u0131 sa\u011flar.<\/li>\n<li>&#8211; Omuz ask\u0131lar\u0131 ve bacak halkalar\u0131nda bulunan DOUBLEBACK otomatik kilitlenen tokalar h\u0131zl\u0131 ve basit ayarlama sa\u011flar<\/li>\n<li>&#8211; M\u00fckemmel konumlanma i\u00e7in bacak halkas\u0131 dolgular\u0131 ayarlanabilir<\/li>\n<\/ul>\n<p><b>\u0130\u015f g\u00fcn\u00fc boyunca konforlu:<\/b><\/p>\n<ul>\n<li>&#8211; Geni\u015f, yar\u0131-sert bel ve bacak perlonlar\u0131 m\u00fckemmel destek sa\u011flar. Hafif ve nefes alabilen tasar\u0131m\u0131 hava ak\u0131\u015f\u0131n\u0131 maksimuma \u00e7\u0131kar\u0131r.<\/li>\n<li>&#8211; Destekli omuz perlonlar\u0131 boyuna s\u00fcrt\u00fcnmemeleri i\u00e7in geni\u015f bir aral\u0131kla yerle\u015ftirilmi\u015ftir. G\u00f6\u011f\u00fcs kemerinin \u00fczerine y\u00fck bindi\u011finde, y\u00fck\u00fcn omuzlara da\u011f\u0131t\u0131lmas\u0131na yard\u0131mc\u0131 olurlar<\/li>\n<li>&#8211; LADDER CLIMB g\u00f6bek \u00fczerindeki (ventral) ba\u011flant\u0131 noktas\u0131 her t\u00fcrl\u00fc kullan\u0131m amac\u0131na adapte olur (ilerleme, konumlanma ve nadiren ask\u0131da kalma), lanyard\u0131n, ini\u015f aletinin veya d\u00fc\u015fme durdurma sistemi troleyinin ba\u011flanmas\u0131na olanak verir. Kablo veya ray \u00fcst\u00fcnde dikey ilerleme i\u00e7in, LADDER CLIMB ba\u011flant\u0131 noktas\u0131 d\u00fc\u015fme durdurma sistemi troleyinin g\u00f6bek (ventral) ba\u011flant\u0131 noktas\u0131na ba\u011flanmas\u0131n\u0131 ve y\u00fck\u00fcn bel kemerine da\u011f\u0131t\u0131larak\u00a0 optimum konfor elde edilmesini sa\u011flar. D\u00fc\u015f\u00fc\u015f an\u0131nda bu ba\u011flant\u0131 noktas\u0131 otomatik olarak\u00a0 g\u00f6\u011f\u00fcse do\u011fru hareket ederek d\u00fc\u015f\u00fc\u015f sonras\u0131nda v\u00fccudun dik konumda kalmas\u0131n\u0131 sa\u011flar.<\/li>\n<\/ul>\n<p><b>Kolay kullan\u0131m:<\/b><\/p>\n<ul>\n<li>&#8211; Yan ba\u011flant\u0131 noktalar\u0131 katlanabilir, b\u00f6ylece kullan\u0131lmazken etrafa tak\u0131lmazlar<\/li>\n<li>&#8211; D\u00fc\u015fme \u00f6nleyici lanyardlardaki MGO karabinalar i\u00e7in her omuz ask\u0131s\u0131nda yerle\u015ftirme sistemi. Bir d\u00fc\u015f\u00fc\u015f an\u0131nda, bu sistem MGO karabinalar\u0131 serbest b\u0131rakarak \u015fok emicilerin \u00e7al\u0131\u015fmas\u0131n\u0131 sa\u011flar<\/li>\n<li>&#8211; Malzeme ask\u0131lar\u0131, CARITOOL malzeme karabinas\u0131 i\u00e7in yuvalar ve TOOLBAG malzeme \u00e7antas\u0131 i\u00e7in yuvalar ekipmanlar\u0131n kolay bir \u015fekilde organize edilmesine olanak tan\u0131r<\/li>\n<\/ul>\n<p><b>\u00d6zellikler:<\/b><\/p>\n<ul>\n<li>LADDER CLIMB g\u00f6bek ba\u011flant\u0131 noktas\u0131: tekli kullan\u0131mda konumlanma lanyard\u0131, ini\u015f aleti veya d\u00fc\u015f\u00fc\u015f durdurma troleyinin ba\u011flanmas\u0131 i\u00e7in<\/li>\n<li>Yan ba\u011flant\u0131 noktalar\u0131: \u00e7ift modda konumlanma lanyard\u0131n\u0131 takmak i\u00e7in<\/li>\n<li>G\u00f6\u011f\u00fcs (sternal) ba\u011flant\u0131 noktas\u0131: d\u00fc\u015f\u00fc\u015f \u00f6nleyici sistemin ba\u011flanmas\u0131 i\u00e7in<\/li>\n<li>S\u0131rt (dorsal) ba\u011flant\u0131 noktas\u0131: d\u00fc\u015f\u00fc\u015f \u00f6nleyici sistemin ba\u011flanmas\u0131 i\u00e7in<\/li>\n<li>Bel kemerinde bulunan arka ba\u011flant\u0131 noktas\u0131: s\u0131n\u0131rland\u0131r\u0131c\u0131 lanyard\u0131n ba\u011flanmas\u0131 i\u00e7in<\/li>\n<\/ul>\n<p><b>Sertifikalar:<\/b>\u00a0CE EN 361, CE EN 358, CE EN 813, EAC<\/p>\n<p><b>Materyal:\u00a0<\/b>Naylon, Polyester, al\u00fcminyum, \u00e7elik<\/p>\n<h3><\/h3>\n<table class=\"table table-striped\">\n<tbody>\n<tr>\n<th><strong>Referanslar<\/strong><\/th>\n<th>C072BA00<\/th>\n<th>C072BA01<\/th>\n<th>C072BA02<\/th>\n<\/tr>\n<tr>\n<td>Renkler<\/td>\n<td>siyah\/sar\u0131<\/td>\n<td>siyah\/sar\u0131<\/td>\n<td>siyah\/sar\u0131<\/td>\n<\/tr>\n<tr>\n<td>Beden<\/td>\n<td>0<\/td>\n<td>1<\/td>\n<td>2<\/td>\n<\/tr>\n<tr>\n<td>Bel kemeri<\/td>\n<td>65-80 cm<\/td>\n<td>70-93 cm<\/td>\n<td>83-120 cm<\/td>\n<\/tr>\n<tr>\n<td>Bacak Halkalar\u0131<\/td>\n<td>44-59 cm<\/td>\n<td>47-62 cm<\/td>\n<td>50-65 cm<\/td>\n<\/tr>\n<tr>\n<td>Boy<\/td>\n<td>160-180 cm<\/td>\n<td>165-185 cm<\/td>\n<td>175-200 cm<\/td>\n<\/tr>\n<tr>\n<td>A\u011f\u0131rl\u0131k<\/td>\n<td>2150 g<\/td>\n<td>2200 g<\/td>\n<td>2280 g<\/td>\n<\/tr>\n<tr>\n<td>Garanti<\/td>\n<td>3 y\u0131l<\/td>\n<td>3 y\u0131l<\/td>\n<td>3 y\u0131l<\/td>\n<\/tr>\n<tr>\n<td>Paket<\/td>\n<td>1<\/td>\n<td>1<\/td>\n<td>1<\/td>\n<\/tr>\n<\/tbody>\n<\/table>\n","protected":false},"excerpt":{"rendered":"<p>R\u00fczgar enerjisi end\u00fcstrisi i\u00e7in tasarlanm\u0131\u015f ray veya kablo \u00fczerinde dikey ilerlemeye uygun ba\u011flant\u0131 noktas\u0131 olan d\u00fc\u015fme \u00f6nleyici konumlanma emniyet kemeri VOLT WIND d\u00fc\u015fme \u00f6nleyici konumlanma emniyet kemeri FAST LT PLUS ve FAST LT otomatik tokalar\u0131 sayesinde iki ayak yere temas ederken \u00e7ok kolay bir \u015fekilde giyilebilir. Geni\u015f, yar\u0131-sert bel ve bacak perlonlar\u0131 m\u00fckemmel destek sa\u011flar.\u00a0Hafif [&hellip;]<\/p>\n","protected":false},"featured_media":1582,"comment_status":"open","ping_status":"closed","template":"","meta":[],"product_brand":[],"product_cat":[244],"product_tag":[],"class_list":{"0":"post-1581","1":"product","2":"type-product","3":"status-publish","4":"has-post-thumbnail","6":"product_cat-emniyet-kemerleri","8":"first","9":"instock","10":"shipping-taxable","11":"product-type-simple"},"acf":[],"_links":{"self":[{"href":"https:\/\/exzone.com.tr\/index.php\/wp-json\/wp\/v2\/product\/1581","targetHints":{"allow":["GET"]}}],"collection":[{"href":"https:\/\/exzone.com.tr\/index.php\/wp-json\/wp\/v2\/product"}],"about":[{"href":"https:\/\/exzone.com.tr\/index.php\/wp-json\/wp\/v2\/types\/product"}],"replies":[{"embeddable":true,"href":"https:\/\/exzone.com.tr\/index.php\/wp-json\/wp\/v2\/comments?post=1581"}],"wp:featuredmedia":[{"embeddable":true,"href":"https:\/\/exzone.com.tr\/index.php\/wp-json\/wp\/v2\/media\/1582"}],"wp:attachment":[{"href":"https:\/\/exzone.com.tr\/index.php\/wp-json\/wp\/v2\/media?parent=1581"}],"wp:term":[{"taxonomy":"product_brand","embeddable":true,"href":"https:\/\/exzone.com.tr\/index.php\/wp-json\/wp\/v2\/product_brand?post=1581"},{"taxonomy":"product_cat","embeddable":true,"href":"https:\/\/exzone.com.tr\/index.php\/wp-json\/wp\/v2\/product_cat?post=1581"},{"taxonomy":"product_tag","embeddable":true,"href":"https:\/\/exzone.com.tr\/index.php\/wp-json\/wp\/v2\/product_tag?post=1581"}],"curies":[{"name":"wp","href":"https:\/\/api.w.org\/{rel}","templated":true}]}}