{"id":1547,"date":"2023-01-11T01:45:13","date_gmt":"2023-01-10T22:45:13","guid":{"rendered":"https:\/\/exzone.com.tr\/?post_type=product&#038;p=1547"},"modified":"2024-05-02T03:41:14","modified_gmt":"2024-05-02T00:41:14","slug":"petzl-astro-bod-fast-iple-erisim-emniyet-kemeri-uluslararasi-versiyon","status":"publish","type":"product","link":"https:\/\/exzone.com.tr\/index.php\/urun\/petzl-astro-bod-fast-iple-erisim-emniyet-kemeri-uluslararasi-versiyon\/","title":{"rendered":"PETZL ASTRO BOD FAST \u0130ple Eri\u015fim Emniyet Kemeri \u2013 Uluslararas\u0131 Versiyon"},"content":{"rendered":"<p>Ultra konforlu iple eri\u015fim emniyet kemeri<\/p>\n<p>Kemere entegre edilmi\u015f CROLL L g\u00f6\u011f\u00fcs jumar\u0131 ile ASTRO BOD FAST emniyet kemeri iple eri\u015fimde y\u00fcksek verimlilik ve konfor i\u00e7in tasarlanm\u0131\u015ft\u0131r. A\u00e7\u0131labilir bel ba\u011flant\u0131 noktas\u0131 (ventral) ekipman\u0131n (jumar, lanyard, oturak\u2026) optimum entegrasyonunu sa\u011flar. Geni\u015f ve yar\u0131 sert bel kemeri ve bacak halkalar\u0131 m\u00fckemmel destek sa\u011flar. Bel kemeri ve bacak halkalar\u0131 kont\u00fcrl\u00fcd\u00fcr ve nefes alabilir dolgular sayesinde ask\u0131dayken maksimum konfor sa\u011flar. Emniyet kemerinin arkas\u0131nda, bel kemeri ve bacak halkalar\u0131n\u0131n aras\u0131nda\u00a0 bulunan DOUBLEBACK kendinden kilitlenen tokalar sayesinde s\u0131rt ba\u011flant\u0131s\u0131 kullan\u0131ld\u0131\u011f\u0131nda uzunluk k\u0131sa olarak ayarlanabilir. \u00c7oklu ekipman halkalar\u0131, CARITOOL malzeme karabinas\u0131 ve TOOLBAG malzeme \u00e7antas\u0131 ile emniyet kemeri \u00e7al\u0131\u015fma aletlerinin ta\u015f\u0131nmas\u0131n\u0131 ve d\u00fczenlenmesini kolayla\u015ft\u0131r\u0131r. Emniyet kemeri, s\u0131rt (dorsal) noktas\u0131na entegre edilmi\u015f d\u00fc\u015f\u00fc\u015f g\u00f6stergesine sahiptir ve Kuzey Amerika ve Avrupa standartlar\u0131na uygundur. ASTRO BOD FAST uluslararas\u0131 versiyonunda, bacak halkalar\u0131nda FAST otomatik tokalarla bulunur.<\/p>\n<p><iframe loading=\"lazy\" src=\"https:\/\/www.youtube.com\/embed\/rJI6ZcG2M5s\" width=\"560\" height=\"315\" frameborder=\"0\" allowfullscreen=\"allowfullscreen\" data-mce-fragment=\"1\"><\/iframe><\/p>\n<p><b>Detayl\u0131 A\u00e7\u0131klama:<\/b><\/p>\n<p><b>A\u00e7\u0131labilir bel (Ventral) ba\u011flant\u0131 noktas\u0131 a\u00e7\u0131larak optimum ekipman entegrasyonu sa\u011flar:<\/b><\/p>\n<p>&nbsp;<\/p>\n<ul>\n<li>&#8211; \u0130ple eri\u015fimde daha y\u00fcksek verimlilik i\u00e7in CROLL g\u00f6\u011f\u00fcs jumar\u0131n\u0131n bel (ventral) ba\u011flant\u0131 noktas\u0131na ba\u011flanmas\u0131<\/li>\n<li>&#8211; PROGRESS lanyardlar\u0131n bir ba\u011flant\u0131 arac\u0131na ihtiya\u00e7 duymadan do\u011frudan ba\u011flant\u0131 noktas\u0131na ba\u011flanmas\u0131<\/li>\n<li>&#8211; PODIUM otura\u011f\u0131n ba\u011flant\u0131 noktas\u0131na ba\u011flanmas\u0131, bel (ventral) ba\u011flant\u0131 noktas\u0131n\u0131n hareketlili\u011fini garanti ederken, y\u00fck\u00fcn direkt olarak ini\u015f aleti taraf\u0131ndan desteklenmesini sa\u011flar<\/li>\n<\/ul>\n<p><b>Ultra konforlu tasar\u0131m:<\/b><\/p>\n<ul>\n<li>&#8211; Geni\u015f ve yar\u0131 sert bel kemeri ve bacak halkalar\u0131 m\u00fckemmel destek sa\u011flar, nefes alabilir dolgular sayesinde ask\u0131dayken maksimum konfor sa\u011flar<\/li>\n<li>&#8211; K\u00f6p\u00fck dolgu omuz ask\u0131lar\u0131n\u0131n birbirinden uzakla\u015ft\u0131r\u0131lmas\u0131yla omuz tahri\u015fini azalt\u0131r. Bel kemerine binen y\u00fck\u00fcn omuzlara da\u011f\u0131t\u0131lmas\u0131na yard\u0131mc\u0131 olur<\/li>\n<li>&#8211; Metal yan sabitleme noktalar\u0131 ekipman\u0131n kolay bir \u015fekilde ba\u011flanmas\u0131n\u0131 sa\u011flar ve kullan\u0131lm\u0131yorken katlanarak tak\u0131lmalar\u0131n \u00f6n\u00fcne ge\u00e7er<\/li>\n<\/ul>\n<p><b>Kolay ayarlama:<\/b><\/p>\n<ul>\n<li>&#8211; Bel kemerinde ve omuz ask\u0131lar\u0131nda bulunan DOUBLEBACK PLUS tokalar ile h\u0131zl\u0131 ve kolay ayarlanabilir<\/li>\n<li>&#8211; Bacak ve omuz halkalar\u0131nda bulunan FAST otomatik tokalar ile ayarlama gerektirmeden eldivenle dahi\u00a0 h\u0131zl\u0131 bir \u015fekilde a\u00e7ma ve ba\u011flanma olana\u011f\u0131 sa\u011flar<\/li>\n<li>&#8211; Emniyet kemerinin arkas\u0131nda, bacak halkalar\u0131 ve bel kemeri aras\u0131nda bulunan DOUBLEBACK otomatik kilitlenen tokalar s\u0131rt (dorsal) ba\u011flant\u0131 noktas\u0131 i\u00e7in ayarlama yap\u0131labilmesini sa\u011flar.\u00a0Daha k\u0131sa bir ayarlama, d\u00fc\u015f\u00fc\u015f durumunda y\u00fck\u00fcn bacak halkalar\u0131ndan\u00a0 al\u0131nmas\u0131n\u0131 sa\u011flar, b\u00f6ylece kullan\u0131c\u0131 kurtar\u0131lmay\u0131 beklerken ask\u0131da daha konforlu bir \u015fekilde kalabilir.<\/li>\n<\/ul>\n<p><b>Ekipman\u0131n ta\u015f\u0131nmas\u0131n\u0131 ve d\u00fczenlenmesini kolayla\u015ft\u0131r\u0131r:<\/b><\/p>\n<ul>\n<li>&#8211; 6 adet \u015fekillendirilmi\u015f ve koruyucu katman kapl\u0131 malzeme ask\u0131s\u0131<\/li>\n<li>&#8211; CARITOOL malzeme karabinas\u0131 tak\u0131lmas\u0131 i\u00e7in 2 yuva<\/li>\n<li>&#8211; TOOLBAG malzeme \u00e7antas\u0131 tak\u0131lmas\u0131 i\u00e7in 2 yuva<\/li>\n<\/ul>\n<p><b>Uluslararas\u0131 versiyon d\u00fc\u015f\u00fc\u015f g\u00f6stergesine sahiptir; d\u00fc\u015f\u00fc\u015f sonras\u0131 s\u0131rt (dorsal) ba\u011flant\u0131 noktas\u0131ndaki k\u0131rm\u0131z\u0131 perlon g\u00f6r\u00fcn\u00fcr oldu\u011funda emniyet kemeri emekli edilmelidir.<\/b><\/p>\n<p><b>\u00d6zellikler:<\/b><\/p>\n<ul>\n<li>Bel (Ventral) ba\u011flant\u0131 noktas\u0131: \u0130ni\u015f aleti ba\u011flant\u0131s\u0131, tekli modda kullan\u0131m i\u00e7in konumland\u0131rma lanyard\u0131, ilerleme lanyard\u0131 ve oturak<\/li>\n<li>Konumlanma halkalar\u0131: \u00c7ift modda kullan\u0131m i\u00e7in konumland\u0131rma lanyard\u0131 ba\u011flant\u0131s\u0131<\/li>\n<li>G\u00f6\u011f\u00fcs (Sternal) ba\u011flant\u0131 noktas\u0131: d\u00fc\u015fme \u00f6nleme sistem ba\u011flant\u0131s\u0131<\/li>\n<li>S\u0131rt (Dorsal) ba\u011flant\u0131 noktas\u0131: d\u00fc\u015fme \u00f6nleme sistem ba\u011flant\u0131s\u0131<\/li>\n<li>Bel kemerinde bulunan arka ba\u011flant\u0131 noktas\u0131: s\u0131n\u0131rland\u0131r\u0131c\u0131 lanyard ba\u011flant\u0131s\u0131<\/li>\n<\/ul>\n<p><b>Sertifikalar<\/b>: ANSI Z359.11, NFPA 1983 classe III, CSA Z259.10, CE EN 361, CE EN 358, CE EN 813, CE EN 12841 type B<\/p>\n<p><b>Materyal<\/b>: Naylon, Polyester, al\u00fcminyum, \u00e7elik<\/p>\n<h3><b>Referanslar:<\/b><\/h3>\n<table class=\"table table-striped\">\n<tbody>\n<tr>\n<td><strong>Referanslar<\/strong><\/td>\n<td><strong>C083BA00<\/strong><\/td>\n<td><strong>C083BA01<\/strong><\/td>\n<td><strong>C083BA02<\/strong><\/td>\n<td><strong>C083BA03<\/strong><\/td>\n<td><strong>C083BA04<\/strong><\/td>\n<td><strong>C083BA05<\/strong><\/td>\n<\/tr>\n<tr>\n<td><strong>Renkler<\/strong><\/td>\n<td>siyah\/sar\u0131<\/td>\n<td>siyah\/sar\u0131<\/td>\n<td>siyah\/sar\u0131<\/td>\n<td>siyah<\/td>\n<td>siyah<\/td>\n<td>siyah<\/td>\n<\/tr>\n<tr>\n<td><strong>Beden<\/strong><\/td>\n<td>0<\/td>\n<td>1<\/td>\n<td>2<\/td>\n<td>0<\/td>\n<td>1<\/td>\n<td>2<\/td>\n<\/tr>\n<tr>\n<td><strong>Bel kemeri<\/strong><\/td>\n<td>65-80 cm<\/td>\n<td>70-93 cm<\/td>\n<td>83-120 cm<\/td>\n<td>65-80 cm<\/td>\n<td>70-93 cm<\/td>\n<td>83-120 cm<\/td>\n<\/tr>\n<tr>\n<td><strong>Bacak halkalar\u0131<\/strong><\/td>\n<td>44-59 cm<\/td>\n<td>47-62 cm<\/td>\n<td>50-65 cm<\/td>\n<td>44-59 cm<\/td>\n<td>47-62 cm<\/td>\n<td>50-65 cm<\/td>\n<\/tr>\n<tr>\n<td><strong>Boy<\/strong><\/td>\n<td>160-180 cm<\/td>\n<td>165-185 cm<\/td>\n<td>175-200 cm<\/td>\n<td>160-180 cm<\/td>\n<td>165-185 cm<\/td>\n<td>175-200 cm<\/td>\n<\/tr>\n<tr>\n<td><strong>A\u011f\u0131rl\u0131k<\/strong><\/td>\n<td>2480 g<\/td>\n<td>2530 g<\/td>\n<td>2620 g<\/td>\n<td>2480 g<\/td>\n<td>2530 g<\/td>\n<td>2620 g<\/td>\n<\/tr>\n<tr>\n<td><strong>Garanti<\/strong><\/td>\n<td>3 Y\u0131l<\/td>\n<td>3 Y\u0131l<\/td>\n<td>3 Y\u0131l<\/td>\n<td>3 Y\u0131l<\/td>\n<td>3 Y\u0131l<\/td>\n<td>3 Y\u0131l<\/td>\n<\/tr>\n<tr>\n<td><strong>Paket<\/strong><\/td>\n<td>1<\/td>\n<td>1<\/td>\n<td>1<\/td>\n<td>1<\/td>\n<td>1<\/td>\n<td>1<\/td>\n<\/tr>\n<\/tbody>\n<\/table>\n","protected":false},"excerpt":{"rendered":"<p>Ultra konforlu iple eri\u015fim emniyet kemeri Kemere entegre edilmi\u015f CROLL L g\u00f6\u011f\u00fcs jumar\u0131 ile ASTRO BOD FAST emniyet kemeri iple eri\u015fimde y\u00fcksek verimlilik ve konfor i\u00e7in tasarlanm\u0131\u015ft\u0131r. A\u00e7\u0131labilir bel ba\u011flant\u0131 noktas\u0131 (ventral) ekipman\u0131n (jumar, lanyard, oturak\u2026) optimum entegrasyonunu sa\u011flar. Geni\u015f ve yar\u0131 sert bel kemeri ve bacak halkalar\u0131 m\u00fckemmel destek sa\u011flar. Bel kemeri ve bacak [&hellip;]<\/p>\n","protected":false},"featured_media":1548,"comment_status":"open","ping_status":"closed","template":"","meta":[],"product_brand":[],"product_cat":[244],"product_tag":[],"class_list":{"0":"post-1547","1":"product","2":"type-product","3":"status-publish","4":"has-post-thumbnail","6":"product_cat-emniyet-kemerleri","8":"first","9":"instock","10":"shipping-taxable","11":"product-type-simple"},"acf":[],"_links":{"self":[{"href":"https:\/\/exzone.com.tr\/index.php\/wp-json\/wp\/v2\/product\/1547","targetHints":{"allow":["GET"]}}],"collection":[{"href":"https:\/\/exzone.com.tr\/index.php\/wp-json\/wp\/v2\/product"}],"about":[{"href":"https:\/\/exzone.com.tr\/index.php\/wp-json\/wp\/v2\/types\/product"}],"replies":[{"embeddable":true,"href":"https:\/\/exzone.com.tr\/index.php\/wp-json\/wp\/v2\/comments?post=1547"}],"wp:featuredmedia":[{"embeddable":true,"href":"https:\/\/exzone.com.tr\/index.php\/wp-json\/wp\/v2\/media\/1548"}],"wp:attachment":[{"href":"https:\/\/exzone.com.tr\/index.php\/wp-json\/wp\/v2\/media?parent=1547"}],"wp:term":[{"taxonomy":"product_brand","embeddable":true,"href":"https:\/\/exzone.com.tr\/index.php\/wp-json\/wp\/v2\/product_brand?post=1547"},{"taxonomy":"product_cat","embeddable":true,"href":"https:\/\/exzone.com.tr\/index.php\/wp-json\/wp\/v2\/product_cat?post=1547"},{"taxonomy":"product_tag","embeddable":true,"href":"https:\/\/exzone.com.tr\/index.php\/wp-json\/wp\/v2\/product_tag?post=1547"}],"curies":[{"name":"wp","href":"https:\/\/api.w.org\/{rel}","templated":true}]}}