{"id":1540,"date":"2023-01-11T01:42:24","date_gmt":"2023-01-10T22:42:24","guid":{"rendered":"https:\/\/exzone.com.tr\/?post_type=product&#038;p=1540"},"modified":"2024-05-02T03:41:14","modified_gmt":"2024-05-02T00:41:14","slug":"petzl-astro-bod-fast-iple-erisim-emniyet-kemeri-avrupa-versiyonu","status":"publish","type":"product","link":"https:\/\/exzone.com.tr\/index.php\/urun\/petzl-astro-bod-fast-iple-erisim-emniyet-kemeri-avrupa-versiyonu\/","title":{"rendered":"PETZL ASTRO BOD FAST \u0130ple Eri\u015fim Emniyet Kemeri &#8211; Avrupa Versiyonu"},"content":{"rendered":"<p>Ultra konforlu iple eri\u015fim emniyet kemeri<\/p>\n<p>ASTRO BOD FAST entegre CROLL L g\u00f6bek (ventral) jumar\u0131 ile ip \u00fczerinde y\u00fckselirken daha kullan\u0131\u015fl\u0131 ve konforlu olmas\u0131 i\u00e7in tasarlanm\u0131\u015ft\u0131r. Kap\u0131l\u0131 g\u00f6bek ba\u011flant\u0131 noktas\u0131, ekipman\u0131n (jumar, lanyard, oturak\u2026) optimal entegrasyonunu sa\u011flar. Geni\u015f, yar\u0131 sert bel kemeri ve bacak halkalar\u0131 m\u00fckemmel destek sa\u011flar. Ask\u0131dayken rahatl\u0131k sa\u011flamak i\u00e7in \u015fekillendirilmi\u015f ve nefes alabilen k\u00f6p\u00fck dolgu ile kaplanm\u0131\u015flard\u0131r. Emniyet kemerinin arkas\u0131nda, bacak halkalar\u0131 ve bel kemerinin aras\u0131nda bulunan DOUBLEBACK otomatik kilitlenen tokalar sayesinde s\u0131rt (dorsal) ba\u011flant\u0131 noktas\u0131 kullan\u0131ld\u0131\u011f\u0131nda daha k\u0131sa uzunlukta ayarlama yap\u0131labilir. Emniyet kemeri, CARITOOL malzeme karabinalar\u0131 ve TOOLBAG malzeme \u00e7antas\u0131 takmak i\u00e7in bulundurdu\u011fu yuvalar ve bir\u00e7ok malzeme halkas\u0131 ile ekipmanlar\u0131n ta\u015f\u0131nmas\u0131n\u0131 ve d\u00fczenlenmesini kolayla\u015ft\u0131r\u0131r.\u00a0Avrupa ve Rusya standartlar\u0131na g\u00f6re onaylanm\u0131\u015ft\u0131r. ASTRO BOD FAST Avrupa versiyonu, FAST LT otomatik tokal\u0131 bacak halkalar\u0131na sahiptir.<\/p>\n<p>&nbsp;<\/p>\n<div class=\"fluid-width-video-wrapper\"><iframe id=\"fitvid0\" src=\"https:\/\/www.youtube.com\/embed\/rJI6ZcG2M5s\" frameborder=\"0\" allowfullscreen=\"allowfullscreen\" data-mce-fragment=\"1\"><\/iframe><\/div>\n<p>&nbsp;<\/p>\n<p><b>Detayl\u0131 A\u00e7\u0131klama:<\/b><\/p>\n<p><strong>G\u00f6bek ba\u011flant\u0131 noktas\u0131n\u0131n kap\u0131s\u0131 ekipman\u0131n optimal entegrasyonu i\u00e7in a\u00e7\u0131labilir:<\/strong><\/p>\n<ul>\n<li>PROGRESS lanyardlar\u0131n\u0131n bir konekt\u00f6re ihtiya\u00e7 duymadan do\u011frudan ba\u011flant\u0131 noktas\u0131na ba\u011flanmas\u0131<\/li>\n<li>\u0130pte y\u00fckselirken daha fazla verimlilik i\u00e7in CROLL g\u00f6bek jumar\u0131n\u0131n g\u00f6bek ba\u011flant\u0131 noktas\u0131na ba\u011flant\u0131s\u0131<\/li>\n<li>Ba\u011flant\u0131 noktas\u0131na PODIUM otura\u011f\u0131n ba\u011flanmas\u0131, ini\u015f aletine do\u011frudan ba\u011flanmay\u0131 ve g\u00f6bek ba\u011flant\u0131 noktas\u0131n\u0131n hareket edebilir olmas\u0131n\u0131 sa\u011flar<\/li>\n<\/ul>\n<p><b>Ultra konforlu tasar\u0131m:<\/b><\/p>\n<ul>\n<li>Geni\u015f, yar\u0131 sert bel kemeri ve bacak halkalar\u0131 m\u00fckemmel destek sa\u011flar. \u015eekillendirilmi\u015f ve nefes alabilir k\u00f6p\u00fck dolgu ask\u0131 s\u0131ras\u0131nda konfor sa\u011flar<\/li>\n<li>K\u00f6p\u00fck omuz ask\u0131lar\u0131 boyun tahri\u015fini \u00f6nlemek i\u00e7in birbirinden ayr\u0131 konumland\u0131r\u0131lm\u0131\u015flard\u0131r<\/li>\n<li>Plastik par\u00e7al\u0131 tekstil yan ba\u011flant\u0131 noktalar\u0131, az a\u011f\u0131rl\u0131k ve hacim ile ekipman\u0131n kolay ba\u011flanmas\u0131n\u0131 sa\u011flar<\/li>\n<\/ul>\n<p><b>Kolay ayarlama:<\/b><\/p>\n<ul>\n<li>H\u0131zl\u0131 ve kolay ayarlama i\u00e7in otomatik kilitlenen DOUBLEBACK PLUS tokalar\u0131na sahip bel kemeri ve omuz ask\u0131lar\u0131<\/li>\n<li>Bacak halkalar\u0131nda bulunan FAST LT PLUS tokalar sayesinde ayaklar yerdeyken giyilebilir. Tokalar tekrar ayarlama gerektirmeden eldivenle dahi h\u0131zl\u0131 ve basit bir \u015fekilde a\u00e7\u0131l\u0131p tak\u0131labilir.<\/li>\n<li>Emniyet kemerinin arkas\u0131nda, bacak halkalar\u0131 ve bel kemeri aras\u0131nda bulunan DOUBLEBACK otomatik kilitlenen tokalar s\u0131rt (dorsal) ba\u011flant\u0131 noktas\u0131 i\u00e7in ayarlama yap\u0131labilmesini sa\u011flar. Daha k\u0131sa bir ayarlama, d\u00fc\u015f\u00fc\u015f durumunda y\u00fck\u00fcn bacak halkalar\u0131ndan\u00a0 al\u0131nmas\u0131n\u0131 sa\u011flar, b\u00f6ylece kullan\u0131c\u0131 kurtar\u0131lmay\u0131 beklerken ask\u0131da daha konforlu bir \u015fekilde kalabilir.<\/li>\n<\/ul>\n<p><b>Ekipman\u0131n ta\u015f\u0131nmas\u0131n\u0131 ve d\u00fczenlenmesini kolayla\u015ft\u0131r\u0131r:<\/b><\/p>\n<ul>\n<li>6 adet \u00f6nceden \u015fekillendirilmi\u015f ve koruyucu katman kapl\u0131 malzeme ask\u0131s\u0131<\/li>\n<li>CARITOOL malzeme karabinas\u0131 i\u00e7in 2 yuva<\/li>\n<li>TOOLBAG malzeme \u00e7antas\u0131 i\u00e7in 2 yuva<\/li>\n<\/ul>\n<p><b>\u00d6zellikler:<\/b><\/p>\n<ul>\n<li>Bel (ventral) ba\u011flant\u0131 noktas\u0131: tekli modda kullan\u0131lmak i\u00e7in ini\u015f aleti veya konumland\u0131rma lanyard\u0131 ba\u011flant\u0131s\u0131<\/li>\n<li>Yan ba\u011flant\u0131 noktalar\u0131: \u00e7ift modda konumland\u0131rma lanyard\u0131 sabitlemek i\u00e7in<\/li>\n<li>G\u00f6\u011f\u00fcs (sternal) ba\u011flant\u0131 noktas\u0131: d\u00fc\u015f\u00fc\u015f \u00f6nleyici sistem ba\u011flant\u0131s\u0131<\/li>\n<li>S\u0131rt (dorsal) ba\u011flant\u0131 noktas\u0131: d\u00fc\u015f\u00fc\u015f \u00f6nleyici sistem ba\u011flant\u0131s\u0131<\/li>\n<li>Bel kemerinde bulunan arka ba\u011flant\u0131 noktas\u0131: s\u0131n\u0131rland\u0131r\u0131c\u0131 lanyard ba\u011flant\u0131s\u0131<\/li>\n<\/ul>\n<p><b>Sertifikalar:<\/b>CE EN 361, CE EN 358, CE EN 813, CE EN 12841 type B, EAC<\/p>\n<p><b>Materyal:\u00a0<\/b>Naylon, Polyester, al\u00fcminyum, \u00e7elik<\/p>\n<h3><b>Referanslar:<\/b><\/h3>\n<table class=\"table table-striped\">\n<tbody>\n<tr>\n<td><strong>Referanslar<\/strong><\/td>\n<td><strong>C083AA00<\/strong><\/td>\n<td><strong>C083AA01<\/strong><\/td>\n<td><strong>C083AA02<\/strong><\/td>\n<\/tr>\n<tr>\n<td><strong>Renkler<\/strong><\/td>\n<td>siyah\/sar\u0131<\/td>\n<td>siyah\/sar\u0131<\/td>\n<td>siyah\/sar\u0131<\/td>\n<\/tr>\n<tr>\n<td><strong>Beden<\/strong><\/td>\n<td>0<\/td>\n<td>1<\/td>\n<td>2<\/td>\n<\/tr>\n<tr>\n<td><strong>Bel kemeri<\/strong><\/td>\n<td>65-80 cm<\/td>\n<td>70-93 cm<\/td>\n<td>83-120 cm<\/td>\n<\/tr>\n<tr>\n<td><strong>Bacak Halkalar\u0131<\/strong><\/td>\n<td>44-59 cm<\/td>\n<td>47-62 cm<\/td>\n<td>50-65 cm<\/td>\n<\/tr>\n<tr>\n<td><strong>Boy<\/strong><\/td>\n<td>160-180 cm<\/td>\n<td>165-185 cm<\/td>\n<td>175-200 cm<\/td>\n<\/tr>\n<tr>\n<td><strong>A\u011f\u0131rl\u0131k<\/strong><\/td>\n<td>1855 g<\/td>\n<td>1900 g<\/td>\n<td>1980 g<\/td>\n<\/tr>\n<tr>\n<td><strong>Garanti<\/strong><\/td>\n<td>3 y\u0131l<\/td>\n<td>3 y\u0131l<\/td>\n<td>3 y\u0131l<\/td>\n<\/tr>\n<tr>\n<td><strong>Paket<\/strong><\/td>\n<td>1<\/td>\n<td>1<\/td>\n<td>1<\/td>\n<\/tr>\n<\/tbody>\n<\/table>\n","protected":false},"excerpt":{"rendered":"<p>Ultra konforlu iple eri\u015fim emniyet kemeri ASTRO BOD FAST entegre CROLL L g\u00f6bek (ventral) jumar\u0131 ile ip \u00fczerinde y\u00fckselirken daha kullan\u0131\u015fl\u0131 ve konforlu olmas\u0131 i\u00e7in tasarlanm\u0131\u015ft\u0131r. Kap\u0131l\u0131 g\u00f6bek ba\u011flant\u0131 noktas\u0131, ekipman\u0131n (jumar, lanyard, oturak\u2026) optimal entegrasyonunu sa\u011flar. Geni\u015f, yar\u0131 sert bel kemeri ve bacak halkalar\u0131 m\u00fckemmel destek sa\u011flar. Ask\u0131dayken rahatl\u0131k sa\u011flamak i\u00e7in \u015fekillendirilmi\u015f ve nefes [&hellip;]<\/p>\n","protected":false},"featured_media":1541,"comment_status":"open","ping_status":"closed","template":"","meta":[],"product_brand":[],"product_cat":[244],"product_tag":[],"class_list":{"0":"post-1540","1":"product","2":"type-product","3":"status-publish","4":"has-post-thumbnail","6":"product_cat-emniyet-kemerleri","8":"first","9":"instock","10":"shipping-taxable","11":"product-type-simple"},"acf":[],"_links":{"self":[{"href":"https:\/\/exzone.com.tr\/index.php\/wp-json\/wp\/v2\/product\/1540","targetHints":{"allow":["GET"]}}],"collection":[{"href":"https:\/\/exzone.com.tr\/index.php\/wp-json\/wp\/v2\/product"}],"about":[{"href":"https:\/\/exzone.com.tr\/index.php\/wp-json\/wp\/v2\/types\/product"}],"replies":[{"embeddable":true,"href":"https:\/\/exzone.com.tr\/index.php\/wp-json\/wp\/v2\/comments?post=1540"}],"wp:featuredmedia":[{"embeddable":true,"href":"https:\/\/exzone.com.tr\/index.php\/wp-json\/wp\/v2\/media\/1541"}],"wp:attachment":[{"href":"https:\/\/exzone.com.tr\/index.php\/wp-json\/wp\/v2\/media?parent=1540"}],"wp:term":[{"taxonomy":"product_brand","embeddable":true,"href":"https:\/\/exzone.com.tr\/index.php\/wp-json\/wp\/v2\/product_brand?post=1540"},{"taxonomy":"product_cat","embeddable":true,"href":"https:\/\/exzone.com.tr\/index.php\/wp-json\/wp\/v2\/product_cat?post=1540"},{"taxonomy":"product_tag","embeddable":true,"href":"https:\/\/exzone.com.tr\/index.php\/wp-json\/wp\/v2\/product_tag?post=1540"}],"curies":[{"name":"wp","href":"https:\/\/api.w.org\/{rel}","templated":true}]}}