{"id":1534,"date":"2023-01-11T01:37:38","date_gmt":"2023-01-10T22:37:38","guid":{"rendered":"https:\/\/exzone.com.tr\/?post_type=product&#038;p=1534"},"modified":"2024-05-02T03:41:14","modified_gmt":"2024-05-02T00:41:14","slug":"petzl-strato-custom-kask","status":"publish","type":"product","link":"https:\/\/exzone.com.tr\/index.php\/urun\/petzl-strato-custom-kask\/","title":{"rendered":"PETZL STRATO CUSTOM Kask"},"content":{"rendered":"<p>Ki\u015fiselle\u015ftirilebilir Strato serisi kask<\/p>\n<p>Petzl Ki\u015fiselle\u015ftirme hizmeti, STRATO serisi kasklar\u0131n ihtiyaca g\u00f6re ki\u015fiselle\u015ftirilmesine olanak tan\u0131r. Havaland\u0131rmal\u0131 veya havaland\u0131rmas\u0131z d\u0131\u015f kabuk ve renk se\u00e7enekleri (standart ve floresan) mevcuttur. Logolu ve \/ veya standart i\u015faretli etiketler bas\u0131labilir ve renkli yans\u0131t\u0131c\u0131 bantlar eklenebilir. \u00c7ok \u00e7e\u015fitli aksesuarlar (\u00e7ene perlonu, g\u00f6z korumas\u0131 ve y\u00fcz koruyucu, kask koruyucular\u0131, ense koruyucular\u0131, isim etiketi\u2026) mevcuttur ve \u00f6nceden monte edilebilir. Kullan\u0131ma haz\u0131r \u015fekilde ayr\u0131 ayr\u0131 paketlenirler.<\/p>\n<p><b>D\u0131\u015f kabuk se\u00e7ene\u011fi:<\/b><\/p>\n<ul>\n<li>Havaland\u0131rmas\u0131z d\u0131\u015f kabuk ve s\u00fcrg\u00fcl\u00fc havaland\u0131rmal\u0131 d\u0131\u015f kabuk se\u00e7ene\u011fi mevcuttur.<\/li>\n<li>D\u00f6rt standart renkte (beyaz, sar\u0131, k\u0131rm\u0131z\u0131 ve siyah) ve iki floresan renkte (sar\u0131 ve turuncu) mevcuttur.<\/li>\n<\/ul>\n<p><b>\u00d6zelle\u015ftirilmi\u015f etiketlerin iste\u011fe ba\u011fl\u0131 olarak eklenmesi:<\/b><\/p>\n<ul>\n<li>Yan, \u00f6n veya arka etiketler. Yans\u0131t\u0131c\u0131 beyaz veya gri arka plan \u00fczerine bir logo ve \/ veya standart i\u015faretler bas\u0131labilir.<\/li>\n<li>Yan veya \u00fcst reflekt\u00f6rl\u00fc bantlar, \u00fc\u00e7 renkte mevcuttur: mavi, k\u0131rm\u0131z\u0131 veya gri<\/li>\n<\/ul>\n<p><b>Aksesuar se\u00e7imi ve \u00f6n montaj:<\/b><\/p>\n<ul>\n<li>Standart veya uzat\u0131lm\u0131\u015f DUAL \u00e7ene perlonu. \u00c7ene perlonu, y\u00fcksekte \u00e7al\u0131\u015fma (EN 12492) veya yerde \u00e7al\u0131\u015fma (EN 397) i\u00e7in gerekti\u011fi gibi yap\u0131land\u0131r\u0131labilir.<\/li>\n<li>EASYCLIP ba\u011flant\u0131 sistemine sahip g\u00f6z korumalar\u0131, elektrik ark\u0131na kar\u015f\u0131 y\u00fcz korumalar\u0131, a\u011fa\u00e7 bak\u0131m\u0131 i\u00e7in \u00f6zel korumalar ile \u00f6zelle\u015ftirilebilir.<\/li>\n<li>Kask korumas\u0131, saklama \u00e7antas\u0131, ense koruyucu, isimlik, bere aksesuar se\u00e7eneklerine sahiptir.<\/li>\n<li>Her bir \u00fcr\u00fcn kullan\u0131ma haz\u0131r \u015fekilde, ayr\u0131 ayr\u0131 paketlenir.<\/li>\n<\/ul>\n<p><b>Minimum 20 kask sipari\u015fi i\u00e7in ge\u00e7erlidir. Bu \u00fcr\u00fcn\u00fc sipari\u015f etmek i\u00e7in sat\u0131\u015f temsilcinizle ileti\u015fime ge\u00e7in.<\/b><\/p>\n<p><b>Ki\u015fiselle\u015ftirme se\u00e7imine ba\u011fl\u0131 olarak, STRATO, STRATO HI-VIZ, STRATO VENT ve STRATO VENT HI-VIZ kasklar\u0131 ile sertifikasyona sahiptir.<\/b><\/p>\n<h3><b>\u00d6zellikler:<\/b><\/h3>\n<p><b>Kafa \u00c7evresi:\u00a0<\/b>53-63 cm<\/p>\n<p><b>Materyal:\u00a0<\/b>ABS (akrilonitril b\u00fctadien stiren), EPP (geni\u015fletilmi\u015f polipropilen), EPS (geni\u015fletilmi\u015f polistiren), naylon, polikarbonat, y\u00fcksek mukavemetli polyester, polietilen<\/p>\n<table class=\"table table-striped\">\n<tbody>\n<tr>\n<th>Referanslar<\/th>\n<th>A020XY<\/th>\n<\/tr>\n<tr>\n<td>Sipari\u015f vermek i\u00e7in sat\u0131\u015f temsilciniz ile ileti\u015fime ge\u00e7in.<\/td>\n<\/tr>\n<tr>\n<td>Garanti<\/td>\n<td>3\u00a0y\u0131l<\/td>\n<\/tr>\n<\/tbody>\n<\/table>\n","protected":false},"excerpt":{"rendered":"<p>Ki\u015fiselle\u015ftirilebilir Strato serisi kask Petzl Ki\u015fiselle\u015ftirme hizmeti, STRATO serisi kasklar\u0131n ihtiyaca g\u00f6re ki\u015fiselle\u015ftirilmesine olanak tan\u0131r. Havaland\u0131rmal\u0131 veya havaland\u0131rmas\u0131z d\u0131\u015f kabuk ve renk se\u00e7enekleri (standart ve floresan) mevcuttur. Logolu ve \/ veya standart i\u015faretli etiketler bas\u0131labilir ve renkli yans\u0131t\u0131c\u0131 bantlar eklenebilir. \u00c7ok \u00e7e\u015fitli aksesuarlar (\u00e7ene perlonu, g\u00f6z korumas\u0131 ve y\u00fcz koruyucu, kask koruyucular\u0131, ense koruyucular\u0131, isim [&hellip;]<\/p>\n","protected":false},"featured_media":1535,"comment_status":"open","ping_status":"closed","template":"","meta":[],"product_brand":[],"product_cat":[243,271],"product_tag":[],"class_list":{"0":"post-1534","1":"product","2":"type-product","3":"status-publish","4":"has-post-thumbnail","6":"product_cat-exproof-is-guvenligi-ekipmanlari","7":"product_cat-kask-ve-baretler","9":"first","10":"instock","11":"shipping-taxable","12":"product-type-simple"},"acf":[],"_links":{"self":[{"href":"https:\/\/exzone.com.tr\/index.php\/wp-json\/wp\/v2\/product\/1534","targetHints":{"allow":["GET"]}}],"collection":[{"href":"https:\/\/exzone.com.tr\/index.php\/wp-json\/wp\/v2\/product"}],"about":[{"href":"https:\/\/exzone.com.tr\/index.php\/wp-json\/wp\/v2\/types\/product"}],"replies":[{"embeddable":true,"href":"https:\/\/exzone.com.tr\/index.php\/wp-json\/wp\/v2\/comments?post=1534"}],"wp:featuredmedia":[{"embeddable":true,"href":"https:\/\/exzone.com.tr\/index.php\/wp-json\/wp\/v2\/media\/1535"}],"wp:attachment":[{"href":"https:\/\/exzone.com.tr\/index.php\/wp-json\/wp\/v2\/media?parent=1534"}],"wp:term":[{"taxonomy":"product_brand","embeddable":true,"href":"https:\/\/exzone.com.tr\/index.php\/wp-json\/wp\/v2\/product_brand?post=1534"},{"taxonomy":"product_cat","embeddable":true,"href":"https:\/\/exzone.com.tr\/index.php\/wp-json\/wp\/v2\/product_cat?post=1534"},{"taxonomy":"product_tag","embeddable":true,"href":"https:\/\/exzone.com.tr\/index.php\/wp-json\/wp\/v2\/product_tag?post=1534"}],"curies":[{"name":"wp","href":"https:\/\/api.w.org\/{rel}","templated":true}]}}