{"id":1513,"date":"2023-01-11T01:23:42","date_gmt":"2023-01-10T22:23:42","guid":{"rendered":"https:\/\/exzone.com.tr\/?post_type=product&#038;p=1513"},"modified":"2024-05-02T03:41:14","modified_gmt":"2024-05-02T00:41:14","slug":"petzl-alveo-icin-reflektif-etiket","status":"publish","type":"product","link":"https:\/\/exzone.com.tr\/index.php\/urun\/petzl-alveo-icin-reflektif-etiket\/","title":{"rendered":"PETZL Alveo \u0130\u00e7in Reflektif Etiket"},"content":{"rendered":"<ul>\n<li>Alveo kasklar i\u00e7in \u00fcretilmi\u015ftir<\/li>\n<li>\u00f6n, arka ve 2 adet yan par\u00e7adan olu\u015fur<\/li>\n<li>Reflektif malzemedir karanl\u0131kta \u0131\u015f\u0131k vurunca parlar<\/li>\n<\/ul>\n","protected":false},"excerpt":{"rendered":"<p>Alveo kasklar i\u00e7in \u00fcretilmi\u015ftir \u00f6n, arka ve 2 adet yan par\u00e7adan olu\u015fur Reflektif malzemedir karanl\u0131kta \u0131\u015f\u0131k vurunca parlar<\/p>\n","protected":false},"featured_media":1514,"comment_status":"open","ping_status":"closed","template":"","meta":[],"product_brand":[],"product_cat":[243],"product_tag":[],"class_list":{"0":"post-1513","1":"product","2":"type-product","3":"status-publish","4":"has-post-thumbnail","6":"product_cat-exproof-is-guvenligi-ekipmanlari","8":"first","9":"instock","10":"shipping-taxable","11":"product-type-simple"},"acf":[],"_links":{"self":[{"href":"https:\/\/exzone.com.tr\/index.php\/wp-json\/wp\/v2\/product\/1513","targetHints":{"allow":["GET"]}}],"collection":[{"href":"https:\/\/exzone.com.tr\/index.php\/wp-json\/wp\/v2\/product"}],"about":[{"href":"https:\/\/exzone.com.tr\/index.php\/wp-json\/wp\/v2\/types\/product"}],"replies":[{"embeddable":true,"href":"https:\/\/exzone.com.tr\/index.php\/wp-json\/wp\/v2\/comments?post=1513"}],"wp:featuredmedia":[{"embeddable":true,"href":"https:\/\/exzone.com.tr\/index.php\/wp-json\/wp\/v2\/media\/1514"}],"wp:attachment":[{"href":"https:\/\/exzone.com.tr\/index.php\/wp-json\/wp\/v2\/media?parent=1513"}],"wp:term":[{"taxonomy":"product_brand","embeddable":true,"href":"https:\/\/exzone.com.tr\/index.php\/wp-json\/wp\/v2\/product_brand?post=1513"},{"taxonomy":"product_cat","embeddable":true,"href":"https:\/\/exzone.com.tr\/index.php\/wp-json\/wp\/v2\/product_cat?post=1513"},{"taxonomy":"product_tag","embeddable":true,"href":"https:\/\/exzone.com.tr\/index.php\/wp-json\/wp\/v2\/product_tag?post=1513"}],"curies":[{"name":"wp","href":"https:\/\/api.w.org\/{rel}","templated":true}]}}