{"id":1508,"date":"2023-01-11T01:20:40","date_gmt":"2023-01-10T22:20:40","guid":{"rendered":"https:\/\/exzone.com.tr\/?post_type=product&#038;p=1508"},"modified":"2024-05-02T03:41:13","modified_gmt":"2024-05-02T00:41:13","slug":"petzl-strato-kask-koruyucusu","status":"publish","type":"product","link":"https:\/\/exzone.com.tr\/index.php\/urun\/petzl-strato-kask-koruyucusu\/","title":{"rendered":"PETZL STRATO Kask Koruyucusu"},"content":{"rendered":"<p>STRATO kask koruyucusu<\/p>\n<p>STRATO kask koruyucusunun tak\u0131lmas\u0131 kolayd\u0131r ve d\u0131\u015f kabu\u011fu kirlenmeye ve s\u0131\u00e7ramaya kar\u015f\u0131 korur.<\/p>\n<p><b>Detayl\u0131 A\u00e7\u0131klama:<\/b><\/p>\n<ul>\n<li>D\u0131\u015f kabuk \u00fczerine yerle\u015ftirmek i\u00e7in koruyucu<\/li>\n<li>D\u0131\u015f kabu\u011fu kirlenmeye ve s\u0131\u00e7ramaya kar\u015f\u0131 korur<\/li>\n<li>STRATO kasklar\u0131yla uyumlu<\/li>\n<\/ul>\n<p><b>\u00d6zellikler:<\/b><\/p>\n<p><b>A\u011f\u0131rl\u0131k:\u00a0<\/b>60 g<\/p>\n<p><b>Materyal:\u00a0<\/b>polikarbonat<\/p>\n<table class=\"table table-striped\">\n<tbody>\n<tr>\n<td><strong>Referanslar<\/strong><\/td>\n<td><strong>A012BA00<\/strong><\/td>\n<\/tr>\n<tr>\n<td><strong>Garanti<\/strong><\/td>\n<td>3 y\u0131l<\/td>\n<\/tr>\n<tr>\n<td><strong>Paket<\/strong><\/td>\n<td>1<\/td>\n<\/tr>\n<\/tbody>\n<\/table>\n","protected":false},"excerpt":{"rendered":"<p>STRATO kask koruyucusu STRATO kask koruyucusunun tak\u0131lmas\u0131 kolayd\u0131r ve d\u0131\u015f kabu\u011fu kirlenmeye ve s\u0131\u00e7ramaya kar\u015f\u0131 korur. Detayl\u0131 A\u00e7\u0131klama: D\u0131\u015f kabuk \u00fczerine yerle\u015ftirmek i\u00e7in koruyucu D\u0131\u015f kabu\u011fu kirlenmeye ve s\u0131\u00e7ramaya kar\u015f\u0131 korur STRATO kasklar\u0131yla uyumlu \u00d6zellikler: A\u011f\u0131rl\u0131k:\u00a060 g Materyal:\u00a0polikarbonat Referanslar A012BA00 Garanti 3 y\u0131l Paket 1<\/p>\n","protected":false},"featured_media":1509,"comment_status":"open","ping_status":"closed","template":"","meta":[],"product_brand":[],"product_cat":[243],"product_tag":[],"class_list":{"0":"post-1508","1":"product","2":"type-product","3":"status-publish","4":"has-post-thumbnail","6":"product_cat-exproof-is-guvenligi-ekipmanlari","8":"first","9":"instock","10":"shipping-taxable","11":"product-type-simple"},"acf":[],"_links":{"self":[{"href":"https:\/\/exzone.com.tr\/index.php\/wp-json\/wp\/v2\/product\/1508","targetHints":{"allow":["GET"]}}],"collection":[{"href":"https:\/\/exzone.com.tr\/index.php\/wp-json\/wp\/v2\/product"}],"about":[{"href":"https:\/\/exzone.com.tr\/index.php\/wp-json\/wp\/v2\/types\/product"}],"replies":[{"embeddable":true,"href":"https:\/\/exzone.com.tr\/index.php\/wp-json\/wp\/v2\/comments?post=1508"}],"wp:featuredmedia":[{"embeddable":true,"href":"https:\/\/exzone.com.tr\/index.php\/wp-json\/wp\/v2\/media\/1509"}],"wp:attachment":[{"href":"https:\/\/exzone.com.tr\/index.php\/wp-json\/wp\/v2\/media?parent=1508"}],"wp:term":[{"taxonomy":"product_brand","embeddable":true,"href":"https:\/\/exzone.com.tr\/index.php\/wp-json\/wp\/v2\/product_brand?post=1508"},{"taxonomy":"product_cat","embeddable":true,"href":"https:\/\/exzone.com.tr\/index.php\/wp-json\/wp\/v2\/product_cat?post=1508"},{"taxonomy":"product_tag","embeddable":true,"href":"https:\/\/exzone.com.tr\/index.php\/wp-json\/wp\/v2\/product_tag?post=1508"}],"curies":[{"name":"wp","href":"https:\/\/api.w.org\/{rel}","templated":true}]}}