{"id":1501,"date":"2023-01-11T01:15:31","date_gmt":"2023-01-10T22:15:31","guid":{"rendered":"https:\/\/exzone.com.tr\/?post_type=product&#038;p=1501"},"modified":"2024-05-02T03:41:13","modified_gmt":"2024-05-02T00:41:13","slug":"petzl-vizen-mesh-yuz-koruyucu","status":"publish","type":"product","link":"https:\/\/exzone.com.tr\/index.php\/urun\/petzl-vizen-mesh-yuz-koruyucu\/","title":{"rendered":"PETZL VIZEN MESH Y\u00fcz Koruyucu"},"content":{"rendered":"<p>EASYCLIP sistemli, VERTEX ve STRATO kasklara uygun a\u011fa\u00e7 bak\u0131m\u0131 i\u00e7in y\u00fcz kalkan\u0131<\/p>\n<p>VIZEN MESH y\u00fcz kalkan\u0131, y\u00fcz\u00fc u\u00e7an tala\u015f ve tahta par\u00e7alar\u0131ndan korur. Bu tam y\u00fcz kalkan\u0131 b\u00fct\u00fcn y\u00fcz\u00fcn korunmas\u0131n\u0131 sa\u011flarken g\u00f6r\u00fc\u015f\u00fc de korur. EASYCLIP sistemi sayesinde STRATO ve VERTEX kasklara rahat\u00e7a monte edilir.<br \/>\n<iframe loading=\"lazy\" title=\"vimeo-player\" src=\"https:\/\/player.vimeo.com\/video\/345900290\" width=\"640\" height=\"360\" frameborder=\"0\" allowfullscreen=\"allowfullscreen\" data-mce-fragment=\"1\"><\/iframe><br \/>\n<iframe loading=\"lazy\" src=\"https:\/\/www.youtube.com\/embed\/MjNpP24kMfU\" width=\"560\" height=\"315\" frameborder=\"0\" allowfullscreen=\"allowfullscreen\" data-mce-fragment=\"1\"><\/iframe><\/p>\n<p><b>A\u00e7\u0131klama:<\/b><\/p>\n<p><b>A\u011fa\u00e7 bak\u0131m\u0131nda u\u00e7an cisimlere kar\u015f\u0131 y\u00fcz\u00fc korur:<\/b><\/p>\n<ul>\n<li>Tam y\u00fcz korumas\u0131 g\u00f6zleri ve t\u00fcm y\u00fcz\u00fc korur<\/li>\n<li>K\u00f6t\u00fc ko\u015fullarda bile (y\u00fcksek nem vs.) g\u00f6r\u00fc\u015f ve hava ak\u0131m\u0131 sa\u011flar<\/li>\n<li>G\u00f6zl\u00fck tak\u0131lmas\u0131na olanak verir<\/li>\n<\/ul>\n<p><b>VERTEX (1) ve STRATO kasklar ile uyumludur<\/b><\/p>\n<ul>\n<li>EASYCLIP sistemi sayesinde h\u0131zl\u0131 ve kolay montaj olana\u011f\u0131 sa\u011flar<\/li>\n<li>Saklama ve kullan\u0131m pozisyonlar\u0131 aras\u0131nda kolay ge\u00e7i\u015f sa\u011flar<\/li>\n<\/ul>\n<p>(1) 2019 ve sonraki versiyonlar i\u00e7in ge\u00e7erlidir.<\/p>\n<p><b>\u00d6zellikler:<\/b><\/p>\n<p><b>A\u011f\u0131rl\u0131k:\u00a0<\/b>117 g<\/p>\n<p><b>Materyal:\u00a0<\/b>naylon, \u00e7elik<\/p>\n<p><b>I\u015f\u0131k azaltma:\u00a0<\/b>%30<\/p>\n<p><b>Sertifikalar:\u00a0<\/b>CE EN 1731, S, ANSI Z87.1, EAC<\/p>\n<table class=\"table table-striped\">\n<tbody>\n<tr>\n<td>Referanslar<\/td>\n<td>A021AA00<\/td>\n<\/tr>\n<tr>\n<td>Garanti<\/td>\n<td>3 y\u0131l<\/td>\n<\/tr>\n<tr>\n<td>Paket<\/td>\n<td>1<\/td>\n<\/tr>\n<\/tbody>\n<\/table>\n","protected":false},"excerpt":{"rendered":"<p>EASYCLIP sistemli, VERTEX ve STRATO kasklara uygun a\u011fa\u00e7 bak\u0131m\u0131 i\u00e7in y\u00fcz kalkan\u0131 VIZEN MESH y\u00fcz kalkan\u0131, y\u00fcz\u00fc u\u00e7an tala\u015f ve tahta par\u00e7alar\u0131ndan korur. Bu tam y\u00fcz kalkan\u0131 b\u00fct\u00fcn y\u00fcz\u00fcn korunmas\u0131n\u0131 sa\u011flarken g\u00f6r\u00fc\u015f\u00fc de korur. EASYCLIP sistemi sayesinde STRATO ve VERTEX kasklara rahat\u00e7a monte edilir. A\u00e7\u0131klama: A\u011fa\u00e7 bak\u0131m\u0131nda u\u00e7an cisimlere kar\u015f\u0131 y\u00fcz\u00fc korur: Tam y\u00fcz korumas\u0131 [&hellip;]<\/p>\n","protected":false},"featured_media":1502,"comment_status":"open","ping_status":"closed","template":"","meta":[],"product_brand":[],"product_cat":[243],"product_tag":[],"class_list":{"0":"post-1501","1":"product","2":"type-product","3":"status-publish","4":"has-post-thumbnail","6":"product_cat-exproof-is-guvenligi-ekipmanlari","8":"first","9":"instock","10":"shipping-taxable","11":"product-type-simple"},"acf":[],"_links":{"self":[{"href":"https:\/\/exzone.com.tr\/index.php\/wp-json\/wp\/v2\/product\/1501","targetHints":{"allow":["GET"]}}],"collection":[{"href":"https:\/\/exzone.com.tr\/index.php\/wp-json\/wp\/v2\/product"}],"about":[{"href":"https:\/\/exzone.com.tr\/index.php\/wp-json\/wp\/v2\/types\/product"}],"replies":[{"embeddable":true,"href":"https:\/\/exzone.com.tr\/index.php\/wp-json\/wp\/v2\/comments?post=1501"}],"wp:featuredmedia":[{"embeddable":true,"href":"https:\/\/exzone.com.tr\/index.php\/wp-json\/wp\/v2\/media\/1502"}],"wp:attachment":[{"href":"https:\/\/exzone.com.tr\/index.php\/wp-json\/wp\/v2\/media?parent=1501"}],"wp:term":[{"taxonomy":"product_brand","embeddable":true,"href":"https:\/\/exzone.com.tr\/index.php\/wp-json\/wp\/v2\/product_brand?post=1501"},{"taxonomy":"product_cat","embeddable":true,"href":"https:\/\/exzone.com.tr\/index.php\/wp-json\/wp\/v2\/product_cat?post=1501"},{"taxonomy":"product_tag","embeddable":true,"href":"https:\/\/exzone.com.tr\/index.php\/wp-json\/wp\/v2\/product_tag?post=1501"}],"curies":[{"name":"wp","href":"https:\/\/api.w.org\/{rel}","templated":true}]}}