{"id":1499,"date":"2023-01-11T01:13:00","date_gmt":"2023-01-10T22:13:00","guid":{"rendered":"https:\/\/exzone.com.tr\/?post_type=product&#038;p=1499"},"modified":"2024-05-02T03:41:13","modified_gmt":"2024-05-02T00:41:13","slug":"petzl-vertex-ve-alveo-kask-icin-seffaf-etiket","status":"publish","type":"product","link":"https:\/\/exzone.com.tr\/index.php\/urun\/petzl-vertex-ve-alveo-kask-icin-seffaf-etiket\/","title":{"rendered":"PETZL Vertex ve Alveo Kask \u0130\u00e7in \u015eeffaf Etiket"},"content":{"rendered":"<p>VERTEX ve STRATO kasklar\u0131 i\u00e7in \u015feffaf etiketler<\/p>\n<p>\u015eeffaf etiketler, VERTEX ve STRATO kasklar\u0131n\u0131n kal\u0131c\u0131 bir i\u015faretleyici veya lazer yaz\u0131c\u0131 kullan\u0131larak ki\u015fiselle\u015ftirilmesine olanak tan\u0131r.<\/p>\n<p><strong>Tan\u0131m<\/strong><\/p>\n<ul>\n<li>VERTEX ve STRATO kasklar\u0131n\u0131 ki\u015fiselle\u015ftirmek i\u00e7in 36 \u015feffaf etiket par\u00e7as\u0131<\/li>\n<li>Kal\u0131c\u0131 i\u015faretleyici veya lazer yaz\u0131c\u0131 kullan\u0131larak i\u015faretler eklenebilir.<\/li>\n<li>VERTEX ve STRATO kasklar\u0131yla uyumlu<\/li>\n<\/ul>\n<table class=\"table table-striped\">\n<tbody>\n<tr>\n<th>Referanslar<\/th>\n<th>A10100<\/th>\n<\/tr>\n<tr>\n<td>Garanti<\/td>\n<td>3 y\u0131l<\/td>\n<\/tr>\n<tr>\n<td>Paket<\/td>\n<td>1<\/td>\n<\/tr>\n<\/tbody>\n<\/table>\n","protected":false},"excerpt":{"rendered":"<p>VERTEX ve STRATO kasklar\u0131 i\u00e7in \u015feffaf etiketler \u015eeffaf etiketler, VERTEX ve STRATO kasklar\u0131n\u0131n kal\u0131c\u0131 bir i\u015faretleyici veya lazer yaz\u0131c\u0131 kullan\u0131larak ki\u015fiselle\u015ftirilmesine olanak tan\u0131r. Tan\u0131m VERTEX ve STRATO kasklar\u0131n\u0131 ki\u015fiselle\u015ftirmek i\u00e7in 36 \u015feffaf etiket par\u00e7as\u0131 Kal\u0131c\u0131 i\u015faretleyici veya lazer yaz\u0131c\u0131 kullan\u0131larak i\u015faretler eklenebilir. VERTEX ve STRATO kasklar\u0131yla uyumlu Referanslar A10100 Garanti 3 y\u0131l Paket 1<\/p>\n","protected":false},"featured_media":1500,"comment_status":"open","ping_status":"closed","template":"","meta":[],"product_brand":[],"product_cat":[243],"product_tag":[],"class_list":{"0":"post-1499","1":"product","2":"type-product","3":"status-publish","4":"has-post-thumbnail","6":"product_cat-exproof-is-guvenligi-ekipmanlari","8":"first","9":"instock","10":"shipping-taxable","11":"product-type-simple"},"acf":[],"_links":{"self":[{"href":"https:\/\/exzone.com.tr\/index.php\/wp-json\/wp\/v2\/product\/1499","targetHints":{"allow":["GET"]}}],"collection":[{"href":"https:\/\/exzone.com.tr\/index.php\/wp-json\/wp\/v2\/product"}],"about":[{"href":"https:\/\/exzone.com.tr\/index.php\/wp-json\/wp\/v2\/types\/product"}],"replies":[{"embeddable":true,"href":"https:\/\/exzone.com.tr\/index.php\/wp-json\/wp\/v2\/comments?post=1499"}],"wp:featuredmedia":[{"embeddable":true,"href":"https:\/\/exzone.com.tr\/index.php\/wp-json\/wp\/v2\/media\/1500"}],"wp:attachment":[{"href":"https:\/\/exzone.com.tr\/index.php\/wp-json\/wp\/v2\/media?parent=1499"}],"wp:term":[{"taxonomy":"product_brand","embeddable":true,"href":"https:\/\/exzone.com.tr\/index.php\/wp-json\/wp\/v2\/product_brand?post=1499"},{"taxonomy":"product_cat","embeddable":true,"href":"https:\/\/exzone.com.tr\/index.php\/wp-json\/wp\/v2\/product_cat?post=1499"},{"taxonomy":"product_tag","embeddable":true,"href":"https:\/\/exzone.com.tr\/index.php\/wp-json\/wp\/v2\/product_tag?post=1499"}],"curies":[{"name":"wp","href":"https:\/\/api.w.org\/{rel}","templated":true}]}}