{"id":1467,"date":"2023-01-11T00:42:22","date_gmt":"2023-01-10T21:42:22","guid":{"rendered":"https:\/\/exzone.com.tr\/?post_type=product&#038;p=1467"},"modified":"2024-05-02T03:41:13","modified_gmt":"2024-05-02T00:41:13","slug":"petzl-vertex-ve-strato-kasklar-icin-konforlu-kopuk-bant","status":"publish","type":"product","link":"https:\/\/exzone.com.tr\/index.php\/urun\/petzl-vertex-ve-strato-kasklar-icin-konforlu-kopuk-bant\/","title":{"rendered":"PETZL VERTEX ve STRATO Kasklar \u0130\u00e7in Konforlu K\u00f6p\u00fck Bant"},"content":{"rendered":"<p>VERTEX ve STRATO kasklar\u0131 i\u00e7in konforlu k\u00f6p\u00fck<\/p>\n<p>Konforlu k\u00f6p\u00fck (standart veya teri emici), VERTEX veya STRATO kasklar\u0131n \u00f6mr\u00fcn\u00fc uzatmak i\u00e7in tak\u0131l\u0131r.<\/p>\n<p><b>Detayl\u0131 A\u00e7\u0131klama:<\/b><\/p>\n<ul>\n<li>VERTEX ve STRATO kasklar\u0131nda kafa band\u0131n\u0131n de\u011fi\u015ftirilmesini sa\u011flar, kasklar\u0131n \u00f6mr\u00fcn\u00fc uzat\u0131r<\/li>\n<li>Kafa band\u0131 \u00fczerine tak\u0131l\u0131r<\/li>\n<li>VERTEX (1) ve STRATO kasklarla uyumludur<\/li>\n<\/ul>\n<p><b>\u0130ki versiyonda mevcuttur:<\/b><\/p>\n<ul>\n<li>Standart kapal\u0131 h\u00fccreli rahat k\u00f6p\u00fck, nemi veya teri emmez ve bak\u0131m\u0131 kolayd\u0131r<\/li>\n<li>Ter emici a\u00e7\u0131k h\u00fccreli konforlu k\u00f6p\u00fck, teri emer ve makinede y\u0131kanabilir<\/li>\n<\/ul>\n<p><b>(1) 2019 ve sonras\u0131nda \u00fcretilmi\u015f olan versiyonlar i\u00e7in<\/b><\/p>\n<p><b>\u00d6zellikler:<\/b><\/p>\n<p><b>A\u011f\u0131rl\u0131k:\u00a0<\/b>15 g<\/p>\n<p><b>Materyal:\u00a0<\/b>polietilen<\/p>\n<table class=\"table table-striped\">\n<tbody>\n<tr>\n<td><strong>Referanslar<\/strong><\/td>\n<td><strong>A010KA00<\/strong><\/td>\n<td><strong>A010LA00<\/strong><\/td>\n<\/tr>\n<tr>\n<td><strong>Versiyon<\/strong><\/td>\n<td>Standart<\/td>\n<td>Ter Emici<\/td>\n<\/tr>\n<tr>\n<td><strong>Garanti<\/strong><\/td>\n<td>3 y\u0131l<\/td>\n<td>3 y\u0131l<\/td>\n<\/tr>\n<tr>\n<td><strong>Paket<\/strong><\/td>\n<td>1<\/td>\n<td>1<\/td>\n<\/tr>\n<\/tbody>\n<\/table>\n","protected":false},"excerpt":{"rendered":"<p>VERTEX ve STRATO kasklar\u0131 i\u00e7in konforlu k\u00f6p\u00fck Konforlu k\u00f6p\u00fck (standart veya teri emici), VERTEX veya STRATO kasklar\u0131n \u00f6mr\u00fcn\u00fc uzatmak i\u00e7in tak\u0131l\u0131r. Detayl\u0131 A\u00e7\u0131klama: VERTEX ve STRATO kasklar\u0131nda kafa band\u0131n\u0131n de\u011fi\u015ftirilmesini sa\u011flar, kasklar\u0131n \u00f6mr\u00fcn\u00fc uzat\u0131r Kafa band\u0131 \u00fczerine tak\u0131l\u0131r VERTEX (1) ve STRATO kasklarla uyumludur \u0130ki versiyonda mevcuttur: Standart kapal\u0131 h\u00fccreli rahat k\u00f6p\u00fck, nemi veya teri [&hellip;]<\/p>\n","protected":false},"featured_media":1468,"comment_status":"open","ping_status":"closed","template":"","meta":[],"product_brand":[],"product_cat":[243],"product_tag":[],"class_list":{"0":"post-1467","1":"product","2":"type-product","3":"status-publish","4":"has-post-thumbnail","6":"product_cat-exproof-is-guvenligi-ekipmanlari","8":"first","9":"instock","10":"shipping-taxable","11":"product-type-simple"},"acf":[],"_links":{"self":[{"href":"https:\/\/exzone.com.tr\/index.php\/wp-json\/wp\/v2\/product\/1467","targetHints":{"allow":["GET"]}}],"collection":[{"href":"https:\/\/exzone.com.tr\/index.php\/wp-json\/wp\/v2\/product"}],"about":[{"href":"https:\/\/exzone.com.tr\/index.php\/wp-json\/wp\/v2\/types\/product"}],"replies":[{"embeddable":true,"href":"https:\/\/exzone.com.tr\/index.php\/wp-json\/wp\/v2\/comments?post=1467"}],"wp:featuredmedia":[{"embeddable":true,"href":"https:\/\/exzone.com.tr\/index.php\/wp-json\/wp\/v2\/media\/1468"}],"wp:attachment":[{"href":"https:\/\/exzone.com.tr\/index.php\/wp-json\/wp\/v2\/media?parent=1467"}],"wp:term":[{"taxonomy":"product_brand","embeddable":true,"href":"https:\/\/exzone.com.tr\/index.php\/wp-json\/wp\/v2\/product_brand?post=1467"},{"taxonomy":"product_cat","embeddable":true,"href":"https:\/\/exzone.com.tr\/index.php\/wp-json\/wp\/v2\/product_cat?post=1467"},{"taxonomy":"product_tag","embeddable":true,"href":"https:\/\/exzone.com.tr\/index.php\/wp-json\/wp\/v2\/product_tag?post=1467"}],"curies":[{"name":"wp","href":"https:\/\/api.w.org\/{rel}","templated":true}]}}