{"id":1464,"date":"2023-01-11T00:40:51","date_gmt":"2023-01-10T21:40:51","guid":{"rendered":"https:\/\/exzone.com.tr\/?post_type=product&#038;p=1464"},"modified":"2024-05-02T03:41:13","modified_gmt":"2024-05-02T00:41:13","slug":"petzl-vertex-ve-strato-kasklari-icin-dual-cene-perlonu","status":"publish","type":"product","link":"https:\/\/exzone.com.tr\/index.php\/urun\/petzl-vertex-ve-strato-kasklari-icin-dual-cene-perlonu\/","title":{"rendered":"PETZL VERTEX ve STRATO Kasklar\u0131 \u0130\u00e7in DUAL \u00c7ene Perlonu"},"content":{"rendered":"<p>VERTEX ve STRATO kasklar\u0131 i\u00e7in DUAL \u00e7ene perlonu<\/p>\n<p>Bu \u00e7ene perlonu, VERTEX ve STRATO kasklar\u0131n\u0131n \u00e7ene perlonlar\u0131n\u0131n de\u011fi\u015ftirilmesini veya yenilenmesini sa\u011flar. \u00c7al\u0131\u015fan, \u00e7ene perlonunun g\u00fcc\u00fcn\u00fc kask\u0131n\u0131 farkl\u0131 ko\u015fullara adapte etmek i\u00e7in\u00a0 ayarlayabilir: y\u00fcksekte veya yerde \u00e7al\u0131\u015fma i\u00e7in. \u0130ki renkte ve daha uzun bir versiyonda mevcuttur.<\/p>\n<p><iframe loading=\"lazy\" src=\"https:\/\/www.youtube.com\/embed\/-rYFCQ3hJE4\" width=\"560\" height=\"315\" frameborder=\"0\" allowfullscreen=\"allowfullscreen\" data-mce-fragment=\"1\"><\/iframe><\/p>\n<p><b>Detayl\u0131 A\u00e7\u0131klama:<\/b><\/p>\n<ul>\n<li>Bu \u00e7ene perlonu, VERTEX ve STRATO kasklar\u0131n\u0131n \u00e7ene perlonlar\u0131n\u0131n de\u011fi\u015ftirilmesini veya yenilenmesini sa\u011flar<\/li>\n<li>\u0130\u015f\u00e7inin, kask\u0131n\u0131 farkl\u0131 ortamlara adapte etmesi i\u00e7in \u00e7ene perlonunun g\u00fcc\u00fcn\u00fc de\u011fi\u015ftirmesine izin verir: y\u00fcksekte \u00e7al\u0131\u015fma (EN 12492) veya yerde (EN 397). Klipsin, bu iki kullan\u0131ma kar\u015f\u0131l\u0131k gelen iki konumu vard\u0131r: y\u00fcksek g\u00fc\u00e7, d\u00fc\u015fme s\u0131ras\u0131nda kask\u0131n \u00e7\u0131kma riskini azalt\u0131r ve d\u00fc\u015f\u00fck g\u00fc\u00e7, kask kullan\u0131c\u0131 yerdeyken bir yere tak\u0131l\u0131rsa bo\u011fulma riskini azalt\u0131r<\/li>\n<li>Perlon uzunlu\u011funu ayarlamak i\u00e7in yanal ay\u0131r\u0131c\u0131 ile donat\u0131lm\u0131\u015ft\u0131r<\/li>\n<li>VERTEX (1) ve STRATO kasklar\u0131yla uyumludur<\/li>\n<li>\u0130ki renkte mevcuttur: sar\u0131 ve siyah<\/li>\n<li>Farkl\u0131 kullan\u0131m ko\u015fullar\u0131 i\u00e7in daha uzun versiyon<\/li>\n<\/ul>\n<p>(1) 2019 ve sonras\u0131nda \u00fcretilen \u00fcr\u00fcnler i\u00e7in ge\u00e7erlidir.<\/p>\n<p><b>\u00d6zellikler:<\/b><\/p>\n<p><b>A\u011f\u0131rl\u0131k:\u00a0<\/b>34 g<\/p>\n<p><b>Materyal:\u00a0<\/b>naylon, polikarbonat, y\u00fcksek dayan\u0131ml\u0131 polyester<\/p>\n<table class=\"table table-striped\">\n<tbody>\n<tr>\n<td><strong>Referanslar<\/strong><\/td>\n<td><strong>A010FA00<\/strong><\/td>\n<td><strong>A010FA01<\/strong><\/td>\n<td><strong>A010FA02<\/strong><\/td>\n<\/tr>\n<tr>\n<td><strong>Renk<\/strong><\/td>\n<td>sar\u0131\/siyah<\/td>\n<td>siyah<\/td>\n<td>sar\u0131\/siyah<\/td>\n<\/tr>\n<tr>\n<td><strong>Versiyon<\/strong><\/td>\n<td>standart<\/td>\n<td>standart<\/td>\n<td>uzun<\/td>\n<\/tr>\n<tr>\n<td><strong>Garanti<\/strong><\/td>\n<td>3 y\u0131l<\/td>\n<td>3 y\u0131l<\/td>\n<td>3 y\u0131l<\/td>\n<\/tr>\n<tr>\n<td><strong>Paket<\/strong><\/td>\n<td>1<\/td>\n<td>1<\/td>\n<td>1<\/td>\n<\/tr>\n<\/tbody>\n<\/table>\n","protected":false},"excerpt":{"rendered":"<p>VERTEX ve STRATO kasklar\u0131 i\u00e7in DUAL \u00e7ene perlonu Bu \u00e7ene perlonu, VERTEX ve STRATO kasklar\u0131n\u0131n \u00e7ene perlonlar\u0131n\u0131n de\u011fi\u015ftirilmesini veya yenilenmesini sa\u011flar. \u00c7al\u0131\u015fan, \u00e7ene perlonunun g\u00fcc\u00fcn\u00fc kask\u0131n\u0131 farkl\u0131 ko\u015fullara adapte etmek i\u00e7in\u00a0 ayarlayabilir: y\u00fcksekte veya yerde \u00e7al\u0131\u015fma i\u00e7in. \u0130ki renkte ve daha uzun bir versiyonda mevcuttur. Detayl\u0131 A\u00e7\u0131klama: Bu \u00e7ene perlonu, VERTEX ve STRATO kasklar\u0131n\u0131n \u00e7ene [&hellip;]<\/p>\n","protected":false},"featured_media":1465,"comment_status":"open","ping_status":"closed","template":"","meta":[],"product_brand":[],"product_cat":[243],"product_tag":[],"class_list":{"0":"post-1464","1":"product","2":"type-product","3":"status-publish","4":"has-post-thumbnail","6":"product_cat-exproof-is-guvenligi-ekipmanlari","8":"first","9":"instock","10":"shipping-taxable","11":"product-type-simple"},"acf":[],"_links":{"self":[{"href":"https:\/\/exzone.com.tr\/index.php\/wp-json\/wp\/v2\/product\/1464","targetHints":{"allow":["GET"]}}],"collection":[{"href":"https:\/\/exzone.com.tr\/index.php\/wp-json\/wp\/v2\/product"}],"about":[{"href":"https:\/\/exzone.com.tr\/index.php\/wp-json\/wp\/v2\/types\/product"}],"replies":[{"embeddable":true,"href":"https:\/\/exzone.com.tr\/index.php\/wp-json\/wp\/v2\/comments?post=1464"}],"wp:featuredmedia":[{"embeddable":true,"href":"https:\/\/exzone.com.tr\/index.php\/wp-json\/wp\/v2\/media\/1465"}],"wp:attachment":[{"href":"https:\/\/exzone.com.tr\/index.php\/wp-json\/wp\/v2\/media?parent=1464"}],"wp:term":[{"taxonomy":"product_brand","embeddable":true,"href":"https:\/\/exzone.com.tr\/index.php\/wp-json\/wp\/v2\/product_brand?post=1464"},{"taxonomy":"product_cat","embeddable":true,"href":"https:\/\/exzone.com.tr\/index.php\/wp-json\/wp\/v2\/product_cat?post=1464"},{"taxonomy":"product_tag","embeddable":true,"href":"https:\/\/exzone.com.tr\/index.php\/wp-json\/wp\/v2\/product_tag?post=1464"}],"curies":[{"name":"wp","href":"https:\/\/api.w.org\/{rel}","templated":true}]}}