{"id":1461,"date":"2023-01-11T00:39:11","date_gmt":"2023-01-10T21:39:11","guid":{"rendered":"https:\/\/exzone.com.tr\/?post_type=product&#038;p=1461"},"modified":"2024-05-02T03:41:13","modified_gmt":"2024-05-02T00:41:13","slug":"petzl-vertex-ve-strato-kasklar-icin-konforlu-bant-5-li-paket","status":"publish","type":"product","link":"https:\/\/exzone.com.tr\/index.php\/urun\/petzl-vertex-ve-strato-kasklar-icin-konforlu-bant-5-li-paket\/","title":{"rendered":"PETZL VERTEX ve STRATO Kasklar \u0130\u00e7in Konforlu Bant 5 Li Paket"},"content":{"rendered":"<p>VERTEX ve STRATO kasklar\u0131 i\u00e7in konforlu k\u00f6p\u00fckl\u00fc kafa band\u0131 (5\u2019li paket)<\/p>\n<p>VERTEX veya STRATO kask\u0131n\u0131n \u00f6mr\u00fcn\u00fc uzatmak i\u00e7in konforlu k\u00f6p\u00fckl\u00fc (standart veya ter emici)\u00a0 kafa band\u0131<\/p>\n<p><b>Detayl\u0131 A\u00e7\u0131klama:<\/b><\/p>\n<ul>\n<li>VERTEX ve STRATO kasklar\u0131nda kafa band\u0131n\u0131n de\u011fi\u015ftirilmesini sa\u011flar, kasklar\u0131n \u00f6mr\u00fcn\u00fc uzat\u0131r<\/li>\n<li>Kaska takmaya haz\u0131r<\/li>\n<li>Takmas\u0131 ve \u00e7\u0131karmas\u0131 kolay<\/li>\n<li>VERTEX (1) ve STRATO kasklar\u0131yla uyumludur<\/li>\n<\/ul>\n<p><b>\u0130ki versiyonda mevcuttur:<\/b><\/p>\n<ul>\n<li>Standart kapal\u0131 h\u00fccreli rahat k\u00f6p\u00fck nemi veya teri emmez ve bak\u0131m\u0131 kolayd\u0131r<\/li>\n<li>Emici a\u00e7\u0131k h\u00fccreli konfor k\u00f6p\u00fc\u011f\u00fc teri emer ve makinede y\u0131kanabilir<\/li>\n<\/ul>\n<p>(1) 2019 ve sonras\u0131nda \u00fcretilen \u00fcr\u00fcnler i\u00e7in ge\u00e7erli.<\/p>\n<p><b>\u00d6zellikler:<\/b><\/p>\n<p><b>Kafa \u00e7evresi:\u00a0<\/b>53-63 cm<\/p>\n<p><b>A\u011f\u0131rl\u0131k:\u00a0<\/b>30 g<\/p>\n<p><b>Materyal:\u00a0<\/b>polietilen, naylon<\/p>\n<table class=\"table table-striped\">\n<tbody>\n<tr>\n<td><strong>Referanslar<\/strong><\/td>\n<td><strong>A010HA00<\/strong><\/td>\n<td><strong>A010JA00<\/strong><\/td>\n<\/tr>\n<tr>\n<td><strong>Versiyon<\/strong><\/td>\n<td>standart<\/td>\n<td>emici<\/td>\n<\/tr>\n<tr>\n<td><strong>Garanti<\/strong><\/td>\n<td>3 y\u0131l<\/td>\n<td>3 y\u0131l<\/td>\n<\/tr>\n<tr>\n<td><strong>Paket<\/strong><\/td>\n<td>1<\/td>\n<td>1<\/td>\n<\/tr>\n<\/tbody>\n<\/table>\n","protected":false},"excerpt":{"rendered":"<p>VERTEX ve STRATO kasklar\u0131 i\u00e7in konforlu k\u00f6p\u00fckl\u00fc kafa band\u0131 (5\u2019li paket) VERTEX veya STRATO kask\u0131n\u0131n \u00f6mr\u00fcn\u00fc uzatmak i\u00e7in konforlu k\u00f6p\u00fckl\u00fc (standart veya ter emici)\u00a0 kafa band\u0131 Detayl\u0131 A\u00e7\u0131klama: VERTEX ve STRATO kasklar\u0131nda kafa band\u0131n\u0131n de\u011fi\u015ftirilmesini sa\u011flar, kasklar\u0131n \u00f6mr\u00fcn\u00fc uzat\u0131r Kaska takmaya haz\u0131r Takmas\u0131 ve \u00e7\u0131karmas\u0131 kolay VERTEX (1) ve STRATO kasklar\u0131yla uyumludur \u0130ki versiyonda mevcuttur: [&hellip;]<\/p>\n","protected":false},"featured_media":1462,"comment_status":"open","ping_status":"closed","template":"","meta":[],"product_brand":[],"product_cat":[243],"product_tag":[],"class_list":{"0":"post-1461","1":"product","2":"type-product","3":"status-publish","4":"has-post-thumbnail","6":"product_cat-exproof-is-guvenligi-ekipmanlari","8":"first","9":"instock","10":"shipping-taxable","11":"product-type-simple"},"acf":[],"_links":{"self":[{"href":"https:\/\/exzone.com.tr\/index.php\/wp-json\/wp\/v2\/product\/1461","targetHints":{"allow":["GET"]}}],"collection":[{"href":"https:\/\/exzone.com.tr\/index.php\/wp-json\/wp\/v2\/product"}],"about":[{"href":"https:\/\/exzone.com.tr\/index.php\/wp-json\/wp\/v2\/types\/product"}],"replies":[{"embeddable":true,"href":"https:\/\/exzone.com.tr\/index.php\/wp-json\/wp\/v2\/comments?post=1461"}],"wp:featuredmedia":[{"embeddable":true,"href":"https:\/\/exzone.com.tr\/index.php\/wp-json\/wp\/v2\/media\/1462"}],"wp:attachment":[{"href":"https:\/\/exzone.com.tr\/index.php\/wp-json\/wp\/v2\/media?parent=1461"}],"wp:term":[{"taxonomy":"product_brand","embeddable":true,"href":"https:\/\/exzone.com.tr\/index.php\/wp-json\/wp\/v2\/product_brand?post=1461"},{"taxonomy":"product_cat","embeddable":true,"href":"https:\/\/exzone.com.tr\/index.php\/wp-json\/wp\/v2\/product_cat?post=1461"},{"taxonomy":"product_tag","embeddable":true,"href":"https:\/\/exzone.com.tr\/index.php\/wp-json\/wp\/v2\/product_tag?post=1461"}],"curies":[{"name":"wp","href":"https:\/\/api.w.org\/{rel}","templated":true}]}}