{"id":1457,"date":"2023-01-11T00:37:58","date_gmt":"2023-01-10T21:37:58","guid":{"rendered":"https:\/\/exzone.com.tr\/?post_type=product&#038;p=1457"},"modified":"2024-05-02T03:41:13","modified_gmt":"2024-05-02T00:41:13","slug":"petzl-vertex-ve-strato-kasklari-icin-reflektif-etiket","status":"publish","type":"product","link":"https:\/\/exzone.com.tr\/index.php\/urun\/petzl-vertex-ve-strato-kasklari-icin-reflektif-etiket\/","title":{"rendered":"PETZL VERTEX Ve STRATO Kasklar\u0131 \u0130\u00e7in Reflektif Etiket"},"content":{"rendered":"<p>VERTEX ve STRATO kaslar\u0131 i\u00e7in reflektif etiket<\/p>\n<p>Kasklar\u0131n g\u00f6r\u00fcn\u00fcrl\u00fc\u011f\u00fcn\u00fc art\u0131rmak i\u00e7in reflektif etiketler.<\/p>\n<div class=\"list\">\n<p>&#8211; Daha fazla g\u00f6r\u00fcn\u00fcrl\u00fck i\u00e7in \u00f6nceden kesilmi\u015f 4 adet reflektif etiket par\u00e7as\u0131<br \/>\n&#8211;\u00a0VERTEX ve STRATO kasklar\u0131yla uyumlu<\/p>\n<\/div>\n<h3>\u00d6zellikler<\/h3>\n<div class=\"list\">\n<ul>\n<li>A\u011f\u0131rl\u0131k: 10 g<\/li>\n<\/ul>\n<table class=\"table table-striped\" width=\"220\">\n<tbody>\n<tr>\n<td><strong>Referanslar<\/strong><\/td>\n<td><strong>A010MA00<\/strong><\/td>\n<td><strong>A020FA00<\/strong><\/td>\n<\/tr>\n<tr>\n<td>Versiyon<\/td>\n<td>VERTEX<\/td>\n<td>STRATO<\/td>\n<\/tr>\n<tr>\n<td>Garanti<\/td>\n<td>3 y\u0131l<\/td>\n<td>3 y\u0131l<\/td>\n<\/tr>\n<tr>\n<td>Paket<\/td>\n<td>1<\/td>\n<td>1<\/td>\n<\/tr>\n<\/tbody>\n<\/table>\n<\/div>\n","protected":false},"excerpt":{"rendered":"<p>VERTEX ve STRATO kaslar\u0131 i\u00e7in reflektif etiket Kasklar\u0131n g\u00f6r\u00fcn\u00fcrl\u00fc\u011f\u00fcn\u00fc art\u0131rmak i\u00e7in reflektif etiketler. &#8211; Daha fazla g\u00f6r\u00fcn\u00fcrl\u00fck i\u00e7in \u00f6nceden kesilmi\u015f 4 adet reflektif etiket par\u00e7as\u0131 &#8211;\u00a0VERTEX ve STRATO kasklar\u0131yla uyumlu \u00d6zellikler A\u011f\u0131rl\u0131k: 10 g Referanslar A010MA00 A020FA00 Versiyon VERTEX STRATO Garanti 3 y\u0131l 3 y\u0131l Paket 1 1<\/p>\n","protected":false},"featured_media":1458,"comment_status":"open","ping_status":"closed","template":"","meta":[],"product_brand":[],"product_cat":[243],"product_tag":[],"class_list":{"0":"post-1457","1":"product","2":"type-product","3":"status-publish","4":"has-post-thumbnail","6":"product_cat-exproof-is-guvenligi-ekipmanlari","8":"first","9":"instock","10":"shipping-taxable","11":"product-type-simple"},"acf":[],"_links":{"self":[{"href":"https:\/\/exzone.com.tr\/index.php\/wp-json\/wp\/v2\/product\/1457","targetHints":{"allow":["GET"]}}],"collection":[{"href":"https:\/\/exzone.com.tr\/index.php\/wp-json\/wp\/v2\/product"}],"about":[{"href":"https:\/\/exzone.com.tr\/index.php\/wp-json\/wp\/v2\/types\/product"}],"replies":[{"embeddable":true,"href":"https:\/\/exzone.com.tr\/index.php\/wp-json\/wp\/v2\/comments?post=1457"}],"wp:featuredmedia":[{"embeddable":true,"href":"https:\/\/exzone.com.tr\/index.php\/wp-json\/wp\/v2\/media\/1458"}],"wp:attachment":[{"href":"https:\/\/exzone.com.tr\/index.php\/wp-json\/wp\/v2\/media?parent=1457"}],"wp:term":[{"taxonomy":"product_brand","embeddable":true,"href":"https:\/\/exzone.com.tr\/index.php\/wp-json\/wp\/v2\/product_brand?post=1457"},{"taxonomy":"product_cat","embeddable":true,"href":"https:\/\/exzone.com.tr\/index.php\/wp-json\/wp\/v2\/product_cat?post=1457"},{"taxonomy":"product_tag","embeddable":true,"href":"https:\/\/exzone.com.tr\/index.php\/wp-json\/wp\/v2\/product_tag?post=1457"}],"curies":[{"name":"wp","href":"https:\/\/api.w.org\/{rel}","templated":true}]}}