{"id":1454,"date":"2023-01-11T00:36:14","date_gmt":"2023-01-10T21:36:14","guid":{"rendered":"https:\/\/exzone.com.tr\/?post_type=product&#038;p=1454"},"modified":"2024-05-02T03:41:13","modified_gmt":"2024-05-02T00:41:13","slug":"petzl-vertex-ve-strato-kasklar-icin-isimlik","status":"publish","type":"product","link":"https:\/\/exzone.com.tr\/index.php\/urun\/petzl-vertex-ve-strato-kasklar-icin-isimlik\/","title":{"rendered":"PETZL VERTEX ve STRATO kasklar i\u00e7in isimlik"},"content":{"rendered":"<p>VERTEX ve STRATO kasklar i\u00e7in isimlik.<\/p>\n<p>VERTEX ve STRATO kasklar\u0131na tak\u0131lan isimlik, i\u015f\u00e7inin h\u0131zl\u0131 bir \u015fekilde tan\u0131nmas\u0131n\u0131 sa\u011flar. Tak\u0131lmas\u0131 kolayd\u0131r ve isim etiketleri i\u00e7in etkili ya\u011fmur korumas\u0131 sa\u011flar.<\/p>\n<p><b>Detayl\u0131 A\u00e7\u0131klama:<\/b><\/p>\n<ul>\n<li>\u0130\u015f\u00e7inin h\u0131zl\u0131 bir \u015fekilde tan\u0131nmas\u0131n\u0131 sa\u011flar<\/li>\n<li>VERTEX ve STRATO kasklar\u0131n\u0131n \u00f6n veya arka yuvalar\u0131na kolay bir \u015fekilde tak\u0131l\u0131r<\/li>\n<li>\u0130sim etiketleri i\u00e7in etkili ya\u011fmur korumas\u0131 sa\u011flar<\/li>\n<li>Etiketi takmas\u0131 kolayd\u0131r<\/li>\n<li>Petzl VERTEX ve STRATO kasklar\u0131yla uyumludur<\/li>\n<\/ul>\n<p><b>\u00d6zellikler:<\/b><\/p>\n<p><b>A\u011f\u0131rl\u0131k:\u00a0<\/b>45 g<\/p>\n<p><b>Materyal:\u00a0<\/b>polikarbonat<\/p>\n<table class=\"table table-striped\">\n<tbody>\n<tr>\n<td><strong>Referanslar<\/strong><\/td>\n<td><strong>A018AA00<\/strong><\/td>\n<\/tr>\n<tr>\n<td><strong>Garanti<\/strong><\/td>\n<td>3 y\u0131l<\/td>\n<\/tr>\n<tr>\n<td><strong>Paket<\/strong><\/td>\n<td>1<\/td>\n<\/tr>\n<\/tbody>\n<\/table>\n","protected":false},"excerpt":{"rendered":"<p>VERTEX ve STRATO kasklar i\u00e7in isimlik. VERTEX ve STRATO kasklar\u0131na tak\u0131lan isimlik, i\u015f\u00e7inin h\u0131zl\u0131 bir \u015fekilde tan\u0131nmas\u0131n\u0131 sa\u011flar. Tak\u0131lmas\u0131 kolayd\u0131r ve isim etiketleri i\u00e7in etkili ya\u011fmur korumas\u0131 sa\u011flar. Detayl\u0131 A\u00e7\u0131klama: \u0130\u015f\u00e7inin h\u0131zl\u0131 bir \u015fekilde tan\u0131nmas\u0131n\u0131 sa\u011flar VERTEX ve STRATO kasklar\u0131n\u0131n \u00f6n veya arka yuvalar\u0131na kolay bir \u015fekilde tak\u0131l\u0131r \u0130sim etiketleri i\u00e7in etkili ya\u011fmur korumas\u0131 sa\u011flar [&hellip;]<\/p>\n","protected":false},"featured_media":1455,"comment_status":"open","ping_status":"closed","template":"","meta":[],"product_brand":[],"product_cat":[243],"product_tag":[],"class_list":{"0":"post-1454","1":"product","2":"type-product","3":"status-publish","4":"has-post-thumbnail","6":"product_cat-exproof-is-guvenligi-ekipmanlari","8":"first","9":"instock","10":"shipping-taxable","11":"product-type-simple"},"acf":[],"_links":{"self":[{"href":"https:\/\/exzone.com.tr\/index.php\/wp-json\/wp\/v2\/product\/1454","targetHints":{"allow":["GET"]}}],"collection":[{"href":"https:\/\/exzone.com.tr\/index.php\/wp-json\/wp\/v2\/product"}],"about":[{"href":"https:\/\/exzone.com.tr\/index.php\/wp-json\/wp\/v2\/types\/product"}],"replies":[{"embeddable":true,"href":"https:\/\/exzone.com.tr\/index.php\/wp-json\/wp\/v2\/comments?post=1454"}],"wp:featuredmedia":[{"embeddable":true,"href":"https:\/\/exzone.com.tr\/index.php\/wp-json\/wp\/v2\/media\/1455"}],"wp:attachment":[{"href":"https:\/\/exzone.com.tr\/index.php\/wp-json\/wp\/v2\/media?parent=1454"}],"wp:term":[{"taxonomy":"product_brand","embeddable":true,"href":"https:\/\/exzone.com.tr\/index.php\/wp-json\/wp\/v2\/product_brand?post=1454"},{"taxonomy":"product_cat","embeddable":true,"href":"https:\/\/exzone.com.tr\/index.php\/wp-json\/wp\/v2\/product_cat?post=1454"},{"taxonomy":"product_tag","embeddable":true,"href":"https:\/\/exzone.com.tr\/index.php\/wp-json\/wp\/v2\/product_tag?post=1454"}],"curies":[{"name":"wp","href":"https:\/\/api.w.org\/{rel}","templated":true}]}}