{"id":1450,"date":"2023-01-11T00:33:14","date_gmt":"2023-01-10T21:33:14","guid":{"rendered":"https:\/\/exzone.com.tr\/?post_type=product&#038;p=1450"},"modified":"2025-02-25T18:18:32","modified_gmt":"2025-02-25T15:18:32","slug":"petzl-vizir-shadow-goz-korumasi","status":"publish","type":"product","link":"https:\/\/exzone.com.tr\/index.php\/urun\/petzl-vizir-shadow-goz-korumasi\/","title":{"rendered":"PETZL VIZIR SHADOW G\u00f6z Korumas\u0131"},"content":{"rendered":"<p>EASYCLIP sistemli, VERTEX ve STRATO kasklara uygun karart\u0131lm\u0131\u015f g\u00f6z korumas\u0131<\/p>\n<p>VIZIR SHADOW g\u00f6z kalkan\u0131, g\u00f6zleri f\u0131rlayan cisimlere kar\u015f\u0131 korur. EASYCLIP ba\u011flant\u0131 sistemi ile VERTEX ve STRATO kasklara tak\u0131lmas\u0131 kolayd\u0131r. 2.5 seviye g\u00fcne\u015f koruma filtresine, ayr\u0131ca \u00e7izilmeye kar\u015f\u0131 ve bu\u011fu \u00f6nleyici kaplamalara sahiptir.<br \/>\n<iframe loading=\"lazy\" title=\"vimeo-player\" src=\"https:\/\/player.vimeo.com\/video\/345900290\" width=\"640\" height=\"360\" frameborder=\"0\" allowfullscreen=\"allowfullscreen\" data-mce-fragment=\"1\"><\/iframe><br \/>\n<iframe loading=\"lazy\" src=\"https:\/\/www.youtube.com\/embed\/MjNpP24kMfU\" width=\"560\" height=\"315\" frameborder=\"0\" allowfullscreen=\"allowfullscreen\" data-mce-fragment=\"1\"><\/iframe><\/p>\n<p><b>G\u00f6zleri s\u0131\u00e7rayan cisimlere kar\u015f\u0131 korur:<\/b><\/p>\n<ul>\n<li>2.5. seviye g\u00fcne\u015f koruma filtresi g\u00f6zleri g\u00fcne\u015f \u0131\u015f\u0131nlar\u0131ndan korur<\/li>\n<li>\u00c7izilmeye kar\u015f\u0131 dayan\u0131kl\u0131 ve bu\u011fu \u00f6nleyici kaplama<\/li>\n<li>G\u00f6zl\u00fck tak\u0131lmas\u0131na imkan verir<\/li>\n<\/ul>\n<p><b>VERTEX (1) ve STRATO kasklarla uyumludur:<\/b><\/p>\n<ul>\n<li>EASYCLIP sistemi sayesinde h\u0131zl\u0131 ve kolay tak\u0131l\u0131p \u00e7\u0131kar\u0131labilir<\/li>\n<li>\u00c7al\u0131\u015fma pozisyonundan, kask\u0131n \u00fcst\u00fcndeki saklama pozisyonuna kolayca ge\u00e7irilir<\/li>\n<li>VIZIR ve VIZIR SHADOW koruyucular ile uyumludur<\/li>\n<\/ul>\n<p>(1) 2019 ve sonras\u0131nda \u00fcretilen \u00fcr\u00fcnler i\u00e7in ge\u00e7erlidir<\/p>\n<p><b>\u00d6zellikler:<\/b><\/p>\n<p><b>A\u011f\u0131rl\u0131k:\u00a0<\/b>80 g<\/p>\n<p><b>Materyal:\u00a0<\/b>polikarbonat<\/p>\n<p><b>Sertifikalar:\u00a0<\/b>CE EN 166, 1BT, CE EN 172, 5-2,5, ANSI Z87.1, EAC<\/p>\n<table class=\"table table-striped\">\n<tbody>\n<tr>\n<td><strong>Referanslar<\/strong><\/td>\n<td><strong>A015BA00<\/strong><\/td>\n<\/tr>\n<tr>\n<td><strong>Garanti<\/strong><\/td>\n<td>3 y\u0131l<\/td>\n<\/tr>\n<tr>\n<td><strong>Paket<\/strong><\/td>\n<td>1<\/td>\n<\/tr>\n<\/tbody>\n<\/table>\n","protected":false},"excerpt":{"rendered":"<p>EASYCLIP sistemli, VERTEX ve STRATO kasklara uygun karart\u0131lm\u0131\u015f g\u00f6z korumas\u0131 VIZIR SHADOW g\u00f6z kalkan\u0131, g\u00f6zleri f\u0131rlayan cisimlere kar\u015f\u0131 korur. EASYCLIP ba\u011flant\u0131 sistemi ile VERTEX ve STRATO kasklara tak\u0131lmas\u0131 kolayd\u0131r. 2.5 seviye g\u00fcne\u015f koruma filtresine, ayr\u0131ca \u00e7izilmeye kar\u015f\u0131 ve bu\u011fu \u00f6nleyici kaplamalara sahiptir. G\u00f6zleri s\u0131\u00e7rayan cisimlere kar\u015f\u0131 korur: 2.5. seviye g\u00fcne\u015f koruma filtresi g\u00f6zleri g\u00fcne\u015f \u0131\u015f\u0131nlar\u0131ndan [&hellip;]<\/p>\n","protected":false},"featured_media":1451,"comment_status":"open","ping_status":"closed","template":"","meta":[],"product_brand":[],"product_cat":[243],"product_tag":[],"class_list":{"0":"post-1450","1":"product","2":"type-product","3":"status-publish","4":"has-post-thumbnail","6":"product_cat-exproof-is-guvenligi-ekipmanlari","8":"first","9":"instock","10":"shipping-taxable","11":"product-type-simple"},"acf":[],"_links":{"self":[{"href":"https:\/\/exzone.com.tr\/index.php\/wp-json\/wp\/v2\/product\/1450","targetHints":{"allow":["GET"]}}],"collection":[{"href":"https:\/\/exzone.com.tr\/index.php\/wp-json\/wp\/v2\/product"}],"about":[{"href":"https:\/\/exzone.com.tr\/index.php\/wp-json\/wp\/v2\/types\/product"}],"replies":[{"embeddable":true,"href":"https:\/\/exzone.com.tr\/index.php\/wp-json\/wp\/v2\/comments?post=1450"}],"wp:featuredmedia":[{"embeddable":true,"href":"https:\/\/exzone.com.tr\/index.php\/wp-json\/wp\/v2\/media\/1451"}],"wp:attachment":[{"href":"https:\/\/exzone.com.tr\/index.php\/wp-json\/wp\/v2\/media?parent=1450"}],"wp:term":[{"taxonomy":"product_brand","embeddable":true,"href":"https:\/\/exzone.com.tr\/index.php\/wp-json\/wp\/v2\/product_brand?post=1450"},{"taxonomy":"product_cat","embeddable":true,"href":"https:\/\/exzone.com.tr\/index.php\/wp-json\/wp\/v2\/product_cat?post=1450"},{"taxonomy":"product_tag","embeddable":true,"href":"https:\/\/exzone.com.tr\/index.php\/wp-json\/wp\/v2\/product_tag?post=1450"}],"curies":[{"name":"wp","href":"https:\/\/api.w.org\/{rel}","templated":true}]}}