{"id":1446,"date":"2023-01-11T00:31:32","date_gmt":"2023-01-10T21:31:32","guid":{"rendered":"https:\/\/exzone.com.tr\/?post_type=product&#038;p=1446"},"modified":"2024-05-02T03:41:13","modified_gmt":"2024-05-02T00:41:13","slug":"petzl-vizir-goz-korumasi","status":"publish","type":"product","link":"https:\/\/exzone.com.tr\/index.php\/urun\/petzl-vizir-goz-korumasi\/","title":{"rendered":"PETZL VIZIR G\u00f6z Korumas\u0131"},"content":{"rendered":"<p>EASYCLIP sistemli, VERTEX ve STRATO kasklara uygun g\u00f6z korumas\u0131<\/p>\n<p>VIZIR g\u00f6z kalkan\u0131, g\u00f6zleri f\u0131rlayan cisimlere kar\u015f\u0131 korur. EASYCLIP ba\u011flant\u0131 sistemi ile VERTEX ve STRATO kasklar\u0131na tak\u0131lmas\u0131 kolayd\u0131r. Ayr\u0131ca \u00e7izilmeye kar\u015f\u0131 dayan\u0131kl\u0131 ve bu\u011fu \u00f6nleyici kaplamalara sahiptir.<br \/>\n<iframe loading=\"lazy\" title=\"vimeo-player\" src=\"https:\/\/player.vimeo.com\/video\/345900290\" width=\"640\" height=\"360\" frameborder=\"0\" allowfullscreen=\"allowfullscreen\" data-mce-fragment=\"1\"><\/iframe><br \/>\n<iframe loading=\"lazy\" src=\"https:\/\/www.youtube.com\/embed\/MjNpP24kMfU\" width=\"560\" height=\"315\" frameborder=\"0\" allowfullscreen=\"allowfullscreen\" data-mce-fragment=\"1\"><\/iframe><br \/>\n<b>Detayl\u0131 A\u00e7\u0131klama:<\/b><\/p>\n<p><b>G\u00f6zleri s\u0131\u00e7rayan cisimlere kar\u015f\u0131 korur:<\/b><\/p>\n<ul>\n<li>\u015eeffaf g\u00f6z kalkan\u0131<\/li>\n<li>\u00c7izilmeye kar\u015f\u0131 dayan\u0131kl\u0131 ve bu\u011fu \u00f6nleyici kaplama<\/li>\n<li>G\u00f6zl\u00fck tak\u0131lmas\u0131na imkan verir<\/li>\n<\/ul>\n<p><b>VERTEX (1) ve STRATO kasklar\u0131yla uyumludur:<\/b><\/p>\n<ul>\n<li>EASYCLIP sistemi sayesinde h\u0131zl\u0131 ve kolay montaj<\/li>\n<li>\u00c7al\u0131\u015fma pozisyonundan kask\u0131n \u00fcst\u00fcndeki saklama pozisyonuna kolayca ge\u00e7i\u015f<\/li>\n<li>VIZIR ve VIZIR SHADOW koruyucu ile uyumludur<\/li>\n<\/ul>\n<p><span data-sheets-userformat=\"{&quot;2&quot;:513,&quot;3&quot;:{&quot;1&quot;:0},&quot;12&quot;:0}\" data-sheets-value=\"{&quot;1&quot;:2,&quot;2&quot;:&quot;(1) 2019 ve sonras\u0131nda \u00fcretilen \u00fcr\u00fcnler i\u00e7in ge\u00e7erlidir&quot;}\">(1) 2019 ve sonras\u0131nda \u00fcretilen \u00fcr\u00fcnler i\u00e7in ge\u00e7erlidir<\/span><\/p>\n<p><b>\u00d6zellikler:<\/b><\/p>\n<ul>\n<li><b>A\u011f\u0131rl\u0131k:\u00a0<\/b>80 g<\/li>\n<li><b>Materyal:\u00a0<\/b>polikarbonat<\/li>\n<li><b>Sertifikalar:\u00a0<\/b>CE EN 166, 1BT, ANSI Z87.1, EAC<\/li>\n<\/ul>\n<h3><b>Referanslar:<\/b><\/h3>\n<table class=\"table table-striped\">\n<tbody>\n<tr>\n<td><strong>Referanslar<\/strong><\/td>\n<td><strong>A015AA00<\/strong><\/td>\n<\/tr>\n<tr>\n<td><strong>Garanti<\/strong><\/td>\n<td>3 y\u0131l<\/td>\n<\/tr>\n<tr>\n<td><strong>Paket<\/strong><\/td>\n<td>1<\/td>\n<\/tr>\n<\/tbody>\n<\/table>\n","protected":false},"excerpt":{"rendered":"<p>EASYCLIP sistemli, VERTEX ve STRATO kasklara uygun g\u00f6z korumas\u0131 VIZIR g\u00f6z kalkan\u0131, g\u00f6zleri f\u0131rlayan cisimlere kar\u015f\u0131 korur. EASYCLIP ba\u011flant\u0131 sistemi ile VERTEX ve STRATO kasklar\u0131na tak\u0131lmas\u0131 kolayd\u0131r. Ayr\u0131ca \u00e7izilmeye kar\u015f\u0131 dayan\u0131kl\u0131 ve bu\u011fu \u00f6nleyici kaplamalara sahiptir. Detayl\u0131 A\u00e7\u0131klama: G\u00f6zleri s\u0131\u00e7rayan cisimlere kar\u015f\u0131 korur: \u015eeffaf g\u00f6z kalkan\u0131 \u00c7izilmeye kar\u015f\u0131 dayan\u0131kl\u0131 ve bu\u011fu \u00f6nleyici kaplama G\u00f6zl\u00fck tak\u0131lmas\u0131na [&hellip;]<\/p>\n","protected":false},"featured_media":1447,"comment_status":"open","ping_status":"closed","template":"","meta":[],"product_brand":[],"product_cat":[243],"product_tag":[],"class_list":{"0":"post-1446","1":"product","2":"type-product","3":"status-publish","4":"has-post-thumbnail","6":"product_cat-exproof-is-guvenligi-ekipmanlari","8":"first","9":"instock","10":"shipping-taxable","11":"product-type-simple"},"acf":[],"_links":{"self":[{"href":"https:\/\/exzone.com.tr\/index.php\/wp-json\/wp\/v2\/product\/1446","targetHints":{"allow":["GET"]}}],"collection":[{"href":"https:\/\/exzone.com.tr\/index.php\/wp-json\/wp\/v2\/product"}],"about":[{"href":"https:\/\/exzone.com.tr\/index.php\/wp-json\/wp\/v2\/types\/product"}],"replies":[{"embeddable":true,"href":"https:\/\/exzone.com.tr\/index.php\/wp-json\/wp\/v2\/comments?post=1446"}],"wp:featuredmedia":[{"embeddable":true,"href":"https:\/\/exzone.com.tr\/index.php\/wp-json\/wp\/v2\/media\/1447"}],"wp:attachment":[{"href":"https:\/\/exzone.com.tr\/index.php\/wp-json\/wp\/v2\/media?parent=1446"}],"wp:term":[{"taxonomy":"product_brand","embeddable":true,"href":"https:\/\/exzone.com.tr\/index.php\/wp-json\/wp\/v2\/product_brand?post=1446"},{"taxonomy":"product_cat","embeddable":true,"href":"https:\/\/exzone.com.tr\/index.php\/wp-json\/wp\/v2\/product_cat?post=1446"},{"taxonomy":"product_tag","embeddable":true,"href":"https:\/\/exzone.com.tr\/index.php\/wp-json\/wp\/v2\/product_tag?post=1446"}],"curies":[{"name":"wp","href":"https:\/\/api.w.org\/{rel}","templated":true}]}}