{"id":1443,"date":"2023-01-11T00:29:49","date_gmt":"2023-01-10T21:29:49","guid":{"rendered":"https:\/\/exzone.com.tr\/?post_type=product&#038;p=1443"},"modified":"2024-05-02T03:41:12","modified_gmt":"2024-05-02T00:41:12","slug":"petzl-vizen-elektrik-ark-koruyucu","status":"publish","type":"product","link":"https:\/\/exzone.com.tr\/index.php\/urun\/petzl-vizen-elektrik-ark-koruyucu\/","title":{"rendered":"PETZL VIZEN Elektrik Ark Koruyucu"},"content":{"rendered":"<p>VERTEX ve STRATO kasklar\u0131 i\u00e7in EASYCLIP sistemi ile elektrik ark\u0131na kar\u015f\u0131 y\u00fcz korumas\u0131<\/p>\n<p>VIZEN y\u00fcz korumas\u0131 kullan\u0131c\u0131y\u0131 elektrik ark tehlikelerine kar\u015f\u0131 korur. B\u00fct\u00fcn y\u00fcz\u00fc kaplayan koruma, etraf\u0131 g\u00f6rmeyi engellemeden y\u00fcz ve g\u00f6z korumas\u0131 sunar. EASYCLIP ba\u011flant\u0131 sistemi sayesinde VERTEX ve STRATO kasklar\u0131na kolayca tak\u0131l\u0131r. Ayr\u0131ca \u00e7izilmeye kar\u015f\u0131 dayan\u0131kl\u0131 ve bu\u011fu \u00f6nleyici kaplamalara sahiptir.<br \/>\n<iframe loading=\"lazy\" title=\"vimeo-player\" src=\"https:\/\/player.vimeo.com\/video\/345900290\" width=\"640\" height=\"360\" frameborder=\"0\" allowfullscreen=\"allowfullscreen\" data-mce-fragment=\"1\"><\/iframe><br \/>\n<iframe loading=\"lazy\" src=\"https:\/\/www.youtube.com\/embed\/MjNpP24kMfU\" width=\"560\" height=\"315\" frameborder=\"0\" allowfullscreen=\"allowfullscreen\" data-mce-fragment=\"1\"><\/iframe><\/p>\n<p><b>G\u00f6zleri ve y\u00fcz\u00fc k\u0131sa devre elektrik arklar\u0131ndan korur:<\/b><\/p>\n<ul>\n<li>Tam y\u00fcz korumas\u0131 g\u00f6zleri ve y\u00fcz\u00fc korur<\/li>\n<li>Ola\u011fan\u00fcst\u00fc 180 \u00b0 \u00e7evresel g\u00f6r\u00fc\u015f<\/li>\n<li>\u00c7izilmelere ve bu\u011fulanmaya diren\u00e7li olacak \u015fekilde kaplama<\/li>\n<li>G\u00f6zl\u00fckle birlikte tak\u0131labilir<\/li>\n<\/ul>\n<p><b>VERTEX (1) ve STRATO kasklar\u0131yla uyumludur:<\/b><\/p>\n<ul>\n<li>Birlikte verilen EASYCLIP ba\u011flant\u0131 sistemi sayesinde h\u0131zl\u0131 ve kolay tak\u0131l\u0131r<\/li>\n<li>\u00c7al\u0131\u015fma konumundan kask\u0131n \u00fcst\u00fcndeki saklama konumuna h\u0131zl\u0131ca ge\u00e7irilebilir<\/li>\n<\/ul>\n<p>(1) 2019 ve sonras\u0131nda \u00fcretilen \u00fcr\u00fcnler i\u00e7in ge\u00e7erlidir<\/p>\n<p><b>\u00d6zellikler:<\/b><\/p>\n<p><b>A\u011f\u0131rl\u0131k:\u00a0<\/b>180 g<\/p>\n<p><b>Materyal:\u00a0<\/b>polikarbonat<\/p>\n<p><b>Sertifikalar:\u00a0<\/b>CE EN 166, 1BT8, CE EN 170, 2C-1,2, GS ET-29, classe 1, ANSI Z87.1, EAC<\/p>\n<table class=\"table table-striped\">\n<tbody>\n<tr>\n<td><strong>Referanslar<\/strong><\/td>\n<td><strong>A014AA00<\/strong><\/td>\n<\/tr>\n<tr>\n<td><strong>Garanti<\/strong><\/td>\n<td>3 y\u0131l<\/td>\n<\/tr>\n<tr>\n<td><strong>Paket<\/strong><\/td>\n<td>1<\/td>\n<\/tr>\n<\/tbody>\n<\/table>\n","protected":false},"excerpt":{"rendered":"<p>VERTEX ve STRATO kasklar\u0131 i\u00e7in EASYCLIP sistemi ile elektrik ark\u0131na kar\u015f\u0131 y\u00fcz korumas\u0131 VIZEN y\u00fcz korumas\u0131 kullan\u0131c\u0131y\u0131 elektrik ark tehlikelerine kar\u015f\u0131 korur. B\u00fct\u00fcn y\u00fcz\u00fc kaplayan koruma, etraf\u0131 g\u00f6rmeyi engellemeden y\u00fcz ve g\u00f6z korumas\u0131 sunar. EASYCLIP ba\u011flant\u0131 sistemi sayesinde VERTEX ve STRATO kasklar\u0131na kolayca tak\u0131l\u0131r. Ayr\u0131ca \u00e7izilmeye kar\u015f\u0131 dayan\u0131kl\u0131 ve bu\u011fu \u00f6nleyici kaplamalara sahiptir. G\u00f6zleri ve [&hellip;]<\/p>\n","protected":false},"featured_media":1444,"comment_status":"open","ping_status":"closed","template":"","meta":[],"product_brand":[],"product_cat":[243],"product_tag":[],"class_list":{"0":"post-1443","1":"product","2":"type-product","3":"status-publish","4":"has-post-thumbnail","6":"product_cat-exproof-is-guvenligi-ekipmanlari","8":"first","9":"instock","10":"shipping-taxable","11":"product-type-simple"},"acf":[],"_links":{"self":[{"href":"https:\/\/exzone.com.tr\/index.php\/wp-json\/wp\/v2\/product\/1443","targetHints":{"allow":["GET"]}}],"collection":[{"href":"https:\/\/exzone.com.tr\/index.php\/wp-json\/wp\/v2\/product"}],"about":[{"href":"https:\/\/exzone.com.tr\/index.php\/wp-json\/wp\/v2\/types\/product"}],"replies":[{"embeddable":true,"href":"https:\/\/exzone.com.tr\/index.php\/wp-json\/wp\/v2\/comments?post=1443"}],"wp:featuredmedia":[{"embeddable":true,"href":"https:\/\/exzone.com.tr\/index.php\/wp-json\/wp\/v2\/media\/1444"}],"wp:attachment":[{"href":"https:\/\/exzone.com.tr\/index.php\/wp-json\/wp\/v2\/media?parent=1443"}],"wp:term":[{"taxonomy":"product_brand","embeddable":true,"href":"https:\/\/exzone.com.tr\/index.php\/wp-json\/wp\/v2\/product_brand?post=1443"},{"taxonomy":"product_cat","embeddable":true,"href":"https:\/\/exzone.com.tr\/index.php\/wp-json\/wp\/v2\/product_cat?post=1443"},{"taxonomy":"product_tag","embeddable":true,"href":"https:\/\/exzone.com.tr\/index.php\/wp-json\/wp\/v2\/product_tag?post=1443"}],"curies":[{"name":"wp","href":"https:\/\/api.w.org\/{rel}","templated":true}]}}