{"id":1419,"date":"2023-01-11T00:22:41","date_gmt":"2023-01-10T21:22:41","guid":{"rendered":"https:\/\/exzone.com.tr\/?post_type=product&#038;p=1419"},"modified":"2024-05-02T03:41:12","modified_gmt":"2024-05-02T00:41:12","slug":"petzl-vertex-hi-viz-kask","status":"publish","type":"product","link":"https:\/\/exzone.com.tr\/index.php\/urun\/petzl-vertex-hi-viz-kask\/","title":{"rendered":"PETZL VERTEX HI-VIZ Kask"},"content":{"rendered":"<p>Rahat ve y\u00fcksek g\u00f6r\u00fcn\u00fcrl\u00fckl\u00fc kask.<\/p>\n<p>VERTEX VENT HI-VIZ kask, alt\u0131 noktal\u0131 tekstil dolgu ve kask\u0131n kafaya g\u00fcvenli bir \u015fekilde oturmas\u0131n\u0131 sa\u011flayan CENTERFIT ve FLIP&amp;FIT sistemleri sayesinde \u00fcst\u00fcn konfor sa\u011flar. Ayarlanabilir dayan\u0131kl\u0131 \u00e7ene perlonu hem y\u00fcksekte hem de yerde \u00e7al\u0131\u015fmak i\u00e7in idealdir. Havaland\u0131rmas\u0131z d\u0131\u015f kabuk elektriksel tehlikelere, erimi\u015f metal s\u0131\u00e7ramalar\u0131na ve aleve kar\u015f\u0131 koruma sa\u011flar. Petzl kafa feneri, kulak korumas\u0131 ve \u00e7ok say\u0131da aksesuar ile uyumlu oldu\u011fu i\u00e7in tamamen mod\u00fcler bir kaskt\u0131r, bu y\u00fczden profesyonellerin ek gereksinimlerine cevap vermektedir. Y\u00fcksek g\u00f6r\u00fcn\u00fcrl\u00fckl\u00fc versiyonu i\u015f\u00e7inin g\u00fcnd\u00fcz veya gece en iyi \u015fekilde g\u00f6r\u00fclebilmesi i\u00e7in fosforlu klipsli ve yans\u0131t\u0131c\u0131 bantlara sahip floresan d\u0131\u015f kabu\u011fa sahiptir.<\/p>\n<p><iframe loading=\"lazy\" title=\"Petzl VERTEX Kask Serisi\" src=\"https:\/\/www.youtube.com\/embed\/Mwcv2_jUnKE?feature=oembed\" width=\"1170\" height=\"658\" frameborder=\"0\" allowfullscreen=\"allowfullscreen\" data-mce-fragment=\"1\"><\/iframe><\/p>\n<p><b>Detayl\u0131 A\u00e7\u0131klama:<\/b><\/p>\n<p><b>\u00c7ok Konforlu:<\/b><\/p>\n<ul>\n<li>Alt\u0131 noktal\u0131 tekstil dolgu\u00a0kafan\u0131n \u015fekline uygun olarak konfor sa\u011flar<\/li>\n<li>CENTERFIT \u00f6zelli\u011fi iki yan ayarlama tekerle\u011fi ile kask\u0131n kafada ortalanmas\u0131n\u0131 sa\u011flar<\/li>\n<li>FLIP&amp;FIT sistemi, kafa band\u0131n\u0131n d\u00fc\u015f\u00fck bir pozisyonda konumland\u0131r\u0131lmas\u0131n\u0131 ve kask\u0131n ba\u015fa s\u0131k\u0131ca oturmas\u0131n\u0131 sa\u011flar. Sistem kolay ta\u015f\u0131ma ve saklama i\u00e7in kask\u0131n i\u00e7ine katlanabilir<\/li>\n<li>De\u011fi\u015ftirilebilir standart konfor dolgusu ile gelir<\/li>\n<\/ul>\n<p><b>Y\u00fcksekte ve yerde, g\u00fcnd\u00fcz veya gece \u00e7al\u0131\u015fma i\u00e7in tasarlanm\u0131\u015f koruma:<\/b><\/p>\n<ul>\n<li>DUAL \u00e7ene perlonu, kask\u0131 farkl\u0131 ko\u015fullara uyarlamas\u0131 i\u00e7in \u00e7al\u0131\u015fan\u0131n \u00e7ene perlonunu ayarlamas\u0131n\u0131 sa\u011flar: y\u00fcksekte (EN 12492) veya yerde (EN 397) \u00e7al\u0131\u015fma. Klipsin, bu iki kullan\u0131ma kar\u015f\u0131l\u0131k gelen iki konumu vard\u0131r: y\u00fcksek g\u00fc\u00e7, d\u00fc\u015fme s\u0131ras\u0131nda kask\u0131n \u00e7\u0131kma riskini azalt\u0131r ve d\u00fc\u015f\u00fck g\u00fc\u00e7, kask kullan\u0131c\u0131 yerdeyken bir yere tak\u0131l\u0131rsa bo\u011fulma riskini azalt\u0131r.<\/li>\n<li>\u015eok emilimi kabu\u011fun deformasyonu ile sa\u011flan\u0131r<\/li>\n<li>Havaland\u0131rmas\u0131z d\u0131\u015f kabuk elektriksel tehlikelere, erimi\u015f metal s\u0131\u00e7ramalar\u0131na ve aleve kar\u015f\u0131 koruma sa\u011flar<\/li>\n<li>\u0130\u015f\u00e7inin g\u00fcnd\u00fcz veya gece en iyi \u015fekilde g\u00f6r\u00fclebilmesi i\u00e7in fosforlu klipsli ve yans\u0131t\u0131c\u0131 bantlara sahip floresan d\u0131\u015f kabu\u011fa sahiptir<\/li>\n<\/ul>\n<p><b>Mod\u00fcler aksesuarlar:<\/b><\/p>\n<ul>\n<li>Kolay montaj i\u00e7in EASYCLIP yandan ba\u011flant\u0131 sistemli g\u00f6z korumas\u0131<\/li>\n<li>Montaj plakal\u0131 veya elastik bantl\u0131 Petzl kafa fenerleri<\/li>\n<li>Kask koruyucu, d\u0131\u015f kabu\u011fun kirlenmesini ve boya s\u0131\u00e7ramas\u0131n\u0131 \u00f6nler<\/li>\n<li>Ense koruyucusu boyun ve ense i\u00e7in etkili g\u00fcne\u015f ve ya\u011fmur korumas\u0131 sa\u011flar<\/li>\n<li>\u0130sim etiketi, kullan\u0131c\u0131n\u0131n daha rahat tan\u0131nmas\u0131n\u0131 sa\u011flar<\/li>\n<li>De\u011fi\u015ftirilebilir \u00e7ene perlonu ve k\u00f6p\u00fck<\/li>\n<li>Kulak korumas\u0131<\/li>\n<li>\u0130ki y\u00fcksek g\u00f6r\u00fcn\u00fcrl\u00fckl\u00fc modeli vard\u0131r: sar\u0131 ve turuncu<\/li>\n<\/ul>\n<p><b>\u00d6zellikler:<\/b><\/p>\n<ul>\n<li><b>Kafa \u00e7evresi:\u00a0<\/b>53 \u2013 63 cm<\/li>\n<li><b>A\u011f\u0131rl\u0131k:\u00a0<\/b>495 g<\/li>\n<li><b>Materyal:\u00a0<\/b>ABS (akrilonitril b\u00fctadien stiren), naylon, polikarbonat, y\u00fcksek mukavemetli polyester, \u00a0polietilen<\/li>\n<li><b>Sertifikalar:\u00a0<\/b>CE, EN 397, EN 12492 (1), EN 50365, ANSI Z89.1 Type I Class E, EAC, AS\/NZS 1801<\/li>\n<\/ul>\n<p>(1) Havaland\u0131rma \u015fart\u0131 d\u0131\u015f\u0131nda EN 12492 standard\u0131n\u0131n t\u00fcm gereksinimlerini kar\u015f\u0131lar.<\/p>\n<p><b>Referanslar:<\/b><\/p>\n<table class=\"table table-striped\">\n<tbody>\n<tr>\n<td><strong>Referanslar<\/strong><\/td>\n<td><strong>A010DA00<\/strong><\/td>\n<td><strong>A010DA01<\/strong><\/td>\n<\/tr>\n<tr>\n<td><strong>Renk<\/strong><\/td>\n<td>sar\u0131<\/td>\n<td>turuncu<\/td>\n<\/tr>\n<tr>\n<td><strong>Garanti<\/strong><\/td>\n<td>3 Y\u0131l<\/td>\n<td>3 Y\u0131l<\/td>\n<\/tr>\n<tr>\n<td><strong>Paket<\/strong><\/td>\n<td>1<\/td>\n<td>1<\/td>\n<\/tr>\n<\/tbody>\n<\/table>\n","protected":false},"excerpt":{"rendered":"<p>Rahat ve y\u00fcksek g\u00f6r\u00fcn\u00fcrl\u00fckl\u00fc kask. VERTEX VENT HI-VIZ kask, alt\u0131 noktal\u0131 tekstil dolgu ve kask\u0131n kafaya g\u00fcvenli bir \u015fekilde oturmas\u0131n\u0131 sa\u011flayan CENTERFIT ve FLIP&amp;FIT sistemleri sayesinde \u00fcst\u00fcn konfor sa\u011flar. Ayarlanabilir dayan\u0131kl\u0131 \u00e7ene perlonu hem y\u00fcksekte hem de yerde \u00e7al\u0131\u015fmak i\u00e7in idealdir. Havaland\u0131rmas\u0131z d\u0131\u015f kabuk elektriksel tehlikelere, erimi\u015f metal s\u0131\u00e7ramalar\u0131na ve aleve kar\u015f\u0131 koruma sa\u011flar. Petzl [&hellip;]<\/p>\n","protected":false},"featured_media":1420,"comment_status":"open","ping_status":"closed","template":"","meta":[],"product_brand":[],"product_cat":[243,271],"product_tag":[],"class_list":{"0":"post-1419","1":"product","2":"type-product","3":"status-publish","4":"has-post-thumbnail","6":"product_cat-exproof-is-guvenligi-ekipmanlari","7":"product_cat-kask-ve-baretler","9":"first","10":"instock","11":"shipping-taxable","12":"product-type-simple"},"acf":[],"_links":{"self":[{"href":"https:\/\/exzone.com.tr\/index.php\/wp-json\/wp\/v2\/product\/1419","targetHints":{"allow":["GET"]}}],"collection":[{"href":"https:\/\/exzone.com.tr\/index.php\/wp-json\/wp\/v2\/product"}],"about":[{"href":"https:\/\/exzone.com.tr\/index.php\/wp-json\/wp\/v2\/types\/product"}],"replies":[{"embeddable":true,"href":"https:\/\/exzone.com.tr\/index.php\/wp-json\/wp\/v2\/comments?post=1419"}],"wp:featuredmedia":[{"embeddable":true,"href":"https:\/\/exzone.com.tr\/index.php\/wp-json\/wp\/v2\/media\/1420"}],"wp:attachment":[{"href":"https:\/\/exzone.com.tr\/index.php\/wp-json\/wp\/v2\/media?parent=1419"}],"wp:term":[{"taxonomy":"product_brand","embeddable":true,"href":"https:\/\/exzone.com.tr\/index.php\/wp-json\/wp\/v2\/product_brand?post=1419"},{"taxonomy":"product_cat","embeddable":true,"href":"https:\/\/exzone.com.tr\/index.php\/wp-json\/wp\/v2\/product_cat?post=1419"},{"taxonomy":"product_tag","embeddable":true,"href":"https:\/\/exzone.com.tr\/index.php\/wp-json\/wp\/v2\/product_tag?post=1419"}],"curies":[{"name":"wp","href":"https:\/\/api.w.org\/{rel}","templated":true}]}}