{"id":1352,"date":"2023-01-06T20:55:29","date_gmt":"2023-01-06T17:55:29","guid":{"rendered":"https:\/\/exzone.com.tr\/?post_type=product&#038;p=1352"},"modified":"2023-09-12T02:42:09","modified_gmt":"2023-09-11T23:42:09","slug":"ppsr-serisi","status":"publish","type":"product","link":"https:\/\/exzone.com.tr\/index.php\/urun\/ppsr-serisi\/","title":{"rendered":"PPSR Serisi"},"content":{"rendered":"<p>\u2022 Sens\u00f6r:\u00a0\u00a0Elektrokimyasal sens\u00f6rler Karbonmonoksit (CO), Nitrojen dioksit (NO2) gaz\u0131n\u0131 alg\u0131lamak i\u00e7in kullan\u0131l\u0131r<br \/>\n\u2022 Giri\u015f:\u00a0\u00a03x PG11 kablo giri\u015fi<br \/>\n\u2022 G\u00f6vde:\u00a0\u00a0ABS Plastik g\u00f6vde ve IP54 koruma s\u0131n\u0131f\u0131 d\u00fc\u015f\u00fck \u00e7evre ko\u015fullar\u0131 i\u00e7in uygundur<\/p>\n","protected":false},"excerpt":{"rendered":"<div class=\"wt-product-text\">\n<p>PPSR Serisi, kapal\u0131 otoparklar ve t\u00fcnellerde karbon monoksit, nitrojen dioksit ve LPG gazlar\u0131n\u0131n s\u00fcrekli olarak izlenmesi i\u00e7in tasarlanm\u0131\u015ft\u0131r. PPSR Serisinde, dedekt\u00f6r, siren, fanlar vb. gibi di\u011fer ekipmanlar\u0131 y\u00f6netmek i\u00e7in \u00fczerinde r\u00f6lelerle mevcuttur.<\/p>\n<\/div>\n<div class=\"product_meta\"><span class=\"sku_wrapper\">Marka:\u00a0<span class=\"sku\">Prosense<\/span><\/span><\/div>\n","protected":false},"featured_media":1353,"comment_status":"open","ping_status":"closed","template":"","meta":[],"product_brand":[],"product_cat":[84,267],"product_tag":[],"class_list":{"0":"post-1352","1":"product","2":"type-product","3":"status-publish","4":"has-post-thumbnail","6":"product_cat-exproof-gaz-dedektoru","7":"product_cat-exproof-sabit-gaz-dedektoru","9":"first","10":"instock","11":"shipping-taxable","12":"product-type-simple"},"acf":[],"_links":{"self":[{"href":"https:\/\/exzone.com.tr\/index.php\/wp-json\/wp\/v2\/product\/1352","targetHints":{"allow":["GET"]}}],"collection":[{"href":"https:\/\/exzone.com.tr\/index.php\/wp-json\/wp\/v2\/product"}],"about":[{"href":"https:\/\/exzone.com.tr\/index.php\/wp-json\/wp\/v2\/types\/product"}],"replies":[{"embeddable":true,"href":"https:\/\/exzone.com.tr\/index.php\/wp-json\/wp\/v2\/comments?post=1352"}],"wp:featuredmedia":[{"embeddable":true,"href":"https:\/\/exzone.com.tr\/index.php\/wp-json\/wp\/v2\/media\/1353"}],"wp:attachment":[{"href":"https:\/\/exzone.com.tr\/index.php\/wp-json\/wp\/v2\/media?parent=1352"}],"wp:term":[{"taxonomy":"product_brand","embeddable":true,"href":"https:\/\/exzone.com.tr\/index.php\/wp-json\/wp\/v2\/product_brand?post=1352"},{"taxonomy":"product_cat","embeddable":true,"href":"https:\/\/exzone.com.tr\/index.php\/wp-json\/wp\/v2\/product_cat?post=1352"},{"taxonomy":"product_tag","embeddable":true,"href":"https:\/\/exzone.com.tr\/index.php\/wp-json\/wp\/v2\/product_tag?post=1352"}],"curies":[{"name":"wp","href":"https:\/\/api.w.org\/{rel}","templated":true}]}}