{"id":1313,"date":"2023-01-06T18:58:54","date_gmt":"2023-01-06T15:58:54","guid":{"rendered":"https:\/\/exzone.com.tr\/?post_type=product&#038;p=1313"},"modified":"2023-09-12T02:42:09","modified_gmt":"2023-09-11T23:42:09","slug":"pe-kayo-serisi","status":"publish","type":"product","link":"https:\/\/exzone.com.tr\/index.php\/urun\/pe-kayo-serisi\/","title":{"rendered":"PE-Kayo Serisi"},"content":{"rendered":"<div><strong>\u2022 Sens\u00f6r:<\/strong>\u00a0\u00a0LPG, Metan, Benzin Buhar\u0131, B\u00fctan, Propan ve Hidrojen gazlar\u0131n\u0131% 0-100 LEL&#8217;de tespit etmek i\u00e7in \u00f6zel olarak tasarlanm\u0131\u015f y\u00fcksek kaliteli katalitik sens\u00f6r kullan\u0131r.<\/div>\n<div><strong>\u2022 Sertifikasyon:<\/strong>\u00a0\u00a0ATEX ve IECEx sertifikal\u0131 PE-Kayo Serisi, patlay\u0131c\u0131 atmosferde g\u00fcvenle kullan\u0131ma haz\u0131r<\/div>\n<div><strong>\u2022 Ba\u011flant\u0131:<\/strong>\u00a0\u00a0Evrensel standart 4-20mA analog \u00e7\u0131k\u0131\u015f sa\u011flar<\/div>\n<div><strong>\u2022 Giri\u015f:<\/strong>\u00a0\u00a01 x 1\/2 \u2033 NPT kablo giri\u015fi<\/div>\n<div><strong>\u2022 G\u00f6vde:<\/strong>\u00a0\u00a0Al\u00fcminyum d\u00f6k\u00fcm g\u00f6vde ve sens\u00f6r kafas\u0131 IP65 koruma s\u0131n\u0131f\u0131 ile zorlu \u00e7evre ko\u015fullar\u0131 alt\u0131nda \u00fcst\u00fcn performans.<\/div>\n<div><strong>\u2022 Uzaktan Kumanda:<\/strong>\u00a0\u00a0Dedekt\u00f6r durumu, Prosense Gaz \u0130zleme yaz\u0131l\u0131m\u0131 uzaktan izlenebilir.<\/div>\n<div><strong>\u2022 R\u00f6le Kontaklar\u0131:<\/strong>\u00a0\u00a0P-3R + r\u00f6le mod\u00fcl\u00fc entegre PE Serisi dedekt\u00f6rler di\u011fer ekipmanlar\u0131 y\u00f6netebilir veya yang\u0131n s\u00f6nd\u00fcrme panellerine ba\u011flanabilir.<\/div>\n","protected":false},"excerpt":{"rendered":"[gallery ids=\"1283,1280,1279\"]\n<div class=\"wt-product-text\">\n<p>PE-KAYO Serisi, birden fazla i\u015flevi oldu\u011fu i\u00e7in Petrol ve Benzin istasyonlar\u0131 i\u00e7in \u00f6zel olarak tasarlanm\u0131\u015ft\u0131r. Dedekt\u00f6r, cihaz\u0131n kurulu oldu\u011fu konumda meydana gelen fiziksel \u00e7arpmalar\u0131 ve gaz \u00f6l\u00e7\u00fcm fonksiyonlar\u0131n\u0131 izlemek i\u00e7in i\u00e7inde \u00f6zel bir ivme\u00f6l\u00e7er \u00e7ipine sahiptir. Bir araba veya kamyon dedekt\u00f6re veya monte edilmi\u015f \u015fafta \u00e7arparsa gaz ve ya\u011f ak\u0131\u015f\u0131n\u0131 kesmek i\u00e7in bir alarm olu\u015fturabilir. PE-Kayo Serisi, kullan\u0131lan katalitik sens\u00f6rler ile % 0-100 LEL&#8217;de m\u00fckemmel sonu\u00e7lar sa\u011flamaktad\u0131r.<\/p>\n<\/div>\n<div class=\"product_meta\"><span class=\"sku_wrapper\">Marka:\u00a0<span class=\"sku\">Prosense<\/span><\/span><\/div>\n","protected":false},"featured_media":1314,"comment_status":"open","ping_status":"closed","template":"","meta":[],"product_brand":[],"product_cat":[84,267],"product_tag":[],"class_list":{"0":"post-1313","1":"product","2":"type-product","3":"status-publish","4":"has-post-thumbnail","6":"product_cat-exproof-gaz-dedektoru","7":"product_cat-exproof-sabit-gaz-dedektoru","9":"first","10":"instock","11":"shipping-taxable","12":"product-type-simple"},"acf":[],"_links":{"self":[{"href":"https:\/\/exzone.com.tr\/index.php\/wp-json\/wp\/v2\/product\/1313","targetHints":{"allow":["GET"]}}],"collection":[{"href":"https:\/\/exzone.com.tr\/index.php\/wp-json\/wp\/v2\/product"}],"about":[{"href":"https:\/\/exzone.com.tr\/index.php\/wp-json\/wp\/v2\/types\/product"}],"replies":[{"embeddable":true,"href":"https:\/\/exzone.com.tr\/index.php\/wp-json\/wp\/v2\/comments?post=1313"}],"wp:featuredmedia":[{"embeddable":true,"href":"https:\/\/exzone.com.tr\/index.php\/wp-json\/wp\/v2\/media\/1314"}],"wp:attachment":[{"href":"https:\/\/exzone.com.tr\/index.php\/wp-json\/wp\/v2\/media?parent=1313"}],"wp:term":[{"taxonomy":"product_brand","embeddable":true,"href":"https:\/\/exzone.com.tr\/index.php\/wp-json\/wp\/v2\/product_brand?post=1313"},{"taxonomy":"product_cat","embeddable":true,"href":"https:\/\/exzone.com.tr\/index.php\/wp-json\/wp\/v2\/product_cat?post=1313"},{"taxonomy":"product_tag","embeddable":true,"href":"https:\/\/exzone.com.tr\/index.php\/wp-json\/wp\/v2\/product_tag?post=1313"}],"curies":[{"name":"wp","href":"https:\/\/api.w.org\/{rel}","templated":true}]}}