{"id":3334,"date":"2024-09-02T15:14:27","date_gmt":"2024-09-02T12:14:27","guid":{"rendered":"https:\/\/exzone.com.tr\/?page_id=3334"},"modified":"2024-09-02T15:19:17","modified_gmt":"2024-09-02T12:19:17","slug":"hizmet-verdigimiz-sektorler","status":"publish","type":"page","link":"https:\/\/exzone.com.tr\/index.php\/hizmet-verdigimiz-sektorler\/","title":{"rendered":"Hizmet Verdi\u011fimiz Sekt\u00f6rler"},"content":{"rendered":"<p>[vc_row][vc_column css=&#8221;.vc_custom_1725278788643{padding-top: 50px !important;padding-bottom: 50px !important;}&#8221;][vc_column_text]Elimizde bulunan geni\u015f \u00fcr\u00fcn yelpazemiz ile t\u00fcm g\u00fcvenlik ihtiya\u00e7lar\u0131n\u0131z\u0131 kar\u015f\u0131lamak i\u00e7in \u00e7al\u0131\u015f\u0131yoruz. Gaz dedekt\u00f6rlerinden g\u00fcvenlik kemerlerine kadar, ekipman \u00e7e\u015fitlerimiz \u00e7e\u015fitli \u00e7al\u0131\u015fma senaryolar\u0131nda \u00e7al\u0131\u015fanlar\u0131n korunmas\u0131n\u0131 sa\u011flamak i\u00e7in kullan\u0131labilir. \u0130\u015fletmenizin t\u00fcm g\u00fcvenlik ihtiya\u00e7lar\u0131n\u0131 kar\u015f\u0131lamak i\u00e7in nas\u0131l yard\u0131mc\u0131 olabilece\u011fimize bir g\u00f6z at\u0131n. A\u015fa\u011f\u0131da, d\u00fczenli olarak \u00e7al\u0131\u015ft\u0131\u011f\u0131m\u0131z en yayg\u0131n end\u00fcstrilerden sadece baz\u0131lar\u0131 yer almakta, ancak sizin end\u00fcstrinizi bulamad\u0131ysan\u0131z, bizi aray\u0131n ve uzmanlar\u0131m\u0131zdan biri size yard\u0131mc\u0131 olmaktan memnuniyet duyacakt\u0131r.<\/p>\n<p>Arad\u0131\u011f\u0131n\u0131z\u0131 bulamad\u0131ysan\u0131z veya sa\u011flad\u0131\u011f\u0131m\u0131z \u00fcr\u00fcnler hakk\u0131nda daha fazla bilgi almak istiyorsan\u0131z, m\u00fc\u015fteri destek ekibimizi 0850 333 0357 numaral\u0131 telefondan arayabilir veya info@exzone.com.tr adresine e-posta g\u00f6nderebilirsiniz.[\/vc_column_text][vc_custom_heading text=&#8221;DRENAJ &#8211; KANAL\u0130ZASYON&#8221; font_container=&#8221;tag:h4|text_align:left&#8221; google_fonts=&#8221;font_family:Quicksand%3A300%2Cregular%2C700|font_style:700%20bold%20regular%3A700%3Anormal&#8221; css=&#8221;.vc_custom_1725279306819{padding-top: 20px !important;padding-bottom: 20px !important;}&#8221;][vc_column_text]Kanalizasyon ve drenaj sistemlerinde \u00e7al\u0131\u015fan i\u015f\u00e7iler s\u0131kl\u0131kla kapal\u0131 alan\u0131n tehlikelerine maruz kalmaktad\u0131r. Riskler aras\u0131nda oksijen eksikli\u011fi, a\u015f\u0131r\u0131 \u0131s\u0131nma, yang\u0131n, s\u0131v\u0131lar, toz ve zehirli gazlar yer al\u0131r ve bunlar\u0131n t\u00fcm\u00fc, \u00f6nlem al\u0131nmad\u0131\u011f\u0131 takdirde \u00e7al\u0131\u015fanlarda ciddi sa\u011fl\u0131k sorunlar\u0131na neden olabilir.<\/p>\n<p>Evsel ve end\u00fcstriyel at\u0131klar\u0131n \u00e7\u00fcr\u00fcmesi, kapal\u0131 bir alanda amonyak, hidrojen s\u00fclf\u00fcr, metan, karbon monoksit ve k\u00fck\u00fcrt dioksit dahil olmak \u00fczere bir\u00e7ok gaz\u0131n birikmesine neden olabilir. Bu gazlar\u0131n bir\u00e7o\u011fu zehirlidir ve i\u015f\u00e7inin d\u00fc\u015f\u00fck konsantrasyonlarda bile bu gazlara maruz kalmas\u0131 durumunda sa\u011fl\u0131k sorunlar\u0131na ve hatta \u00f6l\u00fcme yol a\u00e7abilir. Bu gazlar ayn\u0131 zamanda son derece yan\u0131c\u0131d\u0131r ve \u00f6l\u00fcmlere yol a\u00e7abilecek tutu\u015fma riski ta\u015f\u0131r. Drenaj sistemlerinde bulunan gazlar kan dola\u015f\u0131m\u0131ndaki oksijen i\u00e7eri\u011fini t\u00fcketebilir ve bu da \u00e7al\u0131\u015fan\u0131n bilincini kaybetmesine ve solunum s\u0131k\u0131nt\u0131s\u0131 \u00e7ekmesine neden olabilir.<\/p>\n<p>Kanalizasyon veya drenaj sistemlerinde \u00e7al\u0131\u015fan i\u015f\u00e7ilerin g\u00fcvenli\u011fini sa\u011flamak i\u00e7in, alana giren herkese uygun gaz dedekt\u00f6rleri sa\u011flanmal\u0131d\u0131r. T\u00fcm \u00e7al\u0131\u015fanlar, cihazlar\u0131n nas\u0131l \u00e7al\u0131\u015ft\u0131r\u0131laca\u011f\u0131 konusunda do\u011fru bir \u015fekilde e\u011fitilmeli ve tam g\u00fcvenli\u011fi sa\u011flamak i\u00e7in giri\u015ften \u00f6nce kapsaml\u0131 de\u011ferlendirmeler yap\u0131lmal\u0131d\u0131r.<\/p>\n<p>\u0130\u015f\u00e7iler ayr\u0131ca alana kolay eri\u015fim sa\u011flayan tripodlar, ko\u015fum tak\u0131mlar\u0131 ve vin\u00e7ler gibi kapsaml\u0131 kapal\u0131 alan ekipmanlar\u0131na da ihtiya\u00e7 duyabilir.<\/p>\n<p>Exzone olarak, gaz monit\u00f6rleri, kapal\u0131 alan kitleri ve v\u00fccut korumas\u0131n\u0131 i\u00e7eren geni\u015f g\u00fcvenlik \u00fcr\u00fcnlerimize bir g\u00f6z at\u0131n. Destek ekibimizden daha fazla bilgi almak i\u00e7in a\u015fa\u011f\u0131daki d\u00fc\u011fmeye t\u0131klaman\u0131z veya mesaj b\u0131rakman\u0131z yeterlidir. En k\u0131sa zamanda size d\u00f6n\u00fc\u015f yapaca\u011f\u0131z.[\/vc_column_text][vc_custom_heading text=&#8221;SU &amp; ATIKSU&#8221; font_container=&#8221;tag:h4|text_align:left&#8221; google_fonts=&#8221;font_family:Quicksand%3A300%2Cregular%2C700|font_style:700%20bold%20regular%3A700%3Anormal&#8221; css=&#8221;.vc_custom_1725279325163{padding-top: 20px !important;padding-bottom: 20px !important;}&#8221;][vc_column_text]Su ve at\u0131k su tesislerinde \u00e7al\u0131\u015fan i\u015f\u00e7iler s\u0131kl\u0131kla, izlenmedi\u011fi takdirde \u00f6l\u00fcmc\u00fcl olabilecek tehlikelerin bulundu\u011fu alanlarda \u00e7al\u0131\u015fmaktad\u0131r. \u0130\u015f\u00e7iler son derece tehlikeli olabilecek d\u00fczeyde zehirli gazlara maruz kal\u0131yor ve bu gazlar\u0131 tespit edip izleyecek do\u011fru ekipman olmad\u0131\u011f\u0131nda, her \u00e7al\u0131\u015fma operasyonu ya\u015fam i\u00e7in b\u00fcy\u00fck bir risk olu\u015fturuyor.<\/p>\n<p>Tehlikeler, konuma ve uygulamaya ba\u011fl\u0131 olarak de\u011fi\u015fiklik g\u00f6sterebilir ancak t\u00fcm su ve at\u0131k su ar\u0131tma tesisleri, her zaman izlenmesi gereken baz\u0131 seviyelerde tehlikeli gazlar i\u00e7erecektir.<\/p>\n<p>At\u0131k su tesislerinde kullan\u0131lan amonyak, klor ve klor dioksit gibi ar\u0131nd\u0131r\u0131c\u0131 kimyasallar sonucunda gazlar bulunabilmektedir.<\/p>\n<p>Bu gazlar\u0131n ortadan kald\u0131r\u0131lmas\u0131 neredeyse imkans\u0131zd\u0131r; bu nedenle i\u015f\u00e7i g\u00fcvenli\u011fini sa\u011flamak i\u00e7in t\u00fcm \u00e7al\u0131\u015fma operasyonu boyunca bunlar\u0131n do\u011fru \u015fekilde tespit edilmesi ve izlenmesi gerekecektir. Suyu dezenfekte etmek i\u00e7in klor kullan\u0131lmas\u0131 bir\u00e7ok \u00fclkede yasal bir gerekliliktir; bu, su ar\u0131tma tesisindeki t\u00fcm \u00e7al\u0131\u015fanlar\u0131n klora maruz kalma riski alt\u0131nda oldu\u011fu anlam\u0131na gelir.<\/p>\n<p>Baz\u0131 su tesisleri, hepsi e\u015fit derecede tehlikeli olan ve ayn\u0131 zamanda g\u00fcvenli \u00e7al\u0131\u015fma i\u00e7in ayn\u0131 d\u00fczeyde izleme gerektiren ozon, klor dioksit veya sodyum hipoklorit kullan\u0131m\u0131na ge\u00e7mi\u015ftir. Bu end\u00fcstride yayg\u0131n olarak bulunan di\u011fer gazlar karbon monoksit, hidrojen klor\u00fcr ve nitrik oksittir.<\/p>\n<p>Bir ar\u0131tma tesisinin farkl\u0131 b\u00f6l\u00fcmlerindeki de\u011fi\u015fen tehlikeler nedeniyle sabit ve ta\u015f\u0131nabilir gaz monit\u00f6rlerinin bir kombinasyonu tavsiye edilir. Gazlar\u0131n ge\u00e7ti\u011fi herhangi bir gaz depolama alan\u0131 veya odas\u0131nda, kullan\u0131mda olan ge\u00e7erli gazlar\u0131 s\u00fcrekli olarak izleyecek sabit monit\u00f6rlerin bulunmas\u0131 gerekirken, ta\u015f\u0131nabilir monit\u00f6rler, kapal\u0131 bir alana girdiklerinde \u00e7al\u0131\u015fanlar\u0131n g\u00fcvenlik donan\u0131m\u0131na zorunlu olarak eklenmelidir.<\/p>\n<p>Bir\u00e7ok su ve at\u0131k su tesisi, i\u015f\u00e7ilerin fenerler, ka\u00e7\u0131\u015f setleri ve solunum cihazlar\u0131 gibi ilave ekipman\u0131n gerekli olabilece\u011fi kapal\u0131 bir alana girmesini gerektirecektir. Hayatlar\u0131n\u0131 tehlikeye atabilecek ani de\u011fi\u015fikliklere kar\u015f\u0131 t\u00fcm \u00e7al\u0131\u015fanlar\u0131n acil ka\u00e7\u0131\u015f ekipmanlar\u0131yla donat\u0131lm\u0131\u015f olmas\u0131 hayati \u00f6nem ta\u015f\u0131maktad\u0131r.<\/p>\n<p>Exzone olarak, gaz monit\u00f6rleri, kapal\u0131 alan kitleri ve v\u00fccut korumas\u0131n\u0131 i\u00e7eren geni\u015f g\u00fcvenlik \u00fcr\u00fcnlerimize g\u00f6z at\u0131n. Destek ekibimizden daha fazla bilgi almak i\u00e7in a\u015fa\u011f\u0131daki d\u00fc\u011fmeye t\u0131klaman\u0131z veya mesaj b\u0131rakman\u0131z yeterlidir. En k\u0131sa zamanda size d\u00f6n\u00fc\u015f yapaca\u011f\u0131z.[\/vc_column_text][vc_custom_heading text=&#8221;\u0130N\u015eAAT- YAPI&#8221; font_container=&#8221;tag:h4|text_align:left&#8221; google_fonts=&#8221;font_family:Quicksand%3A300%2Cregular%2C700|font_style:700%20bold%20regular%3A700%3Anormal&#8221; css=&#8221;.vc_custom_1725279343019{padding-top: 20px !important;padding-bottom: 20px !important;}&#8221;][vc_column_text]Exzone olarak, in\u015faat sekt\u00f6r\u00fcnde \u00e7al\u0131\u015fanlar\u0131n\u0131z\u0131 korumak i\u00e7in tasarlanm\u0131\u015f geni\u015f bir \u00fcr\u00fcn yelpazesi sunuyoruz. G\u00fcvenlik kasklar\u0131ndan \u00e7oklu gaz monit\u00f6rlerine kadar, tehlikeli bir ortamda \u00e7al\u0131\u015f\u0131rken \u00e7al\u0131\u015fanlar\u0131n\u0131z\u0131n korunmas\u0131n\u0131 sa\u011flayabilecek \u00e7e\u015fitli g\u00fcvenlik \u00fcr\u00fcnlerimiz bulunmaktad\u0131r.<\/p>\n<p>\u0130n\u015faat sekt\u00f6r\u00fcnde \u00fcretilen yayg\u0131n gazlar karbon monoksit, hidrojen s\u00fclf\u00fcr, nitrik oksit, nitrojen dioksit ve u\u00e7ucu organik bile\u015fiklerdir.<\/p>\n<p>\u00c7e\u015fitli gereksinimlere uyacak \u015fekilde tasarlanm\u0131\u015f tekli ve \u00e7oklu gaz dedekt\u00f6rleri sunuyoruz. Dedekt\u00f6rlerimizin tamam\u0131 in\u015faat sekt\u00f6r\u00fcnde kullan\u0131m i\u00e7in yeterince sa\u011flamd\u0131r ve daha uzun kullan\u0131m i\u00e7in etkileyici pil \u00f6mr\u00fcne sahiptir.<\/p>\n<p>Exzone olarak, gaz monit\u00f6rleri, kapal\u0131 alan kitleri ve v\u00fccut korumas\u0131n\u0131 i\u00e7eren g\u00fcvenlik \u00fcr\u00fcnleri se\u00e7eneklerimize g\u00f6z at\u0131n. Destek ekibimizden daha fazla bilgi almak i\u00e7in a\u015fa\u011f\u0131daki d\u00fc\u011fmeye t\u0131klaman\u0131z veya mesaj b\u0131rakman\u0131z yeterlidir. En k\u0131sa zamanda size d\u00f6n\u00fc\u015f yapaca\u011f\u0131z.[\/vc_column_text][vc_custom_heading text=&#8221;PETROL &amp; GAZ \u00dcRET\u0130M\u0130&#8221; font_container=&#8221;tag:h4|text_align:left&#8221; google_fonts=&#8221;font_family:Quicksand%3A300%2Cregular%2C700|font_style:700%20bold%20regular%3A700%3Anormal&#8221; css=&#8221;.vc_custom_1725279356029{padding-top: 20px !important;padding-bottom: 20px !important;}&#8221;][vc_column_text]Petrol ve gaz \u00fcretiminin yan\u0131c\u0131l\u0131ktan zehirli gaza maruz kalmaya kadar bir\u00e7ok tehlikesi vard\u0131r. \u00c7al\u0131\u015fanlar sahadayken s\u00fcrekli risk alt\u0131ndad\u0131r ve yaralanma ve \u00f6l\u00fcmlerin minimumda tutulmas\u0131n\u0131 sa\u011flamak i\u00e7in do\u011fru \u00f6nlemlerin al\u0131nmas\u0131 gerekmektedir.<\/p>\n<p>Petrol ve gaz \u00fcretiminde yayg\u0131n olarak bulunan gazlar aras\u0131nda amonyak, karbon monoksit, karbon dioksit, klor, hidrojen, hidrojen s\u00fclfit, metan ve propan bulunur. Bu gazlar\u0131n her biri, a\u015f\u0131r\u0131 maruz kalma durumunda \u00f6l\u00fcmle sonu\u00e7lanabilecek ciddi sa\u011fl\u0131k sorunlar\u0131na neden olabilir; bu nedenle i\u015fverenlerin do\u011fru gaz monit\u00f6rlerinin kullan\u0131ld\u0131\u011f\u0131ndan emin olmas\u0131 gerekir.<\/p>\n<p>\u00c7al\u0131\u015fanlar i\u00e7in di\u011fer bir risk ise ba\u015f d\u00f6nmesine, uyu\u015fuklu\u011fa, mide bulant\u0131s\u0131na, bilin\u00e7 kayb\u0131na ve sonu\u00e7ta \u00f6l\u00fcme neden olabilecek oksijen eksikli\u011fi potansiyelidir. Petrol ve gaz \u00fcretim \u00e7al\u0131\u015fanlar\u0131 genellikle oksijen eksikli\u011finin \u00f6l\u00fcmc\u00fcl olabilece\u011fi kapal\u0131 alan ortamlar\u0131nda \u00e7al\u0131\u015fmaktad\u0131r.<\/p>\n<p>Exzone olarak, petrol ve gaz \u00fcretim \u00e7al\u0131\u015fanlar\u0131n\u0131n g\u00fcvenli\u011fini sa\u011flamak i\u00e7in \u00e7ok \u00e7e\u015fitli gaz dedekt\u00f6rlerimiz mevcuttur. Se\u00e7imimiz, tamam\u0131 bu sekt\u00f6rde yayg\u0131n olarak kar\u015f\u0131la\u015f\u0131lan zorlu ko\u015fullara dayanacak \u015fekilde \u00fcretilmi\u015f hem sabit hem de ta\u015f\u0131nabilir monit\u00f6rleri i\u00e7erir. Ayr\u0131ca, tehlikeli ortamlarda \u00e7al\u0131\u015fanlar\u0131n\u0131z\u0131 korumak i\u00e7in tasarlanm\u0131\u015f kapal\u0131 alan kitleri ve v\u00fccut korumas\u0131 da sunuyoruz.<\/p>\n<p>Exzone olarak, gaz monit\u00f6rleri, kapal\u0131 alan kitleri ve v\u00fccut korumas\u0131 da dahil olmak \u00fczere \u00e7e\u015fitli g\u00fcvenlik \u00fcr\u00fcnlerimize g\u00f6z at\u0131n. \u00d6zel g\u00fcvenlik ekibimizin bir \u00fcyesinden daha fazla bilgi almak istiyorsan\u0131z, a\u015fa\u011f\u0131daki d\u00fc\u011fmeye t\u0131klaman\u0131z veya sayfan\u0131n alt\u0131ndaki canl\u0131 sohbet d\u00fc\u011fmesine t\u0131klaman\u0131z yeterlidir.[\/vc_column_text][vc_custom_heading text=&#8221;PETROK\u0130MYA&#8221; font_container=&#8221;tag:h4|text_align:left&#8221; google_fonts=&#8221;font_family:Quicksand%3A300%2Cregular%2C700|font_style:700%20bold%20regular%3A700%3Anormal&#8221; css=&#8221;.vc_custom_1725279368420{padding-top: 20px !important;padding-bottom: 20px !important;}&#8221;][vc_column_text]Petrokimyasallar, 19. y\u00fczy\u0131ldan beri imalat sanayinde devrim yaratm\u0131\u015f ve do\u011fal \u00fcr\u00fcnlere d\u00fc\u015f\u00fck maliyetli bir alternatif olarak kullan\u0131lmaktad\u0131r. \u0130la\u00e7lardan plastiklere kadar geni\u015f bir yelpazede kullan\u0131lan petrokimyasallar, modern \u00fcretimin vazge\u00e7ilmez bir par\u00e7as\u0131 haline gelmi\u015ftir.<\/p>\n<p>Ancak, bu kimyasallar\u0131n g\u00fcvenli bir \u015fekilde kullan\u0131m\u0131 hayati \u00f6neme sahiptir. Bitmi\u015f \u00fcr\u00fcnlerde g\u00fcvenli olsalar da, petrokimyasallar\u0131n ham halleri olduk\u00e7a toksiktir ve dikkatli bir \u015fekilde kullan\u0131lmalar\u0131 gerekir. Amonyak, karbon monoksit, s\u00fclf\u00fcr oksit, nitrojen oksit ve u\u00e7ucu organik bile\u015fikler gibi tehlikeli gazlar yayarak \u00e7al\u0131\u015fanlar i\u00e7in ciddi riskler olu\u015fturabilir. Bu gazlara a\u015f\u0131r\u0131 maruz kalmak, solunum yetmezli\u011fi, kalp hastal\u0131\u011f\u0131 ve \u00f6l\u00fcm gibi ciddi sa\u011fl\u0131k sorunlar\u0131na yol a\u00e7abilir.<\/p>\n<p>Exzone olarak, petrokimya sekt\u00f6r\u00fcnde \u00e7al\u0131\u015fanlar\u0131n g\u00fcvenli\u011fini sa\u011flamak i\u00e7in kapsaml\u0131 \u00e7\u00f6z\u00fcmler sunuyoruz. Gaz dedekt\u00f6rlerinin do\u011fru yerle\u015ftirilmesi ve kullan\u0131lmas\u0131, bu riskleri minimize etmek i\u00e7in hayati \u00f6neme sahiptir. \u00c7al\u0131\u015fanlar\u0131n, tehlikeli bir ortama girmeden \u00f6nce gaz dedekt\u00f6rlerini nas\u0131l kullanacaklar\u0131 konusunda tam e\u011fitim almalar\u0131 ve bu ekipman\u0131n d\u00fczenli olarak kalibre edilmesi gerekmektedir.<\/p>\n<p>Ta\u015f\u0131nabilir gaz monit\u00f6rleri, \u00e7al\u0131\u015fanlar\u0131n anl\u0131k atmosfer \u00f6l\u00e7\u00fcmlerini do\u011fru bir \u015fekilde yapabilmeleri i\u00e7in en iyi \u00e7\u00f6z\u00fcmlerden biridir. Ayr\u0131ca, kapal\u0131 alan kitleri ve v\u00fccut korumas\u0131 gibi \u00e7e\u015fitli g\u00fcvenlik \u00fcr\u00fcnlerimizle \u00e7al\u0131\u015fanlar\u0131n\u0131z\u0131 her durumda koruma alt\u0131na al\u0131yoruz.<\/p>\n<p>Exzone olarak, bizler i\u00e7in en \u00f6nemli \u00f6ncelik \u00e7al\u0131\u015fanlar\u0131n\u0131z\u0131n g\u00fcvenli\u011fidir. G\u00fcvenlik \u00fcr\u00fcnlerimize g\u00f6z atman\u0131z\u0131 ve \u00f6zel ekibimizden biriyle ileti\u015fime ge\u00e7erek daha fazla bilgi alman\u0131z\u0131 \u00f6neriyoruz. \u0130\u015f yerinde g\u00fcvenlik, yaln\u0131zca do\u011fru ekipman ve e\u011fitimle sa\u011flanabilir. Destek ekibimizden daha fazla bilgi almak i\u00e7in a\u015fa\u011f\u0131daki d\u00fc\u011fmeye t\u0131klaman\u0131z veya mesaj b\u0131rakman\u0131z yeterlidir. \u00c7\u00fcnk\u00fc biz Exzone olarak, g\u00fcvenli bir \u00e7al\u0131\u015fma ortam\u0131 yaratman\u0131n hepimizin sorumlulu\u011fu oldu\u011funa inan\u0131yoruz.[\/vc_column_text][\/vc_column][\/vc_row]<\/p>\n","protected":false},"excerpt":{"rendered":"<p>[vc_row][vc_column css=&#8221;.vc_custom_1725278788643{padding-top: 50px !important;padding-bottom: 50px !important;}&#8221;][vc_column_text]Elimizde bulunan geni\u015f \u00fcr\u00fcn yelpazemiz ile t\u00fcm g\u00fcvenlik ihtiya\u00e7lar\u0131n\u0131z\u0131 kar\u015f\u0131lamak i\u00e7in \u00e7al\u0131\u015f\u0131yoruz. Gaz dedekt\u00f6rlerinden g\u00fcvenlik kemerlerine kadar, ekipman \u00e7e\u015fitlerimiz \u00e7e\u015fitli \u00e7al\u0131\u015fma senaryolar\u0131nda \u00e7al\u0131\u015fanlar\u0131n korunmas\u0131n\u0131 sa\u011flamak i\u00e7in kullan\u0131labilir. \u0130\u015fletmenizin t\u00fcm g\u00fcvenlik ihtiya\u00e7lar\u0131n\u0131 kar\u015f\u0131lamak i\u00e7in nas\u0131l yard\u0131mc\u0131 olabilece\u011fimize bir g\u00f6z at\u0131n. A\u015fa\u011f\u0131da, d\u00fczenli olarak \u00e7al\u0131\u015ft\u0131\u011f\u0131m\u0131z en yayg\u0131n end\u00fcstrilerden sadece baz\u0131lar\u0131 yer almakta, [&hellip;]<\/p>\n","protected":false},"author":1,"featured_media":0,"parent":0,"menu_order":0,"comment_status":"closed","ping_status":"closed","template":"","meta":{"footnotes":""},"class_list":["post-3334","page","type-page","status-publish","hentry"],"acf":[],"_links":{"self":[{"href":"https:\/\/exzone.com.tr\/index.php\/wp-json\/wp\/v2\/pages\/3334","targetHints":{"allow":["GET"]}}],"collection":[{"href":"https:\/\/exzone.com.tr\/index.php\/wp-json\/wp\/v2\/pages"}],"about":[{"href":"https:\/\/exzone.com.tr\/index.php\/wp-json\/wp\/v2\/types\/page"}],"author":[{"embeddable":true,"href":"https:\/\/exzone.com.tr\/index.php\/wp-json\/wp\/v2\/users\/1"}],"replies":[{"embeddable":true,"href":"https:\/\/exzone.com.tr\/index.php\/wp-json\/wp\/v2\/comments?post=3334"}],"version-history":[{"count":5,"href":"https:\/\/exzone.com.tr\/index.php\/wp-json\/wp\/v2\/pages\/3334\/revisions"}],"predecessor-version":[{"id":3658,"href":"https:\/\/exzone.com.tr\/index.php\/wp-json\/wp\/v2\/pages\/3334\/revisions\/3658"}],"wp:attachment":[{"href":"https:\/\/exzone.com.tr\/index.php\/wp-json\/wp\/v2\/media?parent=3334"}],"curies":[{"name":"wp","href":"https:\/\/api.w.org\/{rel}","templated":true}]}}