{"id":142,"date":"2019-10-28T02:20:12","date_gmt":"2019-10-28T02:20:12","guid":{"rendered":"http:\/\/demositelerim.biz.tr\/exzone\/?page_id=142"},"modified":"2022-11-24T02:28:26","modified_gmt":"2022-11-23T23:28:26","slug":"hakkimizda","status":"publish","type":"page","link":"https:\/\/exzone.com.tr\/index.php\/hakkimizda\/","title":{"rendered":"Hakk\u0131m\u0131zda"},"content":{"rendered":"<p>[vc_section css=&#8221;.vc_custom_1581143966255{padding-top: 80px !important;padding-bottom: 60px !important;}&#8221;][vc_row][vc_column][vc_custom_heading text=&#8221;<strong>TASARIM, PROJE, KURULUM, SERV\u0130S, KAL\u0130BRASYON<\/strong>&#8221; font_container=&#8221;tag:h2|font_size:44px|text_align:center|line_height:54px&#8221; use_theme_fonts=&#8221;yes&#8221;][vc_empty_space height=&#8221;55px&#8221;]<ul class=\"iconlist iconlist iconlist-icon-large columns-3\"><li ><div class=\"iconlist-item-icon\"><i class=\"hank-chess-knight\"><\/i><\/div><div class=\"iconlist-item-content\"><span dir=\"ltr\" role=\"presentation\">EXZONE<\/span><span dir=\"ltr\" role=\"presentation\">, Proses Emniyet Sistemleri\u2019ne odaklanm\u0131<\/span><span dir=\"ltr\" role=\"presentation\">\u015f\u0327<\/span> <span dir=\"ltr\" role=\"presentation\">bir<\/span> <span dir=\"ltr\" role=\"presentation\">\u015f<\/span><span dir=\"ltr\" role=\"presentation\">irkettir. Kuruldu<\/span><span dir=\"ltr\" role=\"presentation\">\u011f<\/span><span dir=\"ltr\" role=\"presentation\">u<\/span> <span dir=\"ltr\" role=\"presentation\">g\u00fcnden <\/span><span dir=\"ltr\" role=\"presentation\">bug\u00fcne, uzman kadrosuyla h\u0131zl\u0131, g\u00fcvenilir ve kaliteli hizmet vermeyi prensip edinmi<\/span><span dir=\"ltr\" role=\"presentation\">\u015f<\/span><span dir=\"ltr\" role=\"presentation\">tir.<\/span> <span dir=\"ltr\" role=\"presentation\">Bunun<\/span> <span dir=\"ltr\" role=\"presentation\">sonucunda<\/span> <span dir=\"ltr\" role=\"presentation\">t\u00fcm<\/span> <span dir=\"ltr\" role=\"presentation\">\u00fclkede<\/span> <span dir=\"ltr\" role=\"presentation\">\u00f6nemli<\/span> <span dir=\"ltr\" role=\"presentation\">\u00f6l\u00e7\u00fcde<\/span> <span dir=\"ltr\" role=\"presentation\">memnun<\/span> <span dir=\"ltr\" role=\"presentation\">m\u00fc<\/span><span dir=\"ltr\" role=\"presentation\">\u015f<\/span><span dir=\"ltr\" role=\"presentation\">teri<\/span> <span dir=\"ltr\" role=\"presentation\">potansiyeline <\/span><span dir=\"ltr\" role=\"presentation\">ula<\/span><span dir=\"ltr\" role=\"presentation\">\u015f<\/span><span dir=\"ltr\" role=\"presentation\">m\u0131<\/span><span dir=\"ltr\" role=\"presentation\">\u015f<\/span><span dir=\"ltr\" role=\"presentation\">t\u0131r.<\/span><\/div><\/li><li ><div class=\"iconlist-item-icon\"><i class=\"hank-ruler-pencil\"><\/i><\/div><div class=\"iconlist-item-content\"><span dir=\"ltr\" role=\"presentation\">Proses<\/span> <span dir=\"ltr\" role=\"presentation\">Emniyet<\/span> <span dir=\"ltr\" role=\"presentation\">Sistemleri\u2019nde<\/span> <span dir=\"ltr\" role=\"presentation\">proje<\/span> <span dir=\"ltr\" role=\"presentation\">konseptinden<\/span> <span dir=\"ltr\" role=\"presentation\">proje<\/span> <span dir=\"ltr\" role=\"presentation\">teslimine<\/span> <span dir=\"ltr\" role=\"presentation\">kadar<\/span> <span dir=\"ltr\" role=\"presentation\">teknik<\/span><br role=\"presentation\" \/><span dir=\"ltr\" role=\"presentation\">hizmetler sunabilir ve herhangi bir projenin taleplerini kar<\/span><span dir=\"ltr\" role=\"presentation\">\u015f<\/span><span dir=\"ltr\" role=\"presentation\">\u0131lamak i\u00e7in \u00f6zel bir hizmet <\/span><span dir=\"ltr\" role=\"presentation\">olu<\/span><span dir=\"ltr\" role=\"presentation\">\u015f<\/span><span dir=\"ltr\" role=\"presentation\">turup, tesis i\u00e7in gerekli ola<\/span><span dir=\"ltr\" role=\"presentation\">n azami g\u00fcvenlik senaryolar\u0131n\u0131 tesis ihtiya\u00e7lar\u0131na g\u00f6re <\/span><span dir=\"ltr\" role=\"presentation\">planlayabiliriz.<\/span><\/div><\/li><li ><div class=\"iconlist-item-icon\"><i class=\"hank-privacy-policy\"><\/i><\/div><div class=\"iconlist-item-content\"><span dir=\"ltr\" role=\"presentation\">Ex<\/span> <span dir=\"ltr\" role=\"presentation\">D\u00f6n\u00fc<\/span><span dir=\"ltr\" role=\"presentation\">\u015f<\/span><span dir=\"ltr\" role=\"presentation\">\u00fcm<\/span> <span dir=\"ltr\" role=\"presentation\">Projeleri,<\/span> <span dir=\"ltr\" role=\"presentation\">Sabit<\/span> <span dir=\"ltr\" role=\"presentation\">Gaz<\/span> <span dir=\"ltr\" role=\"presentation\">ve<\/span> <span dir=\"ltr\" role=\"presentation\">Alev<\/span> <span dir=\"ltr\" role=\"presentation\">Alg\u0131lama<\/span> <span dir=\"ltr\" role=\"presentation\">sistemleri,<\/span> <span dir=\"ltr\" role=\"presentation\">Portatif<\/span> <span dir=\"ltr\" role=\"presentation\">Gaz<\/span><br role=\"presentation\" \/><span dir=\"ltr\" role=\"presentation\">Dedekt\u00f6rleri, Exproof Ayd\u0131nlatma<\/span> <span dir=\"ltr\" role=\"presentation\">&#8211;<\/span> <span dir=\"ltr\" role=\"presentation\">Havaland\u0131rma<\/span> <span dir=\"ltr\" role=\"presentation\">&#8211;<\/span> <span dir=\"ltr\" role=\"presentation\">G\u00f6r\u00fcnt\u00fcleme<\/span> <span dir=\"ltr\" role=\"presentation\">&#8211;<\/span> <span dir=\"ltr\" role=\"presentation\">Alarm Sistemleri <\/span><span dir=\"ltr\" role=\"presentation\">gibi emniyet sistemi konular<\/span><span dir=\"ltr\" role=\"presentation\">\u0131n\u0131 TS EN 60079 standart gerekliliklerini yerine getirerek <\/span><span dir=\"ltr\" role=\"presentation\">m\u00fchendislik, dan\u0131<\/span><span dir=\"ltr\" role=\"presentation\">\u015f<\/span><span dir=\"ltr\" role=\"presentation\">manl\u0131k, e<\/span><span dir=\"ltr\" role=\"presentation\">\u011f<\/span><span dir=\"ltr\" role=\"presentation\">itim ve kurulum hizmetleri gibi Proses Emniyet Sistemleri <\/span><span dir=\"ltr\" role=\"presentation\">uygulamalar\u0131 i\u00e7in IECEX Sertifikal\u0131 tecr\u00fcbeli ekibiyle \u00e7\u00f6z\u00fcm orta<\/span><span dir=\"ltr\" role=\"presentation\">\u011f<\/span><span dir=\"ltr\" role=\"presentation\">\u0131n\u0131z olmaya devam <\/span><span dir=\"ltr\" role=\"presentation\">edecektir&#8230;<\/span><\/div><\/li><\/ul>[\/vc_column][\/vc_row][\/vc_section][vc_section css=&#8221;.vc_custom_1669246082962{padding-top: 10px !important;}&#8221;][vc_row][vc_column][vc_custom_heading text=&#8221;<strong>Firma Tan\u0131t\u0131m\u0131<\/strong>&#8221; font_container=&#8221;tag:h2|font_size:64px|text_align:center|line_height:64px&#8221; use_theme_fonts=&#8221;yes&#8221;][vc_empty_space height=&#8221;50px&#8221;][\/vc_column][\/vc_row][vc_row][vc_column]<!-- BEGIN: .elements-carousel -->\n<div class=\"elements-carousel   \" data-config=\"{&quot;items&quot;:3,&quot;itemsTablet&quot;:[1200,2],&quot;itemsMobile&quot;:[544,1],&quot;center&quot;:false,&quot;autoPlay&quot;:false,&quot;stopOnHover&quot;:true,&quot;mouseDrag&quot;:true,&quot;touchDrag&quot;:true,&quot;responsive&quot;:true,&quot;scrollPerPage&quot;:false,&quot;slideSpeed&quot;:200,&quot;paginationSpeed&quot;:200,&quot;rewindSpeed&quot;:200,&quot;navigation&quot;:false,&quot;rewindNav&quot;:false,&quot;pagination&quot;:true,&quot;paginationNumbers&quot;:false,&quot;dragBeforeAnimFinish&quot;:true,&quot;addClassActive&quot;:true,&quot;autoHeight&quot;:true,&quot;navigationText&quot;:[&quot;Previous&quot;,&quot;Next&quot;],&quot;itemsScaleUp&quot;:true}\">\n\t<div class=\"elements-carousel-wrap\">\n\t\t<div class=\"iconbox  accent \">\n\t<div class=\"box-header\">\n\t\t<div class=\"box-icon\"><i class=\"hank-new-construction\"><\/i><\/div>\n\t\t<h4 class=\"box-title\">Biz kimiz<\/h4>\n\t<\/div>\n\t<div class=\"box-content\">\n\t\t<p><span dir=\"ltr\" role=\"presentation\">EXZONE Patlamadan korunma konular\u0131na odaklanm\u0131<\/span><span dir=\"ltr\" role=\"presentation\">\u015f<\/span> <span dir=\"ltr\" role=\"presentation\">bir<\/span> <span dir=\"ltr\" role=\"presentation\">\u015f<\/span><span dir=\"ltr\" role=\"presentation\">irkettir. Kuruldu<\/span><span dir=\"ltr\" role=\"presentation\">\u011f<\/span><span dir=\"ltr\" role=\"presentation\">u g\u00fcnden <\/span><span dir=\"ltr\" role=\"presentation\">itibaren, uzman kadrosuyla h\u0131zl\u0131, g\u00fcvenilir ve kaliteli hizmet vermeyi prensip edinmi<\/span><span dir=\"ltr\" role=\"presentation\">\u015f<\/span><span dir=\"ltr\" role=\"presentation\">tir. <\/span><span dir=\"ltr\" role=\"presentation\">Bunun sonucunda \u00f6nemli \u00f6l\u00e7\u00fcde memnun<\/span> <span dir=\"ltr\" role=\"presentation\">m\u00fc<\/span><span dir=\"ltr\" role=\"presentation\">\u015f<\/span><span dir=\"ltr\" role=\"presentation\">teri potansiyeline ula<\/span><span dir=\"ltr\" role=\"presentation\">\u015f<\/span><span dir=\"ltr\" role=\"presentation\">m\u0131<\/span><span dir=\"ltr\" role=\"presentation\">\u015f<\/span><span dir=\"ltr\" role=\"presentation\">t\u0131r. Sizden <\/span><span dir=\"ltr\" role=\"presentation\">ald\u0131<\/span><span dir=\"ltr\" role=\"presentation\">\u011f<\/span><span dir=\"ltr\" role=\"presentation\">\u0131 g\u00fc\u00e7 ve destekle hizmetlerini, ilk g\u00fcnk\u00fc heyecan ve bug\u00fcnk\u00fc tecr\u00fcbesiyle <\/span><span dir=\"ltr\" role=\"presentation\">sunmaya devam edecektir.<\/span><\/p>\n<p><span dir=\"ltr\" role=\"presentation\">EXZONE<\/span> <span dir=\"ltr\" role=\"presentation\">firmas\u0131<\/span> <span dir=\"ltr\" role=\"presentation\">olarak<\/span> <span dir=\"ltr\" role=\"presentation\">patlama<\/span> <span dir=\"ltr\" role=\"presentation\">tehlikesi<\/span> <span dir=\"ltr\" role=\"presentation\">olan<\/span> <span dir=\"ltr\" role=\"presentation\">end\u00fcstriyel<\/span> <span dir=\"ltr\" role=\"presentation\">tesislerde<\/span> <span dir=\"ltr\" role=\"presentation\">ATEX<\/span><br role=\"presentation\" \/><span dir=\"ltr\" role=\"presentation\">dan\u0131<\/span><span dir=\"ltr\" role=\"presentation\">\u015f<\/span><span dir=\"ltr\" role=\"presentation\">manl\u0131<\/span><span dir=\"ltr\" role=\"presentation\">\u011f<\/span><span dir=\"ltr\" role=\"presentation\">\u0131 ve patlamadan korunma pro<\/span><span dir=\"ltr\" role=\"presentation\">jelerini anahtar teslimi ger\u00e7ekle<\/span><span dir=\"ltr\" role=\"presentation\">\u015f<\/span><span dir=\"ltr\" role=\"presentation\">tirmekteyiz.<\/span> <span dir=\"ltr\" role=\"presentation\">Ayni<\/span> <span dir=\"ltr\" role=\"presentation\">b\u00fcnyedeki<\/span> <span dir=\"ltr\" role=\"presentation\">grup<\/span> <span dir=\"ltr\" role=\"presentation\">firmam\u0131z\u0131n<\/span> <span dir=\"ltr\" role=\"presentation\">\u00fcretimi<\/span> <span dir=\"ltr\" role=\"presentation\">Exproof<\/span> <span dir=\"ltr\" role=\"presentation\">gaz<\/span> <span dir=\"ltr\" role=\"presentation\">dedekt\u00f6r<\/span> <span dir=\"ltr\" role=\"presentation\">sistemi<\/span> <span dir=\"ltr\" role=\"presentation\">ve<\/span> <span dir=\"ltr\" role=\"presentation\">distrib\u00fct\u00f6rl\u00fc<\/span><span dir=\"ltr\" role=\"presentation\">\u011f<\/span><span dir=\"ltr\" role=\"presentation\">\u00fcn\u00fc<\/span> <span dir=\"ltr\" role=\"presentation\">yapmakta<\/span> <span dir=\"ltr\" role=\"presentation\">oldu<\/span><span dir=\"ltr\" role=\"presentation\">\u011f<\/span><span dir=\"ltr\" role=\"presentation\">umuz<\/span> <span dir=\"ltr\" role=\"presentation\">kontrol<\/span><span dir=\"ltr\" role=\"presentation\">&#8211;<\/span><span dir=\"ltr\" role=\"presentation\">otomasyon<\/span> <span dir=\"ltr\" role=\"presentation\">sistemleri<\/span> <span dir=\"ltr\" role=\"presentation\">Exproof<\/span> <span dir=\"ltr\" role=\"presentation\">ayd\u0131nlatma<\/span><span dir=\"ltr\" role=\"presentation\">&#8211;<\/span><span dir=\"ltr\" role=\"presentation\">alarm<\/span><span dir=\"ltr\" role=\"presentation\">&#8211;<\/span><span dir=\"ltr\" role=\"presentation\">havaland\u0131rma sistemlerimiz ve uzman<\/span><span dir=\"ltr\" role=\"presentation\">&#8211;<\/span><span dir=\"ltr\" role=\"presentation\">tecr\u00fcbeli k<\/span><span dir=\"ltr\" role=\"presentation\">adromuz ile kalite<\/span><span dir=\"ltr\" role=\"presentation\">&#8211;<\/span><span dir=\"ltr\" role=\"presentation\">uygun fiyat dengesi sa<\/span><span dir=\"ltr\" role=\"presentation\">\u011f<\/span><span dir=\"ltr\" role=\"presentation\">l\u0131yoruz. <\/span><\/p>\n<p><span dir=\"ltr\" role=\"presentation\">*T\u00fcm malzeme<\/span><span dir=\"ltr\" role=\"presentation\">&#8211;<\/span><span dir=\"ltr\" role=\"presentation\">ekipman ve uygulamalar\u0131m\u0131z TS EN 60079 Y\u00f6netmeli<\/span><span dir=\"ltr\" role=\"presentation\">\u011f<\/span><span dir=\"ltr\" role=\"presentation\">ine uygundur. <\/span><span dir=\"ltr\" role=\"presentation\">Exzone;<\/span> <span dir=\"ltr\" role=\"presentation\">Patlay\u0131c\u0131<\/span> <span dir=\"ltr\" role=\"presentation\">Ortam<\/span> <span dir=\"ltr\" role=\"presentation\">bar\u0131nd\u0131ran<\/span> <span dir=\"ltr\" role=\"presentation\">tesislere<\/span> <span dir=\"ltr\" role=\"presentation\">y\u00f6nelik<\/span> <span dir=\"ltr\" role=\"presentation\">m\u00fchendislik<\/span> <span dir=\"ltr\" role=\"presentation\">hizmetlerinin <\/span><span dir=\"ltr\" role=\"presentation\">sa<\/span><span dir=\"ltr\" role=\"presentation\">\u011f<\/span><span dir=\"ltr\" role=\"presentation\">lanmas\u0131 ve temelde bu sekt\u00f6re y\u00f6nelik yenilik\u00e7i<\/span> <span dir=\"ltr\" role=\"presentation\">\u00fcr\u00fcn ve hizmetlerin \u00fcretilmesi <\/span><span dir=\"ltr\" role=\"presentation\">amac\u0131yla kurumu<\/span><span dir=\"ltr\" role=\"presentation\">\u015f<\/span><span dir=\"ltr\" role=\"presentation\">tur.<\/span><\/p>\n<p><span dir=\"ltr\" role=\"presentation\">Temel amac\u0131m\u0131z, kendini s\u00fcrekli geli<\/span><span dir=\"ltr\" role=\"presentation\">\u015f<\/span><span dir=\"ltr\" role=\"presentation\">tiren, ger\u00e7ekle<\/span><span dir=\"ltr\" role=\"presentation\">\u015f<\/span><span dir=\"ltr\" role=\"presentation\">tirdi<\/span><span dir=\"ltr\" role=\"presentation\">\u011f<\/span><span dir=\"ltr\" role=\"presentation\">i projelerle, m\u00fc<\/span><span dir=\"ltr\" role=\"presentation\">\u015f<\/span><span dir=\"ltr\" role=\"presentation\">terilerinin <\/span><span dir=\"ltr\" role=\"presentation\">kendi sekt\u00f6rlerinde farkl\u0131la<\/span><span dir=\"ltr\" role=\"presentation\">\u015f<\/span><span dir=\"ltr\" role=\"presentation\">malar\u0131n\u0131 sa<\/span><span dir=\"ltr\" role=\"presentation\">\u011f<\/span><span dir=\"ltr\" role=\"presentation\">layacak katma de<\/span><span dir=\"ltr\" role=\"presentation\">\u011f<\/span><span dir=\"ltr\" role=\"presentation\">erli hizmetler sunarken <\/span><span dir=\"ltr\" role=\"presentation\">kendi sekt\u00f6r\u00fcn\u00fcn geli<\/span><span dir=\"ltr\" role=\"presentation\">\u015f<\/span><span dir=\"ltr\" role=\"presentation\">imine katk\u0131<\/span> <span dir=\"ltr\" role=\"presentation\">sa<\/span><span dir=\"ltr\" role=\"presentation\">\u011f<\/span><span dir=\"ltr\" role=\"presentation\">layacak ilkleri ba<\/span><span dir=\"ltr\" role=\"presentation\">\u015f<\/span><span dir=\"ltr\" role=\"presentation\">aran bir<\/span> <span dir=\"ltr\" role=\"presentation\">\u015f<\/span><span dir=\"ltr\" role=\"presentation\">irket olmakt\u0131r.<\/span> <span dir=\"ltr\" role=\"presentation\">Fark\u0131m\u0131z <\/span><span dir=\"ltr\" role=\"presentation\">Patlay\u0131c\u0131 ortamlar\u0131n olu<\/span><span dir=\"ltr\" role=\"presentation\">\u015f<\/span><span dir=\"ltr\" role=\"presentation\">umu ve bu ortamlardaki risklerin a\u00e7\u0131<\/span><span dir=\"ltr\" role=\"presentation\">\u011f<\/span><span dir=\"ltr\" role=\"presentation\">a \u00e7\u0131kmas\u0131 bir\u00e7ok i<\/span><span dir=\"ltr\" role=\"presentation\">\u015f<\/span><span dir=\"ltr\" role=\"presentation\">letme<\/span><span dir=\"ltr\" role=\"presentation\">&#8211;<\/span><span dir=\"ltr\" role=\"presentation\">\u00e7al\u0131<\/span><span dir=\"ltr\" role=\"presentation\">\u015f<\/span><span dir=\"ltr\" role=\"presentation\">anlar\u0131 ve \u00e7evresinin y\u0131k\u0131c\u0131 sonu\u00e7lar\u0131 olan bir konudur. Patlay\u0131c\u0131 ortamlara y\u00f6nelik <\/span><span dir=\"ltr\" role=\"presentation\">proje dan\u0131<\/span><span dir=\"ltr\" role=\"presentation\">\u015f<\/span><span dir=\"ltr\" role=\"presentation\">manl\u0131<\/span><span dir=\"ltr\" role=\"presentation\">\u011f<\/span><span dir=\"ltr\" role=\"presentation\">\u0131 yap<\/span><span dir=\"ltr\" role=\"presentation\">makta kalm\u0131yoruz, komple patlamadan korunma projelerini <\/span><span dir=\"ltr\" role=\"presentation\">TSEN 60079 standard\u0131na g\u00f6re uyguluyoruz.<\/span><\/p>\n<ul>\n<li><span dir=\"ltr\" role=\"presentation\">Patlay\u0131c\u0131 ortamlar\u0131n ve tehlike b\u00f6lgelerinin belirlenmesi<\/span><\/li>\n<li><span dir=\"ltr\" role=\"presentation\">Patlay\u0131c\u0131 ortamlardan kaynaklanacak risklerin analizi<\/span><\/li>\n<li><span dir=\"ltr\" role=\"presentation\">Patlay\u0131c\u0131 ortamda<\/span> <span dir=\"ltr\" role=\"presentation\">kullan\u0131lacak ekipman ve cihazlar\u0131n se\u00e7imi<\/span><\/li>\n<li><span dir=\"ltr\" role=\"presentation\">Patlay\u0131c\u0131 ortamlara y\u00f6nelik proje uygulanmas\u0131 ve devreye al\u0131nmas\u0131<\/span><\/li>\n<\/ul>\n<p>\n\n\t\t\n\t<\/div>\n<\/div>\t<\/div>\n<\/div>\n<!-- END: .elements-carousel -->\n[vc_empty_space height=&#8221;50px&#8221;][vc_separator][\/vc_column][\/vc_row][\/vc_section]<\/p>\n","protected":false},"excerpt":{"rendered":"<p>[vc_section css=&#8221;.vc_custom_1581143966255{padding-top: 80px !important;padding-bottom: 60px !important;}&#8221;][vc_row][vc_column][vc_custom_heading text=&#8221;TASARIM, PROJE, KURULUM, SERV\u0130S, KAL\u0130BRASYON&#8221; font_container=&#8221;tag:h2|font_size:44px|text_align:center|line_height:54px&#8221; use_theme_fonts=&#8221;yes&#8221;][vc_empty_space height=&#8221;55px&#8221;][\/vc_column][\/vc_row][\/vc_section][vc_section css=&#8221;.vc_custom_1669246082962{padding-top: 10px !important;}&#8221;][vc_row][vc_column][vc_custom_heading text=&#8221;Firma Tan\u0131t\u0131m\u0131&#8221; font_container=&#8221;tag:h2|font_size:64px|text_align:center|line_height:64px&#8221; use_theme_fonts=&#8221;yes&#8221;][vc_empty_space height=&#8221;50px&#8221;][\/vc_column][\/vc_row][vc_row][vc_column][vc_empty_space height=&#8221;50px&#8221;][vc_separator][\/vc_column][\/vc_row][\/vc_section]<\/p>\n","protected":false},"author":1,"featured_media":0,"parent":0,"menu_order":0,"comment_status":"closed","ping_status":"closed","template":"tmpl\/template-fullwidth.php","meta":{"footnotes":""},"class_list":["post-142","page","type-page","status-publish","hentry"],"acf":[],"_links":{"self":[{"href":"https:\/\/exzone.com.tr\/index.php\/wp-json\/wp\/v2\/pages\/142","targetHints":{"allow":["GET"]}}],"collection":[{"href":"https:\/\/exzone.com.tr\/index.php\/wp-json\/wp\/v2\/pages"}],"about":[{"href":"https:\/\/exzone.com.tr\/index.php\/wp-json\/wp\/v2\/types\/page"}],"author":[{"embeddable":true,"href":"https:\/\/exzone.com.tr\/index.php\/wp-json\/wp\/v2\/users\/1"}],"replies":[{"embeddable":true,"href":"https:\/\/exzone.com.tr\/index.php\/wp-json\/wp\/v2\/comments?post=142"}],"version-history":[{"count":9,"href":"https:\/\/exzone.com.tr\/index.php\/wp-json\/wp\/v2\/pages\/142\/revisions"}],"predecessor-version":[{"id":1209,"href":"https:\/\/exzone.com.tr\/index.php\/wp-json\/wp\/v2\/pages\/142\/revisions\/1209"}],"wp:attachment":[{"href":"https:\/\/exzone.com.tr\/index.php\/wp-json\/wp\/v2\/media?parent=142"}],"curies":[{"name":"wp","href":"https:\/\/api.w.org\/{rel}","templated":true}]}}