{"id":1234,"date":"2022-11-24T03:03:19","date_gmt":"2022-11-24T00:03:19","guid":{"rendered":"http:\/\/demositelerim.biz.tr\/exzone\/?page_id=1234"},"modified":"2024-09-02T15:07:20","modified_gmt":"2024-09-02T12:07:20","slug":"kalibrasyon","status":"publish","type":"page","link":"https:\/\/exzone.com.tr\/index.php\/kalibrasyon\/","title":{"rendered":"Servis Kalibrasyon Hizmetlerimiz"},"content":{"rendered":"<p>[vc_row][vc_column css=&#8221;.vc_custom_1725278788643{padding-top: 50px !important;padding-bottom: 50px !important;}&#8221;][vc_column_text]G\u00fcvenlik ekipman\u0131n\u0131z\u0131n d\u00fczenli bak\u0131m\u0131 ve kalibrasyonu, hem uzun \u00f6m\u00fcrl\u00fcl\u00fc\u011f\u00fcn\u00fc hem de g\u00fcvenilirli\u011fini sa\u011flamak i\u00e7in kritik \u00f6neme sahiptir.<\/p>\n<p>Exzone olarak, g\u00fcvenlik ekipmanlar\u0131n\u0131n kalibrasyonu ve bak\u0131m\u0131 konusunda uzman\u0131z. Ekipmanlar\u0131n\u0131z\u0131n do\u011fru \u00e7al\u0131\u015f\u0131p \u00e7al\u0131\u015fmad\u0131\u011f\u0131na dair endi\u015felenmenize gerek kalmadan, siz i\u015finize odaklanabilirsiniz.<\/p>\n<p>Gaz dedekt\u00f6r\u00fcn\u00fcz tehlikeyi \u00f6nceden tespit edip size yeterli \u00e7\u0131k\u0131\u015f s\u00fcresini tan\u0131yacak m\u0131?<\/p>\n<p>D\u00fc\u015fme durdurma ekipman\u0131n\u0131z acil bir durumda sizi g\u00fcvenle destekleyebilecek mi?<\/p>\n<p>Zor zamanlarda g\u00fcvenebilece\u011finiz ekipmana ihtiyac\u0131n\u0131z var. Exzone olarak, g\u00fcvenlik ekipmanlar\u0131n\u0131n kalibrasyonu ve bak\u0131m\u0131 konusunda t\u00fcm \u00fcretici ve HSE mevzuat\u0131na uygun hizmetler sunuyoruz.<\/p>\n<p>Tam sertifikal\u0131 uzmanlar\u0131m\u0131z, kalibrasyon, servis ve onar\u0131m hizmetlerinde h\u0131zl\u0131 ve g\u00fcvenilir \u00e7\u00f6z\u00fcmler sunarak, t\u00fcm g\u00fcvenlik ekipmanlar\u0131nda rekabet\u00e7i fiyatlar sa\u011fl\u0131yoruz. \u00dcr\u00fcnler ma\u011fazam\u0131za girdi\u011finde veya g\u00fcncellendi\u011finde, m\u00fchendislerimiz d\u00fczenli olarak \u00fcretici e\u011fitimlerine kat\u0131larak her zaman en y\u00fcksek i\u015f\u00e7ilik standartlar\u0131n\u0131 sa\u011flamaktad\u0131r.<\/p>\n<p>Exzone\u2019un servis kay\u0131t sistemi, ekipman\u0131n\u0131z\u0131n servis ge\u00e7mi\u015finin g\u00fcncel kalmas\u0131n\u0131 sa\u011flar ve bak\u0131m s\u00fcre\u00e7lerinizi \u00f6nceden planlayarak kesinti s\u00fcrelerini minimize eder. \u00c7ok say\u0131da benzer ekipmana sahip m\u00fc\u015fterilerimize, yerinde servis hizmetimizi \u00f6neriyoruz \u2013 M\u00fchendislerimiz, yerinde servis, test ve kalibrasyon yapacak donan\u0131ma sahiptir.<\/p>\n<p>\u015eartlar ve ko\u015fullar\u0131m\u0131za tabi olarak, \u00fcretici y\u00f6nergelerine uygun \u015fekilde 3-5 i\u015f g\u00fcn\u00fc i\u00e7inde (h\u0131zl\u0131 hizmet se\u00e7ene\u011fi ile ertesi g\u00fcn) servis veya kalibrasyon yapmay\u0131 hedefliyoruz. \u0130ster bir cihaz olsun, isterse \u00e7ok say\u0131da, Birle\u015fik Krall\u0131k genelinde hizmet veriyoruz.<\/p>\n<p>Exzone olarak, g\u00fcvenli\u011finiz bizim \u00f6nceli\u011fimizdir.[\/vc_column_text][\/vc_column][\/vc_row]<\/p>\n","protected":false},"excerpt":{"rendered":"<p>[vc_row][vc_column css=&#8221;.vc_custom_1725278788643{padding-top: 50px !important;padding-bottom: 50px !important;}&#8221;][vc_column_text]G\u00fcvenlik ekipman\u0131n\u0131z\u0131n d\u00fczenli bak\u0131m\u0131 ve kalibrasyonu, hem uzun \u00f6m\u00fcrl\u00fcl\u00fc\u011f\u00fcn\u00fc hem de g\u00fcvenilirli\u011fini sa\u011flamak i\u00e7in kritik \u00f6neme sahiptir. Exzone olarak, g\u00fcvenlik ekipmanlar\u0131n\u0131n kalibrasyonu ve bak\u0131m\u0131 konusunda uzman\u0131z. Ekipmanlar\u0131n\u0131z\u0131n do\u011fru \u00e7al\u0131\u015f\u0131p \u00e7al\u0131\u015fmad\u0131\u011f\u0131na dair endi\u015felenmenize gerek kalmadan, siz i\u015finize odaklanabilirsiniz. Gaz dedekt\u00f6r\u00fcn\u00fcz tehlikeyi \u00f6nceden tespit edip size yeterli \u00e7\u0131k\u0131\u015f s\u00fcresini tan\u0131yacak m\u0131? D\u00fc\u015fme [&hellip;]<\/p>\n","protected":false},"author":1,"featured_media":0,"parent":0,"menu_order":0,"comment_status":"closed","ping_status":"closed","template":"","meta":{"footnotes":""},"class_list":["post-1234","page","type-page","status-publish","hentry"],"acf":[],"_links":{"self":[{"href":"https:\/\/exzone.com.tr\/index.php\/wp-json\/wp\/v2\/pages\/1234","targetHints":{"allow":["GET"]}}],"collection":[{"href":"https:\/\/exzone.com.tr\/index.php\/wp-json\/wp\/v2\/pages"}],"about":[{"href":"https:\/\/exzone.com.tr\/index.php\/wp-json\/wp\/v2\/types\/page"}],"author":[{"embeddable":true,"href":"https:\/\/exzone.com.tr\/index.php\/wp-json\/wp\/v2\/users\/1"}],"replies":[{"embeddable":true,"href":"https:\/\/exzone.com.tr\/index.php\/wp-json\/wp\/v2\/comments?post=1234"}],"version-history":[{"count":3,"href":"https:\/\/exzone.com.tr\/index.php\/wp-json\/wp\/v2\/pages\/1234\/revisions"}],"predecessor-version":[{"id":3332,"href":"https:\/\/exzone.com.tr\/index.php\/wp-json\/wp\/v2\/pages\/1234\/revisions\/3332"}],"wp:attachment":[{"href":"https:\/\/exzone.com.tr\/index.php\/wp-json\/wp\/v2\/media?parent=1234"}],"curies":[{"name":"wp","href":"https:\/\/api.w.org\/{rel}","templated":true}]}}